{"id":9722,"date":"2025-12-09T16:40:21","date_gmt":"2025-12-09T16:40:21","guid":{"rendered":"https:\/\/beneficiogin.com\/?post_type=product&#038;p=9722"},"modified":"2026-03-11T16:03:08","modified_gmt":"2026-03-11T16:03:08","slug":"gin-flor-de-cerejeira","status":"publish","type":"product","link":"https:\/\/beneficiogin.com\/es\/store\/gin-flor-de-cerejeira\/","title":{"rendered":"Gin Flor de Cerezo"},"content":{"rendered":"<p>Una ginebra que celebra lo raro, lo ef\u00edmero y lo hecho con alma. Benef\u00edcio Gin Flor de Cerezo une la tradici\u00f3n portuguesa de la Serra de S\u00e3o Mamede con la delicadeza simb\u00f3lica de las flores de cerezo, en una edici\u00f3n limitada e irrepetible.<\/p>\n<p>Cada botella captura la belleza fugaz de la primavera y el encuentro de culturas que veneran la naturaleza. M\u00e1s que una ginebra, es un gesto po\u00e9tico donde convergen terroir, t\u00e9cnica y tiempo. <em>terroir<\/em>, t\u00e9cnica e tempo convergem.\u200b<\/p>\n<p>&nbsp;<\/p>\n<p class=\"Body\"><b>Notas de cata<\/b><\/p>\n<p class=\"Body\"><b>En nariz:<\/b> al abrir la botella, se percibe de inmediato un aroma floral y dulz\u00f3n que remite a la delicadeza de la flor de cerezo. Presenta notas suaves, pero perfectamente perceptibles, de p\u00e9talos de cerezo que evocan la frescura de la primavera. La base limpia del alcohol de arroz permite que los aromas florales y dulces se revelen con elegancia, complementados por toques sutiles de enebro.<\/p>\n<p class=\"Body\"><b>En boca:<\/b> suave y equilibrada, con una entrada delicada que revela la esencia de las flores de cerezo de S\u00e3o Juli\u00e3o. Las notas florales envolventes se funden con toques de acidez, fruto de la conserva en sal y vinagre, y con una ligera dulzura natural. El final es largo, refinado y fresco, con una complejidad que invita a la contemplaci\u00f3n.<\/p>\n<p class=\"Body\"><b>Intensidad:<\/b> floral y delicada.<\/p>","protected":false},"excerpt":{"rendered":"<p class=\"Body\">Una ginebra portuguesa, creada con alma japonesa.<\/p>","protected":false},"featured_media":10466,"template":"","meta":[],"product_brand":[],"product_cat":[145],"product_tag":[],"class_list":{"0":"post-9722","1":"product","2":"type-product","3":"status-publish","4":"has-post-thumbnail","6":"product_cat-gins","8":"first","9":"instock","10":"taxable","11":"shipping-taxable","12":"purchasable","13":"product-type-simple"},"bundled_by":[],"bundle_stock_status":"instock","bundle_stock_quantity":15,"bundle_virtual":false,"bundle_layout":"","bundle_add_to_cart_form_location":"","bundle_editable_in_cart":false,"bundle_sold_individually_context":"","bundle_item_grouping":"","bundle_min_size":"","bundle_max_size":"","bundle_price":[],"bundled_items":[],"bundle_sell_ids":[],"yoast_head":"<!-- This site is optimized with the Yoast SEO Premium plugin v27.4 (Yoast SEO v27.4) - https:\/\/yoast.com\/product\/yoast-seo-premium-wordpress\/ -->\n<title>Gin Flor de Cerejeira<\/title>\n<meta name=\"description\" content=\"Gin portugu\u00eas com alma japonesa. Apresentamos o\u00a0primeiro Gin Portugu\u00eas de Flor de Cerejeira. O resultado? Um gin que n\u00e3o celebra apenas um produto, mas tamb\u00e9m a hist\u00f3ria do encontro entre duas culturas de montanha que reverenciam a natureza: a portuguesa Serra de S\u00e3o Mamede e o ic\u00f3nico Monte Fuji do Jap\u00e3o.Cada garrafa capta a beleza fugaz da primavera e o encontro de culturas que reverenciam a natureza. Mais do que um gin, \u00e9 um gesto po\u00e9tico em que terroir, t\u00e9cnica e tempo convergem.\u200b\" \/>\n<meta name=\"robots\" content=\"index, follow, max-snippet:-1, max-image-preview:large, max-video-preview:-1\" \/>\n<link rel=\"canonical\" href=\"https:\/\/beneficiogin.com\/es\/tienda\/gin-flor-de-cerejeira\/\" \/>\n<meta property=\"og:locale\" content=\"es_ES\" \/>\n<meta property=\"og:type\" content=\"article\" \/>\n<meta property=\"og:title\" content=\"Gin Flor de Cerejeira\" \/>\n<meta property=\"og:description\" content=\"Gin portugu\u00eas com alma japonesa. Apresentamos o\u00a0primeiro Gin Portugu\u00eas de Flor de Cerejeira. O resultado? Um gin que n\u00e3o celebra apenas um produto, mas tamb\u00e9m a hist\u00f3ria do encontro entre duas culturas de montanha que reverenciam a natureza: a portuguesa Serra de S\u00e3o Mamede e o ic\u00f3nico Monte Fuji do Jap\u00e3o.Cada garrafa capta a beleza fugaz da primavera e o encontro de culturas que reverenciam a natureza. Mais do que um gin, \u00e9 um gesto po\u00e9tico em que terroir, t\u00e9cnica e tempo convergem.\u200b\" \/>\n<meta property=\"og:url\" content=\"https:\/\/beneficiogin.com\/es\/tienda\/gin-flor-de-cerejeira\/\" \/>\n<meta property=\"og:site_name\" content=\"Benef\u00edcio Gin\" \/>\n<meta property=\"article:publisher\" content=\"https:\/\/www.facebook.com\/beneficiogin\" \/>\n<meta property=\"article:modified_time\" content=\"2026-03-11T16:03:08+00:00\" \/>\n<meta property=\"og:image\" content=\"https:\/\/beneficiogin.com\/wp-content\/uploads\/2025\/12\/Landingpage_Cerejeira_square.jpg\" \/>\n\t<meta property=\"og:image:width\" content=\"1080\" \/>\n\t<meta property=\"og:image:height\" content=\"1080\" \/>\n\t<meta property=\"og:image:type\" content=\"image\/jpeg\" \/>\n<meta name=\"twitter:card\" content=\"summary_large_image\" \/>\n<meta name=\"twitter:label1\" content=\"Precio\" \/>\n\t<meta name=\"twitter:data1\" content=\"&euro;43.00\" \/>\n\t<meta name=\"twitter:label2\" content=\"Disponibilidad\" \/>\n\t<meta name=\"twitter:data2\" content=\"Disponible\" \/>\n<script type=\"application\/ld+json\" class=\"yoast-schema-graph\">{\"@context\":\"https:\\\/\\\/schema.org\",\"@graph\":[{\"@type\":\"WebPage\",\"@id\":\"https:\\\/\\\/beneficiogin.com\\\/store\\\/gin-flor-de-cerejeira\\\/\",\"url\":\"https:\\\/\\\/beneficiogin.com\\\/store\\\/gin-flor-de-cerejeira\\\/\",\"name\":\"Gin Flor de Cerejeira\",\"isPartOf\":{\"@id\":\"https:\\\/\\\/beneficiogin.com\\\/#website\"},\"primaryImageOfPage\":{\"@id\":\"https:\\\/\\\/beneficiogin.com\\\/store\\\/gin-flor-de-cerejeira\\\/#primaryimage\"},\"image\":{\"@id\":\"https:\\\/\\\/beneficiogin.com\\\/store\\\/gin-flor-de-cerejeira\\\/#primaryimage\"},\"thumbnailUrl\":\"https:\\\/\\\/beneficiogin.com\\\/wp-content\\\/uploads\\\/2025\\\/12\\\/Landingpage_Cerejeira_square.jpg\",\"datePublished\":\"2025-12-09T16:40:21+00:00\",\"dateModified\":\"2026-03-11T16:03:08+00:00\",\"description\":\"Gin portugu\u00eas com alma japonesa. Apresentamos o\u00a0primeiro Gin Portugu\u00eas de Flor de Cerejeira. O resultado? Um gin que n\u00e3o celebra apenas um produto, mas tamb\u00e9m a hist\u00f3ria do encontro entre duas culturas de montanha que reverenciam a natureza: a portuguesa Serra de S\u00e3o Mamede e o ic\u00f3nico Monte Fuji do Jap\u00e3o.Cada garrafa capta a beleza fugaz da primavera e o encontro de culturas que reverenciam a natureza. Mais do que um gin, \u00e9 um gesto po\u00e9tico em que terroir, t\u00e9cnica e tempo convergem.\u200b\",\"breadcrumb\":{\"@id\":\"https:\\\/\\\/beneficiogin.com\\\/store\\\/gin-flor-de-cerejeira\\\/#breadcrumb\"},\"inLanguage\":\"es\",\"potentialAction\":[{\"@type\":\"ReadAction\",\"target\":[\"https:\\\/\\\/beneficiogin.com\\\/store\\\/gin-flor-de-cerejeira\\\/\"]}]},{\"@type\":\"ImageObject\",\"inLanguage\":\"es\",\"@id\":\"https:\\\/\\\/beneficiogin.com\\\/store\\\/gin-flor-de-cerejeira\\\/#primaryimage\",\"url\":\"https:\\\/\\\/beneficiogin.com\\\/wp-content\\\/uploads\\\/2025\\\/12\\\/Landingpage_Cerejeira_square.jpg\",\"contentUrl\":\"https:\\\/\\\/beneficiogin.com\\\/wp-content\\\/uploads\\\/2025\\\/12\\\/Landingpage_Cerejeira_square.jpg\",\"width\":1080,\"height\":1080},{\"@type\":\"BreadcrumbList\",\"@id\":\"https:\\\/\\\/beneficiogin.com\\\/store\\\/gin-flor-de-cerejeira\\\/#breadcrumb\",\"itemListElement\":[{\"@type\":\"ListItem\",\"position\":1,\"name\":\"In\u00edcio\",\"item\":\"https:\\\/\\\/beneficiogin.com\\\/\"},{\"@type\":\"ListItem\",\"position\":2,\"name\":\"Produtos\",\"item\":\"https:\\\/\\\/beneficiogin.com\\\/shop\\\/\"},{\"@type\":\"ListItem\",\"position\":3,\"name\":\"Gin Flor de Cerejeira\"}]},{\"@type\":\"WebSite\",\"@id\":\"https:\\\/\\\/beneficiogin.com\\\/#website\",\"url\":\"https:\\\/\\\/beneficiogin.com\\\/\",\"name\":\"Benef\u00edcio Gin\",\"description\":\"Gin portugu\u00eas com alma japonesa\",\"publisher\":{\"@id\":\"https:\\\/\\\/beneficiogin.com\\\/#organization\"},\"alternateName\":\"Benef\u00edcio Gin\",\"potentialAction\":[{\"@type\":\"SearchAction\",\"target\":{\"@type\":\"EntryPoint\",\"urlTemplate\":\"https:\\\/\\\/beneficiogin.com\\\/?s={search_term_string}\"},\"query-input\":{\"@type\":\"PropertyValueSpecification\",\"valueRequired\":true,\"valueName\":\"search_term_string\"}}],\"inLanguage\":\"es\"},{\"@type\":\"Organization\",\"@id\":\"https:\\\/\\\/beneficiogin.com\\\/#organization\",\"name\":\"Destilados de Beneficio\",\"alternateName\":\"Destilados Beneficio\",\"url\":\"https:\\\/\\\/beneficiogin.com\\\/\",\"logo\":{\"@type\":\"ImageObject\",\"inLanguage\":\"es\",\"@id\":\"https:\\\/\\\/beneficiogin.com\\\/#\\\/schema\\\/logo\\\/image\\\/\",\"url\":\"https:\\\/\\\/beneficiogin.com\\\/wp-content\\\/uploads\\\/2022\\\/11\\\/Age_Gate_2025.png\",\"contentUrl\":\"https:\\\/\\\/beneficiogin.com\\\/wp-content\\\/uploads\\\/2022\\\/11\\\/Age_Gate_2025.png\",\"width\":460,\"height\":375,\"caption\":\"Destilados de Beneficio\"},\"image\":{\"@id\":\"https:\\\/\\\/beneficiogin.com\\\/#\\\/schema\\\/logo\\\/image\\\/\"},\"sameAs\":[\"https:\\\/\\\/www.facebook.com\\\/beneficiogin\",\"https:\\\/\\\/www.instagram.com\\\/beneficiogin\\\/\",\"https:\\\/\\\/pt.linkedin.com\\\/company\\\/destiladosdebeneficio\"],\"email\":\"sales@beneficiogin.com\",\"legalName\":\"Destilados de Beneficio\",\"vatID\":\"PT519027744\",\"taxID\":\"PT519027744\",\"hasMerchantReturnPolicy\":{\"@type\":\"MerchantReturnPolicy\",\"merchantReturnLink\":\"https:\\\/\\\/beneficiogin.com\\\/es\\\/termos-condicoes\\\/\"}}]}<\/script>\n<meta property=\"product:price:amount\" content=\"43.00\" \/>\n<meta property=\"product:price:currency\" content=\"EUR\" \/>\n<meta property=\"og:availability\" content=\"instock\" \/>\n<meta property=\"product:availability\" content=\"instock\" \/>\n<meta property=\"product:condition\" content=\"new\" \/>\n<!-- \/ Yoast SEO Premium plugin. -->","yoast_head_json":{"title":"Gin Flor de Cerezo","description":"Gin portugu\u00eas com alma japonesa. Apresentamos o\u00a0primeiro Gin Portugu\u00eas de Flor de Cerejeira. O resultado? Um gin que n\u00e3o celebra apenas um produto, mas tamb\u00e9m a hist\u00f3ria do encontro entre duas culturas de montanha que reverenciam a natureza: a portuguesa Serra de S\u00e3o Mamede e o ic\u00f3nico Monte Fuji do Jap\u00e3o.Cada garrafa capta a beleza fugaz da primavera e o encontro de culturas que reverenciam a natureza. Mais do que um gin, \u00e9 um gesto po\u00e9tico em que terroir, t\u00e9cnica e tempo convergem.\u200b","robots":{"index":"index","follow":"follow","max-snippet":"max-snippet:-1","max-image-preview":"max-image-preview:large","max-video-preview":"max-video-preview:-1"},"canonical":"https:\/\/beneficiogin.com\/es\/tienda\/gin-flor-de-cerejeira\/","og_locale":"es_ES","og_type":"article","og_title":"Gin Flor de Cerejeira","og_description":"Gin portugu\u00eas com alma japonesa. Apresentamos o\u00a0primeiro Gin Portugu\u00eas de Flor de Cerejeira. O resultado? Um gin que n\u00e3o celebra apenas um produto, mas tamb\u00e9m a hist\u00f3ria do encontro entre duas culturas de montanha que reverenciam a natureza: a portuguesa Serra de S\u00e3o Mamede e o ic\u00f3nico Monte Fuji do Jap\u00e3o.Cada garrafa capta a beleza fugaz da primavera e o encontro de culturas que reverenciam a natureza. Mais do que um gin, \u00e9 um gesto po\u00e9tico em que terroir, t\u00e9cnica e tempo convergem.\u200b","og_url":"https:\/\/beneficiogin.com\/es\/tienda\/gin-flor-de-cerejeira\/","og_site_name":"Benef\u00edcio Gin","article_publisher":"https:\/\/www.facebook.com\/beneficiogin","article_modified_time":"2026-03-11T16:03:08+00:00","og_image":[{"width":1080,"height":1080,"url":"https:\/\/beneficiogin.com\/wp-content\/uploads\/2025\/12\/Landingpage_Cerejeira_square.jpg","type":"image\/jpeg"}],"twitter_card":"summary_large_image","twitter_misc":{"Precio":"&euro;43.00","Disponibilidad":"Disponible"},"schema":{"@context":"https:\/\/schema.org","@graph":[{"@type":"WebPage","@id":"https:\/\/beneficiogin.com\/store\/gin-flor-de-cerejeira\/","url":"https:\/\/beneficiogin.com\/store\/gin-flor-de-cerejeira\/","name":"Gin Flor de Cerezo","isPartOf":{"@id":"https:\/\/beneficiogin.com\/#website"},"primaryImageOfPage":{"@id":"https:\/\/beneficiogin.com\/store\/gin-flor-de-cerejeira\/#primaryimage"},"image":{"@id":"https:\/\/beneficiogin.com\/store\/gin-flor-de-cerejeira\/#primaryimage"},"thumbnailUrl":"https:\/\/beneficiogin.com\/wp-content\/uploads\/2025\/12\/Landingpage_Cerejeira_square.jpg","datePublished":"2025-12-09T16:40:21+00:00","dateModified":"2026-03-11T16:03:08+00:00","description":"Gin portugu\u00eas com alma japonesa. Apresentamos o\u00a0primeiro Gin Portugu\u00eas de Flor de Cerejeira. O resultado? Um gin que n\u00e3o celebra apenas um produto, mas tamb\u00e9m a hist\u00f3ria do encontro entre duas culturas de montanha que reverenciam a natureza: a portuguesa Serra de S\u00e3o Mamede e o ic\u00f3nico Monte Fuji do Jap\u00e3o.Cada garrafa capta a beleza fugaz da primavera e o encontro de culturas que reverenciam a natureza. Mais do que um gin, \u00e9 um gesto po\u00e9tico em que terroir, t\u00e9cnica e tempo convergem.\u200b","breadcrumb":{"@id":"https:\/\/beneficiogin.com\/store\/gin-flor-de-cerejeira\/#breadcrumb"},"inLanguage":"es","potentialAction":[{"@type":"ReadAction","target":["https:\/\/beneficiogin.com\/store\/gin-flor-de-cerejeira\/"]}]},{"@type":"ImageObject","inLanguage":"es","@id":"https:\/\/beneficiogin.com\/store\/gin-flor-de-cerejeira\/#primaryimage","url":"https:\/\/beneficiogin.com\/wp-content\/uploads\/2025\/12\/Landingpage_Cerejeira_square.jpg","contentUrl":"https:\/\/beneficiogin.com\/wp-content\/uploads\/2025\/12\/Landingpage_Cerejeira_square.jpg","width":1080,"height":1080},{"@type":"BreadcrumbList","@id":"https:\/\/beneficiogin.com\/store\/gin-flor-de-cerejeira\/#breadcrumb","itemListElement":[{"@type":"ListItem","position":1,"name":"In\u00edcio","item":"https:\/\/beneficiogin.com\/"},{"@type":"ListItem","position":2,"name":"Produtos","item":"https:\/\/beneficiogin.com\/shop\/"},{"@type":"ListItem","position":3,"name":"Gin Flor de Cerejeira"}]},{"@type":"WebSite","@id":"https:\/\/beneficiogin.com\/#website","url":"https:\/\/beneficiogin.com\/","name":"Beneficios de la ginebra","description":"Gin portugu\u00eas com alma japonesa","publisher":{"@id":"https:\/\/beneficiogin.com\/#organization"},"alternateName":"Benef\u00edcio Gin","potentialAction":[{"@type":"SearchAction","target":{"@type":"EntryPoint","urlTemplate":"https:\/\/beneficiogin.com\/?s={search_term_string}"},"query-input":{"@type":"PropertyValueSpecification","valueRequired":true,"valueName":"search_term_string"}}],"inLanguage":"es"},{"@type":"Organization","@id":"https:\/\/beneficiogin.com\/#organization","name":"Destilados de Beneficio","alternateName":"Destilados Beneficio","url":"https:\/\/beneficiogin.com\/","logo":{"@type":"ImageObject","inLanguage":"es","@id":"https:\/\/beneficiogin.com\/#\/schema\/logo\/image\/","url":"https:\/\/beneficiogin.com\/wp-content\/uploads\/2022\/11\/Age_Gate_2025.png","contentUrl":"https:\/\/beneficiogin.com\/wp-content\/uploads\/2022\/11\/Age_Gate_2025.png","width":460,"height":375,"caption":"Destilados de Beneficio"},"image":{"@id":"https:\/\/beneficiogin.com\/#\/schema\/logo\/image\/"},"sameAs":["https:\/\/www.facebook.com\/beneficiogin","https:\/\/www.instagram.com\/beneficiogin\/","https:\/\/pt.linkedin.com\/company\/destiladosdebeneficio"],"email":"sales@beneficiogin.com","legalName":"Destilados de Beneficio","vatID":"PT519027744","taxID":"PT519027744","hasMerchantReturnPolicy":{"@type":"MerchantReturnPolicy","merchantReturnLink":"https:\/\/beneficiogin.com\/es\/termos-condicoes\/"}}]},"product_price_amount":"43.00","product_price_currency":"EUR","og_availability":"instock","product_availability":"instock","product_condition":"new"},"jetpack_sharing_enabled":true,"_links":{"self":[{"href":"https:\/\/beneficiogin.com\/es\/wp-json\/wp\/v2\/product\/9722","targetHints":{"allow":["GET"]}}],"collection":[{"href":"https:\/\/beneficiogin.com\/es\/wp-json\/wp\/v2\/product"}],"about":[{"href":"https:\/\/beneficiogin.com\/es\/wp-json\/wp\/v2\/types\/product"}],"wp:featuredmedia":[{"embeddable":true,"href":"https:\/\/beneficiogin.com\/es\/wp-json\/wp\/v2\/media\/10466"}],"wp:attachment":[{"href":"https:\/\/beneficiogin.com\/es\/wp-json\/wp\/v2\/media?parent=9722"}],"wp:term":[{"taxonomy":"product_brand","embeddable":true,"href":"https:\/\/beneficiogin.com\/es\/wp-json\/wp\/v2\/product_brand?post=9722"},{"taxonomy":"product_cat","embeddable":true,"href":"https:\/\/beneficiogin.com\/es\/wp-json\/wp\/v2\/product_cat?post=9722"},{"taxonomy":"product_tag","embeddable":true,"href":"https:\/\/beneficiogin.com\/es\/wp-json\/wp\/v2\/product_tag?post=9722"}],"curies":[{"name":"wp","href":"https:\/\/api.w.org\/{rel}","templated":true}]}}