{"id":7822,"date":"2023-11-30T15:44:28","date_gmt":"2023-11-30T15:44:28","guid":{"rendered":"http:\/\/beneficiogin.com\/?post_type=product&#038;p=7822"},"modified":"2026-04-09T08:57:03","modified_gmt":"2026-04-09T08:57:03","slug":"gin-castanha","status":"publish","type":"product","link":"https:\/\/beneficiogin.com\/es\/store\/gin-castanha\/","title":{"rendered":"Ginebra de casta\u00f1as Marv\u00e3o"},"content":{"rendered":"<p>Rainha neste concelho do Alto Alentejo, a castanha deste gin \u00e9 proveniente de castanheiros centen\u00e1rios. O mote para o desenvolvimento deste gin foi as nossas viagens por Marv\u00e3o. O Benef\u00edcio Gin de Castanha transmite-nos os aromas e os cheiros do inverno, transportando-nos para lugares quentes e confort\u00e1veis. No ver\u00e3o, bebemos o Gin de Castanha ao final do dia no castelo e sorrimos ao ver o p\u00f4r do sol.<\/p>\n<p>&nbsp;<\/p>\n<p class=\"Body\"><b>Notas de cata<\/b><\/p>\n<p class=\"Body\"><b>En nariz:<\/b> gin con un c\u00e1lido aroma de monta\u00f1a, envuelto en un suave toque de casta\u00f1a asada que no oculta las notas tostadas tanto de la casta\u00f1a como del caf\u00e9.<\/p>\n<p class=\"Body\"><b>En boca: <\/b>gin con un c\u00e1lido aroma de monta\u00f1a complementado por un suave toque de casta\u00f1a asada que a\u00f1ade una capa de dulzor. En el final aparece un matiz c\u00edtrico que equilibra y armoniza el gin.<\/p>\n<p class=\"Body\"><b>Intensidad:<\/b> equilibrada<\/p>\n<p><strong>Sabores destacados:<\/strong> seco y ahumado<\/p>","protected":false},"excerpt":{"rendered":"<p>Una ginebra que transmite los aromas y olores del invierno, transport\u00e1ndonos a lugares c\u00e1lidos y confortables.<\/p>","protected":false},"featured_media":10467,"template":"","meta":[],"product_brand":[],"product_cat":[145],"product_tag":[],"class_list":{"0":"post-7822","1":"product","2":"type-product","3":"status-publish","4":"has-post-thumbnail","6":"product_cat-gins","8":"first","9":"instock","10":"taxable","11":"shipping-taxable","12":"purchasable","13":"product-type-simple"},"bundled_by":["8164","8167"],"bundle_stock_status":"instock","bundle_stock_quantity":65,"bundle_virtual":false,"bundle_layout":"","bundle_add_to_cart_form_location":"","bundle_editable_in_cart":false,"bundle_sold_individually_context":"","bundle_item_grouping":"","bundle_min_size":"","bundle_max_size":"","bundle_price":[],"bundled_items":[],"bundle_sell_ids":[],"yoast_head":"<!-- This site is optimized with the Yoast SEO Premium plugin v27.4 (Yoast SEO v27.5) - https:\/\/yoast.com\/product\/yoast-seo-premium-wordpress\/ -->\n<title>Gin Castanha de Marv\u00e3o<\/title>\n<meta name=\"description\" content=\"Rainha neste concelho do Alto Alentejo, a castanha deste gin \u00e9 proveniente de castanheiros centen\u00e1rios. O mote para o desenvolvimento deste gin foi as nossas viagens por Marv\u00e3o. O Benef\u00edcio Gin de Castanha transmite-nos os aromas e os cheiros do inverno, transportando-nos para lugares quentes e confort\u00e1veis. No ver\u00e3o, bebemos o Gin de Castanha ao final do dia no castelo e sorrimos ao ver o p\u00f4r do sol. O nosso gin de inverno.\" \/>\n<meta name=\"robots\" content=\"index, follow, max-snippet:-1, max-image-preview:large, max-video-preview:-1\" \/>\n<link rel=\"canonical\" href=\"https:\/\/beneficiogin.com\/es\/tienda\/gin-castanha\/\" \/>\n<meta property=\"og:locale\" content=\"es_ES\" \/>\n<meta property=\"og:type\" content=\"article\" \/>\n<meta property=\"og:title\" content=\"Gin Castanha de Marv\u00e3o\" \/>\n<meta property=\"og:description\" content=\"Rainha neste concelho do Alto Alentejo, a castanha deste gin \u00e9 proveniente de castanheiros centen\u00e1rios. O mote para o desenvolvimento deste gin foi as nossas viagens por Marv\u00e3o. O Benef\u00edcio Gin de Castanha transmite-nos os aromas e os cheiros do inverno, transportando-nos para lugares quentes e confort\u00e1veis. No ver\u00e3o, bebemos o Gin de Castanha ao final do dia no castelo e sorrimos ao ver o p\u00f4r do sol. O nosso gin de inverno.\" \/>\n<meta property=\"og:url\" content=\"https:\/\/beneficiogin.com\/es\/tienda\/gin-castanha\/\" \/>\n<meta property=\"og:site_name\" content=\"Benef\u00edcio Gin\" \/>\n<meta property=\"article:publisher\" content=\"https:\/\/www.facebook.com\/beneficiogin\" \/>\n<meta property=\"article:modified_time\" content=\"2026-04-09T08:57:03+00:00\" \/>\n<meta property=\"og:image\" content=\"https:\/\/beneficiogin.com\/wp-content\/uploads\/2023\/11\/Landingpage_Castanha_square.jpg\" \/>\n\t<meta property=\"og:image:width\" content=\"1080\" \/>\n\t<meta property=\"og:image:height\" content=\"1080\" \/>\n\t<meta property=\"og:image:type\" content=\"image\/jpeg\" \/>\n<meta name=\"twitter:card\" content=\"summary_large_image\" \/>\n<meta name=\"twitter:label1\" content=\"Precio\" \/>\n\t<meta name=\"twitter:data1\" content=\"&euro;43.00\" \/>\n\t<meta name=\"twitter:label2\" content=\"Disponibilidad\" \/>\n\t<meta name=\"twitter:data2\" content=\"Disponible\" \/>\n<script type=\"application\/ld+json\" class=\"yoast-schema-graph\">{\"@context\":\"https:\\\/\\\/schema.org\",\"@graph\":[{\"@type\":\"WebPage\",\"@id\":\"https:\\\/\\\/beneficiogin.com\\\/store\\\/gin-castanha\\\/\",\"url\":\"https:\\\/\\\/beneficiogin.com\\\/store\\\/gin-castanha\\\/\",\"name\":\"Gin Castanha de Marv\u00e3o\",\"isPartOf\":{\"@id\":\"https:\\\/\\\/beneficiogin.com\\\/#website\"},\"primaryImageOfPage\":{\"@id\":\"https:\\\/\\\/beneficiogin.com\\\/store\\\/gin-castanha\\\/#primaryimage\"},\"image\":{\"@id\":\"https:\\\/\\\/beneficiogin.com\\\/store\\\/gin-castanha\\\/#primaryimage\"},\"thumbnailUrl\":\"https:\\\/\\\/beneficiogin.com\\\/wp-content\\\/uploads\\\/2023\\\/11\\\/Landingpage_Castanha_square.jpg\",\"datePublished\":\"2023-11-30T15:44:28+00:00\",\"dateModified\":\"2026-04-09T08:57:03+00:00\",\"description\":\"Rainha neste concelho do Alto Alentejo, a castanha deste gin \u00e9 proveniente de castanheiros centen\u00e1rios. O mote para o desenvolvimento deste gin foi as nossas viagens por Marv\u00e3o. O Benef\u00edcio Gin de Castanha transmite-nos os aromas e os cheiros do inverno, transportando-nos para lugares quentes e confort\u00e1veis. No ver\u00e3o, bebemos o Gin de Castanha ao final do dia no castelo e sorrimos ao ver o p\u00f4r do sol. O nosso gin de inverno.\",\"breadcrumb\":{\"@id\":\"https:\\\/\\\/beneficiogin.com\\\/store\\\/gin-castanha\\\/#breadcrumb\"},\"inLanguage\":\"es\",\"potentialAction\":[{\"@type\":\"ReadAction\",\"target\":[\"https:\\\/\\\/beneficiogin.com\\\/store\\\/gin-castanha\\\/\"]}]},{\"@type\":\"ImageObject\",\"inLanguage\":\"es\",\"@id\":\"https:\\\/\\\/beneficiogin.com\\\/store\\\/gin-castanha\\\/#primaryimage\",\"url\":\"https:\\\/\\\/beneficiogin.com\\\/wp-content\\\/uploads\\\/2023\\\/11\\\/Landingpage_Castanha_square.jpg\",\"contentUrl\":\"https:\\\/\\\/beneficiogin.com\\\/wp-content\\\/uploads\\\/2023\\\/11\\\/Landingpage_Castanha_square.jpg\",\"width\":1080,\"height\":1080},{\"@type\":\"BreadcrumbList\",\"@id\":\"https:\\\/\\\/beneficiogin.com\\\/store\\\/gin-castanha\\\/#breadcrumb\",\"itemListElement\":[{\"@type\":\"ListItem\",\"position\":1,\"name\":\"In\u00edcio\",\"item\":\"https:\\\/\\\/beneficiogin.com\\\/\"},{\"@type\":\"ListItem\",\"position\":2,\"name\":\"Produtos\",\"item\":\"https:\\\/\\\/beneficiogin.com\\\/shop\\\/\"},{\"@type\":\"ListItem\",\"position\":3,\"name\":\"Gin Castanha de Marv\u00e3o\"}]},{\"@type\":\"WebSite\",\"@id\":\"https:\\\/\\\/beneficiogin.com\\\/#website\",\"url\":\"https:\\\/\\\/beneficiogin.com\\\/\",\"name\":\"Benef\u00edcio Gin\",\"description\":\"Gin portugu\u00eas com alma japonesa\",\"publisher\":{\"@id\":\"https:\\\/\\\/beneficiogin.com\\\/#organization\"},\"alternateName\":\"Benef\u00edcio Gin\",\"potentialAction\":[{\"@type\":\"SearchAction\",\"target\":{\"@type\":\"EntryPoint\",\"urlTemplate\":\"https:\\\/\\\/beneficiogin.com\\\/?s={search_term_string}\"},\"query-input\":{\"@type\":\"PropertyValueSpecification\",\"valueRequired\":true,\"valueName\":\"search_term_string\"}}],\"inLanguage\":\"es\"},{\"@type\":\"Organization\",\"@id\":\"https:\\\/\\\/beneficiogin.com\\\/#organization\",\"name\":\"Destilados de Beneficio\",\"alternateName\":\"Destilados Beneficio\",\"url\":\"https:\\\/\\\/beneficiogin.com\\\/\",\"logo\":{\"@type\":\"ImageObject\",\"inLanguage\":\"es\",\"@id\":\"https:\\\/\\\/beneficiogin.com\\\/#\\\/schema\\\/logo\\\/image\\\/\",\"url\":\"https:\\\/\\\/beneficiogin.com\\\/wp-content\\\/uploads\\\/2022\\\/11\\\/Age_Gate_2025.png\",\"contentUrl\":\"https:\\\/\\\/beneficiogin.com\\\/wp-content\\\/uploads\\\/2022\\\/11\\\/Age_Gate_2025.png\",\"width\":460,\"height\":375,\"caption\":\"Destilados de Beneficio\"},\"image\":{\"@id\":\"https:\\\/\\\/beneficiogin.com\\\/#\\\/schema\\\/logo\\\/image\\\/\"},\"sameAs\":[\"https:\\\/\\\/www.facebook.com\\\/beneficiogin\",\"https:\\\/\\\/www.instagram.com\\\/beneficiogin\\\/\",\"https:\\\/\\\/pt.linkedin.com\\\/company\\\/destiladosdebeneficio\"],\"email\":\"sales@beneficiogin.com\",\"legalName\":\"Destilados de Beneficio\",\"vatID\":\"PT519027744\",\"taxID\":\"PT519027744\",\"hasMerchantReturnPolicy\":{\"@type\":\"MerchantReturnPolicy\",\"merchantReturnLink\":\"https:\\\/\\\/beneficiogin.com\\\/es\\\/termos-condicoes\\\/\"}}]}<\/script>\n<meta property=\"product:price:amount\" content=\"43.00\" \/>\n<meta property=\"product:price:currency\" content=\"EUR\" \/>\n<meta property=\"og:availability\" content=\"instock\" \/>\n<meta property=\"product:availability\" content=\"instock\" \/>\n<meta property=\"product:condition\" content=\"new\" \/>\n<!-- \/ Yoast SEO Premium plugin. -->","yoast_head_json":{"title":"Ginebra de casta\u00f1as Marv\u00e3o","description":"Rainha neste concelho do Alto Alentejo, a castanha deste gin \u00e9 proveniente de castanheiros centen\u00e1rios. O mote para o desenvolvimento deste gin foi as nossas viagens por Marv\u00e3o. O Benef\u00edcio Gin de Castanha transmite-nos os aromas e os cheiros do inverno, transportando-nos para lugares quentes e confort\u00e1veis. No ver\u00e3o, bebemos o Gin de Castanha ao final do dia no castelo e sorrimos ao ver o p\u00f4r do sol. O nosso gin de inverno.","robots":{"index":"index","follow":"follow","max-snippet":"max-snippet:-1","max-image-preview":"max-image-preview:large","max-video-preview":"max-video-preview:-1"},"canonical":"https:\/\/beneficiogin.com\/es\/tienda\/gin-castanha\/","og_locale":"es_ES","og_type":"article","og_title":"Gin Castanha de Marv\u00e3o","og_description":"Rainha neste concelho do Alto Alentejo, a castanha deste gin \u00e9 proveniente de castanheiros centen\u00e1rios. O mote para o desenvolvimento deste gin foi as nossas viagens por Marv\u00e3o. O Benef\u00edcio Gin de Castanha transmite-nos os aromas e os cheiros do inverno, transportando-nos para lugares quentes e confort\u00e1veis. No ver\u00e3o, bebemos o Gin de Castanha ao final do dia no castelo e sorrimos ao ver o p\u00f4r do sol. O nosso gin de inverno.","og_url":"https:\/\/beneficiogin.com\/es\/tienda\/gin-castanha\/","og_site_name":"Benef\u00edcio Gin","article_publisher":"https:\/\/www.facebook.com\/beneficiogin","article_modified_time":"2026-04-09T08:57:03+00:00","og_image":[{"width":1080,"height":1080,"url":"https:\/\/beneficiogin.com\/wp-content\/uploads\/2023\/11\/Landingpage_Castanha_square.jpg","type":"image\/jpeg"}],"twitter_card":"summary_large_image","twitter_misc":{"Precio":"&euro;43.00","Disponibilidad":"Disponible"},"schema":{"@context":"https:\/\/schema.org","@graph":[{"@type":"WebPage","@id":"https:\/\/beneficiogin.com\/store\/gin-castanha\/","url":"https:\/\/beneficiogin.com\/store\/gin-castanha\/","name":"Ginebra de casta\u00f1as Marv\u00e3o","isPartOf":{"@id":"https:\/\/beneficiogin.com\/#website"},"primaryImageOfPage":{"@id":"https:\/\/beneficiogin.com\/store\/gin-castanha\/#primaryimage"},"image":{"@id":"https:\/\/beneficiogin.com\/store\/gin-castanha\/#primaryimage"},"thumbnailUrl":"https:\/\/beneficiogin.com\/wp-content\/uploads\/2023\/11\/Landingpage_Castanha_square.jpg","datePublished":"2023-11-30T15:44:28+00:00","dateModified":"2026-04-09T08:57:03+00:00","description":"Rainha neste concelho do Alto Alentejo, a castanha deste gin \u00e9 proveniente de castanheiros centen\u00e1rios. O mote para o desenvolvimento deste gin foi as nossas viagens por Marv\u00e3o. O Benef\u00edcio Gin de Castanha transmite-nos os aromas e os cheiros do inverno, transportando-nos para lugares quentes e confort\u00e1veis. No ver\u00e3o, bebemos o Gin de Castanha ao final do dia no castelo e sorrimos ao ver o p\u00f4r do sol. O nosso gin de inverno.","breadcrumb":{"@id":"https:\/\/beneficiogin.com\/store\/gin-castanha\/#breadcrumb"},"inLanguage":"es","potentialAction":[{"@type":"ReadAction","target":["https:\/\/beneficiogin.com\/store\/gin-castanha\/"]}]},{"@type":"ImageObject","inLanguage":"es","@id":"https:\/\/beneficiogin.com\/store\/gin-castanha\/#primaryimage","url":"https:\/\/beneficiogin.com\/wp-content\/uploads\/2023\/11\/Landingpage_Castanha_square.jpg","contentUrl":"https:\/\/beneficiogin.com\/wp-content\/uploads\/2023\/11\/Landingpage_Castanha_square.jpg","width":1080,"height":1080},{"@type":"BreadcrumbList","@id":"https:\/\/beneficiogin.com\/store\/gin-castanha\/#breadcrumb","itemListElement":[{"@type":"ListItem","position":1,"name":"In\u00edcio","item":"https:\/\/beneficiogin.com\/"},{"@type":"ListItem","position":2,"name":"Produtos","item":"https:\/\/beneficiogin.com\/shop\/"},{"@type":"ListItem","position":3,"name":"Gin Castanha de Marv\u00e3o"}]},{"@type":"WebSite","@id":"https:\/\/beneficiogin.com\/#website","url":"https:\/\/beneficiogin.com\/","name":"Beneficios de la ginebra","description":"Gin portugu\u00eas com alma japonesa","publisher":{"@id":"https:\/\/beneficiogin.com\/#organization"},"alternateName":"Benef\u00edcio Gin","potentialAction":[{"@type":"SearchAction","target":{"@type":"EntryPoint","urlTemplate":"https:\/\/beneficiogin.com\/?s={search_term_string}"},"query-input":{"@type":"PropertyValueSpecification","valueRequired":true,"valueName":"search_term_string"}}],"inLanguage":"es"},{"@type":"Organization","@id":"https:\/\/beneficiogin.com\/#organization","name":"Destilados de Beneficio","alternateName":"Destilados Beneficio","url":"https:\/\/beneficiogin.com\/","logo":{"@type":"ImageObject","inLanguage":"es","@id":"https:\/\/beneficiogin.com\/#\/schema\/logo\/image\/","url":"https:\/\/beneficiogin.com\/wp-content\/uploads\/2022\/11\/Age_Gate_2025.png","contentUrl":"https:\/\/beneficiogin.com\/wp-content\/uploads\/2022\/11\/Age_Gate_2025.png","width":460,"height":375,"caption":"Destilados de Beneficio"},"image":{"@id":"https:\/\/beneficiogin.com\/#\/schema\/logo\/image\/"},"sameAs":["https:\/\/www.facebook.com\/beneficiogin","https:\/\/www.instagram.com\/beneficiogin\/","https:\/\/pt.linkedin.com\/company\/destiladosdebeneficio"],"email":"sales@beneficiogin.com","legalName":"Destilados de Beneficio","vatID":"PT519027744","taxID":"PT519027744","hasMerchantReturnPolicy":{"@type":"MerchantReturnPolicy","merchantReturnLink":"https:\/\/beneficiogin.com\/es\/termos-condicoes\/"}}]},"product_price_amount":"43.00","product_price_currency":"EUR","og_availability":"instock","product_availability":"instock","product_condition":"new"},"jetpack_sharing_enabled":true,"_links":{"self":[{"href":"https:\/\/beneficiogin.com\/es\/wp-json\/wp\/v2\/product\/7822","targetHints":{"allow":["GET"]}}],"collection":[{"href":"https:\/\/beneficiogin.com\/es\/wp-json\/wp\/v2\/product"}],"about":[{"href":"https:\/\/beneficiogin.com\/es\/wp-json\/wp\/v2\/types\/product"}],"wp:featuredmedia":[{"embeddable":true,"href":"https:\/\/beneficiogin.com\/es\/wp-json\/wp\/v2\/media\/10467"}],"wp:attachment":[{"href":"https:\/\/beneficiogin.com\/es\/wp-json\/wp\/v2\/media?parent=7822"}],"wp:term":[{"taxonomy":"product_brand","embeddable":true,"href":"https:\/\/beneficiogin.com\/es\/wp-json\/wp\/v2\/product_brand?post=7822"},{"taxonomy":"product_cat","embeddable":true,"href":"https:\/\/beneficiogin.com\/es\/wp-json\/wp\/v2\/product_cat?post=7822"},{"taxonomy":"product_tag","embeddable":true,"href":"https:\/\/beneficiogin.com\/es\/wp-json\/wp\/v2\/product_tag?post=7822"}],"curies":[{"name":"wp","href":"https:\/\/api.w.org\/{rel}","templated":true}]}}