{"id":7000,"date":"2021-04-18T10:43:16","date_gmt":"2021-04-18T10:43:16","guid":{"rendered":"http:\/\/beneficiogin.com\/?post_type=product&#038;p=7000"},"modified":"2026-04-15T15:40:43","modified_gmt":"2026-04-15T15:40:43","slug":"delicado","status":"publish","type":"product","link":"https:\/\/beneficiogin.com\/es\/store\/delicado\/","title":{"rendered":"Ginebra Delicado"},"content":{"rendered":"<p>En nariz, presenta un dulzor inicial que complementa r\u00e1pidamente las notas herb\u00e1ceas del c\u00e1\u00f1amo y el t\u00e9 verde, sin llegar a separarlas. Una vez m\u00e1s, una olfateada m\u00e1s intensa puede resultar picante; \u00a1no la confundas con alcohol, es el jengibre!<\/p>\n<p>En boca, el enebro y la base astringente son menos perceptibles debido al dulzor evidente de la naranja, lo que suaviza la ginebra. Las notas herb\u00e1ceas son m\u00e1s sutiles, pero se revelan en el sabor latente tras ingerirla, dejando un ligero regusto al inhalar y exhalar.<\/p>","protected":false},"excerpt":{"rendered":"<p>Una ginebra elaborada con una selecci\u00f3n de nueve bot\u00e1nicos que la convierten en una experiencia m\u00e1s delicada.<\/p>","protected":false},"featured_media":7396,"template":"","meta":[],"product_brand":[],"product_cat":[145],"product_tag":[],"class_list":{"0":"post-7000","1":"product","2":"type-product","3":"status-publish","4":"has-post-thumbnail","6":"product_cat-gins","8":"first","9":"instock","10":"taxable","11":"shipping-taxable","12":"purchasable","13":"product-type-simple"},"bundled_by":["7005","8164","8167","8169","8173"],"bundle_stock_status":"instock","bundle_stock_quantity":48,"bundle_virtual":false,"bundle_layout":"","bundle_add_to_cart_form_location":"","bundle_editable_in_cart":false,"bundle_sold_individually_context":"","bundle_item_grouping":"","bundle_min_size":"","bundle_max_size":"","bundle_price":[],"bundled_items":[],"bundle_sell_ids":[],"yoast_head":"<!-- This site is optimized with the Yoast SEO Premium plugin v27.4 (Yoast SEO v27.4) - https:\/\/yoast.com\/product\/yoast-seo-premium-wordpress\/ -->\n<title>Benef\u00edcio Gin Delicado<\/title>\n<meta name=\"description\" content=\"Esta receita do Gin Benef\u00edcio, premiada no London Spirit Competition com uma medalha de prata, cont\u00e9m uma sele\u00e7\u00e3o de nove Bot\u00e2nicos que a tornam numa abordagem mais delicada.\" \/>\n<meta name=\"robots\" content=\"index, follow, max-snippet:-1, max-image-preview:large, max-video-preview:-1\" \/>\n<link rel=\"canonical\" href=\"https:\/\/beneficiogin.com\/es\/tienda\/delicado\/\" \/>\n<meta property=\"og:locale\" content=\"es_ES\" \/>\n<meta property=\"og:type\" content=\"article\" \/>\n<meta property=\"og:title\" content=\"Gin Delicado\" \/>\n<meta property=\"og:description\" content=\"Esta receita do Gin Benef\u00edcio, premiada no London Spirit Competition com uma medalha de prata, cont\u00e9m uma sele\u00e7\u00e3o de nove Bot\u00e2nicos que a tornam numa abordagem mais delicada.\" \/>\n<meta property=\"og:url\" content=\"https:\/\/beneficiogin.com\/es\/tienda\/delicado\/\" \/>\n<meta property=\"og:site_name\" content=\"Benef\u00edcio Gin\" \/>\n<meta property=\"article:publisher\" content=\"https:\/\/www.facebook.com\/beneficiogin\" \/>\n<meta property=\"article:modified_time\" content=\"2026-04-15T15:40:43+00:00\" \/>\n<meta property=\"og:image\" content=\"https:\/\/beneficiogin.com\/wp-content\/uploads\/2022\/11\/beneficiogin_delicado.jpg\" \/>\n\t<meta property=\"og:image:width\" content=\"2400\" \/>\n\t<meta property=\"og:image:height\" content=\"2400\" \/>\n\t<meta property=\"og:image:type\" content=\"image\/jpeg\" \/>\n<meta name=\"twitter:card\" content=\"summary_large_image\" \/>\n<meta name=\"twitter:label1\" content=\"Precio\" \/>\n\t<meta name=\"twitter:data1\" content=\"&euro;38.00\" \/>\n\t<meta name=\"twitter:label2\" content=\"Disponibilidad\" \/>\n\t<meta name=\"twitter:data2\" content=\"Disponible\" \/>\n<script type=\"application\/ld+json\" class=\"yoast-schema-graph\">{\"@context\":\"https:\\\/\\\/schema.org\",\"@graph\":[{\"@type\":\"WebPage\",\"@id\":\"https:\\\/\\\/beneficiogin.com\\\/store\\\/delicado\\\/\",\"url\":\"https:\\\/\\\/beneficiogin.com\\\/store\\\/delicado\\\/\",\"name\":\"Benef\u00edcio Gin Delicado\",\"isPartOf\":{\"@id\":\"https:\\\/\\\/beneficiogin.com\\\/#website\"},\"primaryImageOfPage\":{\"@id\":\"https:\\\/\\\/beneficiogin.com\\\/store\\\/delicado\\\/#primaryimage\"},\"image\":{\"@id\":\"https:\\\/\\\/beneficiogin.com\\\/store\\\/delicado\\\/#primaryimage\"},\"thumbnailUrl\":\"https:\\\/\\\/beneficiogin.com\\\/wp-content\\\/uploads\\\/2022\\\/11\\\/beneficiogin_delicado.jpg\",\"datePublished\":\"2021-04-18T10:43:16+00:00\",\"dateModified\":\"2026-04-15T15:40:43+00:00\",\"description\":\"Esta receita do Gin Benef\u00edcio, premiada no London Spirit Competition com uma medalha de prata, cont\u00e9m uma sele\u00e7\u00e3o de nove Bot\u00e2nicos que a tornam numa abordagem mais delicada.\",\"breadcrumb\":{\"@id\":\"https:\\\/\\\/beneficiogin.com\\\/store\\\/delicado\\\/#breadcrumb\"},\"inLanguage\":\"es\",\"potentialAction\":[{\"@type\":\"ReadAction\",\"target\":[\"https:\\\/\\\/beneficiogin.com\\\/store\\\/delicado\\\/\"]}]},{\"@type\":\"ImageObject\",\"inLanguage\":\"es\",\"@id\":\"https:\\\/\\\/beneficiogin.com\\\/store\\\/delicado\\\/#primaryimage\",\"url\":\"https:\\\/\\\/beneficiogin.com\\\/wp-content\\\/uploads\\\/2022\\\/11\\\/beneficiogin_delicado.jpg\",\"contentUrl\":\"https:\\\/\\\/beneficiogin.com\\\/wp-content\\\/uploads\\\/2022\\\/11\\\/beneficiogin_delicado.jpg\",\"width\":2400,\"height\":2400},{\"@type\":\"BreadcrumbList\",\"@id\":\"https:\\\/\\\/beneficiogin.com\\\/store\\\/delicado\\\/#breadcrumb\",\"itemListElement\":[{\"@type\":\"ListItem\",\"position\":1,\"name\":\"In\u00edcio\",\"item\":\"https:\\\/\\\/beneficiogin.com\\\/\"},{\"@type\":\"ListItem\",\"position\":2,\"name\":\"Produtos\",\"item\":\"https:\\\/\\\/beneficiogin.com\\\/shop\\\/\"},{\"@type\":\"ListItem\",\"position\":3,\"name\":\"Gin Delicado\"}]},{\"@type\":\"WebSite\",\"@id\":\"https:\\\/\\\/beneficiogin.com\\\/#website\",\"url\":\"https:\\\/\\\/beneficiogin.com\\\/\",\"name\":\"Benef\u00edcio Gin\",\"description\":\"Gin portugu\u00eas com alma japonesa\",\"publisher\":{\"@id\":\"https:\\\/\\\/beneficiogin.com\\\/#organization\"},\"alternateName\":\"Benef\u00edcio Gin\",\"potentialAction\":[{\"@type\":\"SearchAction\",\"target\":{\"@type\":\"EntryPoint\",\"urlTemplate\":\"https:\\\/\\\/beneficiogin.com\\\/?s={search_term_string}\"},\"query-input\":{\"@type\":\"PropertyValueSpecification\",\"valueRequired\":true,\"valueName\":\"search_term_string\"}}],\"inLanguage\":\"es\"},{\"@type\":\"Organization\",\"@id\":\"https:\\\/\\\/beneficiogin.com\\\/#organization\",\"name\":\"Destilados de Beneficio\",\"alternateName\":\"Destilados Beneficio\",\"url\":\"https:\\\/\\\/beneficiogin.com\\\/\",\"logo\":{\"@type\":\"ImageObject\",\"inLanguage\":\"es\",\"@id\":\"https:\\\/\\\/beneficiogin.com\\\/#\\\/schema\\\/logo\\\/image\\\/\",\"url\":\"https:\\\/\\\/beneficiogin.com\\\/wp-content\\\/uploads\\\/2022\\\/11\\\/Age_Gate_2025.png\",\"contentUrl\":\"https:\\\/\\\/beneficiogin.com\\\/wp-content\\\/uploads\\\/2022\\\/11\\\/Age_Gate_2025.png\",\"width\":460,\"height\":375,\"caption\":\"Destilados de Beneficio\"},\"image\":{\"@id\":\"https:\\\/\\\/beneficiogin.com\\\/#\\\/schema\\\/logo\\\/image\\\/\"},\"sameAs\":[\"https:\\\/\\\/www.facebook.com\\\/beneficiogin\",\"https:\\\/\\\/www.instagram.com\\\/beneficiogin\\\/\",\"https:\\\/\\\/pt.linkedin.com\\\/company\\\/destiladosdebeneficio\"],\"email\":\"sales@beneficiogin.com\",\"legalName\":\"Destilados de Beneficio\",\"vatID\":\"PT519027744\",\"taxID\":\"PT519027744\",\"hasMerchantReturnPolicy\":{\"@type\":\"MerchantReturnPolicy\",\"merchantReturnLink\":\"https:\\\/\\\/beneficiogin.com\\\/es\\\/termos-condicoes\\\/\"}}]}<\/script>\n<meta property=\"product:price:amount\" content=\"38.00\" \/>\n<meta property=\"product:price:currency\" content=\"EUR\" \/>\n<meta property=\"og:availability\" content=\"instock\" \/>\n<meta property=\"product:availability\" content=\"instock\" \/>\n<meta property=\"product:condition\" content=\"new\" \/>\n<!-- \/ Yoast SEO Premium plugin. -->","yoast_head_json":{"title":"Benef\u00edcio Gin Delicado","description":"Esta receita do Gin Benef\u00edcio, premiada no London Spirit Competition com uma medalha de prata, cont\u00e9m uma sele\u00e7\u00e3o de nove Bot\u00e2nicos que a tornam numa abordagem mais delicada.","robots":{"index":"index","follow":"follow","max-snippet":"max-snippet:-1","max-image-preview":"max-image-preview:large","max-video-preview":"max-video-preview:-1"},"canonical":"https:\/\/beneficiogin.com\/es\/tienda\/delicado\/","og_locale":"es_ES","og_type":"article","og_title":"Gin Delicado","og_description":"Esta receita do Gin Benef\u00edcio, premiada no London Spirit Competition com uma medalha de prata, cont\u00e9m uma sele\u00e7\u00e3o de nove Bot\u00e2nicos que a tornam numa abordagem mais delicada.","og_url":"https:\/\/beneficiogin.com\/es\/tienda\/delicado\/","og_site_name":"Benef\u00edcio Gin","article_publisher":"https:\/\/www.facebook.com\/beneficiogin","article_modified_time":"2026-04-15T15:40:43+00:00","og_image":[{"width":2400,"height":2400,"url":"https:\/\/beneficiogin.com\/wp-content\/uploads\/2022\/11\/beneficiogin_delicado.jpg","type":"image\/jpeg"}],"twitter_card":"summary_large_image","twitter_misc":{"Precio":"&euro;38.00","Disponibilidad":"Disponible"},"schema":{"@context":"https:\/\/schema.org","@graph":[{"@type":"WebPage","@id":"https:\/\/beneficiogin.com\/store\/delicado\/","url":"https:\/\/beneficiogin.com\/store\/delicado\/","name":"Benef\u00edcio Gin Delicado","isPartOf":{"@id":"https:\/\/beneficiogin.com\/#website"},"primaryImageOfPage":{"@id":"https:\/\/beneficiogin.com\/store\/delicado\/#primaryimage"},"image":{"@id":"https:\/\/beneficiogin.com\/store\/delicado\/#primaryimage"},"thumbnailUrl":"https:\/\/beneficiogin.com\/wp-content\/uploads\/2022\/11\/beneficiogin_delicado.jpg","datePublished":"2021-04-18T10:43:16+00:00","dateModified":"2026-04-15T15:40:43+00:00","description":"Esta receita do Gin Benef\u00edcio, premiada no London Spirit Competition com uma medalha de prata, cont\u00e9m uma sele\u00e7\u00e3o de nove Bot\u00e2nicos que a tornam numa abordagem mais delicada.","breadcrumb":{"@id":"https:\/\/beneficiogin.com\/store\/delicado\/#breadcrumb"},"inLanguage":"es","potentialAction":[{"@type":"ReadAction","target":["https:\/\/beneficiogin.com\/store\/delicado\/"]}]},{"@type":"ImageObject","inLanguage":"es","@id":"https:\/\/beneficiogin.com\/store\/delicado\/#primaryimage","url":"https:\/\/beneficiogin.com\/wp-content\/uploads\/2022\/11\/beneficiogin_delicado.jpg","contentUrl":"https:\/\/beneficiogin.com\/wp-content\/uploads\/2022\/11\/beneficiogin_delicado.jpg","width":2400,"height":2400},{"@type":"BreadcrumbList","@id":"https:\/\/beneficiogin.com\/store\/delicado\/#breadcrumb","itemListElement":[{"@type":"ListItem","position":1,"name":"In\u00edcio","item":"https:\/\/beneficiogin.com\/"},{"@type":"ListItem","position":2,"name":"Produtos","item":"https:\/\/beneficiogin.com\/shop\/"},{"@type":"ListItem","position":3,"name":"Gin Delicado"}]},{"@type":"WebSite","@id":"https:\/\/beneficiogin.com\/#website","url":"https:\/\/beneficiogin.com\/","name":"Beneficios de la ginebra","description":"Gin portugu\u00eas com alma japonesa","publisher":{"@id":"https:\/\/beneficiogin.com\/#organization"},"alternateName":"Benef\u00edcio Gin","potentialAction":[{"@type":"SearchAction","target":{"@type":"EntryPoint","urlTemplate":"https:\/\/beneficiogin.com\/?s={search_term_string}"},"query-input":{"@type":"PropertyValueSpecification","valueRequired":true,"valueName":"search_term_string"}}],"inLanguage":"es"},{"@type":"Organization","@id":"https:\/\/beneficiogin.com\/#organization","name":"Destilados de Beneficio","alternateName":"Destilados Beneficio","url":"https:\/\/beneficiogin.com\/","logo":{"@type":"ImageObject","inLanguage":"es","@id":"https:\/\/beneficiogin.com\/#\/schema\/logo\/image\/","url":"https:\/\/beneficiogin.com\/wp-content\/uploads\/2022\/11\/Age_Gate_2025.png","contentUrl":"https:\/\/beneficiogin.com\/wp-content\/uploads\/2022\/11\/Age_Gate_2025.png","width":460,"height":375,"caption":"Destilados de Beneficio"},"image":{"@id":"https:\/\/beneficiogin.com\/#\/schema\/logo\/image\/"},"sameAs":["https:\/\/www.facebook.com\/beneficiogin","https:\/\/www.instagram.com\/beneficiogin\/","https:\/\/pt.linkedin.com\/company\/destiladosdebeneficio"],"email":"sales@beneficiogin.com","legalName":"Destilados de Beneficio","vatID":"PT519027744","taxID":"PT519027744","hasMerchantReturnPolicy":{"@type":"MerchantReturnPolicy","merchantReturnLink":"https:\/\/beneficiogin.com\/es\/termos-condicoes\/"}}]},"product_price_amount":"38.00","product_price_currency":"EUR","og_availability":"instock","product_availability":"instock","product_condition":"new"},"jetpack_sharing_enabled":true,"_links":{"self":[{"href":"https:\/\/beneficiogin.com\/es\/wp-json\/wp\/v2\/product\/7000","targetHints":{"allow":["GET"]}}],"collection":[{"href":"https:\/\/beneficiogin.com\/es\/wp-json\/wp\/v2\/product"}],"about":[{"href":"https:\/\/beneficiogin.com\/es\/wp-json\/wp\/v2\/types\/product"}],"wp:featuredmedia":[{"embeddable":true,"href":"https:\/\/beneficiogin.com\/es\/wp-json\/wp\/v2\/media\/7396"}],"wp:attachment":[{"href":"https:\/\/beneficiogin.com\/es\/wp-json\/wp\/v2\/media?parent=7000"}],"wp:term":[{"taxonomy":"product_brand","embeddable":true,"href":"https:\/\/beneficiogin.com\/es\/wp-json\/wp\/v2\/product_brand?post=7000"},{"taxonomy":"product_cat","embeddable":true,"href":"https:\/\/beneficiogin.com\/es\/wp-json\/wp\/v2\/product_cat?post=7000"},{"taxonomy":"product_tag","embeddable":true,"href":"https:\/\/beneficiogin.com\/es\/wp-json\/wp\/v2\/product_tag?post=7000"}],"curies":[{"name":"wp","href":"https:\/\/api.w.org\/{rel}","templated":true}]}}