{"id":6995,"date":"2021-04-18T10:49:44","date_gmt":"2021-04-18T10:49:44","guid":{"rendered":"http:\/\/beneficiogin.com\/?post_type=product&#038;p=6995"},"modified":"2026-03-04T14:07:52","modified_gmt":"2026-03-04T14:07:52","slug":"herbal","status":"publish","type":"product","link":"https:\/\/beneficiogin.com\/es\/store\/herbal\/","title":{"rendered":"Ginebra Herbal"},"content":{"rendered":"<p>En nariz, se presenta sin duda como una ginebra moderna: un inconfundible enebro, pero sin eclipsar su marcada identidad de c\u00e1\u00f1amo. Una inhalaci\u00f3n prolongada y suave del c\u00e1\u00f1amo da paso a un aroma m\u00e1s dulce que revela hierba lim\u00f3n y una ligera nota mentolada del cardamomo. Una inhalaci\u00f3n m\u00e1s intensa puede resultar picante; no la confundas con alcohol, \u00a1es el jengibre el protagonista!<\/p>\n<p>En boca, nos encontramos de nuevo con una ginebra intensa donde el enebro es el protagonista. El c\u00e1\u00f1amo realza su identidad, siendo id\u00e9ntico en todos los sentidos a las sensaciones olfativas que se materializan en el paladar. Cabe destacar su textura cremosa y persistente, que disimula su graduaci\u00f3n alcoh\u00f3lica de 431% TPT. Al igual que en nariz, el toque especiado proviene del jengibre, no del alcohol.<\/p>","protected":false},"excerpt":{"rendered":"<p>Una ginebra elaborada con una selecci\u00f3n de once bot\u00e1nicos que la hacen extremadamente floral y fresca.<\/p>","protected":false},"featured_media":7561,"template":"","meta":[],"product_brand":[],"product_cat":[117],"product_tag":[],"class_list":{"0":"post-6995","1":"product","2":"type-product","3":"status-publish","4":"has-post-thumbnail","6":"product_cat-gins-canhamo","8":"first","9":"instock","10":"taxable","11":"shipping-taxable","12":"purchasable","13":"product-type-simple"},"bundled_by":["7005","8164","8167","8169","8173"],"bundle_stock_status":"instock","bundle_stock_quantity":50,"bundle_virtual":false,"bundle_layout":"","bundle_add_to_cart_form_location":"","bundle_editable_in_cart":false,"bundle_sold_individually_context":"","bundle_item_grouping":"","bundle_min_size":"","bundle_max_size":"","bundle_price":[],"bundled_items":[],"bundle_sell_ids":[],"yoast_head":"<!-- This site is optimized with the Yoast SEO Premium plugin v27.2 (Yoast SEO v27.3) - https:\/\/yoast.com\/product\/yoast-seo-premium-wordpress\/ -->\n<title>Benef\u00edcio Gin Herbal<\/title>\n<meta name=\"description\" content=\"Esta receita do Gin Benef\u00edcio, premiada no London Spirit Competition com uma medalha de prata, cont\u00e9m uma sele\u00e7\u00e3o de onze Bot\u00e2nicos que a tornam extremamente floral e fresca.\" \/>\n<meta name=\"robots\" content=\"index, follow, max-snippet:-1, max-image-preview:large, max-video-preview:-1\" \/>\n<link rel=\"canonical\" href=\"https:\/\/beneficiogin.com\/es\/tienda\/herbal\/\" \/>\n<meta property=\"og:locale\" content=\"es_ES\" \/>\n<meta property=\"og:type\" content=\"article\" \/>\n<meta property=\"og:title\" content=\"Gin Herbal\" \/>\n<meta property=\"og:description\" content=\"Esta receita do Gin Benef\u00edcio, premiada no London Spirit Competition com uma medalha de prata, cont\u00e9m uma sele\u00e7\u00e3o de onze Bot\u00e2nicos que a tornam extremamente floral e fresca.\" \/>\n<meta property=\"og:url\" content=\"https:\/\/beneficiogin.com\/es\/tienda\/herbal\/\" \/>\n<meta property=\"og:site_name\" content=\"Benef\u00edcio Gin\" \/>\n<meta property=\"article:publisher\" content=\"https:\/\/www.facebook.com\/beneficiogin\" \/>\n<meta property=\"article:modified_time\" content=\"2026-03-04T14:07:52+00:00\" \/>\n<meta property=\"og:image\" content=\"https:\/\/beneficiogin.com\/wp-content\/uploads\/2023\/02\/Herbal_Vidro.jpg\" \/>\n\t<meta property=\"og:image:width\" content=\"2040\" \/>\n\t<meta property=\"og:image:height\" content=\"2040\" \/>\n\t<meta property=\"og:image:type\" content=\"image\/jpeg\" \/>\n<meta name=\"twitter:card\" content=\"summary_large_image\" \/>\n<meta name=\"twitter:label1\" content=\"Precio\" \/>\n\t<meta name=\"twitter:data1\" content=\"&euro;38.00\" \/>\n\t<meta name=\"twitter:label2\" content=\"Disponibilidad\" \/>\n\t<meta name=\"twitter:data2\" content=\"Disponible\" \/>\n<script type=\"application\/ld+json\" class=\"yoast-schema-graph\">{\"@context\":\"https:\\\/\\\/schema.org\",\"@graph\":[{\"@type\":\"WebPage\",\"@id\":\"https:\\\/\\\/beneficiogin.com\\\/store\\\/herbal\\\/\",\"url\":\"https:\\\/\\\/beneficiogin.com\\\/store\\\/herbal\\\/\",\"name\":\"Benef\u00edcio Gin Herbal\",\"isPartOf\":{\"@id\":\"https:\\\/\\\/beneficiogin.com\\\/#website\"},\"primaryImageOfPage\":{\"@id\":\"https:\\\/\\\/beneficiogin.com\\\/store\\\/herbal\\\/#primaryimage\"},\"image\":{\"@id\":\"https:\\\/\\\/beneficiogin.com\\\/store\\\/herbal\\\/#primaryimage\"},\"thumbnailUrl\":\"https:\\\/\\\/beneficiogin.com\\\/wp-content\\\/uploads\\\/2023\\\/02\\\/Herbal_Vidro.jpg\",\"datePublished\":\"2021-04-18T10:49:44+00:00\",\"dateModified\":\"2026-03-04T14:07:52+00:00\",\"description\":\"Esta receita do Gin Benef\u00edcio, premiada no London Spirit Competition com uma medalha de prata, cont\u00e9m uma sele\u00e7\u00e3o de onze Bot\u00e2nicos que a tornam extremamente floral e fresca.\",\"breadcrumb\":{\"@id\":\"https:\\\/\\\/beneficiogin.com\\\/store\\\/herbal\\\/#breadcrumb\"},\"inLanguage\":\"es\",\"potentialAction\":[{\"@type\":\"ReadAction\",\"target\":[\"https:\\\/\\\/beneficiogin.com\\\/store\\\/herbal\\\/\"]}]},{\"@type\":\"ImageObject\",\"inLanguage\":\"es\",\"@id\":\"https:\\\/\\\/beneficiogin.com\\\/store\\\/herbal\\\/#primaryimage\",\"url\":\"https:\\\/\\\/beneficiogin.com\\\/wp-content\\\/uploads\\\/2023\\\/02\\\/Herbal_Vidro.jpg\",\"contentUrl\":\"https:\\\/\\\/beneficiogin.com\\\/wp-content\\\/uploads\\\/2023\\\/02\\\/Herbal_Vidro.jpg\",\"width\":2040,\"height\":2040},{\"@type\":\"BreadcrumbList\",\"@id\":\"https:\\\/\\\/beneficiogin.com\\\/store\\\/herbal\\\/#breadcrumb\",\"itemListElement\":[{\"@type\":\"ListItem\",\"position\":1,\"name\":\"In\u00edcio\",\"item\":\"https:\\\/\\\/beneficiogin.com\\\/\"},{\"@type\":\"ListItem\",\"position\":2,\"name\":\"Loja\",\"item\":\"https:\\\/\\\/beneficiogin.com\\\/?page_id=8932\"},{\"@type\":\"ListItem\",\"position\":3,\"name\":\"Gin Herbal\"}]},{\"@type\":\"WebSite\",\"@id\":\"https:\\\/\\\/beneficiogin.com\\\/#website\",\"url\":\"https:\\\/\\\/beneficiogin.com\\\/\",\"name\":\"Benef\u00edcio Gin\",\"description\":\"Gin portugu\u00eas com alma japonesa\",\"publisher\":{\"@id\":\"https:\\\/\\\/beneficiogin.com\\\/#organization\"},\"alternateName\":\"Benef\u00edcio Gin\",\"potentialAction\":[{\"@type\":\"SearchAction\",\"target\":{\"@type\":\"EntryPoint\",\"urlTemplate\":\"https:\\\/\\\/beneficiogin.com\\\/?s={search_term_string}\"},\"query-input\":{\"@type\":\"PropertyValueSpecification\",\"valueRequired\":true,\"valueName\":\"search_term_string\"}}],\"inLanguage\":\"es\"},{\"@type\":\"Organization\",\"@id\":\"https:\\\/\\\/beneficiogin.com\\\/#organization\",\"name\":\"Destilados de Beneficio\",\"alternateName\":\"Destilados Beneficio\",\"url\":\"https:\\\/\\\/beneficiogin.com\\\/\",\"logo\":{\"@type\":\"ImageObject\",\"inLanguage\":\"es\",\"@id\":\"https:\\\/\\\/beneficiogin.com\\\/#\\\/schema\\\/logo\\\/image\\\/\",\"url\":\"https:\\\/\\\/beneficiogin.com\\\/wp-content\\\/uploads\\\/2022\\\/11\\\/Age_Gate_2025.png\",\"contentUrl\":\"https:\\\/\\\/beneficiogin.com\\\/wp-content\\\/uploads\\\/2022\\\/11\\\/Age_Gate_2025.png\",\"width\":460,\"height\":375,\"caption\":\"Destilados de Beneficio\"},\"image\":{\"@id\":\"https:\\\/\\\/beneficiogin.com\\\/#\\\/schema\\\/logo\\\/image\\\/\"},\"sameAs\":[\"https:\\\/\\\/www.facebook.com\\\/beneficiogin\",\"https:\\\/\\\/www.instagram.com\\\/beneficiogin\\\/\",\"https:\\\/\\\/pt.linkedin.com\\\/company\\\/destiladosdebeneficio\"],\"email\":\"sales@beneficiogin.com\",\"legalName\":\"Destilados de Beneficio\",\"vatID\":\"PT519027744\",\"taxID\":\"PT519027744\",\"hasMerchantReturnPolicy\":{\"@type\":\"MerchantReturnPolicy\",\"merchantReturnLink\":\"https:\\\/\\\/beneficiogin.com\\\/es\\\/termos-condicoes\\\/\"}}]}<\/script>\n<meta property=\"product:price:amount\" content=\"38.00\" \/>\n<meta property=\"product:price:currency\" content=\"EUR\" \/>\n<meta property=\"og:availability\" content=\"instock\" \/>\n<meta property=\"product:availability\" content=\"instock\" \/>\n<meta property=\"product:condition\" content=\"new\" \/>\n<!-- \/ Yoast SEO Premium plugin. -->","yoast_head_json":{"title":"Benef\u00edcio Gin Herbal","description":"Esta receita do Gin Benef\u00edcio, premiada no London Spirit Competition com uma medalha de prata, cont\u00e9m uma sele\u00e7\u00e3o de onze Bot\u00e2nicos que a tornam extremamente floral e fresca.","robots":{"index":"index","follow":"follow","max-snippet":"max-snippet:-1","max-image-preview":"max-image-preview:large","max-video-preview":"max-video-preview:-1"},"canonical":"https:\/\/beneficiogin.com\/es\/tienda\/herbal\/","og_locale":"es_ES","og_type":"article","og_title":"Gin Herbal","og_description":"Esta receita do Gin Benef\u00edcio, premiada no London Spirit Competition com uma medalha de prata, cont\u00e9m uma sele\u00e7\u00e3o de onze Bot\u00e2nicos que a tornam extremamente floral e fresca.","og_url":"https:\/\/beneficiogin.com\/es\/tienda\/herbal\/","og_site_name":"Benef\u00edcio Gin","article_publisher":"https:\/\/www.facebook.com\/beneficiogin","article_modified_time":"2026-03-04T14:07:52+00:00","og_image":[{"width":2040,"height":2040,"url":"https:\/\/beneficiogin.com\/wp-content\/uploads\/2023\/02\/Herbal_Vidro.jpg","type":"image\/jpeg"}],"twitter_card":"summary_large_image","twitter_misc":{"Precio":"&euro;38.00","Disponibilidad":"Disponible"},"schema":{"@context":"https:\/\/schema.org","@graph":[{"@type":"WebPage","@id":"https:\/\/beneficiogin.com\/store\/herbal\/","url":"https:\/\/beneficiogin.com\/store\/herbal\/","name":"Benef\u00edcio Gin Herbal","isPartOf":{"@id":"https:\/\/beneficiogin.com\/#website"},"primaryImageOfPage":{"@id":"https:\/\/beneficiogin.com\/store\/herbal\/#primaryimage"},"image":{"@id":"https:\/\/beneficiogin.com\/store\/herbal\/#primaryimage"},"thumbnailUrl":"https:\/\/beneficiogin.com\/wp-content\/uploads\/2023\/02\/Herbal_Vidro.jpg","datePublished":"2021-04-18T10:49:44+00:00","dateModified":"2026-03-04T14:07:52+00:00","description":"Esta receita do Gin Benef\u00edcio, premiada no London Spirit Competition com uma medalha de prata, cont\u00e9m uma sele\u00e7\u00e3o de onze Bot\u00e2nicos que a tornam extremamente floral e fresca.","breadcrumb":{"@id":"https:\/\/beneficiogin.com\/store\/herbal\/#breadcrumb"},"inLanguage":"es","potentialAction":[{"@type":"ReadAction","target":["https:\/\/beneficiogin.com\/store\/herbal\/"]}]},{"@type":"ImageObject","inLanguage":"es","@id":"https:\/\/beneficiogin.com\/store\/herbal\/#primaryimage","url":"https:\/\/beneficiogin.com\/wp-content\/uploads\/2023\/02\/Herbal_Vidro.jpg","contentUrl":"https:\/\/beneficiogin.com\/wp-content\/uploads\/2023\/02\/Herbal_Vidro.jpg","width":2040,"height":2040},{"@type":"BreadcrumbList","@id":"https:\/\/beneficiogin.com\/store\/herbal\/#breadcrumb","itemListElement":[{"@type":"ListItem","position":1,"name":"In\u00edcio","item":"https:\/\/beneficiogin.com\/"},{"@type":"ListItem","position":2,"name":"Loja","item":"https:\/\/beneficiogin.com\/?page_id=8932"},{"@type":"ListItem","position":3,"name":"Gin Herbal"}]},{"@type":"WebSite","@id":"https:\/\/beneficiogin.com\/#website","url":"https:\/\/beneficiogin.com\/","name":"Beneficios de la ginebra","description":"Gin portugu\u00eas com alma japonesa","publisher":{"@id":"https:\/\/beneficiogin.com\/#organization"},"alternateName":"Benef\u00edcio Gin","potentialAction":[{"@type":"SearchAction","target":{"@type":"EntryPoint","urlTemplate":"https:\/\/beneficiogin.com\/?s={search_term_string}"},"query-input":{"@type":"PropertyValueSpecification","valueRequired":true,"valueName":"search_term_string"}}],"inLanguage":"es"},{"@type":"Organization","@id":"https:\/\/beneficiogin.com\/#organization","name":"Destilados de Beneficio","alternateName":"Destilados Beneficio","url":"https:\/\/beneficiogin.com\/","logo":{"@type":"ImageObject","inLanguage":"es","@id":"https:\/\/beneficiogin.com\/#\/schema\/logo\/image\/","url":"https:\/\/beneficiogin.com\/wp-content\/uploads\/2022\/11\/Age_Gate_2025.png","contentUrl":"https:\/\/beneficiogin.com\/wp-content\/uploads\/2022\/11\/Age_Gate_2025.png","width":460,"height":375,"caption":"Destilados de Beneficio"},"image":{"@id":"https:\/\/beneficiogin.com\/#\/schema\/logo\/image\/"},"sameAs":["https:\/\/www.facebook.com\/beneficiogin","https:\/\/www.instagram.com\/beneficiogin\/","https:\/\/pt.linkedin.com\/company\/destiladosdebeneficio"],"email":"sales@beneficiogin.com","legalName":"Destilados de Beneficio","vatID":"PT519027744","taxID":"PT519027744","hasMerchantReturnPolicy":{"@type":"MerchantReturnPolicy","merchantReturnLink":"https:\/\/beneficiogin.com\/es\/termos-condicoes\/"}}]},"product_price_amount":"38.00","product_price_currency":"EUR","og_availability":"instock","product_availability":"instock","product_condition":"new"},"jetpack_sharing_enabled":true,"_links":{"self":[{"href":"https:\/\/beneficiogin.com\/es\/wp-json\/wp\/v2\/product\/6995","targetHints":{"allow":["GET"]}}],"collection":[{"href":"https:\/\/beneficiogin.com\/es\/wp-json\/wp\/v2\/product"}],"about":[{"href":"https:\/\/beneficiogin.com\/es\/wp-json\/wp\/v2\/types\/product"}],"wp:featuredmedia":[{"embeddable":true,"href":"https:\/\/beneficiogin.com\/es\/wp-json\/wp\/v2\/media\/7561"}],"wp:attachment":[{"href":"https:\/\/beneficiogin.com\/es\/wp-json\/wp\/v2\/media?parent=6995"}],"wp:term":[{"taxonomy":"product_brand","embeddable":true,"href":"https:\/\/beneficiogin.com\/es\/wp-json\/wp\/v2\/product_brand?post=6995"},{"taxonomy":"product_cat","embeddable":true,"href":"https:\/\/beneficiogin.com\/es\/wp-json\/wp\/v2\/product_cat?post=6995"},{"taxonomy":"product_tag","embeddable":true,"href":"https:\/\/beneficiogin.com\/es\/wp-json\/wp\/v2\/product_tag?post=6995"}],"curies":[{"name":"wp","href":"https:\/\/api.w.org\/{rel}","templated":true}]}}