{"id":10775,"date":"2026-03-11T16:25:33","date_gmt":"2026-03-11T16:25:33","guid":{"rendered":"https:\/\/beneficiogin.com\/?post_type=product&#038;p=10775"},"modified":"2026-03-11T16:39:33","modified_gmt":"2026-03-11T16:39:33","slug":"dueto-cerejeira-e-castanha","status":"publish","type":"product","link":"https:\/\/beneficiogin.com\/es\/store\/dueto-cerejeira-e-castanha\/","title":{"rendered":"El Dueto Flor de Cerezo y Casta\u00f1a"},"content":{"rendered":"<p>El Dueto Flor de Cerezo y Casta\u00f1a es una oferta exclusiva que re\u00fane el po\u00e9tico Gin Flor de Cerezo con el envolvente Gin de Casta\u00f1a de Marv\u00e3o, uniendo la fugaz primavera con el acogedor invierno del Alto Alentejo.<\/p>\n<p>El Gin de Casta\u00f1a nace de casta\u00f1os centenarios de Marv\u00e3o y resulta de una destilaci\u00f3n que captura el sabor distintivo de este fruto emblem\u00e1tico, transmitiendo los aromas y olores del invierno y transport\u00e1ndonos a lugares c\u00e1lidos y confortables y a los atardeceres junto al castillo.<\/p>\n<p>El Gin Flor de Cerezo es un gin portugu\u00e9s creado con alma japonesa, que celebra lo raro y ef\u00edmero. Une la tradici\u00f3n de la Serra de S\u00e3o Mamede con la delicada simbolog\u00eda de las flores de cerezo en una edici\u00f3n limitada e irrepetible, en la que cada botella captura la belleza fugaz de la primavera.<\/p>\n<p>La combinaci\u00f3n de estas dos unidades representa un desaf\u00edo creativo y sensorial: por un lado, la profundidad invernal de la casta\u00f1a; por otro, la ligereza primaveral de la flor de cerezo, proporcionando una experiencia \u00fanica, envolvente y contemplativa para los amantes del gin.<\/p>","protected":false},"excerpt":{"rendered":"<p>O Dueto Flor de Cerejeira e de Castanha \u00e9 uma oferta exclusiva que combina o po\u00e9tico Gin de Flor de Cerejeira com o envolvente Gin de Castanha de Marv\u00e3o, num encontro entre a primavera ef\u00e9mera e o aconchego do inverno do Alto Alentejo. O Gin de Castanha nasce de castanheiros centen\u00e1rios de Marv\u00e3o e resulta [&hellip;]<\/p>\n","protected":false},"featured_media":10777,"template":"","meta":[],"product_brand":[],"product_cat":[159],"product_tag":[],"class_list":{"0":"post-10775","1":"product","2":"type-product","3":"status-publish","4":"has-post-thumbnail","6":"product_cat-gin-castanha","8":"first","9":"instock","10":"taxable","11":"shipping-taxable","12":"purchasable","13":"product-type-simple"},"bundled_by":[],"bundle_stock_status":"instock","bundle_stock_quantity":10,"bundle_virtual":false,"bundle_layout":"","bundle_add_to_cart_form_location":"","bundle_editable_in_cart":false,"bundle_sold_individually_context":"","bundle_item_grouping":"","bundle_min_size":"","bundle_max_size":"","bundle_price":[],"bundled_items":[],"bundle_sell_ids":[],"yoast_head":"<!-- This site is optimized with the Yoast SEO Premium plugin v27.2 (Yoast SEO v27.3) - https:\/\/yoast.com\/product\/yoast-seo-premium-wordpress\/ -->\n<title>Dueto Flor de Cerejeira e Castanha &#8211; Benef\u00edcio Gin<\/title>\n<meta name=\"robots\" content=\"index, follow, max-snippet:-1, max-image-preview:large, max-video-preview:-1\" \/>\n<link rel=\"canonical\" href=\"https:\/\/beneficiogin.com\/es\/tienda\/dueto-cerejeira-e-castanha\/\" \/>\n<meta property=\"og:locale\" content=\"es_ES\" \/>\n<meta property=\"og:type\" content=\"article\" \/>\n<meta property=\"og:title\" content=\"Dueto Flor de Cerejeira e Castanha\" \/>\n<meta property=\"og:description\" content=\"O Dueto Flor de Cerejeira e de Castanha \u00e9 uma oferta exclusiva que combina o po\u00e9tico Gin de Flor de Cerejeira com o envolvente Gin de Castanha de Marv\u00e3o, num encontro entre a primavera ef\u00e9mera e o aconchego do inverno do Alto Alentejo. O Gin de Castanha nasce de castanheiros centen\u00e1rios de Marv\u00e3o e resulta [&hellip;]\" \/>\n<meta property=\"og:url\" content=\"https:\/\/beneficiogin.com\/es\/tienda\/dueto-cerejeira-e-castanha\/\" \/>\n<meta property=\"og:site_name\" content=\"Benef\u00edcio Gin\" \/>\n<meta property=\"article:publisher\" content=\"https:\/\/www.facebook.com\/beneficiogin\" \/>\n<meta property=\"article:modified_time\" content=\"2026-03-11T16:39:33+00:00\" \/>\n<meta property=\"og:image\" content=\"https:\/\/beneficiogin.com\/wp-content\/uploads\/2026\/03\/dueto-cerejeira-castanha.jpg\" \/>\n\t<meta property=\"og:image:width\" content=\"1080\" \/>\n\t<meta property=\"og:image:height\" content=\"1080\" \/>\n\t<meta property=\"og:image:type\" content=\"image\/jpeg\" \/>\n<meta name=\"twitter:card\" content=\"summary_large_image\" \/>\n<meta name=\"twitter:label1\" content=\"Precio\" \/>\n\t<meta name=\"twitter:data1\" content=\"&euro;80.00\" \/>\n\t<meta name=\"twitter:label2\" content=\"Disponibilidad\" \/>\n\t<meta name=\"twitter:data2\" content=\"Disponible\" \/>\n<script type=\"application\/ld+json\" class=\"yoast-schema-graph\">{\"@context\":\"https:\\\/\\\/schema.org\",\"@graph\":[{\"@type\":\"WebPage\",\"@id\":\"https:\\\/\\\/beneficiogin.com\\\/store\\\/dueto-cerejeira-e-castanha\\\/\",\"url\":\"https:\\\/\\\/beneficiogin.com\\\/store\\\/dueto-cerejeira-e-castanha\\\/\",\"name\":\"Dueto Flor de Cerejeira e Castanha &#8211; Benef\u00edcio Gin\",\"isPartOf\":{\"@id\":\"https:\\\/\\\/beneficiogin.com\\\/#website\"},\"primaryImageOfPage\":{\"@id\":\"https:\\\/\\\/beneficiogin.com\\\/store\\\/dueto-cerejeira-e-castanha\\\/#primaryimage\"},\"image\":{\"@id\":\"https:\\\/\\\/beneficiogin.com\\\/store\\\/dueto-cerejeira-e-castanha\\\/#primaryimage\"},\"thumbnailUrl\":\"https:\\\/\\\/beneficiogin.com\\\/wp-content\\\/uploads\\\/2026\\\/03\\\/dueto-cerejeira-castanha.jpg\",\"datePublished\":\"2026-03-11T16:25:33+00:00\",\"dateModified\":\"2026-03-11T16:39:33+00:00\",\"breadcrumb\":{\"@id\":\"https:\\\/\\\/beneficiogin.com\\\/store\\\/dueto-cerejeira-e-castanha\\\/#breadcrumb\"},\"inLanguage\":\"es\",\"potentialAction\":[{\"@type\":\"ReadAction\",\"target\":[\"https:\\\/\\\/beneficiogin.com\\\/store\\\/dueto-cerejeira-e-castanha\\\/\"]}]},{\"@type\":\"ImageObject\",\"inLanguage\":\"es\",\"@id\":\"https:\\\/\\\/beneficiogin.com\\\/store\\\/dueto-cerejeira-e-castanha\\\/#primaryimage\",\"url\":\"https:\\\/\\\/beneficiogin.com\\\/wp-content\\\/uploads\\\/2026\\\/03\\\/dueto-cerejeira-castanha.jpg\",\"contentUrl\":\"https:\\\/\\\/beneficiogin.com\\\/wp-content\\\/uploads\\\/2026\\\/03\\\/dueto-cerejeira-castanha.jpg\",\"width\":1080,\"height\":1080},{\"@type\":\"BreadcrumbList\",\"@id\":\"https:\\\/\\\/beneficiogin.com\\\/store\\\/dueto-cerejeira-e-castanha\\\/#breadcrumb\",\"itemListElement\":[{\"@type\":\"ListItem\",\"position\":1,\"name\":\"In\u00edcio\",\"item\":\"https:\\\/\\\/beneficiogin.com\\\/\"},{\"@type\":\"ListItem\",\"position\":2,\"name\":\"Loja\",\"item\":\"https:\\\/\\\/beneficiogin.com\\\/?page_id=8932\"},{\"@type\":\"ListItem\",\"position\":3,\"name\":\"Dueto Flor de Cerejeira e Castanha\"}]},{\"@type\":\"WebSite\",\"@id\":\"https:\\\/\\\/beneficiogin.com\\\/#website\",\"url\":\"https:\\\/\\\/beneficiogin.com\\\/\",\"name\":\"Benef\u00edcio Gin\",\"description\":\"Gin portugu\u00eas com alma japonesa\",\"publisher\":{\"@id\":\"https:\\\/\\\/beneficiogin.com\\\/#organization\"},\"alternateName\":\"Benef\u00edcio Gin\",\"potentialAction\":[{\"@type\":\"SearchAction\",\"target\":{\"@type\":\"EntryPoint\",\"urlTemplate\":\"https:\\\/\\\/beneficiogin.com\\\/?s={search_term_string}\"},\"query-input\":{\"@type\":\"PropertyValueSpecification\",\"valueRequired\":true,\"valueName\":\"search_term_string\"}}],\"inLanguage\":\"es\"},{\"@type\":\"Organization\",\"@id\":\"https:\\\/\\\/beneficiogin.com\\\/#organization\",\"name\":\"Destilados de Beneficio\",\"alternateName\":\"Destilados Beneficio\",\"url\":\"https:\\\/\\\/beneficiogin.com\\\/\",\"logo\":{\"@type\":\"ImageObject\",\"inLanguage\":\"es\",\"@id\":\"https:\\\/\\\/beneficiogin.com\\\/#\\\/schema\\\/logo\\\/image\\\/\",\"url\":\"https:\\\/\\\/beneficiogin.com\\\/wp-content\\\/uploads\\\/2022\\\/11\\\/Age_Gate_2025.png\",\"contentUrl\":\"https:\\\/\\\/beneficiogin.com\\\/wp-content\\\/uploads\\\/2022\\\/11\\\/Age_Gate_2025.png\",\"width\":460,\"height\":375,\"caption\":\"Destilados de Beneficio\"},\"image\":{\"@id\":\"https:\\\/\\\/beneficiogin.com\\\/#\\\/schema\\\/logo\\\/image\\\/\"},\"sameAs\":[\"https:\\\/\\\/www.facebook.com\\\/beneficiogin\",\"https:\\\/\\\/www.instagram.com\\\/beneficiogin\\\/\",\"https:\\\/\\\/pt.linkedin.com\\\/company\\\/destiladosdebeneficio\"],\"email\":\"sales@beneficiogin.com\",\"legalName\":\"Destilados de Beneficio\",\"vatID\":\"PT519027744\",\"taxID\":\"PT519027744\",\"hasMerchantReturnPolicy\":{\"@type\":\"MerchantReturnPolicy\",\"merchantReturnLink\":\"https:\\\/\\\/beneficiogin.com\\\/es\\\/termos-condicoes\\\/\"}}]}<\/script>\n<meta property=\"product:price:amount\" content=\"80.00\" \/>\n<meta property=\"product:price:currency\" content=\"EUR\" \/>\n<meta property=\"og:availability\" content=\"instock\" \/>\n<meta property=\"product:availability\" content=\"instock\" \/>\n<meta property=\"product:condition\" content=\"new\" \/>\n<!-- \/ Yoast SEO Premium plugin. -->","yoast_head_json":{"title":"Dueto Flor de Cerejeira e Castanha &#8211; Benef\u00edcio Gin","robots":{"index":"index","follow":"follow","max-snippet":"max-snippet:-1","max-image-preview":"max-image-preview:large","max-video-preview":"max-video-preview:-1"},"canonical":"https:\/\/beneficiogin.com\/es\/tienda\/dueto-cerejeira-e-castanha\/","og_locale":"es_ES","og_type":"article","og_title":"Dueto Flor de Cerejeira e Castanha","og_description":"O Dueto Flor de Cerejeira e de Castanha \u00e9 uma oferta exclusiva que combina o po\u00e9tico Gin de Flor de Cerejeira com o envolvente Gin de Castanha de Marv\u00e3o, num encontro entre a primavera ef\u00e9mera e o aconchego do inverno do Alto Alentejo. O Gin de Castanha nasce de castanheiros centen\u00e1rios de Marv\u00e3o e resulta [&hellip;]","og_url":"https:\/\/beneficiogin.com\/es\/tienda\/dueto-cerejeira-e-castanha\/","og_site_name":"Benef\u00edcio Gin","article_publisher":"https:\/\/www.facebook.com\/beneficiogin","article_modified_time":"2026-03-11T16:39:33+00:00","og_image":[{"width":1080,"height":1080,"url":"https:\/\/beneficiogin.com\/wp-content\/uploads\/2026\/03\/dueto-cerejeira-castanha.jpg","type":"image\/jpeg"}],"twitter_card":"summary_large_image","twitter_misc":{"Precio":"&euro;80.00","Disponibilidad":"Disponible"},"schema":{"@context":"https:\/\/schema.org","@graph":[{"@type":"WebPage","@id":"https:\/\/beneficiogin.com\/store\/dueto-cerejeira-e-castanha\/","url":"https:\/\/beneficiogin.com\/store\/dueto-cerejeira-e-castanha\/","name":"Dueto Flor de Cerejeira e Castanha &#8211; Benef\u00edcio Gin","isPartOf":{"@id":"https:\/\/beneficiogin.com\/#website"},"primaryImageOfPage":{"@id":"https:\/\/beneficiogin.com\/store\/dueto-cerejeira-e-castanha\/#primaryimage"},"image":{"@id":"https:\/\/beneficiogin.com\/store\/dueto-cerejeira-e-castanha\/#primaryimage"},"thumbnailUrl":"https:\/\/beneficiogin.com\/wp-content\/uploads\/2026\/03\/dueto-cerejeira-castanha.jpg","datePublished":"2026-03-11T16:25:33+00:00","dateModified":"2026-03-11T16:39:33+00:00","breadcrumb":{"@id":"https:\/\/beneficiogin.com\/store\/dueto-cerejeira-e-castanha\/#breadcrumb"},"inLanguage":"es","potentialAction":[{"@type":"ReadAction","target":["https:\/\/beneficiogin.com\/store\/dueto-cerejeira-e-castanha\/"]}]},{"@type":"ImageObject","inLanguage":"es","@id":"https:\/\/beneficiogin.com\/store\/dueto-cerejeira-e-castanha\/#primaryimage","url":"https:\/\/beneficiogin.com\/wp-content\/uploads\/2026\/03\/dueto-cerejeira-castanha.jpg","contentUrl":"https:\/\/beneficiogin.com\/wp-content\/uploads\/2026\/03\/dueto-cerejeira-castanha.jpg","width":1080,"height":1080},{"@type":"BreadcrumbList","@id":"https:\/\/beneficiogin.com\/store\/dueto-cerejeira-e-castanha\/#breadcrumb","itemListElement":[{"@type":"ListItem","position":1,"name":"In\u00edcio","item":"https:\/\/beneficiogin.com\/"},{"@type":"ListItem","position":2,"name":"Loja","item":"https:\/\/beneficiogin.com\/?page_id=8932"},{"@type":"ListItem","position":3,"name":"Dueto Flor de Cerejeira e Castanha"}]},{"@type":"WebSite","@id":"https:\/\/beneficiogin.com\/#website","url":"https:\/\/beneficiogin.com\/","name":"Beneficios de la ginebra","description":"Gin portugu\u00eas com alma japonesa","publisher":{"@id":"https:\/\/beneficiogin.com\/#organization"},"alternateName":"Benef\u00edcio Gin","potentialAction":[{"@type":"SearchAction","target":{"@type":"EntryPoint","urlTemplate":"https:\/\/beneficiogin.com\/?s={search_term_string}"},"query-input":{"@type":"PropertyValueSpecification","valueRequired":true,"valueName":"search_term_string"}}],"inLanguage":"es"},{"@type":"Organization","@id":"https:\/\/beneficiogin.com\/#organization","name":"Destilados de Beneficio","alternateName":"Destilados Beneficio","url":"https:\/\/beneficiogin.com\/","logo":{"@type":"ImageObject","inLanguage":"es","@id":"https:\/\/beneficiogin.com\/#\/schema\/logo\/image\/","url":"https:\/\/beneficiogin.com\/wp-content\/uploads\/2022\/11\/Age_Gate_2025.png","contentUrl":"https:\/\/beneficiogin.com\/wp-content\/uploads\/2022\/11\/Age_Gate_2025.png","width":460,"height":375,"caption":"Destilados de Beneficio"},"image":{"@id":"https:\/\/beneficiogin.com\/#\/schema\/logo\/image\/"},"sameAs":["https:\/\/www.facebook.com\/beneficiogin","https:\/\/www.instagram.com\/beneficiogin\/","https:\/\/pt.linkedin.com\/company\/destiladosdebeneficio"],"email":"sales@beneficiogin.com","legalName":"Destilados de Beneficio","vatID":"PT519027744","taxID":"PT519027744","hasMerchantReturnPolicy":{"@type":"MerchantReturnPolicy","merchantReturnLink":"https:\/\/beneficiogin.com\/es\/termos-condicoes\/"}}]},"product_price_amount":"80.00","product_price_currency":"EUR","og_availability":"instock","product_availability":"instock","product_condition":"new"},"jetpack_sharing_enabled":true,"_links":{"self":[{"href":"https:\/\/beneficiogin.com\/es\/wp-json\/wp\/v2\/product\/10775","targetHints":{"allow":["GET"]}}],"collection":[{"href":"https:\/\/beneficiogin.com\/es\/wp-json\/wp\/v2\/product"}],"about":[{"href":"https:\/\/beneficiogin.com\/es\/wp-json\/wp\/v2\/types\/product"}],"wp:featuredmedia":[{"embeddable":true,"href":"https:\/\/beneficiogin.com\/es\/wp-json\/wp\/v2\/media\/10777"}],"wp:attachment":[{"href":"https:\/\/beneficiogin.com\/es\/wp-json\/wp\/v2\/media?parent=10775"}],"wp:term":[{"taxonomy":"product_brand","embeddable":true,"href":"https:\/\/beneficiogin.com\/es\/wp-json\/wp\/v2\/product_brand?post=10775"},{"taxonomy":"product_cat","embeddable":true,"href":"https:\/\/beneficiogin.com\/es\/wp-json\/wp\/v2\/product_cat?post=10775"},{"taxonomy":"product_tag","embeddable":true,"href":"https:\/\/beneficiogin.com\/es\/wp-json\/wp\/v2\/product_tag?post=10775"}],"curies":[{"name":"wp","href":"https:\/\/api.w.org\/{rel}","templated":true}]}}