{"id":8557,"date":"2025-05-12T14:14:23","date_gmt":"2025-05-12T14:14:23","guid":{"rendered":"https:\/\/beneficiogin.com\/?page_id=8557"},"modified":"2025-09-17T17:14:01","modified_gmt":"2025-09-17T17:14:01","slug":"loja-em-manutencao","status":"publish","type":"page","link":"https:\/\/beneficiogin.com\/es\/loja-em-manutencao\/","title":{"rendered":"Manuten\u00e7\u00e3o"},"content":{"rendered":"<div data-elementor-type=\"wp-page\" data-elementor-id=\"8557\" class=\"elementor elementor-8557\" data-elementor-post-type=\"page\">\n\t\t\t\t<div class=\"elementor-element elementor-element-18ce16b6 e-flex e-con-boxed e-con e-parent\" data-id=\"18ce16b6\" data-element_type=\"container\" data-e-type=\"container\">\n\t\t\t\t\t<div class=\"e-con-inner\">\n\t\t\t\t<div class=\"elementor-element elementor-element-704d419f elementor-widget elementor-widget-text-editor\" data-id=\"704d419f\" data-element_type=\"widget\" data-e-type=\"widget\" data-widget_type=\"text-editor.default\">\n\t\t\t\t\t\t\t\t\t<p>\u00a0<\/p><h2 class=\"vc_custom_heading wpb_animate_when_almost_visible wpb_fadeIn fadeIn animated wpb_start_animation\" style=\"text-align: center;\">Estamos mejorando la experiencia de compra.<\/h2><h2 class=\"vc_custom_heading wpb_animate_when_almost_visible wpb_fadeIn fadeIn animated wpb_start_animation\" style=\"text-align: center;\">Nuestra tienda volver\u00e1 pronto.<\/h2><h2 class=\"vc_custom_heading wpb_animate_when_almost_visible wpb_fadeIn fadeIn animated wpb_start_animation\" style=\"text-align: center;\">\u00a1Muchas gracias!<\/h2><p style=\"text-align: center;\"><img fetchpriority=\"high\" decoding=\"async\" data-attachment-id=\"6944\" data-permalink=\"https:\/\/beneficiogin.com\/es\/assinatura_pt\/\" data-orig-file=\"https:\/\/beneficiogin.com\/wp-content\/uploads\/2020\/04\/assinatura_pt.svg\" data-orig-size=\"706,55\" data-comments-opened=\"1\" data-image-meta=\"[]\" data-image-title=\"assinatura_pt\" data-image-description=\"\" data-image-caption=\"\" data-large-file=\"https:\/\/beneficiogin.com\/wp-content\/uploads\/2020\/04\/assinatura_pt.svg\" class=\"alignnone size-medium wp-image-6944\" role=\"img\" src=\"http:\/\/obeneficio.com\/wp-content\/uploads\/2020\/04\/assinatura_pt.svg\" alt=\"\" width=\"1000\" height=\"300\" \/><br \/>Para obtener m\u00e1s informaci\u00f3n, p\u00f3ngase en contacto con nosotros en:\u00a0<a href=\"mailto:sales@beneficiogin.com\">sales@beneficiogin.com<\/a><\/p>\t\t\t\t\t\t\t\t<\/div>\n\t\t\t\t\t<\/div>\n\t\t\t\t<\/div>\n\t\t\t\t<\/div>","protected":false},"excerpt":{"rendered":"<p>\u00a0 Estamos a melhorar a experi\u00eancia de compra. A nossa loja voltar\u00e1 em breve. Muito obrigado! Para mais informa\u00e7\u00f5es contacte-nos atrav\u00e9s de:\u00a0sales@beneficiogin.com<\/p>","protected":false},"author":3,"featured_media":0,"parent":0,"menu_order":0,"comment_status":"closed","ping_status":"closed","template":"elementor_canvas","meta":{"footnotes":""},"class_list":["post-8557","page","type-page","status-publish","hentry"],"yoast_head":"<!-- This site is optimized with the Yoast SEO Premium plugin v27.4 (Yoast SEO v27.5) - https:\/\/yoast.com\/product\/yoast-seo-premium-wordpress\/ -->\n<title>Ficha T\u00e9cnica \u2013 O Benef\u00edcio<\/title>\n<meta name=\"description\" content=\"Quem fez e faz o Benef\u00edcio.\" \/>\n<meta name=\"robots\" content=\"index, follow, max-snippet:-1, max-image-preview:large, max-video-preview:-1\" \/>\n<link rel=\"canonical\" href=\"https:\/\/beneficiogin.com\/es\/loja-em-manutencao\/\" \/>\n<meta property=\"og:locale\" content=\"es_ES\" \/>\n<meta property=\"og:type\" content=\"article\" \/>\n<meta property=\"og:title\" content=\"Manuten\u00e7\u00e3o\" \/>\n<meta property=\"og:description\" content=\"Quem fez e faz o Benef\u00edcio.\" \/>\n<meta property=\"og:url\" content=\"https:\/\/beneficiogin.com\/es\/loja-em-manutencao\/\" \/>\n<meta property=\"og:site_name\" content=\"Benef\u00edcio Gin\" \/>\n<meta property=\"article:publisher\" content=\"https:\/\/www.facebook.com\/beneficiogin\" \/>\n<meta property=\"article:modified_time\" content=\"2025-09-17T17:14:01+00:00\" \/>\n<meta name=\"twitter:card\" content=\"summary_large_image\" \/>\n<script type=\"application\/ld+json\" class=\"yoast-schema-graph\">{\"@context\":\"https:\\\/\\\/schema.org\",\"@graph\":[{\"@type\":\"WebPage\",\"@id\":\"https:\\\/\\\/beneficiogin.com\\\/loja-em-manutencao\\\/\",\"url\":\"https:\\\/\\\/beneficiogin.com\\\/loja-em-manutencao\\\/\",\"name\":\"Ficha T\u00e9cnica \u2013 O Benef\u00edcio\",\"isPartOf\":{\"@id\":\"https:\\\/\\\/beneficiogin.com\\\/#website\"},\"primaryImageOfPage\":{\"@id\":\"https:\\\/\\\/beneficiogin.com\\\/loja-em-manutencao\\\/#primaryimage\"},\"image\":{\"@id\":\"https:\\\/\\\/beneficiogin.com\\\/loja-em-manutencao\\\/#primaryimage\"},\"thumbnailUrl\":\"http:\\\/\\\/obeneficio.com\\\/wp-content\\\/uploads\\\/2020\\\/04\\\/assinatura_pt.svg\",\"datePublished\":\"2025-05-12T14:14:23+00:00\",\"dateModified\":\"2025-09-17T17:14:01+00:00\",\"description\":\"Quem fez e faz o Benef\u00edcio.\",\"breadcrumb\":{\"@id\":\"https:\\\/\\\/beneficiogin.com\\\/loja-em-manutencao\\\/#breadcrumb\"},\"inLanguage\":\"es\",\"potentialAction\":[{\"@type\":\"ReadAction\",\"target\":[\"https:\\\/\\\/beneficiogin.com\\\/loja-em-manutencao\\\/\"]}]},{\"@type\":\"ImageObject\",\"inLanguage\":\"es\",\"@id\":\"https:\\\/\\\/beneficiogin.com\\\/loja-em-manutencao\\\/#primaryimage\",\"url\":\"http:\\\/\\\/obeneficio.com\\\/wp-content\\\/uploads\\\/2020\\\/04\\\/assinatura_pt.svg\",\"contentUrl\":\"http:\\\/\\\/obeneficio.com\\\/wp-content\\\/uploads\\\/2020\\\/04\\\/assinatura_pt.svg\"},{\"@type\":\"BreadcrumbList\",\"@id\":\"https:\\\/\\\/beneficiogin.com\\\/loja-em-manutencao\\\/#breadcrumb\",\"itemListElement\":[{\"@type\":\"ListItem\",\"position\":1,\"name\":\"In\u00edcio\",\"item\":\"https:\\\/\\\/beneficiogin.com\\\/\"},{\"@type\":\"ListItem\",\"position\":2,\"name\":\"Manuten\u00e7\u00e3o\"}]},{\"@type\":\"WebSite\",\"@id\":\"https:\\\/\\\/beneficiogin.com\\\/#website\",\"url\":\"https:\\\/\\\/beneficiogin.com\\\/\",\"name\":\"Benef\u00edcio Gin\",\"description\":\"Gin portugu\u00eas com alma japonesa\",\"publisher\":{\"@id\":\"https:\\\/\\\/beneficiogin.com\\\/#organization\"},\"alternateName\":\"Benef\u00edcio Gin\",\"potentialAction\":[{\"@type\":\"SearchAction\",\"target\":{\"@type\":\"EntryPoint\",\"urlTemplate\":\"https:\\\/\\\/beneficiogin.com\\\/?s={search_term_string}\"},\"query-input\":{\"@type\":\"PropertyValueSpecification\",\"valueRequired\":true,\"valueName\":\"search_term_string\"}}],\"inLanguage\":\"es\"},{\"@type\":\"Organization\",\"@id\":\"https:\\\/\\\/beneficiogin.com\\\/#organization\",\"name\":\"Destilados de Beneficio\",\"alternateName\":\"Destilados Beneficio\",\"url\":\"https:\\\/\\\/beneficiogin.com\\\/\",\"logo\":{\"@type\":\"ImageObject\",\"inLanguage\":\"es\",\"@id\":\"https:\\\/\\\/beneficiogin.com\\\/#\\\/schema\\\/logo\\\/image\\\/\",\"url\":\"https:\\\/\\\/beneficiogin.com\\\/wp-content\\\/uploads\\\/2022\\\/11\\\/Age_Gate_2025.png\",\"contentUrl\":\"https:\\\/\\\/beneficiogin.com\\\/wp-content\\\/uploads\\\/2022\\\/11\\\/Age_Gate_2025.png\",\"width\":460,\"height\":375,\"caption\":\"Destilados de Beneficio\"},\"image\":{\"@id\":\"https:\\\/\\\/beneficiogin.com\\\/#\\\/schema\\\/logo\\\/image\\\/\"},\"sameAs\":[\"https:\\\/\\\/www.facebook.com\\\/beneficiogin\",\"https:\\\/\\\/www.instagram.com\\\/beneficiogin\\\/\",\"https:\\\/\\\/pt.linkedin.com\\\/company\\\/destiladosdebeneficio\"],\"email\":\"sales@beneficiogin.com\",\"legalName\":\"Destilados de Beneficio\",\"vatID\":\"PT519027744\",\"taxID\":\"PT519027744\",\"hasMerchantReturnPolicy\":{\"@type\":\"MerchantReturnPolicy\",\"merchantReturnLink\":\"https:\\\/\\\/beneficiogin.com\\\/es\\\/termos-condicoes\\\/\"}}]}<\/script>\n<!-- \/ Yoast SEO Premium plugin. -->","yoast_head_json":{"title":"Ficha T\u00e9cnica \u2013 O Benef\u00edcio","description":"Quem fez e faz o Benef\u00edcio.","robots":{"index":"index","follow":"follow","max-snippet":"max-snippet:-1","max-image-preview":"max-image-preview:large","max-video-preview":"max-video-preview:-1"},"canonical":"https:\/\/beneficiogin.com\/es\/loja-em-manutencao\/","og_locale":"es_ES","og_type":"article","og_title":"Manuten\u00e7\u00e3o","og_description":"Quem fez e faz o Benef\u00edcio.","og_url":"https:\/\/beneficiogin.com\/es\/loja-em-manutencao\/","og_site_name":"Benef\u00edcio Gin","article_publisher":"https:\/\/www.facebook.com\/beneficiogin","article_modified_time":"2025-09-17T17:14:01+00:00","twitter_card":"summary_large_image","schema":{"@context":"https:\/\/schema.org","@graph":[{"@type":"WebPage","@id":"https:\/\/beneficiogin.com\/loja-em-manutencao\/","url":"https:\/\/beneficiogin.com\/loja-em-manutencao\/","name":"Ficha T\u00e9cnica \u2013 O Benef\u00edcio","isPartOf":{"@id":"https:\/\/beneficiogin.com\/#website"},"primaryImageOfPage":{"@id":"https:\/\/beneficiogin.com\/loja-em-manutencao\/#primaryimage"},"image":{"@id":"https:\/\/beneficiogin.com\/loja-em-manutencao\/#primaryimage"},"thumbnailUrl":"http:\/\/obeneficio.com\/wp-content\/uploads\/2020\/04\/assinatura_pt.svg","datePublished":"2025-05-12T14:14:23+00:00","dateModified":"2025-09-17T17:14:01+00:00","description":"Quem fez e faz o Benef\u00edcio.","breadcrumb":{"@id":"https:\/\/beneficiogin.com\/loja-em-manutencao\/#breadcrumb"},"inLanguage":"es","potentialAction":[{"@type":"ReadAction","target":["https:\/\/beneficiogin.com\/loja-em-manutencao\/"]}]},{"@type":"ImageObject","inLanguage":"es","@id":"https:\/\/beneficiogin.com\/loja-em-manutencao\/#primaryimage","url":"http:\/\/obeneficio.com\/wp-content\/uploads\/2020\/04\/assinatura_pt.svg","contentUrl":"http:\/\/obeneficio.com\/wp-content\/uploads\/2020\/04\/assinatura_pt.svg"},{"@type":"BreadcrumbList","@id":"https:\/\/beneficiogin.com\/loja-em-manutencao\/#breadcrumb","itemListElement":[{"@type":"ListItem","position":1,"name":"In\u00edcio","item":"https:\/\/beneficiogin.com\/"},{"@type":"ListItem","position":2,"name":"Manuten\u00e7\u00e3o"}]},{"@type":"WebSite","@id":"https:\/\/beneficiogin.com\/#website","url":"https:\/\/beneficiogin.com\/","name":"Beneficios de la ginebra","description":"Gin portugu\u00eas com alma japonesa","publisher":{"@id":"https:\/\/beneficiogin.com\/#organization"},"alternateName":"Benef\u00edcio Gin","potentialAction":[{"@type":"SearchAction","target":{"@type":"EntryPoint","urlTemplate":"https:\/\/beneficiogin.com\/?s={search_term_string}"},"query-input":{"@type":"PropertyValueSpecification","valueRequired":true,"valueName":"search_term_string"}}],"inLanguage":"es"},{"@type":"Organization","@id":"https:\/\/beneficiogin.com\/#organization","name":"Destilados de Beneficio","alternateName":"Destilados Beneficio","url":"https:\/\/beneficiogin.com\/","logo":{"@type":"ImageObject","inLanguage":"es","@id":"https:\/\/beneficiogin.com\/#\/schema\/logo\/image\/","url":"https:\/\/beneficiogin.com\/wp-content\/uploads\/2022\/11\/Age_Gate_2025.png","contentUrl":"https:\/\/beneficiogin.com\/wp-content\/uploads\/2022\/11\/Age_Gate_2025.png","width":460,"height":375,"caption":"Destilados de Beneficio"},"image":{"@id":"https:\/\/beneficiogin.com\/#\/schema\/logo\/image\/"},"sameAs":["https:\/\/www.facebook.com\/beneficiogin","https:\/\/www.instagram.com\/beneficiogin\/","https:\/\/pt.linkedin.com\/company\/destiladosdebeneficio"],"email":"sales@beneficiogin.com","legalName":"Destilados de Beneficio","vatID":"PT519027744","taxID":"PT519027744","hasMerchantReturnPolicy":{"@type":"MerchantReturnPolicy","merchantReturnLink":"https:\/\/beneficiogin.com\/es\/termos-condicoes\/"}}]}},"jetpack_sharing_enabled":true,"_links":{"self":[{"href":"https:\/\/beneficiogin.com\/es\/wp-json\/wp\/v2\/pages\/8557","targetHints":{"allow":["GET"]}}],"collection":[{"href":"https:\/\/beneficiogin.com\/es\/wp-json\/wp\/v2\/pages"}],"about":[{"href":"https:\/\/beneficiogin.com\/es\/wp-json\/wp\/v2\/types\/page"}],"author":[{"embeddable":true,"href":"https:\/\/beneficiogin.com\/es\/wp-json\/wp\/v2\/users\/3"}],"replies":[{"embeddable":true,"href":"https:\/\/beneficiogin.com\/es\/wp-json\/wp\/v2\/comments?post=8557"}],"version-history":[{"count":21,"href":"https:\/\/beneficiogin.com\/es\/wp-json\/wp\/v2\/pages\/8557\/revisions"}],"predecessor-version":[{"id":8733,"href":"https:\/\/beneficiogin.com\/es\/wp-json\/wp\/v2\/pages\/8557\/revisions\/8733"}],"wp:attachment":[{"href":"https:\/\/beneficiogin.com\/es\/wp-json\/wp\/v2\/media?parent=8557"}],"curies":[{"name":"wp","href":"https:\/\/api.w.org\/{rel}","templated":true}]}}