{"id":7039,"date":"2021-04-18T19:58:24","date_gmt":"2021-04-18T19:58:24","guid":{"rendered":"http:\/\/beneficiogin.com\/?page_id=7039"},"modified":"2025-12-10T12:57:15","modified_gmt":"2025-12-10T12:57:15","slug":"nft","status":"publish","type":"page","link":"https:\/\/beneficiogin.com\/es\/nft\/","title":{"rendered":"NFT"},"content":{"rendered":"<div data-elementor-type=\"wp-page\" data-elementor-id=\"7039\" class=\"elementor elementor-7039\" data-elementor-post-type=\"page\">\n\t\t\t\t<div class=\"elementor-element elementor-element-cc765c4 e-flex e-con-boxed e-con e-parent\" data-id=\"cc765c4\" data-element_type=\"container\" data-e-type=\"container\" data-settings=\"{&quot;background_background&quot;:&quot;video&quot;,&quot;background_video_link&quot;:&quot;https:\\\/\\\/www.youtube.com\\\/watch?v=Vh2jw_MkBxQ&quot;}\">\n\t\t\t\t\t<div class=\"e-con-inner\">\n\t\t<div class=\"elementor-background-video-container elementor-hidden-mobile\">\n\t\t\t\t\t\t\t<div class=\"elementor-background-video-embed\" role=\"presentation\"><\/div>\n\t\t\t\t\t\t<\/div>\t\t\t<\/div>\n\t\t\t\t<\/div>\n\t\t<div class=\"elementor-element elementor-element-e7b4252 e-flex e-con-boxed e-con e-parent\" data-id=\"e7b4252\" data-element_type=\"container\" data-e-type=\"container\">\n\t\t\t\t\t<div class=\"e-con-inner\">\n\t\t\t\t<div class=\"elementor-element elementor-element-7955d98 elementor-widget__width-initial elementor-widget-mobile__width-auto elementor-widget elementor-widget-text-editor\" data-id=\"7955d98\" data-element_type=\"widget\" data-e-type=\"widget\" data-widget_type=\"text-editor.default\">\n\t\t\t\t\t\t\t\t\t<h1>C \u2013 344 277 2 -5<\/h1><p>Un NFT Drop por Benef\u00edcio<\/p>\t\t\t\t\t\t\t\t<\/div>\n\t\t\t\t<div class=\"elementor-element elementor-element-03f6596 elementor-widget__width-initial elementor-widget elementor-widget-image\" data-id=\"03f6596\" data-element_type=\"widget\" data-e-type=\"widget\" data-widget_type=\"image.default\">\n\t\t\t\t\t\t\t\t\t\t\t\t\t\t\t<img fetchpriority=\"high\" decoding=\"async\" data-attachment-id=\"8510\" data-permalink=\"https:\/\/beneficiogin.com\/es\/beneficio_motto_pt\/\" data-orig-file=\"https:\/\/beneficiogin.com\/wp-content\/uploads\/2025\/01\/Beneficio_Motto_PT.png\" data-orig-size=\"2048,289\" data-comments-opened=\"1\" data-image-meta=\"{&quot;aperture&quot;:&quot;0&quot;,&quot;credit&quot;:&quot;&quot;,&quot;camera&quot;:&quot;&quot;,&quot;caption&quot;:&quot;&quot;,&quot;created_timestamp&quot;:&quot;0&quot;,&quot;copyright&quot;:&quot;&quot;,&quot;focal_length&quot;:&quot;0&quot;,&quot;iso&quot;:&quot;0&quot;,&quot;shutter_speed&quot;:&quot;0&quot;,&quot;title&quot;:&quot;&quot;,&quot;orientation&quot;:&quot;0&quot;}\" data-image-title=\"Beneficio_Motto_PT\" data-image-description=\"\" data-image-caption=\"\" data-large-file=\"https:\/\/beneficiogin.com\/wp-content\/uploads\/2025\/01\/Beneficio_Motto_PT.png\" width=\"800\" height=\"113\" src=\"https:\/\/beneficiogin.com\/wp-content\/uploads\/2025\/01\/Beneficio_Motto_ES.png\" class=\"attachment-large size-large wp-image-8510\" alt=\"\" \/>\t\t\t\t\t\t\t\t\t\t\t\t\t\t\t<\/div>\n\t\t\t\t<div class=\"elementor-element elementor-element-72fc16f elementor-widget__width-initial elementor-widget-mobile__width-inherit elementor-widget elementor-widget-text-editor\" data-id=\"72fc16f\" data-element_type=\"widget\" data-e-type=\"widget\" data-widget_type=\"text-editor.default\">\n\t\t\t\t\t\t\t\t\t<p align=\"justify\">A utiliza\u00e7\u00e3o dos NFTs nos produtos \u00e9 um passo para a concretiza\u00e7\u00e3o de uma ambi\u00e7\u00e3o da nossa marca desde a sua g\u00e9nese, ou seja, que os nossos produtos tenham uma dimens\u00e3o \u00fanica, colecion\u00e1vel e escassa, com vista a que o valor potencial dos mesmos aumente com o passar dos anos.<\/p>\n<p align=\"justify\">La entrada en esta nueva dimensi\u00f3n del comercio electr\u00f3nico se realiza a trav\u00e9s de una asociaci\u00f3n creativa con Tiago Castro (Acid Acid), locutor de radio y m\u00fasico que experimenta con el sonido, y Nuno Gerv\u00e1sio, guionista y creativo digital, que se concretar\u00e1 en una pieza visual musical de 700 segundos cuyo punto de partida es la expresi\u00f3n C - 344 2772 -5 (nombre en clave de la nueva f\u00f3rmula de Gin). Esta pieza se dividir\u00e1 en 100 momentos, cada uno de los cuales contendr\u00e1 7 segundos de la m\u00fasica compuesta y el grabado por l\u00e1ser de la direcci\u00f3n de NFT en una botella f\u00edsica.<\/p>\t\t\t\t\t\t\t\t<\/div>\n\t\t\t\t<div class=\"elementor-element elementor-element-4ca434c elementor-widget-divider--view-line elementor-widget elementor-widget-divider\" data-id=\"4ca434c\" data-element_type=\"widget\" data-e-type=\"widget\" data-widget_type=\"divider.default\">\n\t\t\t\t\t\t\t<div class=\"elementor-divider\">\n\t\t\t<span class=\"elementor-divider-separator\">\n\t\t\t\t\t\t<\/span>\n\t\t<\/div>\n\t\t\t\t\t\t<\/div>\n\t\t<div class=\"elementor-element elementor-element-dd38b35 e-con-full e-flex e-con e-child\" data-id=\"dd38b35\" data-element_type=\"container\" data-e-type=\"container\">\n\t\t<div class=\"elementor-element elementor-element-a0fcd39 e-con-full e-flex e-con e-child\" data-id=\"a0fcd39\" data-element_type=\"container\" data-e-type=\"container\">\n\t\t\t\t<div class=\"elementor-element elementor-element-f4ae32e elementor-headline--style-highlight elementor-widget elementor-widget-animated-headline\" data-id=\"f4ae32e\" data-element_type=\"widget\" data-e-type=\"widget\" data-settings=\"{&quot;marker&quot;:&quot;underline&quot;,&quot;highlighted_text&quot;:&quot;Quem participa neste NFT?&quot;,&quot;headline_style&quot;:&quot;highlight&quot;,&quot;loop&quot;:&quot;yes&quot;,&quot;highlight_animation_duration&quot;:1200,&quot;highlight_iteration_delay&quot;:8000}\" data-widget_type=\"animated-headline.default\">\n\t\t\t\t\t\t\t<h3 class=\"elementor-headline\">\n\t\t\t\t<span class=\"elementor-headline-dynamic-wrapper elementor-headline-text-wrapper\">\n\t\t\t\t\t<span class=\"elementor-headline-dynamic-text elementor-headline-text-active\">\u00bfQui\u00e9n participa en este NFT?<\/span>\n\t\t\t\t<\/span>\n\t\t\t\t<\/h3>\n\t\t\t\t\t\t<\/div>\n\t\t\t\t<div class=\"elementor-element elementor-element-d605a3a elementor-widget__width-initial elementor-widget-mobile__width-inherit elementor-widget elementor-widget-text-editor\" data-id=\"d605a3a\" data-element_type=\"widget\" data-e-type=\"widget\" data-widget_type=\"text-editor.default\">\n\t\t\t\t\t\t\t\t\t<p align=\"justify\"><strong>Beneficio:\u00a0<\/strong>Benef\u00edcio existe desde 2016. Defendemos un modelo de producci\u00f3n limitada, y nuestros productos son el resultado de un proceso de fabricaci\u00f3n que utiliza m\u00e9todos sostenibles. Somos una empresa orientada al talento como motor de desarrollo econ\u00f3mico local, por lo que apostamos por la co-creaci\u00f3n como factor diferenciador y por una remuneraci\u00f3n justa para quienes crean y producen. S\u00f3lo queremos que llegue al mercado lo que realmente es un Beneficio para todos.<\/p>\t\t\t\t\t\t\t\t<\/div>\n\t\t\t\t<\/div>\n\t\t\t\t<\/div>\n\t\t<div class=\"elementor-element elementor-element-3a857eb e-con-full e-flex e-con e-child\" data-id=\"3a857eb\" data-element_type=\"container\" data-e-type=\"container\">\n\t\t<div class=\"elementor-element elementor-element-d2947f4 e-con-full e-flex e-con e-child\" data-id=\"d2947f4\" data-element_type=\"container\" data-e-type=\"container\">\n\t\t\t\t<div class=\"elementor-element elementor-element-4f75b11 elementor-widget elementor-widget-image\" data-id=\"4f75b11\" data-element_type=\"widget\" data-e-type=\"widget\" data-widget_type=\"image.default\">\n\t\t\t\t\t\t\t\t\t\t\t\t\t\t\t<img decoding=\"async\" data-attachment-id=\"7079\" data-permalink=\"https:\/\/beneficiogin.com\/es\/nft\/nuno_nft\/\" data-orig-file=\"https:\/\/beneficiogin.com\/wp-content\/uploads\/2021\/04\/nuno_nft.jpg\" data-orig-size=\"1000,1000\" data-comments-opened=\"1\" data-image-meta=\"{&quot;aperture&quot;:&quot;0&quot;,&quot;credit&quot;:&quot;&quot;,&quot;camera&quot;:&quot;&quot;,&quot;caption&quot;:&quot;&quot;,&quot;created_timestamp&quot;:&quot;0&quot;,&quot;copyright&quot;:&quot;&quot;,&quot;focal_length&quot;:&quot;0&quot;,&quot;iso&quot;:&quot;0&quot;,&quot;shutter_speed&quot;:&quot;0&quot;,&quot;title&quot;:&quot;&quot;,&quot;orientation&quot;:&quot;1&quot;}\" data-image-title=\"nuno_nft\" data-image-description=\"\" data-image-caption=\"\" data-large-file=\"https:\/\/beneficiogin.com\/wp-content\/uploads\/2021\/04\/nuno_nft.jpg\" width=\"800\" height=\"800\" src=\"https:\/\/beneficiogin.com\/wp-content\/uploads\/2021\/04\/nuno_nft.jpg\" class=\"attachment-large size-large wp-image-7079\" alt=\"\" \/>\t\t\t\t\t\t\t\t\t\t\t\t\t\t\t<\/div>\n\t\t\t\t<div class=\"elementor-element elementor-element-1ea2b63 elementor-widget__width-initial elementor-widget-mobile__width-inherit elementor-widget elementor-widget-text-editor\" data-id=\"1ea2b63\" data-element_type=\"widget\" data-e-type=\"widget\" data-widget_type=\"text-editor.default\">\n\t\t\t\t\t\t\t\t\t<p align=\"justify\"><strong>Nuno Gerv\u00e1sio:\u00a0<\/strong>Es creativo y guionista. Se ha especializado en narrativa digital, creando y dirigiendo contenidos para m\u00f3viles, tanto en fotograf\u00eda como en v\u00eddeo. Es responsable y programa Shortcutz Lisboa, un movimiento internacional de cortometrajes. Colabora con MOTELX - Festival Internacional de Cine de Terror de Lisboa y MONSTRA - Festival de Animaci\u00f3n de Lisboa. Dirigi\u00f3 el documental \"111 a\u00f1os y 10 d\u00edas\" (2018).<\/p>\t\t\t\t\t\t\t\t<\/div>\n\t\t\t\t<\/div>\n\t\t<div class=\"elementor-element elementor-element-d362895 e-con-full e-flex e-con e-child\" data-id=\"d362895\" data-element_type=\"container\" data-e-type=\"container\">\n\t\t\t\t<div class=\"elementor-element elementor-element-75e59cc elementor-widget elementor-widget-image\" data-id=\"75e59cc\" data-element_type=\"widget\" data-e-type=\"widget\" data-widget_type=\"image.default\">\n\t\t\t\t\t\t\t\t\t\t\t\t\t\t\t<img decoding=\"async\" data-attachment-id=\"7078\" data-permalink=\"https:\/\/beneficiogin.com\/es\/nft\/tiago_nft\/\" data-orig-file=\"https:\/\/beneficiogin.com\/wp-content\/uploads\/2021\/04\/tiago_nft.jpg\" data-orig-size=\"1000,1000\" data-comments-opened=\"1\" data-image-meta=\"{&quot;aperture&quot;:&quot;0&quot;,&quot;credit&quot;:&quot;&quot;,&quot;camera&quot;:&quot;&quot;,&quot;caption&quot;:&quot;&quot;,&quot;created_timestamp&quot;:&quot;0&quot;,&quot;copyright&quot;:&quot;&quot;,&quot;focal_length&quot;:&quot;0&quot;,&quot;iso&quot;:&quot;0&quot;,&quot;shutter_speed&quot;:&quot;0&quot;,&quot;title&quot;:&quot;&quot;,&quot;orientation&quot;:&quot;1&quot;}\" data-image-title=\"tiago_nft\" data-image-description=\"\" data-image-caption=\"\" data-large-file=\"https:\/\/beneficiogin.com\/wp-content\/uploads\/2021\/04\/tiago_nft.jpg\" width=\"800\" height=\"800\" src=\"https:\/\/beneficiogin.com\/wp-content\/uploads\/2021\/04\/tiago_nft.jpg\" class=\"attachment-large size-large wp-image-7078\" alt=\"\" \/>\t\t\t\t\t\t\t\t\t\t\t\t\t\t\t<\/div>\n\t\t\t\t<div class=\"elementor-element elementor-element-d4dfa29 elementor-widget__width-initial elementor-widget-mobile__width-inherit elementor-widget elementor-widget-text-editor\" data-id=\"d4dfa29\" data-element_type=\"widget\" data-e-type=\"widget\" data-widget_type=\"text-editor.default\">\n\t\t\t\t\t\t\t\t\t<p align=\"justify\"><strong>Tiago Castro:<\/strong> Es director de radio y coordinador de programas en R\u00e1dio SBSR (sbsr.fm Lisboa 90.4 \/ Oporto 91.0). Es autor de programas emblem\u00e1ticos como \"A Floresta Encantada\" o \"Happy Mondays\" (junto con Ricardo Mariano). Desde 2014, tambi\u00e9n firma como ACID ACID. Con este veh\u00edculo creativo musical, abraza la experimentaci\u00f3n s\u00f3nica, viajando por las texturas de la psicodelia, el kraut c\u00f3smico o la m\u00fasica minimal y ambiental. Ha publicado dos discos bajo el sello Nariz Entupido: \"ACID ACID\" de 2016 y \"Jodorowsky\" de 2020.<\/p>\t\t\t\t\t\t\t\t<\/div>\n\t\t\t\t<\/div>\n\t\t\t\t<\/div>\n\t\t\t\t\t<\/div>\n\t\t\t\t<\/div>\n\t\t<div class=\"elementor-element elementor-element-4b97e42 e-con-full e-flex e-con e-parent\" data-id=\"4b97e42\" data-element_type=\"container\" data-e-type=\"container\">\n\t\t\t\t<div class=\"elementor-element elementor-element-f669edd elementor-widget elementor-widget-text-editor\" data-id=\"f669edd\" data-element_type=\"widget\" data-e-type=\"widget\" data-widget_type=\"text-editor.default\">\n\t\t\t\t\t\t\t\t\t<h1><a href=\"https:\/\/www.instagram.com\/beneficiogin\/\">@beneficiogin<\/a><\/h1><h2>S\u00edguenos en Instagram<\/h2>\t\t\t\t\t\t\t\t<\/div>\n\t\t\t\t<\/div>\n\t\t\t\t<\/div>","protected":false},"excerpt":{"rendered":"<p>C &#8211; 344 277 2 -5 An NFT Drop from Benef\u00edcio A utiliza\u00e7\u00e3o dos NFTs nos produtos \u00e9 um passo para a concretiza\u00e7\u00e3o de uma ambi\u00e7\u00e3o da nossa marca desde a sua g\u00e9nese, ou seja, que os nossos produtos tenham uma dimens\u00e3o \u00fanica, colecion\u00e1vel e escassa, com vista a que o valor potencial dos mesmos [&hellip;]<\/p>\n","protected":false},"author":1,"featured_media":0,"parent":0,"menu_order":0,"comment_status":"closed","ping_status":"closed","template":"elementor_header_footer","meta":{"footnotes":""},"class_list":["post-7039","page","type-page","status-publish","hentry"],"yoast_head":"<!-- This site is optimized with the Yoast SEO Premium plugin v27.2 (Yoast SEO v27.3) - https:\/\/yoast.com\/product\/yoast-seo-premium-wordpress\/ -->\n<title>NFT Benef\u00edcio Gin<\/title>\n<meta name=\"description\" content=\"A utiliza\u00e7\u00e3o dos NFTs nos produtos \u00e9 um passo para a concretiza\u00e7\u00e3o de uma ambi\u00e7\u00e3o da nossa marca desde a sua g\u00e9nese, que os nossos produtos sejam multidimensionais - objeto f\u00edsico, m\u00fasica e v\u00eddeo -, coleccion\u00e1veis e escassos.\" \/>\n<meta name=\"robots\" content=\"index, follow, max-snippet:-1, max-image-preview:large, max-video-preview:-1\" \/>\n<link rel=\"canonical\" href=\"https:\/\/beneficiogin.com\/es\/nft\/\" \/>\n<meta property=\"og:locale\" content=\"es_ES\" \/>\n<meta property=\"og:type\" content=\"article\" \/>\n<meta property=\"og:title\" content=\"NFT\" \/>\n<meta property=\"og:description\" content=\"A utiliza\u00e7\u00e3o dos NFTs nos produtos \u00e9 um passo para a concretiza\u00e7\u00e3o de uma ambi\u00e7\u00e3o da nossa marca desde a sua g\u00e9nese, que os nossos produtos sejam multidimensionais - objeto f\u00edsico, m\u00fasica e v\u00eddeo -, coleccion\u00e1veis e escassos.\" \/>\n<meta property=\"og:url\" content=\"https:\/\/beneficiogin.com\/es\/nft\/\" \/>\n<meta property=\"og:site_name\" content=\"Benef\u00edcio Gin\" \/>\n<meta property=\"article:publisher\" content=\"https:\/\/www.facebook.com\/beneficiogin\" \/>\n<meta property=\"article:modified_time\" content=\"2025-12-10T12:57:15+00:00\" \/>\n<meta property=\"og:image\" content=\"https:\/\/beneficiogin.com\/wp-content\/uploads\/2025\/01\/Beneficio_Motto_PT.png\" \/>\n\t<meta property=\"og:image:width\" content=\"2048\" \/>\n\t<meta property=\"og:image:height\" content=\"289\" \/>\n\t<meta property=\"og:image:type\" content=\"image\/png\" \/>\n<meta name=\"twitter:card\" content=\"summary_large_image\" \/>\n<meta name=\"twitter:label1\" content=\"Tiempo de lectura\" \/>\n\t<meta name=\"twitter:data1\" content=\"4 minutos\" \/>\n<script type=\"application\/ld+json\" class=\"yoast-schema-graph\">{\"@context\":\"https:\\\/\\\/schema.org\",\"@graph\":[{\"@type\":\"WebPage\",\"@id\":\"https:\\\/\\\/beneficiogin.com\\\/nft\\\/\",\"url\":\"https:\\\/\\\/beneficiogin.com\\\/nft\\\/\",\"name\":\"NFT Benef\u00edcio Gin\",\"isPartOf\":{\"@id\":\"https:\\\/\\\/beneficiogin.com\\\/#website\"},\"primaryImageOfPage\":{\"@id\":\"https:\\\/\\\/beneficiogin.com\\\/nft\\\/#primaryimage\"},\"image\":{\"@id\":\"https:\\\/\\\/beneficiogin.com\\\/nft\\\/#primaryimage\"},\"thumbnailUrl\":\"https:\\\/\\\/beneficiogin.com\\\/wp-content\\\/uploads\\\/2025\\\/01\\\/Beneficio_Motto_PT.png\",\"datePublished\":\"2021-04-18T19:58:24+00:00\",\"dateModified\":\"2025-12-10T12:57:15+00:00\",\"description\":\"A utiliza\u00e7\u00e3o dos NFTs nos produtos \u00e9 um passo para a concretiza\u00e7\u00e3o de uma ambi\u00e7\u00e3o da nossa marca desde a sua g\u00e9nese, que os nossos produtos sejam multidimensionais - objeto f\u00edsico, m\u00fasica e v\u00eddeo -, coleccion\u00e1veis e escassos.\",\"breadcrumb\":{\"@id\":\"https:\\\/\\\/beneficiogin.com\\\/nft\\\/#breadcrumb\"},\"inLanguage\":\"es\",\"potentialAction\":[{\"@type\":\"ReadAction\",\"target\":[\"https:\\\/\\\/beneficiogin.com\\\/nft\\\/\"]}]},{\"@type\":\"ImageObject\",\"inLanguage\":\"es\",\"@id\":\"https:\\\/\\\/beneficiogin.com\\\/nft\\\/#primaryimage\",\"url\":\"https:\\\/\\\/beneficiogin.com\\\/wp-content\\\/uploads\\\/2025\\\/01\\\/Beneficio_Motto_PT.png\",\"contentUrl\":\"https:\\\/\\\/beneficiogin.com\\\/wp-content\\\/uploads\\\/2025\\\/01\\\/Beneficio_Motto_PT.png\"},{\"@type\":\"BreadcrumbList\",\"@id\":\"https:\\\/\\\/beneficiogin.com\\\/nft\\\/#breadcrumb\",\"itemListElement\":[{\"@type\":\"ListItem\",\"position\":1,\"name\":\"In\u00edcio\",\"item\":\"https:\\\/\\\/beneficiogin.com\\\/\"},{\"@type\":\"ListItem\",\"position\":2,\"name\":\"NFT\"}]},{\"@type\":\"WebSite\",\"@id\":\"https:\\\/\\\/beneficiogin.com\\\/#website\",\"url\":\"https:\\\/\\\/beneficiogin.com\\\/\",\"name\":\"Benef\u00edcio Gin\",\"description\":\"Gin portugu\u00eas com alma japonesa\",\"publisher\":{\"@id\":\"https:\\\/\\\/beneficiogin.com\\\/#organization\"},\"alternateName\":\"Benef\u00edcio Gin\",\"potentialAction\":[{\"@type\":\"SearchAction\",\"target\":{\"@type\":\"EntryPoint\",\"urlTemplate\":\"https:\\\/\\\/beneficiogin.com\\\/?s={search_term_string}\"},\"query-input\":{\"@type\":\"PropertyValueSpecification\",\"valueRequired\":true,\"valueName\":\"search_term_string\"}}],\"inLanguage\":\"es\"},{\"@type\":\"Organization\",\"@id\":\"https:\\\/\\\/beneficiogin.com\\\/#organization\",\"name\":\"Destilados de Beneficio\",\"alternateName\":\"Destilados Beneficio\",\"url\":\"https:\\\/\\\/beneficiogin.com\\\/\",\"logo\":{\"@type\":\"ImageObject\",\"inLanguage\":\"es\",\"@id\":\"https:\\\/\\\/beneficiogin.com\\\/#\\\/schema\\\/logo\\\/image\\\/\",\"url\":\"https:\\\/\\\/beneficiogin.com\\\/wp-content\\\/uploads\\\/2022\\\/11\\\/Age_Gate_2025.png\",\"contentUrl\":\"https:\\\/\\\/beneficiogin.com\\\/wp-content\\\/uploads\\\/2022\\\/11\\\/Age_Gate_2025.png\",\"width\":460,\"height\":375,\"caption\":\"Destilados de Beneficio\"},\"image\":{\"@id\":\"https:\\\/\\\/beneficiogin.com\\\/#\\\/schema\\\/logo\\\/image\\\/\"},\"sameAs\":[\"https:\\\/\\\/www.facebook.com\\\/beneficiogin\",\"https:\\\/\\\/www.instagram.com\\\/beneficiogin\\\/\",\"https:\\\/\\\/pt.linkedin.com\\\/company\\\/destiladosdebeneficio\"],\"email\":\"sales@beneficiogin.com\",\"legalName\":\"Destilados de Beneficio\",\"vatID\":\"PT519027744\",\"taxID\":\"PT519027744\",\"hasMerchantReturnPolicy\":{\"@type\":\"MerchantReturnPolicy\",\"merchantReturnLink\":\"https:\\\/\\\/beneficiogin.com\\\/es\\\/termos-condicoes\\\/\"}}]}<\/script>\n<!-- \/ Yoast SEO Premium plugin. -->","yoast_head_json":{"title":"NFT Benef\u00edcio Gin","description":"A utiliza\u00e7\u00e3o dos NFTs nos produtos \u00e9 um passo para a concretiza\u00e7\u00e3o de uma ambi\u00e7\u00e3o da nossa marca desde a sua g\u00e9nese, que os nossos produtos sejam multidimensionais - objeto f\u00edsico, m\u00fasica e v\u00eddeo -, coleccion\u00e1veis e escassos.","robots":{"index":"index","follow":"follow","max-snippet":"max-snippet:-1","max-image-preview":"max-image-preview:large","max-video-preview":"max-video-preview:-1"},"canonical":"https:\/\/beneficiogin.com\/es\/nft\/","og_locale":"es_ES","og_type":"article","og_title":"NFT","og_description":"A utiliza\u00e7\u00e3o dos NFTs nos produtos \u00e9 um passo para a concretiza\u00e7\u00e3o de uma ambi\u00e7\u00e3o da nossa marca desde a sua g\u00e9nese, que os nossos produtos sejam multidimensionais - objeto f\u00edsico, m\u00fasica e v\u00eddeo -, coleccion\u00e1veis e escassos.","og_url":"https:\/\/beneficiogin.com\/es\/nft\/","og_site_name":"Benef\u00edcio Gin","article_publisher":"https:\/\/www.facebook.com\/beneficiogin","article_modified_time":"2025-12-10T12:57:15+00:00","og_image":[{"width":2048,"height":289,"url":"https:\/\/beneficiogin.com\/wp-content\/uploads\/2025\/01\/Beneficio_Motto_PT.png","type":"image\/png"}],"twitter_card":"summary_large_image","twitter_misc":{"Tiempo de lectura":"4 minutos"},"schema":{"@context":"https:\/\/schema.org","@graph":[{"@type":"WebPage","@id":"https:\/\/beneficiogin.com\/nft\/","url":"https:\/\/beneficiogin.com\/nft\/","name":"NFT Benef\u00edcio Gin","isPartOf":{"@id":"https:\/\/beneficiogin.com\/#website"},"primaryImageOfPage":{"@id":"https:\/\/beneficiogin.com\/nft\/#primaryimage"},"image":{"@id":"https:\/\/beneficiogin.com\/nft\/#primaryimage"},"thumbnailUrl":"https:\/\/beneficiogin.com\/wp-content\/uploads\/2025\/01\/Beneficio_Motto_PT.png","datePublished":"2021-04-18T19:58:24+00:00","dateModified":"2025-12-10T12:57:15+00:00","description":"A utiliza\u00e7\u00e3o dos NFTs nos produtos \u00e9 um passo para a concretiza\u00e7\u00e3o de uma ambi\u00e7\u00e3o da nossa marca desde a sua g\u00e9nese, que os nossos produtos sejam multidimensionais - objeto f\u00edsico, m\u00fasica e v\u00eddeo -, coleccion\u00e1veis e escassos.","breadcrumb":{"@id":"https:\/\/beneficiogin.com\/nft\/#breadcrumb"},"inLanguage":"es","potentialAction":[{"@type":"ReadAction","target":["https:\/\/beneficiogin.com\/nft\/"]}]},{"@type":"ImageObject","inLanguage":"es","@id":"https:\/\/beneficiogin.com\/nft\/#primaryimage","url":"https:\/\/beneficiogin.com\/wp-content\/uploads\/2025\/01\/Beneficio_Motto_PT.png","contentUrl":"https:\/\/beneficiogin.com\/wp-content\/uploads\/2025\/01\/Beneficio_Motto_PT.png"},{"@type":"BreadcrumbList","@id":"https:\/\/beneficiogin.com\/nft\/#breadcrumb","itemListElement":[{"@type":"ListItem","position":1,"name":"In\u00edcio","item":"https:\/\/beneficiogin.com\/"},{"@type":"ListItem","position":2,"name":"NFT"}]},{"@type":"WebSite","@id":"https:\/\/beneficiogin.com\/#website","url":"https:\/\/beneficiogin.com\/","name":"Beneficios de la ginebra","description":"Gin portugu\u00eas com alma japonesa","publisher":{"@id":"https:\/\/beneficiogin.com\/#organization"},"alternateName":"Benef\u00edcio Gin","potentialAction":[{"@type":"SearchAction","target":{"@type":"EntryPoint","urlTemplate":"https:\/\/beneficiogin.com\/?s={search_term_string}"},"query-input":{"@type":"PropertyValueSpecification","valueRequired":true,"valueName":"search_term_string"}}],"inLanguage":"es"},{"@type":"Organization","@id":"https:\/\/beneficiogin.com\/#organization","name":"Destilados de Beneficio","alternateName":"Destilados Beneficio","url":"https:\/\/beneficiogin.com\/","logo":{"@type":"ImageObject","inLanguage":"es","@id":"https:\/\/beneficiogin.com\/#\/schema\/logo\/image\/","url":"https:\/\/beneficiogin.com\/wp-content\/uploads\/2022\/11\/Age_Gate_2025.png","contentUrl":"https:\/\/beneficiogin.com\/wp-content\/uploads\/2022\/11\/Age_Gate_2025.png","width":460,"height":375,"caption":"Destilados de Beneficio"},"image":{"@id":"https:\/\/beneficiogin.com\/#\/schema\/logo\/image\/"},"sameAs":["https:\/\/www.facebook.com\/beneficiogin","https:\/\/www.instagram.com\/beneficiogin\/","https:\/\/pt.linkedin.com\/company\/destiladosdebeneficio"],"email":"sales@beneficiogin.com","legalName":"Destilados de Beneficio","vatID":"PT519027744","taxID":"PT519027744","hasMerchantReturnPolicy":{"@type":"MerchantReturnPolicy","merchantReturnLink":"https:\/\/beneficiogin.com\/es\/termos-condicoes\/"}}]}},"jetpack_sharing_enabled":true,"_links":{"self":[{"href":"https:\/\/beneficiogin.com\/es\/wp-json\/wp\/v2\/pages\/7039","targetHints":{"allow":["GET"]}}],"collection":[{"href":"https:\/\/beneficiogin.com\/es\/wp-json\/wp\/v2\/pages"}],"about":[{"href":"https:\/\/beneficiogin.com\/es\/wp-json\/wp\/v2\/types\/page"}],"author":[{"embeddable":true,"href":"https:\/\/beneficiogin.com\/es\/wp-json\/wp\/v2\/users\/1"}],"replies":[{"embeddable":true,"href":"https:\/\/beneficiogin.com\/es\/wp-json\/wp\/v2\/comments?post=7039"}],"version-history":[{"count":58,"href":"https:\/\/beneficiogin.com\/es\/wp-json\/wp\/v2\/pages\/7039\/revisions"}],"predecessor-version":[{"id":9974,"href":"https:\/\/beneficiogin.com\/es\/wp-json\/wp\/v2\/pages\/7039\/revisions\/9974"}],"wp:attachment":[{"href":"https:\/\/beneficiogin.com\/es\/wp-json\/wp\/v2\/media?parent=7039"}],"curies":[{"name":"wp","href":"https:\/\/api.w.org\/{rel}","templated":true}]}}