{"id":6298,"date":"2019-12-02T17:42:29","date_gmt":"2019-12-02T17:42:29","guid":{"rendered":"http:\/\/staging.obeneficio.com\/?page_id=6298"},"modified":"2026-04-06T13:42:59","modified_gmt":"2026-04-06T13:42:59","slug":"sobre-contactos","status":"publish","type":"page","link":"https:\/\/beneficiogin.com\/es\/sobre-contactos\/","title":{"rendered":"Acerca de y Contactos"},"content":{"rendered":"\t\t<div data-elementor-type=\"wp-page\" data-elementor-id=\"6298\" class=\"elementor elementor-6298\" data-elementor-post-type=\"page\">\n\t\t\t\t<div class=\"elementor-element elementor-element-61fb5fbb e-flex e-con-boxed e-con e-parent\" data-id=\"61fb5fbb\" data-element_type=\"container\" data-e-type=\"container\">\n\t\t\t\t\t<div class=\"e-con-inner\">\n\t\t\t\t<div class=\"elementor-element elementor-element-462b00ec elementor-widget elementor-widget-text-editor\" data-id=\"462b00ec\" data-element_type=\"widget\" data-e-type=\"widget\" data-widget_type=\"text-editor.default\">\n\t\t\t\t\t\t\t\t\t<p><!-- \/wp:separator --><!-- wp:heading {\"textAlign\":\"left\",\"level\":3} --><\/p>\n<h3 class=\"wp-block-heading has-text-align-left\">Sobre a nossa empresa<\/h3>\n<p><!-- \/wp:heading --><!-- wp:paragraph --><\/p>\n<p><strong>Destilados de Benef\u00edcio Lda.<\/strong> \u00e9 uma empresa registada na Rep\u00fablica Portuguesa, com o NIPC PT 519027744 e o c\u00f3digo de Certid\u00e3o Permanente 7666-2710-4264 (<a href=\"https:\/\/registo.justica.gov.pt\/Empresas\/Consultar-Certidao-Permanente\/Iniciar\">consultar aqui<\/a>). Tem sede em Santo Ant\u00f3nio das Areias e escrit\u00f3rios em Santo Ant\u00f3nio das Areias e Lisboa.<\/p>\n<p><!-- \/wp:paragraph --><!-- wp:paragraph --><\/p>\n<p><strong>Sede:<\/strong> Largo Ricardo Vaz Monteiro, n\u00ba 4 R\/C 7330-260 Santo Ant\u00f3nio das Areias<\/p>\n<p><!-- \/wp:paragraph --><!-- wp:paragraph --><\/p>\n<p><strong>Escrit\u00f3rios: <\/strong>Largo Ricardo Vaz Monteiro, n\u00ba 4 R\/C; 7330-260 Santo Ant\u00f3nio das Areias, Portugal \/\/ Rua da Prata 80, 5\u00ba direito, escrit\u00f3rio 56; 1100-420 Lisboa, Portugal.<\/p>\n<p><!-- \/wp:paragraph --><!-- wp:paragraph --><\/p>\n<p><strong>Telefones:<\/strong> +351 961 363 294 (chamada para a rede m\u00f3vel nacional).<\/p>\n<p><!-- \/wp:paragraph --><!-- wp:separator {\"style\":{\"spacing\":{\"margin\":{\"top\":\"60px\",\"bottom\":\"60px\"}}}} --><\/p>\n<hr class=\"wp-block-separator has-alpha-channel-opacity\" style=\"margin-top: 60px; margin-bottom: 60px;\" \/>\n<p><!-- \/wp:separator --><!-- wp:heading {\"textAlign\":\"left\",\"level\":3} --><\/p>\n<h3 class=\"wp-block-heading has-text-align-left\">Fale connosco<\/h3>\n<p><!-- \/wp:heading --><!-- wp:jetpack\/contact-form {\"subject\":\"[Benef\u00edcio Gin] Contacto\",\"to\":\"info.marketplaces@beneficiogin.com\",\"confirmationType\":\"text\",\"jetpackCRM\":true,\"variationName\":\"default\",\"salesforceData\":{\"organizationId\":\"\",\"sendToSalesforce\":false},\"mailpoet\":{\"listId\":null,\"listName\":null,\"enabledForForm\":false}} --><\/p>\n<div class=\"wp-block-jetpack-contact-form\">\n<p><!-- wp:jetpack\/field-name {\"required\":true} --><\/p>\n<div><!-- wp:jetpack\/label {\"label\":\"Nome\",\"requiredText\":\"(necess\u00e1rio)\"} \/--><!-- wp:jetpack\/input \/--><\/div>\n<p><!-- \/wp:jetpack\/field-name --><!-- wp:jetpack\/field-email {\"required\":true} --><\/p>\n<div><!-- wp:jetpack\/label {\"label\":\"E-mail\",\"requiredText\":\"(necess\u00e1rio)\"} \/--><!-- wp:jetpack\/input \/--><\/div>\n<p><!-- \/wp:jetpack\/field-email --><!-- wp:jetpack\/field-textarea --><\/p>\n<div><!-- wp:jetpack\/label {\"label\":\"Mensagem\"} \/--><!-- wp:jetpack\/input {\"type\":\"textarea\"} \/--><\/div>\n<p><!-- \/wp:jetpack\/field-textarea --><!-- wp:jetpack\/button {\"element\":\"button\",\"text\":\"Enviar mensagem\",\"lock\":{\"remove\":true}} \/--><\/p>\n<\/div>\n<p><!-- \/wp:jetpack\/contact-form --><!-- wp:separator {\"style\":{\"spacing\":{\"margin\":{\"top\":\"60px\",\"bottom\":\"60px\"}}}} --><\/p>\n<hr class=\"wp-block-separator has-alpha-channel-opacity\" style=\"margin-top: 60px; margin-bottom: 60px;\" \/>\n<p><!-- \/wp:separator --><!-- wp:heading {\"level\":3} --><\/p>\n<h3 class=\"wp-block-heading\">Nas not\u00edcias<\/h3>\n<p><!-- \/wp:heading --><!-- wp:paragraph --><\/p>\n<p>2025 \u2013 <a href=\"https:\/\/www.linkedin.com\/feed\/update\/urn:li:activity:7355670238740328449\"><strong>Publica\u00e7\u00e3o no LinkedIn<\/strong><\/a> (28\/07\/2025); <a href=\"https:\/\/www.linkedin.com\/feed\/update\/urn:li:activity:7320115536539881472\"><strong>Publica\u00e7\u00e3o no LinkedIn<\/strong><\/a> (21\/04\/2025); <a href=\"https:\/\/www.linkedin.com\/feed\/update\/urn:li:activity:7316418769050832897\"><strong>Publica\u00e7\u00e3o no LinkedIn<\/strong><\/a> (11\/04\/2025); <a href=\"https:\/\/www.linkedin.com\/feed\/update\/urn:li:activity:7300206076346429441\"><strong>Publica\u00e7\u00e3o no LinkedIn<\/strong><\/a> (25\/02\/2025)<\/p>\n<p><!-- \/wp:paragraph --><!-- wp:paragraph --><\/p>\n<p>2024 \u2013 <a href=\"https:\/\/www.linkedin.com\/feed\/update\/urn:li:activity:7278472313522540544\"><strong>Publica\u00e7\u00e3o no LinkedIn<\/strong><\/a> (27\/12\/2024); <a href=\"https:\/\/www.linkedin.com\/feed\/update\/urn:li:activity:7271944361070776320\"><strong>Publica\u00e7\u00e3o no LinkedIn<\/strong><\/a> (09\/12\/2024); <a href=\"https:\/\/www.nit.pt\/comida\/cafes-e-bares\/novo-bar-noturno-de-lisboa-recebe-noite-de-musica-psicadelica-com-muito-gin\"><strong>Novo bar noturno de Lisboa recebe noite de m\u00fasica psicad\u00e9lica com muito gin<\/strong><\/a> NiT (07\/12\/2024); <a href=\"https:\/\/leitor.jornaleconomico.pt\/noticia\/gin-made-in-portugal-de-olhos-postos-nos-eua\"><strong>Gin \u201cmade in Portugal\u201d de olhos postos nos EUA<\/strong><\/a> Jornal Econ\u00f3mico (22\/11\/2024); <a href=\"https:\/\/creativenews.pt\/2024\/11\/02\/o-beneficio-expande-presenca-nacional-e-internacional-e-celebra-o-primeiro-aniversario-do-gin-de-castanha-de-marvao\/\"><strong>O Benef\u00edcio expande presen\u00e7a nacional e internacional e celebra o primeiro anivers\u00e1rio do gin de castanha de Marv\u00e3o<\/strong><\/a> Creative News (12\/11\/2024); <a href=\"https:\/\/www.linkedin.com\/feed\/update\/urn:li:activity:7272659632194531331\"><strong>Publica\u00e7\u00e3o no LinkedIn<\/strong><\/a> (02\/11\/2024); <a href=\"https:\/\/www.hipersuper.pt\/2024\/10\/23\/beneficio-gin-disponivel-nas-lojas-do-el-corte-ingles-em-lisboa-e-de-gaia-porto\"><strong>Benef\u00edcio Gin dispon\u00edvel nas lojas do El Corte Ingl\u00e9s em Lisboa e de Gaia-Porto<\/strong><\/a> Hipersuper (23\/10\/2024); <a href=\"https:\/\/shoppingspirit.pt\/beneficio-gin-ja-esta-a-venda-no-el-corte-ingles-portugal-e-parte-para-a-alemanha\/\"><strong>Benef\u00edcio Gin j\u00e1 est\u00e1 \u00e0 venda no El Corte Ingl\u00e9s Portugal e parte para a Alemanha<\/strong><\/a> Shopping Spirit (22\/10\/2024); <a href=\"https:\/\/grandeconsumo.com\/marca-de-gin-o-beneficio-expande-presenca-nacional-e-internacional\/\"><strong>Marca de gin O Benef\u00edcio expande presen\u00e7a nacional e internacional<\/strong><\/a> Grande Consumo (22\/10\/2024)<\/p>\n<p><!-- \/wp:paragraph --><!-- wp:paragraph --><\/p>\n<p>2023 \u2013 <a href=\"https:\/\/shoppingspirit.pt\/beneficio-lanca-gin-de-castanha-portugues-em-marvao\/\"><strong>Benef\u00edcio lan\u00e7a Gin de Castanha portugu\u00eas em Marv\u00e3o<\/strong><\/a> Shopping Spirit (15\/11\/2023); <a href=\"https:\/\/www.publico.pt\/2022\/04\/11\/fugas\/noticia\/gin-portugues-premiado-londres-2002188\"><strong>Conhe\u00e7a o novo gin portugu\u00eas que promete revolucionar o inverno<\/strong><\/a> Estad\u00e3o (11\/11\/2023); <a href=\"https:\/\/versa.iol.pt\/gourmet\/castanhas\/neste-inverno-vais-querer-uma-so-bebida-o-novo-gin-portugues\/20231110\/654a095dd34e371fc0b991aa\"><strong>Neste inverno, vais querer uma s\u00f3 bebida: o novo gin portugu\u00eas<\/strong><\/a> Versa (10\/11\/2023); <a href=\"https:\/\/www.ialimentar.pt\/Artigos\/385680-Gin-portugues-de-flor-de-canhamo-premiado-no-London-Spirits-Competition.html\"><strong>H\u00e1 um gin com origem em Marv\u00e3o que s\u00f3 pode ser feito com castanhas<\/strong><\/a> SAPO Lifestyle (8\/11\/2023); <a href=\"https:\/\/lifestyle.sapo.pt\/sabores\/noticias-sabores\/artigos\/gin-portugues-de-flor-de-canhamo-ganha-tres-medalhas-de-prata-no-london-spirits-competition\"><strong>Gin de castanha? Sim, n\u2019O Benef\u00edcio<\/strong><\/a> Marketeer (8\/11\/2023); <a href=\"https:\/\/blog.mintbase.io\/store-of-the-week-o-beneficio-c5a63bef5c3\"><strong>H\u00e1 um novo gin portugu\u00eas no mercado e tem sabor a castanha<\/strong><\/a> Tecnoalimentar (7\/11\/2023); <a href=\"https:\/\/lifestyle.sapo.pt\/sabores\/dicas\/artigos\/em-portugal-tambem-se-faz-bom-gin-20-marcas-que-o-comprovam\"><strong>Benef\u00edcio lan\u00e7a Gin de Castanha portugu\u00eas em Marv\u00e3o<\/strong><\/a> Grande Consumo (7\/11\/2023)<\/p>\n<p><!-- \/wp:paragraph --><!-- wp:paragraph --><\/p>\n<p>2022 \u2013 <a href=\"https:\/\/marketeer.sapo.pt\/este-gin-portugues-de-flor-de-canhamo-quer-ser-100-organico-e-internacionalizar-se\/\"><strong>Este gin portugu\u00eas de flor de c\u00e2nhamo quer ser 100% org\u00e2nico e internacionalizar-se<\/strong><\/a> Marketeer (29\/04\/2022); <a href=\"https:\/\/www.publico.pt\/2022\/04\/11\/fugas\/noticia\/gin-portugues-premiado-londres-2002188\"><strong>Gin portugu\u00eas premiado em Londres<\/strong><\/a> P\u00fablico (11\/04\/2022); <a href=\"https:\/\/grandeconsumo.com\/gin-portugues-de-flor-de-canhamo-ganha-tres-medalhas-de-prata-no-london-spirits-competition\/\"><strong>Gin portugu\u00eas de flor de c\u00e2nhamo ganha tr\u00eas medalhas de prata no London Spirits Competition<\/strong><\/a> Grande Consumo (8\/04\/2022); <a href=\"https:\/\/www.ialimentar.pt\/Artigos\/385680-Gin-portugues-de-flor-de-canhamo-premiado-no-London-Spirits-Competition.html\"><strong>Gin portugu\u00eas de flor de c\u00e2nhamo premiado no London Spirits Competition<\/strong><\/a> iAlimentar (7\/04\/2022); <a href=\"https:\/\/lifestyle.sapo.pt\/sabores\/noticias-sabores\/artigos\/gin-portugues-de-flor-de-canhamo-ganha-tres-medalhas-de-prata-no-london-spirits-competition\"><strong>Gin portugu\u00eas de flor de c\u00e2nhamo ganha tr\u00eas medalhas de prata no London Spirits Competition<\/strong><\/a> SAPO Lifestyle (7\/04\/2022); <a href=\"https:\/\/blog.mintbase.io\/store-of-the-week-o-beneficio-c5a63bef5c3\"><strong>Store Of The Week: O Benef\u00edcio<\/strong><\/a> Mintbase (17\/03\/2022); <a href=\"https:\/\/lifestyle.sapo.pt\/sabores\/dicas\/artigos\/em-portugal-tambem-se-faz-bom-gin-20-marcas-que-o-comprovam\"><strong>Em Portugal tamb\u00e9m se faz (bom) gin. 20 marcas nacionais que o comprovam<\/strong><\/a> SAPO Lifestyle (13\/03\/2022)<\/p>\n<p><!-- \/wp:paragraph --><!-- wp:paragraph --><\/p>\n<p>2021 \u2013 <a href=\"https:\/\/thenextbigidea.pt\/o-beneficio-sem-duvidas-startup-portuguesa-lanca-produto-com-um-pe-no-gin-e-outro-nas-criptomoedas\/\"><strong>O Benef\u00edcio, sem d\u00favidas. Startup portuguesa lan\u00e7a produto com um p\u00e9 no gin e outro nas criptomoedas<\/strong><\/a> The Next Big Idea (22\/06\/2021); <a href=\"https:\/\/www.tsf.pt\/programa\/negocios-em-portugues\/emissao\/negocios-em-portugues---20052021-13720412.html\"><strong>Neg\u00f3cios em Portugu\u00eas<\/strong><\/a> TSF (20\/05\/2021); <a href=\"https:\/\/obidosdiario.com\/2021\/05\/06\/o-beneficio-lanca-primeiro-gin-de-flor-de-canhamo-portugues\/\"><strong>\u201cO Benef\u00edcio\u201d lan\u00e7a primeiro Gin de Flor de C\u00e2nhamo portugu\u00eas<\/strong><\/a> \u00d3bidos Di\u00e1rio (6\/05\/2021); <a href=\"https:\/\/linktoleaders.com\/start-up-incubada-no-obidos-parque-lanca-gin-de-flor-de-canhamo\/\"><strong>Start-up incubada no \u00d3bidos Parque lan\u00e7a gin de flor de c\u00e2nhamo<\/strong><\/a> Link to Leaders (27\/04\/2021); <a href=\"http:\/\/www.tecnoalimentar.pt\/noticias\/lancado-primeiro-gin-de-flor-de-canhamo-portugues\/\"><strong>Lan\u00e7ado primeiro gin de fl\u00f4r de c\u00e2nhamo portugu\u00eas<\/strong><\/a> TecnoAlimentar (26\/04\/2021); <a href=\"https:\/\/www.jornaldeleiria.pt\/noticia\/primeiro-gin-de-flor-de-canhamo-portugues-nasce-pela-mao-de-startup-incubada-em-obidos\"><strong>Primeiro gin de flor de c\u00e2nhamo portugu\u00eas nasce pela m\u00e3o de startup incubada em \u00d3bidos<\/strong><\/a> Jornal de Leiria (23\/04\/2021); <a href=\"https:\/\/grandeconsumo.com\/beneficio-lanca-o-primeiro-gin-de-flor-de-canhamo-portugues\/\"><strong>Benef\u00edcio lan\u00e7a o primeiro Gin de Flor de C\u00e2nhamo portugu\u00eas<\/strong><\/a> Grande Consumo (22\/04\/2021); <a href=\"https:\/\/www.publico.pt\/2021\/04\/21\/fugas\/noticia\/gin-portugues-flor-canhamo-chega-beneficio-1959526\"><strong>O primeiro gin portugu\u00eas de flor de c\u00e2nhamo chega com Benef\u00edcio<\/strong><\/a> P\u00fablico (21\/04\/2021); <a href=\"https:\/\/marketeer.sapo.pt\/ja-chegou-o-primeiro-gin-de-flor-de-canhamo-portugues\"><strong>J\u00e1 chegou o primeiro gin de flor de c\u00e2nhamo portugu\u00eas<\/strong><\/a> Marketeer (21\/04\/2021); <a href=\"https:\/\/echoboomer.pt\/eis-o-primeiro-gin-de-flor-de-canhamo-portugues\/\"><strong>Chegou o primeiro gin de flor de c\u00e2nhamo portugu\u00eas<\/strong><\/a> EchoBoomer (21\/04\/2021);<\/p>\n<p><!-- \/wp:paragraph --><\/p>\t\t\t\t\t\t\t\t<\/div>\n\t\t\t\t\t<\/div>\n\t\t\t\t<\/div>\n\t\t\t\t<\/div>\n\t\t","protected":false},"excerpt":{"rendered":"<p>Sobre a nossa empresa Destilados de Benef\u00edcio Lda. \u00e9 uma empresa registada na Rep\u00fablica Portuguesa, com o NIPC PT 519027744 e o c\u00f3digo de Certid\u00e3o Permanente 7666-2710-4264 (consultar aqui). Tem sede em Santo Ant\u00f3nio das Areias e escrit\u00f3rios em Santo Ant\u00f3nio das Areias e Lisboa. Sede: Largo Ricardo Vaz Monteiro, n\u00ba 4 R\/C 7330-260 Santo [&hellip;]<\/p>\n","protected":false},"author":1,"featured_media":0,"parent":0,"menu_order":0,"comment_status":"closed","ping_status":"closed","template":"","meta":{"footnotes":""},"class_list":["post-6298","page","type-page","status-publish","hentry"],"yoast_head":"<!-- This site is optimized with the Yoast SEO Premium plugin v27.2 (Yoast SEO v27.3) - https:\/\/yoast.com\/product\/yoast-seo-premium-wordpress\/ -->\n<title>Sobre e Contactos \u2013 O Benef\u00edcio<\/title>\n<meta name=\"description\" content=\"Contatos e informa\u00e7\u00f5es\" \/>\n<meta name=\"robots\" content=\"index, follow, max-snippet:-1, max-image-preview:large, max-video-preview:-1\" \/>\n<link rel=\"canonical\" href=\"https:\/\/beneficiogin.com\/es\/sobre-contactos\/\" \/>\n<meta property=\"og:locale\" content=\"es_ES\" \/>\n<meta property=\"og:type\" content=\"article\" \/>\n<meta property=\"og:title\" content=\"Sobre e Contactos\" \/>\n<meta property=\"og:description\" content=\"Contatos e informa\u00e7\u00f5es\" \/>\n<meta property=\"og:url\" content=\"https:\/\/beneficiogin.com\/es\/sobre-contactos\/\" \/>\n<meta property=\"og:site_name\" content=\"Benef\u00edcio Gin\" \/>\n<meta property=\"article:publisher\" content=\"https:\/\/www.facebook.com\/beneficiogin\" \/>\n<meta property=\"article:modified_time\" content=\"2026-04-06T13:42:59+00:00\" \/>\n<meta property=\"og:image\" content=\"https:\/\/beneficiogin.com\/wp-content\/uploads\/2026\/02\/598136486_122110879731120097_2507895852143276081_n.jpg\" \/>\n\t<meta property=\"og:image:width\" content=\"200\" \/>\n\t<meta property=\"og:image:height\" content=\"200\" \/>\n\t<meta property=\"og:image:type\" content=\"image\/jpeg\" \/>\n<meta name=\"twitter:card\" content=\"summary_large_image\" \/>\n<meta name=\"twitter:label1\" content=\"Tiempo de lectura\" \/>\n\t<meta name=\"twitter:data1\" content=\"3 minutos\" \/>\n<script type=\"application\/ld+json\" class=\"yoast-schema-graph\">{\"@context\":\"https:\\\/\\\/schema.org\",\"@graph\":[{\"@type\":\"WebPage\",\"@id\":\"https:\\\/\\\/beneficiogin.com\\\/sobre-contactos\\\/\",\"url\":\"https:\\\/\\\/beneficiogin.com\\\/sobre-contactos\\\/\",\"name\":\"Sobre e Contactos \u2013 O Benef\u00edcio\",\"isPartOf\":{\"@id\":\"https:\\\/\\\/beneficiogin.com\\\/#website\"},\"datePublished\":\"2019-12-02T17:42:29+00:00\",\"dateModified\":\"2026-04-06T13:42:59+00:00\",\"description\":\"Contatos e informa\u00e7\u00f5es\",\"breadcrumb\":{\"@id\":\"https:\\\/\\\/beneficiogin.com\\\/sobre-contactos\\\/#breadcrumb\"},\"inLanguage\":\"es\",\"potentialAction\":[{\"@type\":\"ReadAction\",\"target\":[\"https:\\\/\\\/beneficiogin.com\\\/sobre-contactos\\\/\"]}]},{\"@type\":\"BreadcrumbList\",\"@id\":\"https:\\\/\\\/beneficiogin.com\\\/sobre-contactos\\\/#breadcrumb\",\"itemListElement\":[{\"@type\":\"ListItem\",\"position\":1,\"name\":\"In\u00edcio\",\"item\":\"https:\\\/\\\/beneficiogin.com\\\/\"},{\"@type\":\"ListItem\",\"position\":2,\"name\":\"Sobre e Contactos\"}]},{\"@type\":\"WebSite\",\"@id\":\"https:\\\/\\\/beneficiogin.com\\\/#website\",\"url\":\"https:\\\/\\\/beneficiogin.com\\\/\",\"name\":\"Benef\u00edcio Gin\",\"description\":\"Gin portugu\u00eas com alma japonesa\",\"publisher\":{\"@id\":\"https:\\\/\\\/beneficiogin.com\\\/#organization\"},\"alternateName\":\"Benef\u00edcio Gin\",\"potentialAction\":[{\"@type\":\"SearchAction\",\"target\":{\"@type\":\"EntryPoint\",\"urlTemplate\":\"https:\\\/\\\/beneficiogin.com\\\/?s={search_term_string}\"},\"query-input\":{\"@type\":\"PropertyValueSpecification\",\"valueRequired\":true,\"valueName\":\"search_term_string\"}}],\"inLanguage\":\"es\"},{\"@type\":\"Organization\",\"@id\":\"https:\\\/\\\/beneficiogin.com\\\/#organization\",\"name\":\"Destilados de Beneficio\",\"alternateName\":\"Destilados Beneficio\",\"url\":\"https:\\\/\\\/beneficiogin.com\\\/\",\"logo\":{\"@type\":\"ImageObject\",\"inLanguage\":\"es\",\"@id\":\"https:\\\/\\\/beneficiogin.com\\\/#\\\/schema\\\/logo\\\/image\\\/\",\"url\":\"https:\\\/\\\/beneficiogin.com\\\/wp-content\\\/uploads\\\/2022\\\/11\\\/Age_Gate_2025.png\",\"contentUrl\":\"https:\\\/\\\/beneficiogin.com\\\/wp-content\\\/uploads\\\/2022\\\/11\\\/Age_Gate_2025.png\",\"width\":460,\"height\":375,\"caption\":\"Destilados de Beneficio\"},\"image\":{\"@id\":\"https:\\\/\\\/beneficiogin.com\\\/#\\\/schema\\\/logo\\\/image\\\/\"},\"sameAs\":[\"https:\\\/\\\/www.facebook.com\\\/beneficiogin\",\"https:\\\/\\\/www.instagram.com\\\/beneficiogin\\\/\",\"https:\\\/\\\/pt.linkedin.com\\\/company\\\/destiladosdebeneficio\"],\"email\":\"sales@beneficiogin.com\",\"legalName\":\"Destilados de Beneficio\",\"vatID\":\"PT519027744\",\"taxID\":\"PT519027744\",\"hasMerchantReturnPolicy\":{\"@type\":\"MerchantReturnPolicy\",\"merchantReturnLink\":\"https:\\\/\\\/beneficiogin.com\\\/es\\\/termos-condicoes\\\/\"}}]}<\/script>\n<!-- \/ Yoast SEO Premium plugin. -->","yoast_head_json":{"title":"Sobre e Contactos \u2013 O Benef\u00edcio","description":"Contatos e informa\u00e7\u00f5es","robots":{"index":"index","follow":"follow","max-snippet":"max-snippet:-1","max-image-preview":"max-image-preview:large","max-video-preview":"max-video-preview:-1"},"canonical":"https:\/\/beneficiogin.com\/es\/sobre-contactos\/","og_locale":"es_ES","og_type":"article","og_title":"Sobre e Contactos","og_description":"Contatos e informa\u00e7\u00f5es","og_url":"https:\/\/beneficiogin.com\/es\/sobre-contactos\/","og_site_name":"Benef\u00edcio Gin","article_publisher":"https:\/\/www.facebook.com\/beneficiogin","article_modified_time":"2026-04-06T13:42:59+00:00","og_image":[{"width":200,"height":200,"url":"https:\/\/beneficiogin.com\/wp-content\/uploads\/2026\/02\/598136486_122110879731120097_2507895852143276081_n.jpg","type":"image\/jpeg"}],"twitter_card":"summary_large_image","twitter_misc":{"Tiempo de lectura":"3 minutos"},"schema":{"@context":"https:\/\/schema.org","@graph":[{"@type":"WebPage","@id":"https:\/\/beneficiogin.com\/sobre-contactos\/","url":"https:\/\/beneficiogin.com\/sobre-contactos\/","name":"Sobre e Contactos \u2013 O Benef\u00edcio","isPartOf":{"@id":"https:\/\/beneficiogin.com\/#website"},"datePublished":"2019-12-02T17:42:29+00:00","dateModified":"2026-04-06T13:42:59+00:00","description":"Contatos e informa\u00e7\u00f5es","breadcrumb":{"@id":"https:\/\/beneficiogin.com\/sobre-contactos\/#breadcrumb"},"inLanguage":"es","potentialAction":[{"@type":"ReadAction","target":["https:\/\/beneficiogin.com\/sobre-contactos\/"]}]},{"@type":"BreadcrumbList","@id":"https:\/\/beneficiogin.com\/sobre-contactos\/#breadcrumb","itemListElement":[{"@type":"ListItem","position":1,"name":"In\u00edcio","item":"https:\/\/beneficiogin.com\/"},{"@type":"ListItem","position":2,"name":"Sobre e Contactos"}]},{"@type":"WebSite","@id":"https:\/\/beneficiogin.com\/#website","url":"https:\/\/beneficiogin.com\/","name":"Beneficios de la ginebra","description":"Gin portugu\u00eas com alma japonesa","publisher":{"@id":"https:\/\/beneficiogin.com\/#organization"},"alternateName":"Benef\u00edcio Gin","potentialAction":[{"@type":"SearchAction","target":{"@type":"EntryPoint","urlTemplate":"https:\/\/beneficiogin.com\/?s={search_term_string}"},"query-input":{"@type":"PropertyValueSpecification","valueRequired":true,"valueName":"search_term_string"}}],"inLanguage":"es"},{"@type":"Organization","@id":"https:\/\/beneficiogin.com\/#organization","name":"Destilados de Beneficio","alternateName":"Destilados Beneficio","url":"https:\/\/beneficiogin.com\/","logo":{"@type":"ImageObject","inLanguage":"es","@id":"https:\/\/beneficiogin.com\/#\/schema\/logo\/image\/","url":"https:\/\/beneficiogin.com\/wp-content\/uploads\/2022\/11\/Age_Gate_2025.png","contentUrl":"https:\/\/beneficiogin.com\/wp-content\/uploads\/2022\/11\/Age_Gate_2025.png","width":460,"height":375,"caption":"Destilados de Beneficio"},"image":{"@id":"https:\/\/beneficiogin.com\/#\/schema\/logo\/image\/"},"sameAs":["https:\/\/www.facebook.com\/beneficiogin","https:\/\/www.instagram.com\/beneficiogin\/","https:\/\/pt.linkedin.com\/company\/destiladosdebeneficio"],"email":"sales@beneficiogin.com","legalName":"Destilados de Beneficio","vatID":"PT519027744","taxID":"PT519027744","hasMerchantReturnPolicy":{"@type":"MerchantReturnPolicy","merchantReturnLink":"https:\/\/beneficiogin.com\/es\/termos-condicoes\/"}}]}},"jetpack_sharing_enabled":true,"_links":{"self":[{"href":"https:\/\/beneficiogin.com\/es\/wp-json\/wp\/v2\/pages\/6298","targetHints":{"allow":["GET"]}}],"collection":[{"href":"https:\/\/beneficiogin.com\/es\/wp-json\/wp\/v2\/pages"}],"about":[{"href":"https:\/\/beneficiogin.com\/es\/wp-json\/wp\/v2\/types\/page"}],"author":[{"embeddable":true,"href":"https:\/\/beneficiogin.com\/es\/wp-json\/wp\/v2\/users\/1"}],"replies":[{"embeddable":true,"href":"https:\/\/beneficiogin.com\/es\/wp-json\/wp\/v2\/comments?post=6298"}],"version-history":[{"count":50,"href":"https:\/\/beneficiogin.com\/es\/wp-json\/wp\/v2\/pages\/6298\/revisions"}],"predecessor-version":[{"id":11007,"href":"https:\/\/beneficiogin.com\/es\/wp-json\/wp\/v2\/pages\/6298\/revisions\/11007"}],"wp:attachment":[{"href":"https:\/\/beneficiogin.com\/es\/wp-json\/wp\/v2\/media?parent=6298"}],"curies":[{"name":"wp","href":"https:\/\/api.w.org\/{rel}","templated":true}]}}