{"id":5913,"date":"2019-11-29T17:29:31","date_gmt":"2019-11-29T17:29:31","guid":{"rendered":"http:\/\/staging.obeneficio.com\/?page_id=5913"},"modified":"2026-02-13T17:36:45","modified_gmt":"2026-02-13T17:36:45","slug":"politica-servico","status":"publish","type":"page","link":"https:\/\/beneficiogin.com\/es\/termos-condicoes\/politica-servico\/","title":{"rendered":"Pol\u00edtica de Servicio"},"content":{"rendered":"<p>El sitio web y tienda de Benef\u00edcio Gin env\u00edan pedidos a Portugal continental, Regiones Aut\u00f3nomas (Madeira y Azores) y en todo el mundo. La empresa transportista con la que tenemos un protocolo es CTT Expresso, que entrega de lunes a viernes hasta las 19:00 horas en cualquier d\u00eda laborable, en la direcci\u00f3n indicada durante el proceso de compra.<\/p>\n\n\n\n<p>Todos los pedidos pagados despu\u00e9s de las 12:00 pm se procesan al siguiente d\u00eda laborable.<\/p>\n\n\n\n<h2 class=\"wp-block-heading\">Plazos y Costes de Entrega<\/h2>\n\n\n\n<p>En el sitio web y tienda de Benef\u00edcio Gin, existen Condiciones Espec\u00edficas para cada producto, que encontrar\u00e1 junto a la descripci\u00f3n de cada art\u00edculo y que tienen en cuenta los tiempos de ejecuci\u00f3n y\/o entrega.<\/p>\n\n\n\n<p>Los clientes tienen varias opciones durante el proceso de compra con respecto al m\u00e9todo de entrega:<\/p>\n\n\n\n<p><strong>1. Portugal Continental<\/strong><br>Plazo: 24\u201348 horas laborables despu\u00e9s del env\u00edo<br>Transportista: CTT Expresso<br>Costo: \u20ac6,50<\/p>\n\n\n\n<p><strong>2. Regiones Aut\u00f3nomas<\/strong><br>Madeira: 5\u20137 d\u00edas laborables (dependiendo del c\u00f3digo postal)<br>Azores: 6\u201316 d\u00edas laborables (dependiendo del c\u00f3digo postal)<br>Costo:\u00a08,95 \u20ac<\/p>\n\n\n\n<p><strong>3. Env\u00edo Internacional<\/strong><br>Uni\u00f3n Europea: 5\u20137 d\u00edas laborables<br>Resto del Mundo: 7\u201315 d\u00edas laborables<br>Costo: desde \u20ac14,95 hasta \u20ac34,65. Dependiendo del destino, peso, etc., comunicado caso por caso.<\/p>\n\n\n\n<p>Los pedidos pagados despu\u00e9s de las 12:00 pm se procesan al siguiente d\u00eda laborable.<\/p>\n\n\n\n<p>Si el destinatario no est\u00e1 en la direcci\u00f3n, se dejar\u00e1 un aviso de paso para reprogramar la entrega o indicar un punto de recogida.<\/p>\n\n\n\n<p>Para consultas sobre pedidos, contacte:&nbsp;<a href=\"\/es\/sales@beneficiogin.com\/\"><\/a><a href=\"mailto:info.marketplaces@beneficiogin.com\">info.marketplaces@beneficiogin.com<\/a><\/p>\n\n\n\n<h2 class=\"wp-block-heading\">Pol\u00edtica de Reembolso y Derecho de Desistimiento Gratuito<\/h2>\n\n\n\n<p>Seg\u00fan el Decreto-Ley n.\u00ba 24\/2014, de 14 de febrero, que implementa la Directiva 2011\/83\/UE, el consumidor tiene derecho a desistir libremente del contrato, sin necesidad de justificaci\u00f3n, dentro de 14 d\u00edas consecutivos.<\/p>\n\n\n\n<p><strong>Inicio del per\u00edodo:<\/strong><\/p>\n\n\n\n<ul class=\"wp-block-list\">\n<li>Bienes: Desde la fecha de recepci\u00f3n por el consumidor o por un tercero designado por \u00e9l\/ella<\/li>\n\n\n\n<li>Servicios: Desde la fecha de celebraci\u00f3n del contrato<\/li>\n<\/ul>\n\n\n\n<p><strong>C\u00f3mo ejercer el derecho:<\/strong><\/p>\n\n\n\n<p>Cont\u00e1ctanos a trav\u00e9s de:&nbsp;<a href=\"mailto:info.marketplaces@beneficiogin.com\">info.marketplaces@beneficiogin.com<\/a><\/p>\n\n\n\n<p>Utilice la plantilla de formulario disponible aqu\u00ed: <a href=\"https:\/\/www.centroarbitragemlisboa.pt\/form_reclamacao.php\">https:\/\/www.centroarbitragemlisboa.pt<\/a><\/p>\n\n\n\n<p>Env\u00ede por correo certificado con acuse de recibo<\/p>\n\n\n\n<p>Comunique por cualquier medio que demuestre inequ\u00edvocamente el deseo de desistir del contrato<\/p>\n\n\n\n<p>Formulario de Desistimiento Gratuito<\/p>\n\n\n\n<p>A la Empresa: Sitio web y tienda de Benef\u00edcio Gin<\/p>\n\n\n\n<p>Direcci\u00f3n: Largo Ricardo Vaz Monteiro, n\u00ba 4 R\/C<br>7330-260 Santo Ant\u00f3nio das Areias<\/p>\n\n\n\n<p>Yo (Nosotros) notificamos por la presente que deseo\/deseamos ejercer el derecho de desistimiento gratuito con respecto al siguiente contrato:<\/p>\n\n\n\n<ul class=\"wp-block-list\">\n<li>Fecha del pedido: ___\/___\/______<\/li>\n\n\n\n<li>N\u00famero de pedido: ___________<\/li>\n\n\n\n<li>Nombre del consumidor: ___________<\/li>\n\n\n\n<li>Direcci\u00f3n: ___________<\/li>\n\n\n\n<li>Firma: ___________<\/li>\n\n\n\n<li>Fecha: ___\/___\/______<\/li>\n<\/ul>\n\n\n\n<p>Costos de devoluci\u00f3n:<\/p>\n\n\n\n<p>El reembolso se otorgar\u00e1 dentro de 14 d\u00edas despu\u00e9s de la recepci\u00f3n del aviso de desistimiento, por el mismo m\u00e9todo de pago utilizado en la transacci\u00f3n inicial, a menos que se acuerde expresamente lo contrario.<\/p>\n\n\n\n<p>Costos de devoluci\u00f3n:<\/p>\n\n\n\n<p>A cargo del consumidor, a menos que el producto tenga un defecto o una no conformidad.<\/p>\n\n\n\n<p>Excepciones al derecho de desistimiento:<\/p>\n\n\n\n<p>Seg\u00fan el Art\u00edculo 16 del Decreto-Ley n.\u00ba 24\/2014, el derecho de desistimiento no se aplica a:<\/p>\n\n\n\n<ul class=\"wp-block-list\">\n<li>Bienes fabricados bajo pedido o claramente personalizados<\/li>\n\n\n\n<li>Bienes que se deterioran o caducan r\u00e1pidamente\u2028<\/li>\n\n\n\n<li>Otros casos previstos por ley<\/li>\n<\/ul>\n\n\n\n<h2 class=\"wp-block-heading\">Garant\u00edas de Conformidad<\/h2>\n\n\n\n<p>Seg\u00fan el Decreto-Ley n.\u00ba 67\/2003, modificado por el Decreto-Ley n.\u00ba 84\/2021, los productos tienen una garant\u00eda legal de conformidad por un per\u00edodo de 2 a\u00f1os desde la entrega.<\/p>\n\n\n\n<p>Para productos defectuosos o visiblemente da\u00f1ados, p\u00f3ngase en contacto con:&nbsp;<a href=\"mailto:info.marketplaces@beneficiogin.com\">info.marketplaces@beneficiogin.com<\/a>&nbsp;indicando:<\/p>\n\n\n\n<ul class=\"wp-block-list\">\n<li>N\u00famero de pedido<\/li>\n\n\n\n<li>Referencia y nombre del producto<\/li>\n\n\n\n<li>Detalles del defecto<\/li>\n\n\n\n<li>Fotos del problema detectado<\/li>\n<\/ul>\n\n\n\n<p>Con la informaci\u00f3n proporcionada, se realizar\u00e1 una evaluaci\u00f3n cuidadosa. Si se confirma un problema con el producto, se dar\u00e1n instrucciones para la devoluci\u00f3n y posterior reemplazo o reparaci\u00f3n.<\/p>\n\n\n\n<p>El intercambio o reparaci\u00f3n se procesar\u00e1 dentro de 30 d\u00edas despu\u00e9s de la validaci\u00f3n, seg\u00fan lo previsto por ley.<\/p>\n\n\n\n<h2 class=\"wp-block-heading\">Precios y Formas de Pago<\/h2>\n\n\n\n<p>El intercambio o reparaci\u00f3n se procesar\u00e1 dentro de 30 d\u00edas despu\u00e9s de la validaci\u00f3n, seg\u00fan lo previsto por ley.<\/p>\n\n\n\n<ul class=\"wp-block-list\">\n<li>Tarjeta de Cr\u00e9dito \/ D\u00e9bito<\/li>\n\n\n\n<li>\u2028MB Way<\/li>\n\n\n\n<li>\u2028Multibanco<\/li>\n\n\n\n<li>Apple Pay<\/li>\n\n\n\n<li>Google Pay<\/li>\n<\/ul>\n\n\n\n<p>Proveedor de servicios de pago: IFTHENPAY (Entidad de pago autorizada por el Banco de Portugal \u2013 N\u00famero de registro 8707)<br>Seguridad: Protocolo SSL, certificaci\u00f3n PCI-DSS<\/p>\n\n\n\n<p>Moneda: Euro (EUR)<\/p>\n\n\n\n<p>Todos los precios mostrados incluyen IVA a la tasa legal vigente (23%).<\/p>\n\n\n\n<h2 class=\"wp-block-heading\">Verificaci\u00f3n de tarjetas de cr\u00e9dito<\/h2>\n\n\n\n<p>Los usuarios de tarjetas de cr\u00e9dito est\u00e1n sujetos a validaci\u00f3n y autorizaci\u00f3n por parte del emisor. Si la tarjeta es rechazada, el sistema le informar\u00e1 inmediatamente durante el proceso de compra.<\/p>\n\n\n\n<p>Para alertas de seguridad y verificaci\u00f3n de prevenci\u00f3n de fraude, datos como la direcci\u00f3n y el c\u00f3digo postal pueden ser divulgados a entidades especializadas, manteniendo siempre la seguridad de los datos.<\/p>\n\n\n\n<p>Si considera que sus datos son inexactos, puede corregirlos siguiendo el procedimiento de nuestra Pol\u00edtica de Privacidad.<\/p>\n\n\n\n<h2 class=\"wp-block-heading\">Informaci\u00f3n sobre el Producto<\/h2>\n\n\n\n<p>En el sitio web y tienda de Benef\u00edcio Gin, se hace todo lo posible para garantizar que los detalles, descripciones y precios de los productos presentados sean correctos. Sin embargo, puede ocurrir que la informaci\u00f3n sobre productos se publique err\u00f3neamente (incluidos precios o promociones).<\/p>\n\n\n\n<p>El sitio web y tienda de Benef\u00edcio Gin pueden rechazar pedidos por las siguientes razones:<\/p>\n\n\n\n<ul class=\"wp-block-list\">\n<li>Informaci\u00f3n incorrecta publicada<\/li>\n\n\n\n<li>Producto agotado\u2028<\/li>\n\n\n\n<li>No se pudo obtener autorizaci\u00f3n de pago\u2028<\/li>\n\n\n\n<li>Pedidos fraudulentos o sospechosos\u2028<\/li>\n\n\n\n<li>Indisponibilidad sobrevenida del producto<\/li>\n<\/ul>\n\n\n\n<p>Los pedidos que a\u00fan no se han enviado pueden ser cancelados contactando a:&nbsp;<a href=\"mailto:geral@enmadeira.com?subject=A%20williamhinton.com%20poder%C3%A1%20recusar%20encomendas%20pelos%20seguintes%20motivos:%20Informa%C3%A7%C3%A3o%20incorreta%20publicada%20Produto%20em%20rutura%20de%20stock%20Incapacidade%20em%20obter%20autoriza%C3%A7%C3%A3o%20de%20pagamento%20Encomendas%20fraudulentas%20ou%20suspeitas%20Indisponibilidade%20superveniente%20do%20produto\"><\/a><a href=\"\/es\/sales@beneficiogin.com\/\"><\/a><a href=\"mailto:info.marketplaces@beneficiogin.com\">info.marketplaces@beneficiogin.com<\/a><\/p>\n\n\n\n<p>El sitio web y tienda de Benef\u00edcio Gin pueden modificar los precios sin previo aviso. Todos los precios incluyen IVA a la tasa legal vigente.<\/p>\n\n\n\n<p>El sitio web y tienda de Benef\u00edcio Gin env\u00edan pedidos a Portugal continental, Regiones Aut\u00f3nomas (Madeira y Azores) y en todo el mundo. La empresa transportista con la que tenemos un protocolo es CTT Expresso, que entrega de lunes a viernes hasta las 19:00 horas en cualquier d\u00eda laborable, en la direcci\u00f3n indicada durante el proceso de compra.<\/p>\n\n\n\n<p>Todos los pedidos pagados despu\u00e9s de las 12:00 pm se procesan al siguiente d\u00eda laborable.<\/p>\n\n\n\n<h2 class=\"wp-block-heading\">Plazos y Costes de Entrega<\/h2>\n\n\n\n<p>En el sitio web y tienda de Benef\u00edcio Gin, existen Condiciones Espec\u00edficas para cada producto, que encontrar\u00e1 junto a la descripci\u00f3n de cada art\u00edculo y que tienen en cuenta los tiempos de ejecuci\u00f3n y\/o entrega.<\/p>\n\n\n\n<p>Los clientes tienen varias opciones durante el proceso de compra con respecto al m\u00e9todo de entrega:<\/p>\n\n\n\n<ol class=\"wp-block-list\">\n<li>Portugal continental<br>Plazo de entrega: 24-48 horas h\u00e1biles despu\u00e9s del env\u00edo.<br>Transportista: CTT Expresso<br>Coste: 6,50 \u20ac<\/li>\n\n\n\n<li>Regiones Aut\u00f3nomas<br>Madeira: 5\u20137 d\u00edas laborables (dependiendo del c\u00f3digo postal)<br>Azores: 6\u201316 d\u00edas laborables (dependiendo del c\u00f3digo postal)<br>Costo:\u00a08,95 \u20ac<\/li>\n\n\n\n<li>Expedici\u00f3n Internacional<br>Uni\u00f3n Europea: 5\u20137 d\u00edas laborables<br>Resto del Mundo: 7\u201315 d\u00edas laborables<br>Costo: desde \u20ac14,95 hasta \u20ac34,65. Dependiendo del destino, peso, etc., comunicado caso por caso.<\/li>\n<\/ol>\n\n\n\n<p>Los pedidos pagados despu\u00e9s de las 12:00 pm se procesan al siguiente d\u00eda laborable.<\/p>\n\n\n\n<p>Si el destinatario no est\u00e1 en la direcci\u00f3n, se dejar\u00e1 un aviso de paso para reprogramar la entrega o indicar un punto de recogida.<\/p>\n\n\n\n<p>Para consultas sobre pedidos, contacte:&nbsp;<a href=\"mailto:info.marketplaces@beneficiogin.com\">info.marketplaces@beneficiogin.com<\/a><\/p>","protected":false},"excerpt":{"rendered":"<p>A site e loja do Benef\u00edcio Gin envia encomendas para Portugal Continental, Regi\u00f5es Aut\u00f3nomas (Madeira e A\u00e7ores) e todo o mundo. A transportadora com quem temos protocolo \u00e9 a CTT Expresso, que efetua entregas de segunda a sexta-feira, at\u00e9 \u00e0s 19:00 de qualquer dia \u00fatil, na morada indicada no processo de finaliza\u00e7\u00e3o da compra. Todas [&hellip;]<\/p>\n","protected":false},"author":1,"featured_media":0,"parent":5893,"menu_order":0,"comment_status":"closed","ping_status":"closed","template":"","meta":{"footnotes":""},"class_list":["post-5913","page","type-page","status-publish","hentry"],"yoast_head":"<!-- This site is optimized with the Yoast SEO Premium plugin v27.2 (Yoast SEO v27.3) - https:\/\/yoast.com\/product\/yoast-seo-premium-wordpress\/ -->\n<title>Pol\u00edtica de Servi\u00e7o \u2013 O Benef\u00edcio<\/title>\n<meta name=\"description\" content=\"Pol\u00edtica de Servi\u00e7o Benef\u00edcio Gin\" \/>\n<meta name=\"robots\" content=\"index, follow, max-snippet:-1, max-image-preview:large, max-video-preview:-1\" \/>\n<link rel=\"canonical\" href=\"https:\/\/beneficiogin.com\/es\/termos-condicoes\/politica-servico\/\" \/>\n<meta property=\"og:locale\" content=\"es_ES\" \/>\n<meta property=\"og:type\" content=\"article\" \/>\n<meta property=\"og:title\" content=\"Pol\u00edtica de Servi\u00e7o\" \/>\n<meta property=\"og:description\" content=\"Pol\u00edtica de Servi\u00e7o Benef\u00edcio Gin\" \/>\n<meta property=\"og:url\" content=\"https:\/\/beneficiogin.com\/es\/termos-condicoes\/politica-servico\/\" \/>\n<meta property=\"og:site_name\" content=\"Benef\u00edcio Gin\" \/>\n<meta property=\"article:publisher\" content=\"https:\/\/www.facebook.com\/beneficiogin\" \/>\n<meta property=\"article:modified_time\" content=\"2026-02-13T17:36:45+00:00\" \/>\n<meta property=\"og:image\" content=\"https:\/\/beneficiogin.com\/wp-content\/uploads\/2026\/02\/598136486_122110879731120097_2507895852143276081_n.jpg\" \/>\n\t<meta property=\"og:image:width\" content=\"200\" \/>\n\t<meta property=\"og:image:height\" content=\"200\" \/>\n\t<meta property=\"og:image:type\" content=\"image\/jpeg\" \/>\n<meta name=\"twitter:card\" content=\"summary_large_image\" \/>\n<meta name=\"twitter:label1\" content=\"Tiempo de lectura\" \/>\n\t<meta name=\"twitter:data1\" content=\"6 minutos\" \/>\n<script type=\"application\/ld+json\" class=\"yoast-schema-graph\">{\"@context\":\"https:\\\/\\\/schema.org\",\"@graph\":[{\"@type\":\"WebPage\",\"@id\":\"https:\\\/\\\/beneficiogin.com\\\/termos-condicoes\\\/politica-servico\\\/\",\"url\":\"https:\\\/\\\/beneficiogin.com\\\/termos-condicoes\\\/politica-servico\\\/\",\"name\":\"Pol\u00edtica de Servi\u00e7o \u2013 O Benef\u00edcio\",\"isPartOf\":{\"@id\":\"https:\\\/\\\/beneficiogin.com\\\/#website\"},\"datePublished\":\"2019-11-29T17:29:31+00:00\",\"dateModified\":\"2026-02-13T17:36:45+00:00\",\"description\":\"Pol\u00edtica de Servi\u00e7o Benef\u00edcio Gin\",\"breadcrumb\":{\"@id\":\"https:\\\/\\\/beneficiogin.com\\\/termos-condicoes\\\/politica-servico\\\/#breadcrumb\"},\"inLanguage\":\"es\",\"potentialAction\":[{\"@type\":\"ReadAction\",\"target\":[\"https:\\\/\\\/beneficiogin.com\\\/termos-condicoes\\\/politica-servico\\\/\"]}]},{\"@type\":\"BreadcrumbList\",\"@id\":\"https:\\\/\\\/beneficiogin.com\\\/termos-condicoes\\\/politica-servico\\\/#breadcrumb\",\"itemListElement\":[{\"@type\":\"ListItem\",\"position\":1,\"name\":\"In\u00edcio\",\"item\":\"https:\\\/\\\/beneficiogin.com\\\/\"},{\"@type\":\"ListItem\",\"position\":2,\"name\":\"Termos e Condi\u00e7\u00f5es\",\"item\":\"https:\\\/\\\/beneficiogin.com\\\/termos-condicoes\\\/\"},{\"@type\":\"ListItem\",\"position\":3,\"name\":\"Pol\u00edtica de Servi\u00e7o\"}]},{\"@type\":\"WebSite\",\"@id\":\"https:\\\/\\\/beneficiogin.com\\\/#website\",\"url\":\"https:\\\/\\\/beneficiogin.com\\\/\",\"name\":\"Benef\u00edcio Gin\",\"description\":\"Gin portugu\u00eas com alma japonesa\",\"publisher\":{\"@id\":\"https:\\\/\\\/beneficiogin.com\\\/#organization\"},\"alternateName\":\"Benef\u00edcio Gin\",\"potentialAction\":[{\"@type\":\"SearchAction\",\"target\":{\"@type\":\"EntryPoint\",\"urlTemplate\":\"https:\\\/\\\/beneficiogin.com\\\/?s={search_term_string}\"},\"query-input\":{\"@type\":\"PropertyValueSpecification\",\"valueRequired\":true,\"valueName\":\"search_term_string\"}}],\"inLanguage\":\"es\"},{\"@type\":\"Organization\",\"@id\":\"https:\\\/\\\/beneficiogin.com\\\/#organization\",\"name\":\"Destilados de Beneficio\",\"alternateName\":\"Destilados Beneficio\",\"url\":\"https:\\\/\\\/beneficiogin.com\\\/\",\"logo\":{\"@type\":\"ImageObject\",\"inLanguage\":\"es\",\"@id\":\"https:\\\/\\\/beneficiogin.com\\\/#\\\/schema\\\/logo\\\/image\\\/\",\"url\":\"https:\\\/\\\/beneficiogin.com\\\/wp-content\\\/uploads\\\/2022\\\/11\\\/Age_Gate_2025.png\",\"contentUrl\":\"https:\\\/\\\/beneficiogin.com\\\/wp-content\\\/uploads\\\/2022\\\/11\\\/Age_Gate_2025.png\",\"width\":460,\"height\":375,\"caption\":\"Destilados de Beneficio\"},\"image\":{\"@id\":\"https:\\\/\\\/beneficiogin.com\\\/#\\\/schema\\\/logo\\\/image\\\/\"},\"sameAs\":[\"https:\\\/\\\/www.facebook.com\\\/beneficiogin\",\"https:\\\/\\\/www.instagram.com\\\/beneficiogin\\\/\",\"https:\\\/\\\/pt.linkedin.com\\\/company\\\/destiladosdebeneficio\"],\"email\":\"sales@beneficiogin.com\",\"legalName\":\"Destilados de Beneficio\",\"vatID\":\"PT519027744\",\"taxID\":\"PT519027744\",\"hasMerchantReturnPolicy\":{\"@type\":\"MerchantReturnPolicy\",\"merchantReturnLink\":\"https:\\\/\\\/beneficiogin.com\\\/es\\\/termos-condicoes\\\/\"}}]}<\/script>\n<!-- \/ Yoast SEO Premium plugin. -->","yoast_head_json":{"title":"Pol\u00edtica de Servi\u00e7o \u2013 O Benef\u00edcio","description":"Pol\u00edtica de Servi\u00e7o Benef\u00edcio Gin","robots":{"index":"index","follow":"follow","max-snippet":"max-snippet:-1","max-image-preview":"max-image-preview:large","max-video-preview":"max-video-preview:-1"},"canonical":"https:\/\/beneficiogin.com\/es\/termos-condicoes\/politica-servico\/","og_locale":"es_ES","og_type":"article","og_title":"Pol\u00edtica de Servi\u00e7o","og_description":"Pol\u00edtica de Servi\u00e7o Benef\u00edcio Gin","og_url":"https:\/\/beneficiogin.com\/es\/termos-condicoes\/politica-servico\/","og_site_name":"Benef\u00edcio Gin","article_publisher":"https:\/\/www.facebook.com\/beneficiogin","article_modified_time":"2026-02-13T17:36:45+00:00","og_image":[{"width":200,"height":200,"url":"https:\/\/beneficiogin.com\/wp-content\/uploads\/2026\/02\/598136486_122110879731120097_2507895852143276081_n.jpg","type":"image\/jpeg"}],"twitter_card":"summary_large_image","twitter_misc":{"Tiempo de lectura":"6 minutos"},"schema":{"@context":"https:\/\/schema.org","@graph":[{"@type":"WebPage","@id":"https:\/\/beneficiogin.com\/termos-condicoes\/politica-servico\/","url":"https:\/\/beneficiogin.com\/termos-condicoes\/politica-servico\/","name":"Pol\u00edtica de Servi\u00e7o \u2013 O Benef\u00edcio","isPartOf":{"@id":"https:\/\/beneficiogin.com\/#website"},"datePublished":"2019-11-29T17:29:31+00:00","dateModified":"2026-02-13T17:36:45+00:00","description":"Pol\u00edtica de Servi\u00e7o Benef\u00edcio Gin","breadcrumb":{"@id":"https:\/\/beneficiogin.com\/termos-condicoes\/politica-servico\/#breadcrumb"},"inLanguage":"es","potentialAction":[{"@type":"ReadAction","target":["https:\/\/beneficiogin.com\/termos-condicoes\/politica-servico\/"]}]},{"@type":"BreadcrumbList","@id":"https:\/\/beneficiogin.com\/termos-condicoes\/politica-servico\/#breadcrumb","itemListElement":[{"@type":"ListItem","position":1,"name":"In\u00edcio","item":"https:\/\/beneficiogin.com\/"},{"@type":"ListItem","position":2,"name":"Termos e Condi\u00e7\u00f5es","item":"https:\/\/beneficiogin.com\/termos-condicoes\/"},{"@type":"ListItem","position":3,"name":"Pol\u00edtica de Servi\u00e7o"}]},{"@type":"WebSite","@id":"https:\/\/beneficiogin.com\/#website","url":"https:\/\/beneficiogin.com\/","name":"Beneficios de la ginebra","description":"Gin portugu\u00eas com alma japonesa","publisher":{"@id":"https:\/\/beneficiogin.com\/#organization"},"alternateName":"Benef\u00edcio Gin","potentialAction":[{"@type":"SearchAction","target":{"@type":"EntryPoint","urlTemplate":"https:\/\/beneficiogin.com\/?s={search_term_string}"},"query-input":{"@type":"PropertyValueSpecification","valueRequired":true,"valueName":"search_term_string"}}],"inLanguage":"es"},{"@type":"Organization","@id":"https:\/\/beneficiogin.com\/#organization","name":"Destilados de Beneficio","alternateName":"Destilados Beneficio","url":"https:\/\/beneficiogin.com\/","logo":{"@type":"ImageObject","inLanguage":"es","@id":"https:\/\/beneficiogin.com\/#\/schema\/logo\/image\/","url":"https:\/\/beneficiogin.com\/wp-content\/uploads\/2022\/11\/Age_Gate_2025.png","contentUrl":"https:\/\/beneficiogin.com\/wp-content\/uploads\/2022\/11\/Age_Gate_2025.png","width":460,"height":375,"caption":"Destilados de Beneficio"},"image":{"@id":"https:\/\/beneficiogin.com\/#\/schema\/logo\/image\/"},"sameAs":["https:\/\/www.facebook.com\/beneficiogin","https:\/\/www.instagram.com\/beneficiogin\/","https:\/\/pt.linkedin.com\/company\/destiladosdebeneficio"],"email":"sales@beneficiogin.com","legalName":"Destilados de Beneficio","vatID":"PT519027744","taxID":"PT519027744","hasMerchantReturnPolicy":{"@type":"MerchantReturnPolicy","merchantReturnLink":"https:\/\/beneficiogin.com\/es\/termos-condicoes\/"}}]}},"jetpack_sharing_enabled":true,"_links":{"self":[{"href":"https:\/\/beneficiogin.com\/es\/wp-json\/wp\/v2\/pages\/5913","targetHints":{"allow":["GET"]}}],"collection":[{"href":"https:\/\/beneficiogin.com\/es\/wp-json\/wp\/v2\/pages"}],"about":[{"href":"https:\/\/beneficiogin.com\/es\/wp-json\/wp\/v2\/types\/page"}],"author":[{"embeddable":true,"href":"https:\/\/beneficiogin.com\/es\/wp-json\/wp\/v2\/users\/1"}],"replies":[{"embeddable":true,"href":"https:\/\/beneficiogin.com\/es\/wp-json\/wp\/v2\/comments?post=5913"}],"version-history":[{"count":11,"href":"https:\/\/beneficiogin.com\/es\/wp-json\/wp\/v2\/pages\/5913\/revisions"}],"predecessor-version":[{"id":10560,"href":"https:\/\/beneficiogin.com\/es\/wp-json\/wp\/v2\/pages\/5913\/revisions\/10560"}],"up":[{"embeddable":true,"href":"https:\/\/beneficiogin.com\/es\/wp-json\/wp\/v2\/pages\/5893"}],"wp:attachment":[{"href":"https:\/\/beneficiogin.com\/es\/wp-json\/wp\/v2\/media?parent=5913"}],"curies":[{"name":"wp","href":"https:\/\/api.w.org\/{rel}","templated":true}]}}