{"id":5893,"date":"2019-11-29T16:36:50","date_gmt":"2019-11-29T16:36:50","guid":{"rendered":"http:\/\/staging.obeneficio.com\/?page_id=5893"},"modified":"2026-02-13T17:35:16","modified_gmt":"2026-02-13T17:35:16","slug":"termos-condicoes","status":"publish","type":"page","link":"https:\/\/beneficiogin.com\/es\/termos-condicoes\/","title":{"rendered":"T\u00e9rminos y Condiciones"},"content":{"rendered":"<p>El acceso al sitio web y a la tienda de Benef\u00edcio Gin, as\u00ed como los productos y servicios disponibles, est\u00e1n sujetos a las siguientes condiciones. Al acceder al sitio, usted acepta los T\u00e9rminos de Uso del sitio web y tienda de Benef\u00edcio Gin, que est\u00e1n sujetos a actualizaciones ocasionales. Para su beneficio y el nuestro, se recomienda que visite regularmente esta p\u00e1gina de T\u00e9rminos y Condiciones para verificar cualquier cambio que haya ocurrido.<\/p>\n\n\n\n<p>El acceso al sitio web y tienda de Benef\u00edcio Gin es temporal y nos reservamos el derecho de retirar, agregar o modificar productos y servicios sin previo aviso.<\/p>\n\n\n\n<p>Ocasionalmente, el sitio web y tienda de Benef\u00edcio Gin pueden no estar disponibles debido a actualizaciones u otras razones, y el acceso a algunas \u00e1reas del sitio puede estar restringido.<\/p>\n\n\n\n<p>El sitio web y tienda de Benef\u00edcio Gin no pueden ser responsabilizados por da\u00f1os o p\u00e9rdidas de cualquier persona f\u00edsica o jur\u00eddica que puedan ocurrir despu\u00e9s del uso de cualquier informaci\u00f3n contenida en este sitio.<\/p>\n\n\n\n<p>Pueden estar disponibles hiperv\u00ednculos en el sitio web y tienda de Benef\u00edcio Gin que dirigen a sitios externos. Al hacer clic en estos hiperv\u00ednculos, abandonar\u00e1 el sitio web o tienda de Benef\u00edcio Gin, y Benef\u00edcio Gin no tendr\u00e1 control sobre las acciones que puedan ocurrir en esos sitios, ni puede aceptar responsabilidad por cualquier cosa que suceda fuera de su plataforma.<\/p>\n\n\n\n<p>Para compras a trav\u00e9s del sitio web y la tienda de Benef\u00edcio Gin, los compradores deben ser mayores de edad (18 a\u00f1os) y comprometerse a proporcionar informaci\u00f3n veraz que permita el procesamiento exitoso de su pedido.<\/p>\n\n\n\n<p><strong>Identificaci\u00f3n de la Empresa<\/strong><br>Denominaci\u00f3n Social: Destilados de Benef\u00edcio Lda<br>N\u00famero de Identificaci\u00f3n Fiscal: PT519027744<br>N\u00famero de Registro Mercantil: AP. 34\/20251114<\/p>\n\n\n\n<p>Capital Social:\u00a0\u20ac 23.449,92<br>Oficina de Registro Mercantil: Coimbra<\/p>\n\n\n\n<p>CAE (C\u00f3digo de Actividad Econ\u00f3mica): 11013-R4<br>Domicilio Social: Largo Ricardo Vaz Monteiro, n\u00ba 4 R\/C<br>7330-260 Santo Ant\u00f3nio das Areias<br>Portugal<\/p>\n\n\n\n<p><strong>Autoridades de supervisi\u00f3n<br><\/strong>ASAE \u2013 Autoridad de Seguridad Econ\u00f3mica y Alimentaria<br>Direcci\u00f3n General de Consumo<\/p>\n\n\n\n<p><strong>Libro de Reclamaciones<\/strong><br>Seg\u00fan los t\u00e9rminos del Decreto-Ley n.\u00ba 156\/2005, de 15 de septiembre, modificado por el Decreto-Ley n.\u00ba 74\/2017, el Libro de Reclamaciones est\u00e1 disponible tanto en formato f\u00edsico como en formato electr\u00f3nico.<\/p>\n\n\n\n<ul class=\"wp-block-list\">\n<li>Libro de reclamaciones electr\u00f3nicas: Disponible en&nbsp;<a href=\"\/es\/www.livroreclamacoes.pt\/\">www.livroreclamacoes.pt<\/a><\/li>\n\n\n\n<li>Libro de reclamaciones f\u00edsicas: Disponible en las instalaciones de la empresa.<\/li>\n<\/ul>\n\n\n\n<p>Tiempo de respuesta: 15 d\u00edas h\u00e1biles<br>Autoridad supervisora: ASAE \u2013 Autoridad de Seguridad Econ\u00f3mica y Alimentaria<\/p>\n\n\n\n<p>Las reclamaciones se env\u00edan autom\u00e1ticamente a las autoridades competentes para su an\u00e1lisis y, de ser el caso, para el inicio de procedimientos administrativos.<\/p>\n\n\n\n<p><strong>Resoluci\u00f3n alternativa de disputas (ADR)<\/strong><br>En caso de conflicto, el consumidor puede recurrir a las siguientes entidades de resoluci\u00f3n alternativa de conflictos \u2013 Centros de Arbitraje de Conflictos de Consumo:<\/p>\n\n\n\n<p>Lisboa: www.centroarbitragemlisboa.pt&nbsp;<a href=\"http:\/\/www.centroarbitragemlisboa.pt\">www.centroarbitragemlisboa.pt<\/a><br>Coimbra:&nbsp;<a href=\"https:\/\/cacrc.pt\/\">www.centroarbitragemcoimbra.com<\/a><br>Porto:&nbsp;<a href=\"http:\/\/www.cicap.pt\">www.cicap.pt<\/a><br>Algarve: <a href=\"https:\/\/consumoalgarve.pt\/\">www.consumoalgarve.pt<\/a><br>Madera:&nbsp;<a href=\"https:\/\/www.madeira.gov.pt\/cacc\/\">www.cacc.gov<\/a><br>Tribunal Arbitral de Consumo: <a href=\"https:\/\/www.ciab.pt\/pt\/\">www.ciab.pt<\/a><br>Centro Nacional (complementario):<br>CNIACC:&nbsp;<a href=\"http:\/\/www.cniacc.pt\">www.cniacc.pt<\/a><br>Tel\u00e9fono: 213 564 144<br>Correo electr\u00f3nico:&nbsp;<a href=\"mailto:geral@cniacc.pt\">geral@cniacc.pt<\/a><br>M\u00e1s informaci\u00f3n:&nbsp;<a href=\"https:\/\/www.consumidor.gov.pt\/consumidor_4\/direitos-dos-consumidores1\/direitos-dos-consumidores\">www.consumer.gov<\/a><\/p>\n\n\n\n<p>______________________<\/p>\n\n\n\n<h2 class=\"wp-block-heading\">Pol\u00edtica de Servicio<\/h2>\n\n\n\n<p>El sitio web y tienda de Benef\u00edcio Gin env\u00edan pedidos a Portugal continental, Regiones Aut\u00f3nomas (Madeira y Azores) y en todo el mundo. La empresa transportista con la que tenemos un protocolo es CTT Expresso, que entrega de lunes a viernes hasta las 19:00 horas en cualquier d\u00eda laborable, en la direcci\u00f3n indicada durante el proceso de compra.<\/p>\n\n\n\n<p>Todos los pedidos pagados despu\u00e9s de las 12:00 pm se procesan al siguiente d\u00eda laborable.<\/p>\n\n\n\n<p><strong>Plazos y Costes de Entrega<br><\/strong>En el sitio web y tienda de Benef\u00edcio Gin, existen Condiciones Espec\u00edficas para cada producto, que encontrar\u00e1 junto a la descripci\u00f3n de cada art\u00edculo y que tienen en cuenta los tiempos de ejecuci\u00f3n y\/o entrega.<\/p>\n\n\n\n<p>Los clientes tienen varias opciones durante el proceso de compra con respecto al m\u00e9todo de entrega:<br><strong>1. Portugal Continental<br><\/strong>Plazo: 24\u201348 horas laborables despu\u00e9s del env\u00edo<br>Transportista: CTT Expresso<br>Custo:&nbsp;6,80 \u20ac<br><strong>2. Regiones Aut\u00f3nomas<\/strong><br>Madeira: 5\u20137 d\u00edas laborables (dependiendo del c\u00f3digo postal)<br>Azores: 6\u201316 d\u00edas laborables (dependiendo del c\u00f3digo postal)<br>Costo:\u00a08,95 \u20ac<br><strong>3. Env\u00edo Internacional<\/strong><br>Uni\u00f3n Europea: 5\u20137 d\u00edas laborables<br>Resto del Mundo: 7\u201315 d\u00edas laborables<br>Costo: desde \u20ac14,95 hasta \u20ac34,65. Dependiendo del destino, peso, etc., comunicado caso por caso.<\/p>\n\n\n\n<p>Nota: Los pedidos pagados despu\u00e9s de las 12:00 se procesan el siguiente d\u00eda h\u00e1bil.<\/p>\n\n\n\n<p>Si el destinatario no est\u00e1 en la direcci\u00f3n, se dejar\u00e1 un aviso de paso para reprogramar la entrega o indicar un punto de recogida.<\/p>\n\n\n\n<p>Para consultas sobre pedidos, contacte:&nbsp;<a href=\"mailto:info.marketplaces@beneficiogin.com\">info.marketplaces@beneficiogin.com<\/a><\/p>\n\n\n\n<p><strong>Pol\u00edtica de Reembolso y Derecho de Desistimiento Gratuito<br><\/strong>Seg\u00fan el Decreto-Ley n.\u00ba 24\/2014, de 14 de febrero, que implementa la Directiva 2011\/83\/UE, el consumidor tiene derecho a desistir libremente del contrato, sin necesidad de justificaci\u00f3n, dentro de 14 d\u00edas consecutivos.<\/p>\n\n\n\n<p><strong>Inicio del per\u00edodo:<br><\/strong>Bienes: Desde la fecha de recepci\u00f3n por el consumidor o por un tercero designado por \u00e9l\/ella<br>Servicios: Desde la fecha de celebraci\u00f3n del contrato<\/p>\n\n\n\n<p><strong>C\u00f3mo ejercer el derecho:<br><\/strong>Cont\u00e1ctanos a trav\u00e9s de:&nbsp;<a href=\"mailto:info.marketplaces@beneficiogin.com\">info.marketplaces@beneficiogin.com<\/a><br>Utilice el formulario modelo disponible Aqu\u00ed -&gt; <a href=\"https:\/\/www.centroarbitragemlisboa.pt\/form_reclamacao.php\">https:\/\/www.centroarbitragemlisboa.pt<\/a><br>Env\u00ede por correo certificado con acuse de recibo<br>Comunique por cualquier medio que demuestre inequ\u00edvocamente el deseo de desistir del contrato<\/p>\n\n\n\n<p><strong>Formulario de Desistimiento Gratuito<br><\/strong>A la Empresa: Sitio web y tienda de Benef\u00edcio Gin<br>Direcci\u00f3n: Largo Ricardo Vaz Monteiro, n\u00ba 4 R\/C<br>7330-260 Santo Ant\u00f3nio das Areias<br>Portugal<\/p>\n\n\n\n<p>Yo (Nosotros) notificamos por la presente que deseo\/deseamos ejercer el derecho de desistimiento gratuito con respecto al siguiente contrato:<\/p>\n\n\n\n<ul class=\"wp-block-list\">\n<li>Fecha del pedido: ___\/___\/______<\/li>\n\n\n\n<li>N\u00famero de pedido: ___________<\/li>\n\n\n\n<li>Nombre del consumidor: ___________<\/li>\n\n\n\n<li>Direcci\u00f3n: ___________<\/li>\n\n\n\n<li>Firma: ___________<\/li>\n\n\n\n<li>Fecha: ___\/___\/______<\/li>\n<\/ul>\n\n\n\n<p><strong>Costos de devoluci\u00f3n:<br><\/strong>El reembolso se procesar\u00e1 en un plazo de 14 d\u00edas a partir de la recepci\u00f3n de la notificaci\u00f3n de desistimiento, utilizando el mismo m\u00e9todo de pago empleado para la transacci\u00f3n inicial, salvo que se acuerde expresamente lo contrario.<\/p>\n\n\n\n<p><strong>Costos de devoluci\u00f3n:<br><\/strong>A cargo del consumidor, a menos que el producto tenga un defecto o una no conformidad.<\/p>\n\n\n\n<p><strong>Excepciones al derecho de desistimiento<br><\/strong>Seg\u00fan el Art\u00edculo 16 del Decreto-Ley n.\u00ba 24\/2014, el derecho de desistimiento no se aplica a:<\/p>\n\n\n\n<ul class=\"wp-block-list\">\n<li>Bienes fabricados bajo pedido o claramente personalizados<\/li>\n\n\n\n<li>Bienes que se deterioran o caducan r\u00e1pidamente\u2028<\/li>\n\n\n\n<li>Otros casos previstos por ley<\/li>\n<\/ul>\n\n\n\n<p><strong>Garant\u00edas de Conformidad<br><\/strong>Seg\u00fan el Decreto-Ley n.\u00ba 67\/2003, modificado por el Decreto-Ley n.\u00ba 84\/2021, los productos tienen una garant\u00eda legal de conformidad por un per\u00edodo de 2 a\u00f1os desde la entrega.<\/p>\n\n\n\n<p>Para productos defectuosos o visiblemente da\u00f1ados, p\u00f3ngase en contacto con:&nbsp;<a href=\"\/es\/info.marketplaces@beneficiogin.com\/\">info.marketplaces@beneficiogin.com<\/a>&nbsp;indicando:<\/p>\n\n\n\n<ul class=\"wp-block-list\">\n<li>N\u00famero de pedido<\/li>\n\n\n\n<li>Referencia y nombre del producto<\/li>\n\n\n\n<li>Detalles del defecto<\/li>\n\n\n\n<li>Fotos del problema detectado<\/li>\n<\/ul>\n\n\n\n<p>Con la informaci\u00f3n proporcionada, se realizar\u00e1 una evaluaci\u00f3n cuidadosa. Si se confirma un problema con el producto, se dar\u00e1n instrucciones para la devoluci\u00f3n y posterior reemplazo o reparaci\u00f3n.<\/p>\n\n\n\n<p>El intercambio o reparaci\u00f3n se procesar\u00e1 dentro de 30 d\u00edas despu\u00e9s de la validaci\u00f3n, seg\u00fan lo previsto por ley.<\/p>\n\n\n\n<p><strong>Precios y Formas de Pago<br><\/strong>El intercambio o reparaci\u00f3n se procesar\u00e1 dentro de 30 d\u00edas despu\u00e9s de la validaci\u00f3n, seg\u00fan lo previsto por ley.<\/p>\n\n\n\n<ul class=\"wp-block-list\">\n<li>Tarjeta de Cr\u00e9dito \/ D\u00e9bito<\/li>\n\n\n\n<li>\u2028MB Way<\/li>\n\n\n\n<li>\u2028Multibanco<\/li>\n\n\n\n<li>Apple Pay<\/li>\n\n\n\n<li>Google Pay<\/li>\n<\/ul>\n\n\n\n<p>Proveedor de servicios de pago: IFTHENPAY (Instituci\u00f3n de pago autorizada por el Banco de Portugal \u2013 N.\u00ba de registro 8707) Seguridad: Protocolo SSL, certificaci\u00f3n PCI-DSS<\/p>\n\n\n\n<p>Moneda: Euro (EUR)<br>Todos los precios mostrados incluyen IVA a la tasa legal vigente (23%).<\/p>\n\n\n\n<p><strong>Verificaci\u00f3n de tarjetas de cr\u00e9dito<br><\/strong>Los usuarios de tarjetas de cr\u00e9dito est\u00e1n sujetos a validaci\u00f3n y autorizaci\u00f3n por parte del emisor. Si la tarjeta es rechazada, el sistema le informar\u00e1 inmediatamente durante el proceso de compra.<\/p>\n\n\n\n<p>Para alertas de seguridad y verificaci\u00f3n de prevenci\u00f3n de fraude, datos como la direcci\u00f3n y el c\u00f3digo postal pueden ser divulgados a entidades especializadas, manteniendo siempre la seguridad de los datos.<\/p>\n\n\n\n<p>Si considera que sus datos son inexactos, puede corregirlos siguiendo el procedimiento de nuestra Pol\u00edtica de Privacidad.<\/p>\n\n\n\n<p><strong>Informaci\u00f3n sobre el Producto<br><\/strong>En la web y tienda de Benef\u00edcio Gin, hacemos todo lo posible para garantizar que los detalles, descripciones y precios de los productos mostrados sean correctos. Sin embargo, puede ocurrir que la informaci\u00f3n del producto se publique incorrectamente (incluidos precios o promociones).<\/p>\n\n\n\n<p>El sitio web y tienda de Benef\u00edcio Gin pueden rechazar pedidos por las siguientes razones:<\/p>\n\n\n\n<ul class=\"wp-block-list\">\n<li>Informaci\u00f3n incorrecta publicada<\/li>\n\n\n\n<li>Producto agotado\u2028<\/li>\n\n\n\n<li>No se pudo obtener autorizaci\u00f3n de pago\u2028<\/li>\n\n\n\n<li>Pedidos fraudulentos o sospechosos\u2028<\/li>\n\n\n\n<li>Indisponibilidad sobrevenida del producto<\/li>\n<\/ul>\n\n\n\n<p>Los pedidos que a\u00fan no se han enviado pueden ser cancelados contactando a:<a href=\"\/es\/info.marketplaces@beneficiogin.com\/\">&nbsp;info.marketplaces@beneficiogin.com<\/a><\/p>\n\n\n\n<p>El sitio web y tienda de Benef\u00edcio Gin pueden modificar los precios sin previo aviso. Todos los precios incluyen IVA a la tasa legal vigente.<\/p>\n\n\n\n<p><\/p>","protected":false},"excerpt":{"rendered":"<p>O acesso ao site e \u00e0 loja do Benef\u00edcio Gin, produtos e servi\u00e7os disponibilizados encontram-se sujeitos \u00e0s seguintes condi\u00e7\u00f5es. Ao aceder ao s\u00edtio, concorda com as Condi\u00e7\u00f5es de uso do site e loja do Benef\u00edcio Gin, que est\u00e3o sujeitas a atualiza\u00e7\u00f5es espor\u00e1dicas. \u00c9 em seu e nosso benef\u00edcio que visite esta p\u00e1gina de Termos e [&hellip;]<\/p>\n","protected":false},"author":1,"featured_media":0,"parent":0,"menu_order":0,"comment_status":"closed","ping_status":"closed","template":"","meta":{"footnotes":""},"class_list":["post-5893","page","type-page","status-publish","hentry"],"yoast_head":"<!-- This site is optimized with the Yoast SEO Premium plugin v27.4 (Yoast SEO v27.4) - https:\/\/yoast.com\/product\/yoast-seo-premium-wordpress\/ -->\n<title>Termos e Condi\u00e7\u00f5es \u2013 O Benef\u00edcio<\/title>\n<meta name=\"description\" content=\"Termos e Condi\u00e7\u00f5es Benef\u00edcio Gin\" \/>\n<meta name=\"robots\" content=\"index, follow, max-snippet:-1, max-image-preview:large, max-video-preview:-1\" \/>\n<link rel=\"canonical\" href=\"https:\/\/beneficiogin.com\/es\/termos-condicoes\/\" \/>\n<meta property=\"og:locale\" content=\"es_ES\" \/>\n<meta property=\"og:type\" content=\"article\" \/>\n<meta property=\"og:title\" content=\"Termos e Condi\u00e7\u00f5es\" \/>\n<meta property=\"og:description\" content=\"Termos e Condi\u00e7\u00f5es Benef\u00edcio Gin\" \/>\n<meta property=\"og:url\" content=\"https:\/\/beneficiogin.com\/es\/termos-condicoes\/\" \/>\n<meta property=\"og:site_name\" content=\"Benef\u00edcio Gin\" \/>\n<meta property=\"article:publisher\" content=\"https:\/\/www.facebook.com\/beneficiogin\" \/>\n<meta property=\"article:modified_time\" content=\"2026-02-13T17:35:16+00:00\" \/>\n<meta property=\"og:image\" content=\"https:\/\/beneficiogin.com\/wp-content\/uploads\/2026\/02\/598136486_122110879731120097_2507895852143276081_n.jpg\" \/>\n\t<meta property=\"og:image:width\" content=\"200\" \/>\n\t<meta property=\"og:image:height\" content=\"200\" \/>\n\t<meta property=\"og:image:type\" content=\"image\/jpeg\" \/>\n<meta name=\"twitter:card\" content=\"summary_large_image\" \/>\n<meta name=\"twitter:label1\" content=\"Tiempo de lectura\" \/>\n\t<meta name=\"twitter:data1\" content=\"8 minutos\" \/>\n<script type=\"application\/ld+json\" class=\"yoast-schema-graph\">{\"@context\":\"https:\\\/\\\/schema.org\",\"@graph\":[{\"@type\":\"WebPage\",\"@id\":\"https:\\\/\\\/beneficiogin.com\\\/termos-condicoes\\\/\",\"url\":\"https:\\\/\\\/beneficiogin.com\\\/termos-condicoes\\\/\",\"name\":\"Termos e Condi\u00e7\u00f5es \u2013 O Benef\u00edcio\",\"isPartOf\":{\"@id\":\"https:\\\/\\\/beneficiogin.com\\\/#website\"},\"datePublished\":\"2019-11-29T16:36:50+00:00\",\"dateModified\":\"2026-02-13T17:35:16+00:00\",\"description\":\"Termos e Condi\u00e7\u00f5es Benef\u00edcio Gin\",\"breadcrumb\":{\"@id\":\"https:\\\/\\\/beneficiogin.com\\\/termos-condicoes\\\/#breadcrumb\"},\"inLanguage\":\"es\",\"potentialAction\":[{\"@type\":\"ReadAction\",\"target\":[\"https:\\\/\\\/beneficiogin.com\\\/termos-condicoes\\\/\"]}]},{\"@type\":\"BreadcrumbList\",\"@id\":\"https:\\\/\\\/beneficiogin.com\\\/termos-condicoes\\\/#breadcrumb\",\"itemListElement\":[{\"@type\":\"ListItem\",\"position\":1,\"name\":\"In\u00edcio\",\"item\":\"https:\\\/\\\/beneficiogin.com\\\/\"},{\"@type\":\"ListItem\",\"position\":2,\"name\":\"Termos e Condi\u00e7\u00f5es\"}]},{\"@type\":\"WebSite\",\"@id\":\"https:\\\/\\\/beneficiogin.com\\\/#website\",\"url\":\"https:\\\/\\\/beneficiogin.com\\\/\",\"name\":\"Benef\u00edcio Gin\",\"description\":\"Gin portugu\u00eas com alma japonesa\",\"publisher\":{\"@id\":\"https:\\\/\\\/beneficiogin.com\\\/#organization\"},\"alternateName\":\"Benef\u00edcio Gin\",\"potentialAction\":[{\"@type\":\"SearchAction\",\"target\":{\"@type\":\"EntryPoint\",\"urlTemplate\":\"https:\\\/\\\/beneficiogin.com\\\/?s={search_term_string}\"},\"query-input\":{\"@type\":\"PropertyValueSpecification\",\"valueRequired\":true,\"valueName\":\"search_term_string\"}}],\"inLanguage\":\"es\"},{\"@type\":\"Organization\",\"@id\":\"https:\\\/\\\/beneficiogin.com\\\/#organization\",\"name\":\"Destilados de Beneficio\",\"alternateName\":\"Destilados Beneficio\",\"url\":\"https:\\\/\\\/beneficiogin.com\\\/\",\"logo\":{\"@type\":\"ImageObject\",\"inLanguage\":\"es\",\"@id\":\"https:\\\/\\\/beneficiogin.com\\\/#\\\/schema\\\/logo\\\/image\\\/\",\"url\":\"https:\\\/\\\/beneficiogin.com\\\/wp-content\\\/uploads\\\/2022\\\/11\\\/Age_Gate_2025.png\",\"contentUrl\":\"https:\\\/\\\/beneficiogin.com\\\/wp-content\\\/uploads\\\/2022\\\/11\\\/Age_Gate_2025.png\",\"width\":460,\"height\":375,\"caption\":\"Destilados de Beneficio\"},\"image\":{\"@id\":\"https:\\\/\\\/beneficiogin.com\\\/#\\\/schema\\\/logo\\\/image\\\/\"},\"sameAs\":[\"https:\\\/\\\/www.facebook.com\\\/beneficiogin\",\"https:\\\/\\\/www.instagram.com\\\/beneficiogin\\\/\",\"https:\\\/\\\/pt.linkedin.com\\\/company\\\/destiladosdebeneficio\"],\"email\":\"sales@beneficiogin.com\",\"legalName\":\"Destilados de Beneficio\",\"vatID\":\"PT519027744\",\"taxID\":\"PT519027744\",\"hasMerchantReturnPolicy\":{\"@type\":\"MerchantReturnPolicy\",\"merchantReturnLink\":\"https:\\\/\\\/beneficiogin.com\\\/es\\\/termos-condicoes\\\/\"}}]}<\/script>\n<!-- \/ Yoast SEO Premium plugin. -->","yoast_head_json":{"title":"Termos e Condi\u00e7\u00f5es \u2013 O Benef\u00edcio","description":"Termos e Condi\u00e7\u00f5es Benef\u00edcio Gin","robots":{"index":"index","follow":"follow","max-snippet":"max-snippet:-1","max-image-preview":"max-image-preview:large","max-video-preview":"max-video-preview:-1"},"canonical":"https:\/\/beneficiogin.com\/es\/termos-condicoes\/","og_locale":"es_ES","og_type":"article","og_title":"Termos e Condi\u00e7\u00f5es","og_description":"Termos e Condi\u00e7\u00f5es Benef\u00edcio Gin","og_url":"https:\/\/beneficiogin.com\/es\/termos-condicoes\/","og_site_name":"Benef\u00edcio Gin","article_publisher":"https:\/\/www.facebook.com\/beneficiogin","article_modified_time":"2026-02-13T17:35:16+00:00","og_image":[{"width":200,"height":200,"url":"https:\/\/beneficiogin.com\/wp-content\/uploads\/2026\/02\/598136486_122110879731120097_2507895852143276081_n.jpg","type":"image\/jpeg"}],"twitter_card":"summary_large_image","twitter_misc":{"Tiempo de lectura":"8 minutos"},"schema":{"@context":"https:\/\/schema.org","@graph":[{"@type":"WebPage","@id":"https:\/\/beneficiogin.com\/termos-condicoes\/","url":"https:\/\/beneficiogin.com\/termos-condicoes\/","name":"Termos e Condi\u00e7\u00f5es \u2013 O Benef\u00edcio","isPartOf":{"@id":"https:\/\/beneficiogin.com\/#website"},"datePublished":"2019-11-29T16:36:50+00:00","dateModified":"2026-02-13T17:35:16+00:00","description":"Termos e Condi\u00e7\u00f5es Benef\u00edcio Gin","breadcrumb":{"@id":"https:\/\/beneficiogin.com\/termos-condicoes\/#breadcrumb"},"inLanguage":"es","potentialAction":[{"@type":"ReadAction","target":["https:\/\/beneficiogin.com\/termos-condicoes\/"]}]},{"@type":"BreadcrumbList","@id":"https:\/\/beneficiogin.com\/termos-condicoes\/#breadcrumb","itemListElement":[{"@type":"ListItem","position":1,"name":"In\u00edcio","item":"https:\/\/beneficiogin.com\/"},{"@type":"ListItem","position":2,"name":"Termos e Condi\u00e7\u00f5es"}]},{"@type":"WebSite","@id":"https:\/\/beneficiogin.com\/#website","url":"https:\/\/beneficiogin.com\/","name":"Beneficios de la ginebra","description":"Gin portugu\u00eas com alma japonesa","publisher":{"@id":"https:\/\/beneficiogin.com\/#organization"},"alternateName":"Benef\u00edcio Gin","potentialAction":[{"@type":"SearchAction","target":{"@type":"EntryPoint","urlTemplate":"https:\/\/beneficiogin.com\/?s={search_term_string}"},"query-input":{"@type":"PropertyValueSpecification","valueRequired":true,"valueName":"search_term_string"}}],"inLanguage":"es"},{"@type":"Organization","@id":"https:\/\/beneficiogin.com\/#organization","name":"Destilados de Beneficio","alternateName":"Destilados Beneficio","url":"https:\/\/beneficiogin.com\/","logo":{"@type":"ImageObject","inLanguage":"es","@id":"https:\/\/beneficiogin.com\/#\/schema\/logo\/image\/","url":"https:\/\/beneficiogin.com\/wp-content\/uploads\/2022\/11\/Age_Gate_2025.png","contentUrl":"https:\/\/beneficiogin.com\/wp-content\/uploads\/2022\/11\/Age_Gate_2025.png","width":460,"height":375,"caption":"Destilados de Beneficio"},"image":{"@id":"https:\/\/beneficiogin.com\/#\/schema\/logo\/image\/"},"sameAs":["https:\/\/www.facebook.com\/beneficiogin","https:\/\/www.instagram.com\/beneficiogin\/","https:\/\/pt.linkedin.com\/company\/destiladosdebeneficio"],"email":"sales@beneficiogin.com","legalName":"Destilados de Beneficio","vatID":"PT519027744","taxID":"PT519027744","hasMerchantReturnPolicy":{"@type":"MerchantReturnPolicy","merchantReturnLink":"https:\/\/beneficiogin.com\/es\/termos-condicoes\/"}}]}},"jetpack_sharing_enabled":true,"_links":{"self":[{"href":"https:\/\/beneficiogin.com\/es\/wp-json\/wp\/v2\/pages\/5893","targetHints":{"allow":["GET"]}}],"collection":[{"href":"https:\/\/beneficiogin.com\/es\/wp-json\/wp\/v2\/pages"}],"about":[{"href":"https:\/\/beneficiogin.com\/es\/wp-json\/wp\/v2\/types\/page"}],"author":[{"embeddable":true,"href":"https:\/\/beneficiogin.com\/es\/wp-json\/wp\/v2\/users\/1"}],"replies":[{"embeddable":true,"href":"https:\/\/beneficiogin.com\/es\/wp-json\/wp\/v2\/comments?post=5893"}],"version-history":[{"count":19,"href":"https:\/\/beneficiogin.com\/es\/wp-json\/wp\/v2\/pages\/5893\/revisions"}],"predecessor-version":[{"id":10559,"href":"https:\/\/beneficiogin.com\/es\/wp-json\/wp\/v2\/pages\/5893\/revisions\/10559"}],"wp:attachment":[{"href":"https:\/\/beneficiogin.com\/es\/wp-json\/wp\/v2\/media?parent=5893"}],"curies":[{"name":"wp","href":"https:\/\/api.w.org\/{rel}","templated":true}]}}