{"id":11027,"date":"2026-04-14T11:46:10","date_gmt":"2026-04-14T11:46:10","guid":{"rendered":"https:\/\/beneficiogin.com\/?page_id=11027"},"modified":"2026-04-14T13:33:48","modified_gmt":"2026-04-14T13:33:48","slug":"festival","status":"publish","type":"page","link":"https:\/\/beneficiogin.com\/es\/festival\/","title":{"rendered":"Festival"},"content":{"rendered":"<div data-elementor-type=\"wp-page\" data-elementor-id=\"11027\" class=\"elementor elementor-11027\" data-elementor-post-type=\"page\">\n\t\t\t\t<div class=\"elementor-element elementor-element-da1dff8 e-con-full e-flex e-con e-parent\" data-id=\"da1dff8\" data-element_type=\"container\" data-e-type=\"container\">\n\t\t\t\t<div class=\"elementor-element elementor-element-51df329 elementor-widget elementor-widget-image\" data-id=\"51df329\" data-element_type=\"widget\" data-e-type=\"widget\" data-widget_type=\"image.default\">\n\t\t\t\t\t\t\t\t\t\t\t\t\t\t\t<img fetchpriority=\"high\" decoding=\"async\" data-attachment-id=\"11030\" data-permalink=\"https:\/\/beneficiogin.com\/es\/festival\/db_festbmarvao_1920x1080\/\" data-orig-file=\"https:\/\/beneficiogin.com\/wp-content\/uploads\/2026\/04\/DB_FestBMarvao_1920x1080.webp\" data-orig-size=\"1920,1080\" data-comments-opened=\"1\" data-image-meta=\"{&quot;aperture&quot;:&quot;0&quot;,&quot;credit&quot;:&quot;&quot;,&quot;camera&quot;:&quot;&quot;,&quot;caption&quot;:&quot;&quot;,&quot;created_timestamp&quot;:&quot;0&quot;,&quot;copyright&quot;:&quot;&quot;,&quot;focal_length&quot;:&quot;0&quot;,&quot;iso&quot;:&quot;0&quot;,&quot;shutter_speed&quot;:&quot;0&quot;,&quot;title&quot;:&quot;&quot;,&quot;orientation&quot;:&quot;0&quot;}\" data-image-title=\"DB_FestBMarvao_1920x1080\" data-image-description=\"\" data-image-caption=\"\" data-large-file=\"https:\/\/beneficiogin.com\/wp-content\/uploads\/2026\/04\/DB_FestBMarvao_1920x1080.webp\" width=\"1920\" height=\"1080\" src=\"https:\/\/beneficiogin.com\/wp-content\/uploads\/2026\/04\/DB_FestBMarvao_1920x1080.webp\" class=\"attachment-full size-full wp-image-11030\" alt=\"\" \/>\t\t\t\t\t\t\t\t\t\t\t\t\t\t\t<\/div>\n\t\t\t\t<div class=\"elementor-element elementor-element-3adf388 elementor-widget elementor-widget-text-editor\" data-id=\"3adf388\" data-element_type=\"widget\" data-e-type=\"widget\" data-widget_type=\"text-editor.default\">\n\t\t\t\t\t\t\t\t\t<p>El<strong>Benef\u00edcio de Marv\u00e3o<\/strong>es un nuevo festival de m\u00fasica independiente, comunidad y cultura, promovido por Benef\u00edcio Gin, que se celebrar\u00e1 en Santo Ant\u00f3nio das Areias los d\u00edas 10 y 11 de julio, con entrada gratuita en todo el recinto del festival.<\/p>\n<p>El festival re\u00fane conciertos al aire libre, sesiones de DJ, una feria de discos y pop-up stores de productores locales, reforzando la conexi\u00f3n entre la marca, la comunidad, el comercio local, el turismo y quienes siguen la nueva m\u00fasica portuguesa.<\/p>\t\t\t\t\t\t\t\t<\/div>\n\t\t\t\t<div class=\"elementor-element elementor-element-e480c47 elementor-widget elementor-widget-text-editor\" data-id=\"e480c47\" data-element_type=\"widget\" data-e-type=\"widget\" data-widget_type=\"text-editor.default\">\n\t\t\t\t\t\t\t\t\t<p>Programaci\u00f3n<\/p>\t\t\t\t\t\t\t\t<\/div>\n\t\t\t\t<div class=\"elementor-element elementor-element-0faf8b7 elementor-widget elementor-widget-text-editor\" data-id=\"0faf8b7\" data-element_type=\"widget\" data-e-type=\"widget\" data-widget_type=\"text-editor.default\">\n\t\t\t\t\t\t\t\t\t<p>Durante los dos d\u00edas del festival habr\u00e1 pop-up stores de Marv\u00e3o, feria del disco, sesiones de DJ y conciertos.<\/p>\t\t\t\t\t\t\t\t<\/div>\n\t\t\t\t<div class=\"elementor-element elementor-element-7ba9160 elementor-widget elementor-widget-text-editor\" data-id=\"7ba9160\" data-element_type=\"widget\" data-e-type=\"widget\" data-widget_type=\"text-editor.default\">\n\t\t\t\t\t\t\t\t\t<strong>Espacios:<\/strong> Largo Ricardo Vaz Monteiro e Grupo Desportivo Arenense.\t\t\t\t\t\t\t\t<\/div>\n\t\t\t\t<div class=\"elementor-element elementor-element-d6b05fa elementor-widget elementor-widget-text-editor\" data-id=\"d6b05fa\" data-element_type=\"widget\" data-e-type=\"widget\" data-widget_type=\"text-editor.default\">\n\t\t\t\t\t\t\t\t\t<strong>10 julho \u2013 sexta-feira:<\/strong><br\/>\n<u>DJ Sets<\/u>:\nBunny O\u2019Williams e A Boy Named Sue<br\/>\n<br\/>\n\n<strong>11 de julho \u2013 s\u00e1bado:<\/strong><br\/>\n<u>Conciertos<\/u>:\nBunny O\u2019Williams e A Boy Named Sue<br\/>\n<u>DJ Sets<\/u>:\nLES LADS\t\t\t\t\t\t\t\t<\/div>\n\t\t\t\t<div class=\"elementor-element elementor-element-97ef808 elementor-widget elementor-widget-heading\" data-id=\"97ef808\" data-element_type=\"widget\" data-e-type=\"widget\" data-widget_type=\"heading.default\">\n\t\t\t\t\t<p class=\"elementor-heading-title elementor-size-default\">M\u00e1s informaci\u00f3n:<\/p>\t\t\t\t<\/div>\n\t\t\t\t<div class=\"elementor-element elementor-element-b3d0d0c elementor-widget elementor-widget-text-editor\" data-id=\"b3d0d0c\" data-element_type=\"widget\" data-e-type=\"widget\" data-widget_type=\"text-editor.default\">\n\t\t\t\t\t\t\t\t\t<p>El festival nace de una colaboraci\u00f3n en red entre el Ayuntamiento de Marv\u00e3o, la Junta de Freguesia de Santo Ant\u00f3nio das Areias, el Grupo Desportivo Arenense, Ovo Estrelado Records y Benef\u00edcio Gin, as\u00ed como las empresas del municipio, como la cerveza Barona. Esta alianza consolida una visi\u00f3n compartida: hacer de Santo Ant\u00f3nio das Areias un lugar donde la cultura musical contempor\u00e1nea vaya de la mano con la vida asociativa, el deporte, el comercio local y la identidad del municipio.<\/p><p>La programaci\u00f3n musical est\u00e1 comisariada por <a href=\"https:\/\/ovoestrelado.bandcamp.com\/\">Ovo Estrelado<\/a>, una nueva discogr\u00e1fica independiente portuguesa dedicada a la autenticidad, la m\u00fasica independiente y la originalidad art\u00edstica, con una fuerte apuesta por ediciones en vinilo. El sello ya cuenta con dos discos editados \u2014 Piano Impromptus, de Afonso S\u00earro, y Soon After Dawn, de Calcut\u00e1 \u2014 y prepara su tercer \u00e1lbum de ACID ACID, proyecto del m\u00fasico y realizador de radio Tiago Castro.<\/p><p>Para el festival Benef\u00edcio de Marv\u00e3o, Ovo Estrelado presenta a dos artistas de su cat\u00e1logo, Calcut\u00e1 y ACID ACID, e invita tambi\u00e9n a Violeta Azevedo, quien lanzar\u00e1 pr\u00f3ximamente su \u00e1lbum debut.<\/p><p>Benef\u00edcio Gin es una marca portuguesa de ginebra ultra-premium con sede en Marv\u00e3o. Trabaja con productores locales y recursos del municipio, combinando innovaci\u00f3n y desarrollo con tradici\u00f3n e identidad regional. En su esencia est\u00e1 la exploraci\u00f3n de materias primas diferenciadoras con un impacto ambiental positivo. Benef\u00edcio Gin cree en la creaci\u00f3n de productos a partir de recursos end\u00f3genos, contribuyendo a la singularidad de sus productos y generando valor a\u00f1adido a la econom\u00eda local.<\/p><p>En 2023, el Benef\u00edcio Gin de Castanha fue la primera ginebra en utilizar casta\u00f1a DOP de Marv\u00e3o. En 2026, la marca ampli\u00f3 su portafolio con el lanzamiento del Gin Flor de Cerejeira, que se distingue por el uso de flor de cerezo de la Serra de S\u00e3o Mamede, fusionando la tradici\u00f3n japonesa del Hanami con el terroir de monta\u00f1a del Alto Alentejo.<\/p>\t\t\t\t\t\t\t\t<\/div>\n\t\t\t\t<div class=\"elementor-element elementor-element-bd83b97 elementor-align-center elementor-widget elementor-widget-button\" data-id=\"bd83b97\" data-element_type=\"widget\" data-e-type=\"widget\" data-widget_type=\"button.default\">\n\t\t\t\t\t\t\t\t\t\t<a class=\"elementor-button elementor-button-link elementor-size-sm\" href=\"https:\/\/www.swisstransfer.com\/d\/f475f28c-e74d-42a7-8254-6d582c4cf595\" target=\"_blank\">\n\t\t\t\t\t\t<span class=\"elementor-button-content-wrapper\">\n\t\t\t\t\t\t\t\t\t<span class=\"elementor-button-text\">PRESSKIT \/ MEDIAKIT<\/span>\n\t\t\t\t\t<\/span>\n\t\t\t\t\t<\/a>\n\t\t\t\t\t\t\t\t<\/div>\n\t\t\t\t<div class=\"elementor-element elementor-element-732be83 elementor-widget elementor-widget-image\" data-id=\"732be83\" data-element_type=\"widget\" data-e-type=\"widget\" data-widget_type=\"image.default\">\n\t\t\t\t\t\t\t\t\t\t\t\t\t\t\t<img decoding=\"async\" data-attachment-id=\"11040\" data-permalink=\"https:\/\/beneficiogin.com\/es\/festival\/db_festbmarvao_1920x256_barra01\/\" data-orig-file=\"https:\/\/beneficiogin.com\/wp-content\/uploads\/2026\/04\/DB_FestBMarvao_1920x256_Barra01.webp\" data-orig-size=\"1920,256\" data-comments-opened=\"1\" data-image-meta=\"{&quot;aperture&quot;:&quot;0&quot;,&quot;credit&quot;:&quot;&quot;,&quot;camera&quot;:&quot;&quot;,&quot;caption&quot;:&quot;&quot;,&quot;created_timestamp&quot;:&quot;0&quot;,&quot;copyright&quot;:&quot;&quot;,&quot;focal_length&quot;:&quot;0&quot;,&quot;iso&quot;:&quot;0&quot;,&quot;shutter_speed&quot;:&quot;0&quot;,&quot;title&quot;:&quot;&quot;,&quot;orientation&quot;:&quot;0&quot;}\" data-image-title=\"DB_FestBMarvao_1920x256_Barra01\" data-image-description=\"\" data-image-caption=\"\" data-large-file=\"https:\/\/beneficiogin.com\/wp-content\/uploads\/2026\/04\/DB_FestBMarvao_1920x256_Barra01.webp\" width=\"1920\" height=\"256\" src=\"https:\/\/beneficiogin.com\/wp-content\/uploads\/2026\/04\/DB_FestBMarvao_1920x256_Barra01.webp\" class=\"attachment-full size-full wp-image-11040\" alt=\"\" \/>\t\t\t\t\t\t\t\t\t\t\t\t\t\t\t<\/div>\n\t\t\t\t<\/div>\n\t\t<div class=\"elementor-element elementor-element-7e98309f e-flex e-con-boxed e-con e-parent\" data-id=\"7e98309f\" data-element_type=\"container\" data-e-type=\"container\">\n\t\t\t\t\t<div class=\"e-con-inner\">\n\t\t\t\t\t<\/div>\n\t\t\t\t<\/div>\n\t\t<div class=\"elementor-element elementor-element-7442717 e-con-full e-flex e-con e-parent\" data-id=\"7442717\" data-element_type=\"container\" data-e-type=\"container\">\n\t\t\t\t<div class=\"elementor-element elementor-element-afea183 elementor-widget elementor-widget-text-editor\" data-id=\"afea183\" data-element_type=\"widget\" data-e-type=\"widget\" data-widget_type=\"text-editor.default\">\n\t\t\t\t\t\t\t\t\t<h1><a href=\"https:\/\/www.instagram.com\/beneficiogin\/\">@beneficiogin<\/a><\/h1><h2>S\u00edguenos en Instagram<\/h2>\t\t\t\t\t\t\t\t<\/div>\n\t\t\t\t<\/div>\n\t\t\t\t<\/div>","protected":false},"excerpt":{"rendered":"<p>O \u201cBenef\u00edcio de Marv\u00e3o\u201d \u00e9 um novo festival de m\u00fasica independente, comunidade e cultura, promovido pelo Benef\u00edcio Gin, a decorrer em Santo Ant\u00f3nio das Areias, nos dias 10 e 11 de julho, com entrada livre em todo o espa\u00e7o do festival. O festival junta concertos ao ar livre, DJ sets, feira do disco e pop\u2011up [&hellip;]<\/p>\n","protected":false},"author":7,"featured_media":10027,"parent":0,"menu_order":0,"comment_status":"closed","ping_status":"closed","template":"elementor_header_footer","meta":{"footnotes":""},"class_list":["post-11027","page","type-page","status-publish","has-post-thumbnail","hentry"],"yoast_head":"<!-- This site is optimized with the Yoast SEO Premium plugin v27.4 (Yoast SEO v27.6) - https:\/\/yoast.com\/product\/yoast-seo-premium-wordpress\/ -->\n<title>Festival \u2013 Benef\u00edcio Gin<\/title>\n<meta name=\"description\" content=\"Um gin que celebra o que \u00e9 raro, ef\u00e9mero e feito com alma. O Benef\u00edcio Gin Flor de Cerejeira une a tradi\u00e7\u00e3o portuguesa da Serra de S\u00e3o Mamede \u00e0 delicadeza simb\u00f3lica das flores de cerejeira.\" \/>\n<meta name=\"robots\" content=\"index, follow, max-snippet:-1, max-image-preview:large, max-video-preview:-1\" \/>\n<link rel=\"canonical\" href=\"https:\/\/beneficiogin.com\/es\/festival\/\" \/>\n<meta property=\"og:locale\" content=\"es_ES\" \/>\n<meta property=\"og:type\" content=\"article\" \/>\n<meta property=\"og:title\" content=\"Festival\" \/>\n<meta property=\"og:description\" content=\"Um gin que celebra o que \u00e9 raro, ef\u00e9mero e feito com alma. O Benef\u00edcio Gin Flor de Cerejeira une a tradi\u00e7\u00e3o portuguesa da Serra de S\u00e3o Mamede \u00e0 delicadeza simb\u00f3lica das flores de cerejeira.\" \/>\n<meta property=\"og:url\" content=\"https:\/\/beneficiogin.com\/es\/festival\/\" \/>\n<meta property=\"og:site_name\" content=\"Benef\u00edcio Gin\" \/>\n<meta property=\"article:publisher\" content=\"https:\/\/www.facebook.com\/beneficiogin\" \/>\n<meta property=\"article:modified_time\" content=\"2026-04-14T13:33:48+00:00\" \/>\n<meta property=\"og:image\" content=\"https:\/\/beneficiogin.com\/wp-content\/uploads\/2025\/12\/Landingpage_Cerejeira-1.jpg\" \/>\n\t<meta property=\"og:image:width\" content=\"1920\" \/>\n\t<meta property=\"og:image:height\" content=\"1080\" \/>\n\t<meta property=\"og:image:type\" content=\"image\/jpeg\" \/>\n<meta name=\"twitter:card\" content=\"summary_large_image\" \/>\n<meta name=\"twitter:label1\" content=\"Tiempo de lectura\" \/>\n\t<meta name=\"twitter:data1\" content=\"3 minutos\" \/>\n<script type=\"application\/ld+json\" class=\"yoast-schema-graph\">{\"@context\":\"https:\\\/\\\/schema.org\",\"@graph\":[{\"@type\":\"WebPage\",\"@id\":\"https:\\\/\\\/beneficiogin.com\\\/festival\\\/\",\"url\":\"https:\\\/\\\/beneficiogin.com\\\/festival\\\/\",\"name\":\"Festival \u2013 Benef\u00edcio Gin\",\"isPartOf\":{\"@id\":\"https:\\\/\\\/beneficiogin.com\\\/#website\"},\"primaryImageOfPage\":{\"@id\":\"https:\\\/\\\/beneficiogin.com\\\/festival\\\/#primaryimage\"},\"image\":{\"@id\":\"https:\\\/\\\/beneficiogin.com\\\/festival\\\/#primaryimage\"},\"thumbnailUrl\":\"https:\\\/\\\/beneficiogin.com\\\/wp-content\\\/uploads\\\/2025\\\/12\\\/Landingpage_Cerejeira-1.jpg\",\"datePublished\":\"2026-04-14T11:46:10+00:00\",\"dateModified\":\"2026-04-14T13:33:48+00:00\",\"description\":\"Um gin que celebra o que \u00e9 raro, ef\u00e9mero e feito com alma. O Benef\u00edcio Gin Flor de Cerejeira une a tradi\u00e7\u00e3o portuguesa da Serra de S\u00e3o Mamede \u00e0 delicadeza simb\u00f3lica das flores de cerejeira.\",\"breadcrumb\":{\"@id\":\"https:\\\/\\\/beneficiogin.com\\\/festival\\\/#breadcrumb\"},\"inLanguage\":\"es\",\"potentialAction\":[{\"@type\":\"ReadAction\",\"target\":[\"https:\\\/\\\/beneficiogin.com\\\/festival\\\/\"]}]},{\"@type\":\"ImageObject\",\"inLanguage\":\"es\",\"@id\":\"https:\\\/\\\/beneficiogin.com\\\/festival\\\/#primaryimage\",\"url\":\"https:\\\/\\\/beneficiogin.com\\\/wp-content\\\/uploads\\\/2025\\\/12\\\/Landingpage_Cerejeira-1.jpg\",\"contentUrl\":\"https:\\\/\\\/beneficiogin.com\\\/wp-content\\\/uploads\\\/2025\\\/12\\\/Landingpage_Cerejeira-1.jpg\",\"width\":1920,\"height\":1080},{\"@type\":\"BreadcrumbList\",\"@id\":\"https:\\\/\\\/beneficiogin.com\\\/festival\\\/#breadcrumb\",\"itemListElement\":[{\"@type\":\"ListItem\",\"position\":1,\"name\":\"In\u00edcio\",\"item\":\"https:\\\/\\\/beneficiogin.com\\\/\"},{\"@type\":\"ListItem\",\"position\":2,\"name\":\"Festival\"}]},{\"@type\":\"WebSite\",\"@id\":\"https:\\\/\\\/beneficiogin.com\\\/#website\",\"url\":\"https:\\\/\\\/beneficiogin.com\\\/\",\"name\":\"Benef\u00edcio Gin\",\"description\":\"Gin portugu\u00eas com alma japonesa\",\"publisher\":{\"@id\":\"https:\\\/\\\/beneficiogin.com\\\/#organization\"},\"alternateName\":\"Benef\u00edcio Gin\",\"potentialAction\":[{\"@type\":\"SearchAction\",\"target\":{\"@type\":\"EntryPoint\",\"urlTemplate\":\"https:\\\/\\\/beneficiogin.com\\\/?s={search_term_string}\"},\"query-input\":{\"@type\":\"PropertyValueSpecification\",\"valueRequired\":true,\"valueName\":\"search_term_string\"}}],\"inLanguage\":\"es\"},{\"@type\":\"Organization\",\"@id\":\"https:\\\/\\\/beneficiogin.com\\\/#organization\",\"name\":\"Destilados de Beneficio\",\"alternateName\":\"Destilados Beneficio\",\"url\":\"https:\\\/\\\/beneficiogin.com\\\/\",\"logo\":{\"@type\":\"ImageObject\",\"inLanguage\":\"es\",\"@id\":\"https:\\\/\\\/beneficiogin.com\\\/#\\\/schema\\\/logo\\\/image\\\/\",\"url\":\"https:\\\/\\\/beneficiogin.com\\\/wp-content\\\/uploads\\\/2022\\\/11\\\/Age_Gate_2025.png\",\"contentUrl\":\"https:\\\/\\\/beneficiogin.com\\\/wp-content\\\/uploads\\\/2022\\\/11\\\/Age_Gate_2025.png\",\"width\":460,\"height\":375,\"caption\":\"Destilados de Beneficio\"},\"image\":{\"@id\":\"https:\\\/\\\/beneficiogin.com\\\/#\\\/schema\\\/logo\\\/image\\\/\"},\"sameAs\":[\"https:\\\/\\\/www.facebook.com\\\/beneficiogin\",\"https:\\\/\\\/www.instagram.com\\\/beneficiogin\\\/\",\"https:\\\/\\\/pt.linkedin.com\\\/company\\\/destiladosdebeneficio\"],\"email\":\"sales@beneficiogin.com\",\"legalName\":\"Destilados de Beneficio\",\"vatID\":\"PT519027744\",\"taxID\":\"PT519027744\",\"hasMerchantReturnPolicy\":{\"@type\":\"MerchantReturnPolicy\",\"merchantReturnLink\":\"https:\\\/\\\/beneficiogin.com\\\/es\\\/termos-condicoes\\\/\"}}]}<\/script>\n<!-- \/ Yoast SEO Premium plugin. -->","yoast_head_json":{"title":"Festival \u2013 Benef\u00edcio Gin","description":"Um gin que celebra o que \u00e9 raro, ef\u00e9mero e feito com alma. O Benef\u00edcio Gin Flor de Cerejeira une a tradi\u00e7\u00e3o portuguesa da Serra de S\u00e3o Mamede \u00e0 delicadeza simb\u00f3lica das flores de cerejeira.","robots":{"index":"index","follow":"follow","max-snippet":"max-snippet:-1","max-image-preview":"max-image-preview:large","max-video-preview":"max-video-preview:-1"},"canonical":"https:\/\/beneficiogin.com\/es\/festival\/","og_locale":"es_ES","og_type":"article","og_title":"Festival","og_description":"Um gin que celebra o que \u00e9 raro, ef\u00e9mero e feito com alma. O Benef\u00edcio Gin Flor de Cerejeira une a tradi\u00e7\u00e3o portuguesa da Serra de S\u00e3o Mamede \u00e0 delicadeza simb\u00f3lica das flores de cerejeira.","og_url":"https:\/\/beneficiogin.com\/es\/festival\/","og_site_name":"Benef\u00edcio Gin","article_publisher":"https:\/\/www.facebook.com\/beneficiogin","article_modified_time":"2026-04-14T13:33:48+00:00","og_image":[{"width":1920,"height":1080,"url":"https:\/\/beneficiogin.com\/wp-content\/uploads\/2025\/12\/Landingpage_Cerejeira-1.jpg","type":"image\/jpeg"}],"twitter_card":"summary_large_image","twitter_misc":{"Tiempo de lectura":"3 minutos"},"schema":{"@context":"https:\/\/schema.org","@graph":[{"@type":"WebPage","@id":"https:\/\/beneficiogin.com\/festival\/","url":"https:\/\/beneficiogin.com\/festival\/","name":"Festival \u2013 Benef\u00edcio Gin","isPartOf":{"@id":"https:\/\/beneficiogin.com\/#website"},"primaryImageOfPage":{"@id":"https:\/\/beneficiogin.com\/festival\/#primaryimage"},"image":{"@id":"https:\/\/beneficiogin.com\/festival\/#primaryimage"},"thumbnailUrl":"https:\/\/beneficiogin.com\/wp-content\/uploads\/2025\/12\/Landingpage_Cerejeira-1.jpg","datePublished":"2026-04-14T11:46:10+00:00","dateModified":"2026-04-14T13:33:48+00:00","description":"Um gin que celebra o que \u00e9 raro, ef\u00e9mero e feito com alma. O Benef\u00edcio Gin Flor de Cerejeira une a tradi\u00e7\u00e3o portuguesa da Serra de S\u00e3o Mamede \u00e0 delicadeza simb\u00f3lica das flores de cerejeira.","breadcrumb":{"@id":"https:\/\/beneficiogin.com\/festival\/#breadcrumb"},"inLanguage":"es","potentialAction":[{"@type":"ReadAction","target":["https:\/\/beneficiogin.com\/festival\/"]}]},{"@type":"ImageObject","inLanguage":"es","@id":"https:\/\/beneficiogin.com\/festival\/#primaryimage","url":"https:\/\/beneficiogin.com\/wp-content\/uploads\/2025\/12\/Landingpage_Cerejeira-1.jpg","contentUrl":"https:\/\/beneficiogin.com\/wp-content\/uploads\/2025\/12\/Landingpage_Cerejeira-1.jpg","width":1920,"height":1080},{"@type":"BreadcrumbList","@id":"https:\/\/beneficiogin.com\/festival\/#breadcrumb","itemListElement":[{"@type":"ListItem","position":1,"name":"In\u00edcio","item":"https:\/\/beneficiogin.com\/"},{"@type":"ListItem","position":2,"name":"Festival"}]},{"@type":"WebSite","@id":"https:\/\/beneficiogin.com\/#website","url":"https:\/\/beneficiogin.com\/","name":"Beneficios de la ginebra","description":"Gin portugu\u00eas com alma japonesa","publisher":{"@id":"https:\/\/beneficiogin.com\/#organization"},"alternateName":"Benef\u00edcio Gin","potentialAction":[{"@type":"SearchAction","target":{"@type":"EntryPoint","urlTemplate":"https:\/\/beneficiogin.com\/?s={search_term_string}"},"query-input":{"@type":"PropertyValueSpecification","valueRequired":true,"valueName":"search_term_string"}}],"inLanguage":"es"},{"@type":"Organization","@id":"https:\/\/beneficiogin.com\/#organization","name":"Destilados de Beneficio","alternateName":"Destilados Beneficio","url":"https:\/\/beneficiogin.com\/","logo":{"@type":"ImageObject","inLanguage":"es","@id":"https:\/\/beneficiogin.com\/#\/schema\/logo\/image\/","url":"https:\/\/beneficiogin.com\/wp-content\/uploads\/2022\/11\/Age_Gate_2025.png","contentUrl":"https:\/\/beneficiogin.com\/wp-content\/uploads\/2022\/11\/Age_Gate_2025.png","width":460,"height":375,"caption":"Destilados de Beneficio"},"image":{"@id":"https:\/\/beneficiogin.com\/#\/schema\/logo\/image\/"},"sameAs":["https:\/\/www.facebook.com\/beneficiogin","https:\/\/www.instagram.com\/beneficiogin\/","https:\/\/pt.linkedin.com\/company\/destiladosdebeneficio"],"email":"sales@beneficiogin.com","legalName":"Destilados de Beneficio","vatID":"PT519027744","taxID":"PT519027744","hasMerchantReturnPolicy":{"@type":"MerchantReturnPolicy","merchantReturnLink":"https:\/\/beneficiogin.com\/es\/termos-condicoes\/"}}]}},"jetpack_sharing_enabled":true,"_links":{"self":[{"href":"https:\/\/beneficiogin.com\/es\/wp-json\/wp\/v2\/pages\/11027","targetHints":{"allow":["GET"]}}],"collection":[{"href":"https:\/\/beneficiogin.com\/es\/wp-json\/wp\/v2\/pages"}],"about":[{"href":"https:\/\/beneficiogin.com\/es\/wp-json\/wp\/v2\/types\/page"}],"author":[{"embeddable":true,"href":"https:\/\/beneficiogin.com\/es\/wp-json\/wp\/v2\/users\/7"}],"replies":[{"embeddable":true,"href":"https:\/\/beneficiogin.com\/es\/wp-json\/wp\/v2\/comments?post=11027"}],"version-history":[{"count":40,"href":"https:\/\/beneficiogin.com\/es\/wp-json\/wp\/v2\/pages\/11027\/revisions"}],"predecessor-version":[{"id":11077,"href":"https:\/\/beneficiogin.com\/es\/wp-json\/wp\/v2\/pages\/11027\/revisions\/11077"}],"wp:featuredmedia":[{"embeddable":true,"href":"https:\/\/beneficiogin.com\/es\/wp-json\/wp\/v2\/media\/10027"}],"wp:attachment":[{"href":"https:\/\/beneficiogin.com\/es\/wp-json\/wp\/v2\/media?parent=11027"}],"curies":[{"name":"wp","href":"https:\/\/api.w.org\/{rel}","templated":true}]}}