{"id":9722,"date":"2025-12-09T16:40:21","date_gmt":"2025-12-09T16:40:21","guid":{"rendered":"https:\/\/beneficiogin.com\/?post_type=product&#038;p=9722"},"modified":"2026-03-11T16:03:08","modified_gmt":"2026-03-11T16:03:08","slug":"gin-flor-de-cerejeira","status":"publish","type":"product","link":"https:\/\/beneficiogin.com\/en\/store\/gin-flor-de-cerejeira\/","title":{"rendered":"Cherry Blossom Gin"},"content":{"rendered":"<p>A gin that celebrates what is rare, ephemeral, and made with soul. Benef\u00edcio Cherry Blossom Gin unites the Portuguese tradition of Serra de S\u00e3o Mamede with the symbolic delicacy of cherry blossoms in a limited and unrepeatable edition.<\/p>\n<p>Each bottle captures the fleeting beauty of spring and the meeting of cultures that revere nature. More than a gin, it is a poetic gesture where terroir, technique, and time converge <em>terroir<\/em>, t\u00e9cnica e tempo convergem.\u200b<\/p>\n<p>&nbsp;<\/p>\n<p class=\"Body\"><b>Tasting notes<\/b><\/p>\n<p class=\"Body\"><b>Nose:<\/b> upon opening the bottle, one immediately senses a floral and sweet aroma, evocative of the cherry blossom\u2019s delicacy. It presents soft yet perfectly perceptible notes of cherry petals that recall the freshness of spring. The clean base of the rice spirit allows the floral and sweet aromas to reveal themselves with elegance, complemented by subtle touches of juniper.<\/p>\n<p class=\"Body\"><b>Palate:<\/b> smooth and balanced, with a delicate entry that reveals the essence of the S\u00e3o Juli\u00e3o cherry blossoms. The enveloping floral notes meld with touches of acidity\u2014a result of the salt and vinegar preservation\u2014and a slight natural sweetness. The finish is long, refined, and fresh, with a complexity that invites contemplation.<\/p>\n<p class=\"Body\"><b>Intensity:<\/b> floral and delicate.<\/p>","protected":false},"excerpt":{"rendered":"<p class=\"Body\">A Portuguese gin, created with a Japanese soul.<\/p>","protected":false},"featured_media":10466,"template":"","meta":[],"product_brand":[],"product_cat":[145],"product_tag":[],"class_list":{"0":"post-9722","1":"product","2":"type-product","3":"status-publish","4":"has-post-thumbnail","6":"product_cat-gins","8":"first","9":"instock","10":"taxable","11":"shipping-taxable","12":"purchasable","13":"product-type-simple"},"bundled_by":[],"bundle_stock_status":"instock","bundle_stock_quantity":15,"bundle_virtual":false,"bundle_layout":"","bundle_add_to_cart_form_location":"","bundle_editable_in_cart":false,"bundle_sold_individually_context":"","bundle_item_grouping":"","bundle_min_size":"","bundle_max_size":"","bundle_price":[],"bundled_items":[],"bundle_sell_ids":[],"yoast_head":"<!-- This site is optimized with the Yoast SEO Premium plugin v27.2 (Yoast SEO v27.3) - https:\/\/yoast.com\/product\/yoast-seo-premium-wordpress\/ -->\n<title>Gin Flor de Cerejeira<\/title>\n<meta name=\"description\" content=\"Gin portugu\u00eas com alma japonesa. Apresentamos o\u00a0primeiro Gin Portugu\u00eas de Flor de Cerejeira. O resultado? Um gin que n\u00e3o celebra apenas um produto, mas tamb\u00e9m a hist\u00f3ria do encontro entre duas culturas de montanha que reverenciam a natureza: a portuguesa Serra de S\u00e3o Mamede e o ic\u00f3nico Monte Fuji do Jap\u00e3o.Cada garrafa capta a beleza fugaz da primavera e o encontro de culturas que reverenciam a natureza. Mais do que um gin, \u00e9 um gesto po\u00e9tico em que terroir, t\u00e9cnica e tempo convergem.\u200b\" \/>\n<meta name=\"robots\" content=\"index, follow, max-snippet:-1, max-image-preview:large, max-video-preview:-1\" \/>\n<link rel=\"canonical\" href=\"https:\/\/beneficiogin.com\/en\/store\/gin-flor-de-cerejeira\/\" \/>\n<meta property=\"og:locale\" content=\"en_GB\" \/>\n<meta property=\"og:type\" content=\"article\" \/>\n<meta property=\"og:title\" content=\"Gin Flor de Cerejeira\" \/>\n<meta property=\"og:description\" content=\"Gin portugu\u00eas com alma japonesa. Apresentamos o\u00a0primeiro Gin Portugu\u00eas de Flor de Cerejeira. O resultado? Um gin que n\u00e3o celebra apenas um produto, mas tamb\u00e9m a hist\u00f3ria do encontro entre duas culturas de montanha que reverenciam a natureza: a portuguesa Serra de S\u00e3o Mamede e o ic\u00f3nico Monte Fuji do Jap\u00e3o.Cada garrafa capta a beleza fugaz da primavera e o encontro de culturas que reverenciam a natureza. Mais do que um gin, \u00e9 um gesto po\u00e9tico em que terroir, t\u00e9cnica e tempo convergem.\u200b\" \/>\n<meta property=\"og:url\" content=\"https:\/\/beneficiogin.com\/en\/store\/gin-flor-de-cerejeira\/\" \/>\n<meta property=\"og:site_name\" content=\"Benef\u00edcio Gin\" \/>\n<meta property=\"article:publisher\" content=\"https:\/\/www.facebook.com\/beneficiogin\" \/>\n<meta property=\"article:modified_time\" content=\"2026-03-11T16:03:08+00:00\" \/>\n<meta property=\"og:image\" content=\"https:\/\/beneficiogin.com\/wp-content\/uploads\/2025\/12\/Landingpage_Cerejeira_square.jpg\" \/>\n\t<meta property=\"og:image:width\" content=\"1080\" \/>\n\t<meta property=\"og:image:height\" content=\"1080\" \/>\n\t<meta property=\"og:image:type\" content=\"image\/jpeg\" \/>\n<meta name=\"twitter:card\" content=\"summary_large_image\" \/>\n<meta name=\"twitter:label1\" content=\"Price\" \/>\n\t<meta name=\"twitter:data1\" content=\"&euro;43.00\" \/>\n\t<meta name=\"twitter:label2\" content=\"Availability\" \/>\n\t<meta name=\"twitter:data2\" content=\"In stock\" \/>\n<script type=\"application\/ld+json\" class=\"yoast-schema-graph\">{\"@context\":\"https:\\\/\\\/schema.org\",\"@graph\":[{\"@type\":\"WebPage\",\"@id\":\"https:\\\/\\\/beneficiogin.com\\\/store\\\/gin-flor-de-cerejeira\\\/\",\"url\":\"https:\\\/\\\/beneficiogin.com\\\/store\\\/gin-flor-de-cerejeira\\\/\",\"name\":\"Gin Flor de Cerejeira\",\"isPartOf\":{\"@id\":\"https:\\\/\\\/beneficiogin.com\\\/#website\"},\"primaryImageOfPage\":{\"@id\":\"https:\\\/\\\/beneficiogin.com\\\/store\\\/gin-flor-de-cerejeira\\\/#primaryimage\"},\"image\":{\"@id\":\"https:\\\/\\\/beneficiogin.com\\\/store\\\/gin-flor-de-cerejeira\\\/#primaryimage\"},\"thumbnailUrl\":\"https:\\\/\\\/beneficiogin.com\\\/wp-content\\\/uploads\\\/2025\\\/12\\\/Landingpage_Cerejeira_square.jpg\",\"datePublished\":\"2025-12-09T16:40:21+00:00\",\"dateModified\":\"2026-03-11T16:03:08+00:00\",\"description\":\"Gin portugu\u00eas com alma japonesa. Apresentamos o\u00a0primeiro Gin Portugu\u00eas de Flor de Cerejeira. O resultado? Um gin que n\u00e3o celebra apenas um produto, mas tamb\u00e9m a hist\u00f3ria do encontro entre duas culturas de montanha que reverenciam a natureza: a portuguesa Serra de S\u00e3o Mamede e o ic\u00f3nico Monte Fuji do Jap\u00e3o.Cada garrafa capta a beleza fugaz da primavera e o encontro de culturas que reverenciam a natureza. Mais do que um gin, \u00e9 um gesto po\u00e9tico em que terroir, t\u00e9cnica e tempo convergem.\u200b\",\"breadcrumb\":{\"@id\":\"https:\\\/\\\/beneficiogin.com\\\/store\\\/gin-flor-de-cerejeira\\\/#breadcrumb\"},\"inLanguage\":\"en-GB\",\"potentialAction\":[{\"@type\":\"ReadAction\",\"target\":[\"https:\\\/\\\/beneficiogin.com\\\/store\\\/gin-flor-de-cerejeira\\\/\"]}]},{\"@type\":\"ImageObject\",\"inLanguage\":\"en-GB\",\"@id\":\"https:\\\/\\\/beneficiogin.com\\\/store\\\/gin-flor-de-cerejeira\\\/#primaryimage\",\"url\":\"https:\\\/\\\/beneficiogin.com\\\/wp-content\\\/uploads\\\/2025\\\/12\\\/Landingpage_Cerejeira_square.jpg\",\"contentUrl\":\"https:\\\/\\\/beneficiogin.com\\\/wp-content\\\/uploads\\\/2025\\\/12\\\/Landingpage_Cerejeira_square.jpg\",\"width\":1080,\"height\":1080},{\"@type\":\"BreadcrumbList\",\"@id\":\"https:\\\/\\\/beneficiogin.com\\\/store\\\/gin-flor-de-cerejeira\\\/#breadcrumb\",\"itemListElement\":[{\"@type\":\"ListItem\",\"position\":1,\"name\":\"In\u00edcio\",\"item\":\"https:\\\/\\\/beneficiogin.com\\\/\"},{\"@type\":\"ListItem\",\"position\":2,\"name\":\"Loja\",\"item\":\"https:\\\/\\\/beneficiogin.com\\\/?page_id=8932\"},{\"@type\":\"ListItem\",\"position\":3,\"name\":\"Gin Flor de Cerejeira\"}]},{\"@type\":\"WebSite\",\"@id\":\"https:\\\/\\\/beneficiogin.com\\\/#website\",\"url\":\"https:\\\/\\\/beneficiogin.com\\\/\",\"name\":\"Benef\u00edcio Gin\",\"description\":\"Gin portugu\u00eas com alma japonesa\",\"publisher\":{\"@id\":\"https:\\\/\\\/beneficiogin.com\\\/#organization\"},\"alternateName\":\"Benef\u00edcio Gin\",\"potentialAction\":[{\"@type\":\"SearchAction\",\"target\":{\"@type\":\"EntryPoint\",\"urlTemplate\":\"https:\\\/\\\/beneficiogin.com\\\/?s={search_term_string}\"},\"query-input\":{\"@type\":\"PropertyValueSpecification\",\"valueRequired\":true,\"valueName\":\"search_term_string\"}}],\"inLanguage\":\"en-GB\"},{\"@type\":\"Organization\",\"@id\":\"https:\\\/\\\/beneficiogin.com\\\/#organization\",\"name\":\"Destilados de Beneficio\",\"alternateName\":\"Destilados Beneficio\",\"url\":\"https:\\\/\\\/beneficiogin.com\\\/\",\"logo\":{\"@type\":\"ImageObject\",\"inLanguage\":\"en-GB\",\"@id\":\"https:\\\/\\\/beneficiogin.com\\\/#\\\/schema\\\/logo\\\/image\\\/\",\"url\":\"https:\\\/\\\/beneficiogin.com\\\/wp-content\\\/uploads\\\/2022\\\/11\\\/Age_Gate_2025.png\",\"contentUrl\":\"https:\\\/\\\/beneficiogin.com\\\/wp-content\\\/uploads\\\/2022\\\/11\\\/Age_Gate_2025.png\",\"width\":460,\"height\":375,\"caption\":\"Destilados de Beneficio\"},\"image\":{\"@id\":\"https:\\\/\\\/beneficiogin.com\\\/#\\\/schema\\\/logo\\\/image\\\/\"},\"sameAs\":[\"https:\\\/\\\/www.facebook.com\\\/beneficiogin\",\"https:\\\/\\\/www.instagram.com\\\/beneficiogin\\\/\",\"https:\\\/\\\/pt.linkedin.com\\\/company\\\/destiladosdebeneficio\"],\"email\":\"sales@beneficiogin.com\",\"legalName\":\"Destilados de Beneficio\",\"vatID\":\"PT519027744\",\"taxID\":\"PT519027744\",\"hasMerchantReturnPolicy\":{\"@type\":\"MerchantReturnPolicy\",\"merchantReturnLink\":\"https:\\\/\\\/beneficiogin.com\\\/en\\\/termos-condicoes\\\/\"}}]}<\/script>\n<meta property=\"product:price:amount\" content=\"43.00\" \/>\n<meta property=\"product:price:currency\" content=\"EUR\" \/>\n<meta property=\"og:availability\" content=\"instock\" \/>\n<meta property=\"product:availability\" content=\"instock\" \/>\n<meta property=\"product:condition\" content=\"new\" \/>\n<!-- \/ Yoast SEO Premium plugin. -->","yoast_head_json":{"title":"Cherry Blossom Gin","description":"Gin portugu\u00eas com alma japonesa. Apresentamos o\u00a0primeiro Gin Portugu\u00eas de Flor de Cerejeira. O resultado? Um gin que n\u00e3o celebra apenas um produto, mas tamb\u00e9m a hist\u00f3ria do encontro entre duas culturas de montanha que reverenciam a natureza: a portuguesa Serra de S\u00e3o Mamede e o ic\u00f3nico Monte Fuji do Jap\u00e3o.Cada garrafa capta a beleza fugaz da primavera e o encontro de culturas que reverenciam a natureza. Mais do que um gin, \u00e9 um gesto po\u00e9tico em que terroir, t\u00e9cnica e tempo convergem.\u200b","robots":{"index":"index","follow":"follow","max-snippet":"max-snippet:-1","max-image-preview":"max-image-preview:large","max-video-preview":"max-video-preview:-1"},"canonical":"https:\/\/beneficiogin.com\/en\/store\/gin-flor-de-cerejeira\/","og_locale":"en_GB","og_type":"article","og_title":"Gin Flor de Cerejeira","og_description":"Gin portugu\u00eas com alma japonesa. Apresentamos o\u00a0primeiro Gin Portugu\u00eas de Flor de Cerejeira. O resultado? Um gin que n\u00e3o celebra apenas um produto, mas tamb\u00e9m a hist\u00f3ria do encontro entre duas culturas de montanha que reverenciam a natureza: a portuguesa Serra de S\u00e3o Mamede e o ic\u00f3nico Monte Fuji do Jap\u00e3o.Cada garrafa capta a beleza fugaz da primavera e o encontro de culturas que reverenciam a natureza. Mais do que um gin, \u00e9 um gesto po\u00e9tico em que terroir, t\u00e9cnica e tempo convergem.\u200b","og_url":"https:\/\/beneficiogin.com\/en\/store\/gin-flor-de-cerejeira\/","og_site_name":"Benef\u00edcio Gin","article_publisher":"https:\/\/www.facebook.com\/beneficiogin","article_modified_time":"2026-03-11T16:03:08+00:00","og_image":[{"width":1080,"height":1080,"url":"https:\/\/beneficiogin.com\/wp-content\/uploads\/2025\/12\/Landingpage_Cerejeira_square.jpg","type":"image\/jpeg"}],"twitter_card":"summary_large_image","twitter_misc":{"Price":"&euro;43.00","Availability":"In stock"},"schema":{"@context":"https:\/\/schema.org","@graph":[{"@type":"WebPage","@id":"https:\/\/beneficiogin.com\/store\/gin-flor-de-cerejeira\/","url":"https:\/\/beneficiogin.com\/store\/gin-flor-de-cerejeira\/","name":"Cherry Blossom Gin","isPartOf":{"@id":"https:\/\/beneficiogin.com\/#website"},"primaryImageOfPage":{"@id":"https:\/\/beneficiogin.com\/store\/gin-flor-de-cerejeira\/#primaryimage"},"image":{"@id":"https:\/\/beneficiogin.com\/store\/gin-flor-de-cerejeira\/#primaryimage"},"thumbnailUrl":"https:\/\/beneficiogin.com\/wp-content\/uploads\/2025\/12\/Landingpage_Cerejeira_square.jpg","datePublished":"2025-12-09T16:40:21+00:00","dateModified":"2026-03-11T16:03:08+00:00","description":"Gin portugu\u00eas com alma japonesa. Apresentamos o\u00a0primeiro Gin Portugu\u00eas de Flor de Cerejeira. O resultado? Um gin que n\u00e3o celebra apenas um produto, mas tamb\u00e9m a hist\u00f3ria do encontro entre duas culturas de montanha que reverenciam a natureza: a portuguesa Serra de S\u00e3o Mamede e o ic\u00f3nico Monte Fuji do Jap\u00e3o.Cada garrafa capta a beleza fugaz da primavera e o encontro de culturas que reverenciam a natureza. Mais do que um gin, \u00e9 um gesto po\u00e9tico em que terroir, t\u00e9cnica e tempo convergem.\u200b","breadcrumb":{"@id":"https:\/\/beneficiogin.com\/store\/gin-flor-de-cerejeira\/#breadcrumb"},"inLanguage":"en-GB","potentialAction":[{"@type":"ReadAction","target":["https:\/\/beneficiogin.com\/store\/gin-flor-de-cerejeira\/"]}]},{"@type":"ImageObject","inLanguage":"en-GB","@id":"https:\/\/beneficiogin.com\/store\/gin-flor-de-cerejeira\/#primaryimage","url":"https:\/\/beneficiogin.com\/wp-content\/uploads\/2025\/12\/Landingpage_Cerejeira_square.jpg","contentUrl":"https:\/\/beneficiogin.com\/wp-content\/uploads\/2025\/12\/Landingpage_Cerejeira_square.jpg","width":1080,"height":1080},{"@type":"BreadcrumbList","@id":"https:\/\/beneficiogin.com\/store\/gin-flor-de-cerejeira\/#breadcrumb","itemListElement":[{"@type":"ListItem","position":1,"name":"In\u00edcio","item":"https:\/\/beneficiogin.com\/"},{"@type":"ListItem","position":2,"name":"Loja","item":"https:\/\/beneficiogin.com\/?page_id=8932"},{"@type":"ListItem","position":3,"name":"Gin Flor de Cerejeira"}]},{"@type":"WebSite","@id":"https:\/\/beneficiogin.com\/#website","url":"https:\/\/beneficiogin.com\/","name":"Gin Benefit","description":"Gin portugu\u00eas com alma japonesa","publisher":{"@id":"https:\/\/beneficiogin.com\/#organization"},"alternateName":"Benef\u00edcio Gin","potentialAction":[{"@type":"SearchAction","target":{"@type":"EntryPoint","urlTemplate":"https:\/\/beneficiogin.com\/?s={search_term_string}"},"query-input":{"@type":"PropertyValueSpecification","valueRequired":true,"valueName":"search_term_string"}}],"inLanguage":"en-GB"},{"@type":"Organization","@id":"https:\/\/beneficiogin.com\/#organization","name":"Destilados de Beneficio","alternateName":"Destilados Beneficio","url":"https:\/\/beneficiogin.com\/","logo":{"@type":"ImageObject","inLanguage":"en-GB","@id":"https:\/\/beneficiogin.com\/#\/schema\/logo\/image\/","url":"https:\/\/beneficiogin.com\/wp-content\/uploads\/2022\/11\/Age_Gate_2025.png","contentUrl":"https:\/\/beneficiogin.com\/wp-content\/uploads\/2022\/11\/Age_Gate_2025.png","width":460,"height":375,"caption":"Destilados de Beneficio"},"image":{"@id":"https:\/\/beneficiogin.com\/#\/schema\/logo\/image\/"},"sameAs":["https:\/\/www.facebook.com\/beneficiogin","https:\/\/www.instagram.com\/beneficiogin\/","https:\/\/pt.linkedin.com\/company\/destiladosdebeneficio"],"email":"sales@beneficiogin.com","legalName":"Destilados de Beneficio","vatID":"PT519027744","taxID":"PT519027744","hasMerchantReturnPolicy":{"@type":"MerchantReturnPolicy","merchantReturnLink":"https:\/\/beneficiogin.com\/en\/termos-condicoes\/"}}]},"product_price_amount":"43.00","product_price_currency":"EUR","og_availability":"instock","product_availability":"instock","product_condition":"new"},"jetpack_sharing_enabled":true,"_links":{"self":[{"href":"https:\/\/beneficiogin.com\/en\/wp-json\/wp\/v2\/product\/9722","targetHints":{"allow":["GET"]}}],"collection":[{"href":"https:\/\/beneficiogin.com\/en\/wp-json\/wp\/v2\/product"}],"about":[{"href":"https:\/\/beneficiogin.com\/en\/wp-json\/wp\/v2\/types\/product"}],"wp:featuredmedia":[{"embeddable":true,"href":"https:\/\/beneficiogin.com\/en\/wp-json\/wp\/v2\/media\/10466"}],"wp:attachment":[{"href":"https:\/\/beneficiogin.com\/en\/wp-json\/wp\/v2\/media?parent=9722"}],"wp:term":[{"taxonomy":"product_brand","embeddable":true,"href":"https:\/\/beneficiogin.com\/en\/wp-json\/wp\/v2\/product_brand?post=9722"},{"taxonomy":"product_cat","embeddable":true,"href":"https:\/\/beneficiogin.com\/en\/wp-json\/wp\/v2\/product_cat?post=9722"},{"taxonomy":"product_tag","embeddable":true,"href":"https:\/\/beneficiogin.com\/en\/wp-json\/wp\/v2\/product_tag?post=9722"}],"curies":[{"name":"wp","href":"https:\/\/api.w.org\/{rel}","templated":true}]}}