{"id":8173,"date":"2023-12-11T20:39:02","date_gmt":"2023-12-11T20:39:02","guid":{"rendered":"http:\/\/beneficiogin.com\/?post_type=product&#038;p=8173"},"modified":"2026-03-24T00:48:36","modified_gmt":"2026-03-24T00:48:36","slug":"terceto","status":"publish","type":"product","link":"https:\/\/beneficiogin.com\/en\/store\/terceto\/","title":{"rendered":"Triplet"},"content":{"rendered":"","protected":false},"excerpt":{"rendered":"<p>O Terceto \u00e9 uma oferta exclusiva que combina qualquer uma das varia\u00e7\u00f5es do Gin de Flor de C\u00e2nhamo \u2013 Herbal, Estival e Delicado.<\/p>\n<p>Cada variedade de gin de Flor de C\u00e2nhamo oferece uma experi\u00eancia sensorial \u00fanica.<\/p>\n<p>The combination of the three units represents a creative and sensorial challenge, providing a unique and engaging experience for gin lovers.<\/p>","protected":false},"featured_media":10855,"template":"","meta":[],"product_brand":[],"product_cat":[160],"product_tag":[],"class_list":{"0":"post-8173","1":"product","2":"type-product","3":"status-publish","4":"has-post-thumbnail","6":"product_cat-packs","8":"first","9":"instock","10":"taxable","11":"shipping-taxable","12":"purchasable","13":"product-type-bundle"},"bundled_by":[],"bundle_stock_status":"instock","bundle_stock_quantity":19,"bundle_virtual":false,"bundle_layout":"default","bundle_add_to_cart_form_location":"default","bundle_editable_in_cart":false,"bundle_sold_individually_context":"product","bundle_item_grouping":"noindent","bundle_min_size":3,"bundle_max_size":3,"bundle_price":{"price":{"min":{"incl_tax":"102","excl_tax":"82.926829"},"max":{"incl_tax":"102","excl_tax":"82.926829"}},"regular_price":{"min":{"incl_tax":"102","excl_tax":"82.926829"},"max":{"incl_tax":"102","excl_tax":"82.926829"}}},"bundled_items":[{"bundled_item_id":32,"product_id":6995,"menu_order":0,"quantity_min":1,"quantity_max":3,"quantity_default":1,"priced_individually":false,"shipped_individually":false,"override_title":true,"title":"Herbal","override_description":false,"description":"Uma sele\u00e7\u00e3o de onze bot\u00e2nicos que a tornam extremamente floral e fresca","optional":true,"hide_thumbnail":false,"discount":"","override_variations":false,"allowed_variations":[],"override_default_variation_attributes":false,"default_variation_attributes":[],"single_product_visibility":"visible","cart_visibility":"visible","order_visibility":"visible","single_product_price_visibility":"visible","cart_price_visibility":"visible","order_price_visibility":"visible","stock_status":"in_stock"},{"bundled_item_id":34,"product_id":7004,"menu_order":1,"quantity_min":1,"quantity_max":3,"quantity_default":1,"priced_individually":false,"shipped_individually":false,"override_title":true,"title":"Summery","override_description":false,"description":"Uma sele\u00e7\u00e3o de onze bot\u00e2nicos que a tornam numa abordagem mais c\u00edtrica","optional":true,"hide_thumbnail":false,"discount":"","override_variations":false,"allowed_variations":[],"override_default_variation_attributes":false,"default_variation_attributes":[],"single_product_visibility":"visible","cart_visibility":"visible","order_visibility":"visible","single_product_price_visibility":"visible","cart_price_visibility":"visible","order_price_visibility":"visible","stock_status":"in_stock"},{"bundled_item_id":33,"product_id":7000,"menu_order":2,"quantity_min":1,"quantity_max":3,"quantity_default":1,"priced_individually":false,"shipped_individually":false,"override_title":true,"title":"Delicate","override_description":false,"description":"Uma sele\u00e7\u00e3o de nove bot\u00e2nicos que a tornam numa abordagem mais delicada","optional":true,"hide_thumbnail":false,"discount":"","override_variations":false,"allowed_variations":[],"override_default_variation_attributes":false,"default_variation_attributes":[],"single_product_visibility":"visible","cart_visibility":"visible","order_visibility":"visible","single_product_price_visibility":"visible","cart_price_visibility":"visible","order_price_visibility":"visible","stock_status":"in_stock"}],"bundle_sell_ids":[],"yoast_head":"<!-- This site is optimized with the Yoast SEO Premium plugin v27.2 (Yoast SEO v27.3) - https:\/\/yoast.com\/product\/yoast-seo-premium-wordpress\/ -->\n<title>Terceto &#8211; Benef\u00edcio Gin<\/title>\n<meta name=\"description\" content=\"O Terceto \u00e9 uma oferta exclusiva que combina qualquer uma das varia\u00e7\u00f5es do Gin de Flor de C\u00e2nhamo \u2013 Herbal, Estival e Delicado \u2013 com o desafiante Gin de Castanha de Marv\u00e3o.\" \/>\n<meta name=\"robots\" content=\"index, follow, max-snippet:-1, max-image-preview:large, max-video-preview:-1\" \/>\n<link rel=\"canonical\" href=\"https:\/\/beneficiogin.com\/en\/store\/terceto\/\" \/>\n<meta property=\"og:locale\" content=\"en_GB\" \/>\n<meta property=\"og:type\" content=\"article\" \/>\n<meta property=\"og:title\" content=\"Terceto\" \/>\n<meta property=\"og:description\" content=\"O Terceto \u00e9 uma oferta exclusiva que combina qualquer uma das varia\u00e7\u00f5es do Gin de Flor de C\u00e2nhamo \u2013 Herbal, Estival e Delicado \u2013 com o desafiante Gin de Castanha de Marv\u00e3o.\" \/>\n<meta property=\"og:url\" content=\"https:\/\/beneficiogin.com\/en\/store\/terceto\/\" \/>\n<meta property=\"og:site_name\" content=\"Benef\u00edcio Gin\" \/>\n<meta property=\"article:publisher\" content=\"https:\/\/www.facebook.com\/beneficiogin\" \/>\n<meta property=\"article:modified_time\" content=\"2026-03-24T00:48:36+00:00\" \/>\n<meta property=\"og:image\" content=\"https:\/\/beneficiogin.com\/wp-content\/uploads\/2023\/12\/Tercetos_Canhamo.gif\" \/>\n\t<meta property=\"og:image:width\" content=\"800\" \/>\n\t<meta property=\"og:image:height\" content=\"800\" \/>\n\t<meta property=\"og:image:type\" content=\"image\/gif\" \/>\n<meta name=\"twitter:card\" content=\"summary_large_image\" \/>\n<meta name=\"twitter:label1\" content=\"Price\" \/>\n\t<meta name=\"twitter:data1\" content=\"&euro;102.00\" \/>\n\t<meta name=\"twitter:label2\" content=\"Availability\" \/>\n\t<meta name=\"twitter:data2\" content=\"In stock\" \/>\n<script type=\"application\/ld+json\" class=\"yoast-schema-graph\">{\"@context\":\"https:\\\/\\\/schema.org\",\"@graph\":[{\"@type\":\"WebPage\",\"@id\":\"https:\\\/\\\/beneficiogin.com\\\/store\\\/terceto\\\/\",\"url\":\"https:\\\/\\\/beneficiogin.com\\\/store\\\/terceto\\\/\",\"name\":\"Terceto &#8211; Benef\u00edcio Gin\",\"isPartOf\":{\"@id\":\"https:\\\/\\\/beneficiogin.com\\\/#website\"},\"primaryImageOfPage\":{\"@id\":\"https:\\\/\\\/beneficiogin.com\\\/store\\\/terceto\\\/#primaryimage\"},\"image\":{\"@id\":\"https:\\\/\\\/beneficiogin.com\\\/store\\\/terceto\\\/#primaryimage\"},\"thumbnailUrl\":\"https:\\\/\\\/beneficiogin.com\\\/wp-content\\\/uploads\\\/2023\\\/12\\\/Tercetos_Canhamo.gif\",\"datePublished\":\"2023-12-11T20:39:02+00:00\",\"dateModified\":\"2026-03-24T00:48:36+00:00\",\"description\":\"O Terceto \u00e9 uma oferta exclusiva que combina qualquer uma das varia\u00e7\u00f5es do Gin de Flor de C\u00e2nhamo \u2013 Herbal, Estival e Delicado \u2013 com o desafiante Gin de Castanha de Marv\u00e3o.\",\"breadcrumb\":{\"@id\":\"https:\\\/\\\/beneficiogin.com\\\/store\\\/terceto\\\/#breadcrumb\"},\"inLanguage\":\"en-GB\",\"potentialAction\":[{\"@type\":\"ReadAction\",\"target\":[\"https:\\\/\\\/beneficiogin.com\\\/store\\\/terceto\\\/\"]}]},{\"@type\":\"ImageObject\",\"inLanguage\":\"en-GB\",\"@id\":\"https:\\\/\\\/beneficiogin.com\\\/store\\\/terceto\\\/#primaryimage\",\"url\":\"https:\\\/\\\/beneficiogin.com\\\/wp-content\\\/uploads\\\/2023\\\/12\\\/Tercetos_Canhamo.gif\",\"contentUrl\":\"https:\\\/\\\/beneficiogin.com\\\/wp-content\\\/uploads\\\/2023\\\/12\\\/Tercetos_Canhamo.gif\",\"width\":1920,\"height\":1920},{\"@type\":\"BreadcrumbList\",\"@id\":\"https:\\\/\\\/beneficiogin.com\\\/store\\\/terceto\\\/#breadcrumb\",\"itemListElement\":[{\"@type\":\"ListItem\",\"position\":1,\"name\":\"In\u00edcio\",\"item\":\"https:\\\/\\\/beneficiogin.com\\\/\"},{\"@type\":\"ListItem\",\"position\":2,\"name\":\"Loja\",\"item\":\"https:\\\/\\\/beneficiogin.com\\\/?page_id=8932\"},{\"@type\":\"ListItem\",\"position\":3,\"name\":\"Terceto\"}]},{\"@type\":\"WebSite\",\"@id\":\"https:\\\/\\\/beneficiogin.com\\\/#website\",\"url\":\"https:\\\/\\\/beneficiogin.com\\\/\",\"name\":\"Benef\u00edcio Gin\",\"description\":\"Gin portugu\u00eas com alma japonesa\",\"publisher\":{\"@id\":\"https:\\\/\\\/beneficiogin.com\\\/#organization\"},\"alternateName\":\"Benef\u00edcio Gin\",\"potentialAction\":[{\"@type\":\"SearchAction\",\"target\":{\"@type\":\"EntryPoint\",\"urlTemplate\":\"https:\\\/\\\/beneficiogin.com\\\/?s={search_term_string}\"},\"query-input\":{\"@type\":\"PropertyValueSpecification\",\"valueRequired\":true,\"valueName\":\"search_term_string\"}}],\"inLanguage\":\"en-GB\"},{\"@type\":\"Organization\",\"@id\":\"https:\\\/\\\/beneficiogin.com\\\/#organization\",\"name\":\"Destilados de Beneficio\",\"alternateName\":\"Destilados Beneficio\",\"url\":\"https:\\\/\\\/beneficiogin.com\\\/\",\"logo\":{\"@type\":\"ImageObject\",\"inLanguage\":\"en-GB\",\"@id\":\"https:\\\/\\\/beneficiogin.com\\\/#\\\/schema\\\/logo\\\/image\\\/\",\"url\":\"https:\\\/\\\/beneficiogin.com\\\/wp-content\\\/uploads\\\/2022\\\/11\\\/Age_Gate_2025.png\",\"contentUrl\":\"https:\\\/\\\/beneficiogin.com\\\/wp-content\\\/uploads\\\/2022\\\/11\\\/Age_Gate_2025.png\",\"width\":460,\"height\":375,\"caption\":\"Destilados de Beneficio\"},\"image\":{\"@id\":\"https:\\\/\\\/beneficiogin.com\\\/#\\\/schema\\\/logo\\\/image\\\/\"},\"sameAs\":[\"https:\\\/\\\/www.facebook.com\\\/beneficiogin\",\"https:\\\/\\\/www.instagram.com\\\/beneficiogin\\\/\",\"https:\\\/\\\/pt.linkedin.com\\\/company\\\/destiladosdebeneficio\"],\"email\":\"sales@beneficiogin.com\",\"legalName\":\"Destilados de Beneficio\",\"vatID\":\"PT519027744\",\"taxID\":\"PT519027744\",\"hasMerchantReturnPolicy\":{\"@type\":\"MerchantReturnPolicy\",\"merchantReturnLink\":\"https:\\\/\\\/beneficiogin.com\\\/en\\\/termos-condicoes\\\/\"}}]}<\/script>\n<meta property=\"product:price:amount\" content=\"102.00\" \/>\n<meta property=\"product:price:currency\" content=\"EUR\" \/>\n<meta property=\"og:availability\" content=\"instock\" \/>\n<meta property=\"product:availability\" content=\"instock\" \/>\n<meta property=\"product:condition\" content=\"new\" \/>\n<!-- \/ Yoast SEO Premium plugin. -->","yoast_head_json":{"title":"Terceto &#8211; Benef\u00edcio Gin","description":"Triplet is an exclusive offer that combines any of the variations of Hemp Flower Gin \u2013 Herbal, Summery, and Delicate \u2013 with the challenging Marv\u00e3o Chestnut Gin.","robots":{"index":"index","follow":"follow","max-snippet":"max-snippet:-1","max-image-preview":"max-image-preview:large","max-video-preview":"max-video-preview:-1"},"canonical":"https:\/\/beneficiogin.com\/en\/store\/terceto\/","og_locale":"en_GB","og_type":"article","og_title":"Terceto","og_description":"O Terceto \u00e9 uma oferta exclusiva que combina qualquer uma das varia\u00e7\u00f5es do Gin de Flor de C\u00e2nhamo \u2013 Herbal, Estival e Delicado \u2013 com o desafiante Gin de Castanha de Marv\u00e3o.","og_url":"https:\/\/beneficiogin.com\/en\/store\/terceto\/","og_site_name":"Benef\u00edcio Gin","article_publisher":"https:\/\/www.facebook.com\/beneficiogin","article_modified_time":"2026-03-24T00:48:36+00:00","og_image":[{"url":"https:\/\/beneficiogin.com\/wp-content\/uploads\/2023\/12\/Tercetos_Canhamo.gif","width":800,"height":800,"type":"image\/gif"}],"twitter_card":"summary_large_image","twitter_misc":{"Price":"&euro;102.00","Availability":"In stock"},"schema":{"@context":"https:\/\/schema.org","@graph":[{"@type":"WebPage","@id":"https:\/\/beneficiogin.com\/store\/terceto\/","url":"https:\/\/beneficiogin.com\/store\/terceto\/","name":"Terceto &#8211; Benef\u00edcio Gin","isPartOf":{"@id":"https:\/\/beneficiogin.com\/#website"},"primaryImageOfPage":{"@id":"https:\/\/beneficiogin.com\/store\/terceto\/#primaryimage"},"image":{"@id":"https:\/\/beneficiogin.com\/store\/terceto\/#primaryimage"},"thumbnailUrl":"https:\/\/beneficiogin.com\/wp-content\/uploads\/2023\/12\/Tercetos_Canhamo.gif","datePublished":"2023-12-11T20:39:02+00:00","dateModified":"2026-03-24T00:48:36+00:00","description":"Triplet is an exclusive offer that combines any of the variations of Hemp Flower Gin \u2013 Herbal, Summery, and Delicate \u2013 with the challenging Marv\u00e3o Chestnut Gin.","breadcrumb":{"@id":"https:\/\/beneficiogin.com\/store\/terceto\/#breadcrumb"},"inLanguage":"en-GB","potentialAction":[{"@type":"ReadAction","target":["https:\/\/beneficiogin.com\/store\/terceto\/"]}]},{"@type":"ImageObject","inLanguage":"en-GB","@id":"https:\/\/beneficiogin.com\/store\/terceto\/#primaryimage","url":"https:\/\/beneficiogin.com\/wp-content\/uploads\/2023\/12\/Tercetos_Canhamo.gif","contentUrl":"https:\/\/beneficiogin.com\/wp-content\/uploads\/2023\/12\/Tercetos_Canhamo.gif","width":1920,"height":1920},{"@type":"BreadcrumbList","@id":"https:\/\/beneficiogin.com\/store\/terceto\/#breadcrumb","itemListElement":[{"@type":"ListItem","position":1,"name":"In\u00edcio","item":"https:\/\/beneficiogin.com\/"},{"@type":"ListItem","position":2,"name":"Loja","item":"https:\/\/beneficiogin.com\/?page_id=8932"},{"@type":"ListItem","position":3,"name":"Terceto"}]},{"@type":"WebSite","@id":"https:\/\/beneficiogin.com\/#website","url":"https:\/\/beneficiogin.com\/","name":"Gin Benefit","description":"Gin portugu\u00eas com alma japonesa","publisher":{"@id":"https:\/\/beneficiogin.com\/#organization"},"alternateName":"Benef\u00edcio Gin","potentialAction":[{"@type":"SearchAction","target":{"@type":"EntryPoint","urlTemplate":"https:\/\/beneficiogin.com\/?s={search_term_string}"},"query-input":{"@type":"PropertyValueSpecification","valueRequired":true,"valueName":"search_term_string"}}],"inLanguage":"en-GB"},{"@type":"Organization","@id":"https:\/\/beneficiogin.com\/#organization","name":"Destilados de Beneficio","alternateName":"Destilados Beneficio","url":"https:\/\/beneficiogin.com\/","logo":{"@type":"ImageObject","inLanguage":"en-GB","@id":"https:\/\/beneficiogin.com\/#\/schema\/logo\/image\/","url":"https:\/\/beneficiogin.com\/wp-content\/uploads\/2022\/11\/Age_Gate_2025.png","contentUrl":"https:\/\/beneficiogin.com\/wp-content\/uploads\/2022\/11\/Age_Gate_2025.png","width":460,"height":375,"caption":"Destilados de Beneficio"},"image":{"@id":"https:\/\/beneficiogin.com\/#\/schema\/logo\/image\/"},"sameAs":["https:\/\/www.facebook.com\/beneficiogin","https:\/\/www.instagram.com\/beneficiogin\/","https:\/\/pt.linkedin.com\/company\/destiladosdebeneficio"],"email":"sales@beneficiogin.com","legalName":"Destilados de Beneficio","vatID":"PT519027744","taxID":"PT519027744","hasMerchantReturnPolicy":{"@type":"MerchantReturnPolicy","merchantReturnLink":"https:\/\/beneficiogin.com\/en\/termos-condicoes\/"}}]},"product_price_amount":"102.00","product_price_currency":"EUR","og_availability":"instock","product_availability":"instock","product_condition":"new"},"jetpack_sharing_enabled":true,"_links":{"self":[{"href":"https:\/\/beneficiogin.com\/en\/wp-json\/wp\/v2\/product\/8173","targetHints":{"allow":["GET"]}}],"collection":[{"href":"https:\/\/beneficiogin.com\/en\/wp-json\/wp\/v2\/product"}],"about":[{"href":"https:\/\/beneficiogin.com\/en\/wp-json\/wp\/v2\/types\/product"}],"wp:featuredmedia":[{"embeddable":true,"href":"https:\/\/beneficiogin.com\/en\/wp-json\/wp\/v2\/media\/10855"}],"wp:attachment":[{"href":"https:\/\/beneficiogin.com\/en\/wp-json\/wp\/v2\/media?parent=8173"}],"wp:term":[{"taxonomy":"product_brand","embeddable":true,"href":"https:\/\/beneficiogin.com\/en\/wp-json\/wp\/v2\/product_brand?post=8173"},{"taxonomy":"product_cat","embeddable":true,"href":"https:\/\/beneficiogin.com\/en\/wp-json\/wp\/v2\/product_cat?post=8173"},{"taxonomy":"product_tag","embeddable":true,"href":"https:\/\/beneficiogin.com\/en\/wp-json\/wp\/v2\/product_tag?post=8173"}],"curies":[{"name":"wp","href":"https:\/\/api.w.org\/{rel}","templated":true}]}}