{"id":7039,"date":"2021-04-18T19:58:24","date_gmt":"2021-04-18T19:58:24","guid":{"rendered":"http:\/\/beneficiogin.com\/?page_id=7039"},"modified":"2025-12-10T12:57:15","modified_gmt":"2025-12-10T12:57:15","slug":"nft","status":"publish","type":"page","link":"https:\/\/beneficiogin.com\/en\/nft\/","title":{"rendered":"NFT"},"content":{"rendered":"<div data-elementor-type=\"wp-page\" data-elementor-id=\"7039\" class=\"elementor elementor-7039\" data-elementor-post-type=\"page\">\n\t\t\t\t<div class=\"elementor-element elementor-element-cc765c4 e-flex e-con-boxed e-con e-parent\" data-id=\"cc765c4\" data-element_type=\"container\" data-e-type=\"container\" data-settings=\"{&quot;background_background&quot;:&quot;video&quot;,&quot;background_video_link&quot;:&quot;https:\\\/\\\/www.youtube.com\\\/watch?v=Vh2jw_MkBxQ&quot;}\">\n\t\t\t\t\t<div class=\"e-con-inner\">\n\t\t<div class=\"elementor-background-video-container elementor-hidden-mobile\">\n\t\t\t\t\t\t\t<div class=\"elementor-background-video-embed\" role=\"presentation\"><\/div>\n\t\t\t\t\t\t<\/div>\t\t\t<\/div>\n\t\t\t\t<\/div>\n\t\t<div class=\"elementor-element elementor-element-e7b4252 e-flex e-con-boxed e-con e-parent\" data-id=\"e7b4252\" data-element_type=\"container\" data-e-type=\"container\">\n\t\t\t\t\t<div class=\"e-con-inner\">\n\t\t\t\t<div class=\"elementor-element elementor-element-7955d98 elementor-widget__width-initial elementor-widget-mobile__width-auto elementor-widget elementor-widget-text-editor\" data-id=\"7955d98\" data-element_type=\"widget\" data-e-type=\"widget\" data-widget_type=\"text-editor.default\">\n\t\t\t\t\t\t\t\t\t<h1>C \u2013 344 277 2 -5<\/h1><p>An NFT Drop from Benef\u00edcio<\/p>\t\t\t\t\t\t\t\t<\/div>\n\t\t\t\t<div class=\"elementor-element elementor-element-03f6596 elementor-widget__width-initial elementor-widget elementor-widget-image\" data-id=\"03f6596\" data-element_type=\"widget\" data-e-type=\"widget\" data-widget_type=\"image.default\">\n\t\t\t\t\t\t\t\t\t\t\t\t\t\t\t<img fetchpriority=\"high\" decoding=\"async\" data-attachment-id=\"8510\" data-permalink=\"https:\/\/beneficiogin.com\/en\/beneficio_motto_pt\/\" data-orig-file=\"https:\/\/beneficiogin.com\/wp-content\/uploads\/2025\/01\/Beneficio_Motto_PT.png\" data-orig-size=\"2048,289\" data-comments-opened=\"1\" data-image-meta=\"{&quot;aperture&quot;:&quot;0&quot;,&quot;credit&quot;:&quot;&quot;,&quot;camera&quot;:&quot;&quot;,&quot;caption&quot;:&quot;&quot;,&quot;created_timestamp&quot;:&quot;0&quot;,&quot;copyright&quot;:&quot;&quot;,&quot;focal_length&quot;:&quot;0&quot;,&quot;iso&quot;:&quot;0&quot;,&quot;shutter_speed&quot;:&quot;0&quot;,&quot;title&quot;:&quot;&quot;,&quot;orientation&quot;:&quot;0&quot;}\" data-image-title=\"Beneficio_Motto_PT\" data-image-description=\"\" data-image-caption=\"\" data-large-file=\"https:\/\/beneficiogin.com\/wp-content\/uploads\/2025\/01\/Beneficio_Motto_PT.png\" width=\"800\" height=\"113\" src=\"https:\/\/beneficiogin.com\/wp-content\/uploads\/2025\/01\/Beneficio_Motto_EN.png\" class=\"attachment-large size-large wp-image-8510\" alt=\"\" \/>\t\t\t\t\t\t\t\t\t\t\t\t\t\t\t<\/div>\n\t\t\t\t<div class=\"elementor-element elementor-element-72fc16f elementor-widget__width-initial elementor-widget-mobile__width-inherit elementor-widget elementor-widget-text-editor\" data-id=\"72fc16f\" data-element_type=\"widget\" data-e-type=\"widget\" data-widget_type=\"text-editor.default\">\n\t\t\t\t\t\t\t\t\t<p align=\"justify\">A utiliza\u00e7\u00e3o dos NFTs nos produtos \u00e9 um passo para a concretiza\u00e7\u00e3o de uma ambi\u00e7\u00e3o da nossa marca desde a sua g\u00e9nese, ou seja, que os nossos produtos tenham uma dimens\u00e3o \u00fanica, colecion\u00e1vel e escassa, com vista a que o valor potencial dos mesmos aumente com o passar dos anos.<\/p>\n<p align=\"justify\">Benef\u00edcio entry into this new dimension of e-commerce will take place in a creative partnership between radio broadcaster and sonic experimentation musician Tiago Castro (Acid Acid) and Nuno Gerv\u00e1sio, screenwriter and digital creative, concretised in a 700-second visual musical piece which takes as its starting point the expression C \u2013 344 277 2 -5 (our Hemp Flower Gin formula code name). This piece will be divided into 100 moments, each containing 7 seconds of music, video and laser engraving of the NFT wallet address in one physical bottle.<\/p>\t\t\t\t\t\t\t\t<\/div>\n\t\t\t\t<div class=\"elementor-element elementor-element-4ca434c elementor-widget-divider--view-line elementor-widget elementor-widget-divider\" data-id=\"4ca434c\" data-element_type=\"widget\" data-e-type=\"widget\" data-widget_type=\"divider.default\">\n\t\t\t\t\t\t\t<div class=\"elementor-divider\">\n\t\t\t<span class=\"elementor-divider-separator\">\n\t\t\t\t\t\t<\/span>\n\t\t<\/div>\n\t\t\t\t\t\t<\/div>\n\t\t<div class=\"elementor-element elementor-element-dd38b35 e-con-full e-flex e-con e-child\" data-id=\"dd38b35\" data-element_type=\"container\" data-e-type=\"container\">\n\t\t<div class=\"elementor-element elementor-element-a0fcd39 e-con-full e-flex e-con e-child\" data-id=\"a0fcd39\" data-element_type=\"container\" data-e-type=\"container\">\n\t\t\t\t<div class=\"elementor-element elementor-element-f4ae32e elementor-headline--style-highlight elementor-widget elementor-widget-animated-headline\" data-id=\"f4ae32e\" data-element_type=\"widget\" data-e-type=\"widget\" data-settings=\"{&quot;marker&quot;:&quot;underline&quot;,&quot;highlighted_text&quot;:&quot;Quem participa neste NFT?&quot;,&quot;headline_style&quot;:&quot;highlight&quot;,&quot;loop&quot;:&quot;yes&quot;,&quot;highlight_animation_duration&quot;:1200,&quot;highlight_iteration_delay&quot;:8000}\" data-widget_type=\"animated-headline.default\">\n\t\t\t\t\t\t\t<h3 class=\"elementor-headline\">\n\t\t\t\t<span class=\"elementor-headline-dynamic-wrapper elementor-headline-text-wrapper\">\n\t\t\t\t\t<span class=\"elementor-headline-dynamic-text elementor-headline-text-active\">Who is involved in this NFT?<\/span>\n\t\t\t\t<\/span>\n\t\t\t\t<\/h3>\n\t\t\t\t\t\t<\/div>\n\t\t\t\t<div class=\"elementor-element elementor-element-d605a3a elementor-widget__width-initial elementor-widget-mobile__width-inherit elementor-widget elementor-widget-text-editor\" data-id=\"d605a3a\" data-element_type=\"widget\" data-e-type=\"widget\" data-widget_type=\"text-editor.default\">\n\t\t\t\t\t\t\t\t\t<p align=\"justify\"><strong>Benefit:\u00a0<\/strong>O Benef\u00edcio exists since 2016. We defend a limited production model, our products are the result of a manufacturing process that uses sustainable methods. We are a talent-oriented company that operates as an engine of local economic development. Our co-creation model is a differentiating factor that we use as an engine to provide fair remuneration for those who create and produce. We want to put out in the market products that are, in fact, a benefit for everyone.<\/p>\t\t\t\t\t\t\t\t<\/div>\n\t\t\t\t<\/div>\n\t\t\t\t<\/div>\n\t\t<div class=\"elementor-element elementor-element-3a857eb e-con-full e-flex e-con e-child\" data-id=\"3a857eb\" data-element_type=\"container\" data-e-type=\"container\">\n\t\t<div class=\"elementor-element elementor-element-d2947f4 e-con-full e-flex e-con e-child\" data-id=\"d2947f4\" data-element_type=\"container\" data-e-type=\"container\">\n\t\t\t\t<div class=\"elementor-element elementor-element-4f75b11 elementor-widget elementor-widget-image\" data-id=\"4f75b11\" data-element_type=\"widget\" data-e-type=\"widget\" data-widget_type=\"image.default\">\n\t\t\t\t\t\t\t\t\t\t\t\t\t\t\t<img decoding=\"async\" data-attachment-id=\"7079\" data-permalink=\"https:\/\/beneficiogin.com\/en\/nft\/nuno_nft\/\" data-orig-file=\"https:\/\/beneficiogin.com\/wp-content\/uploads\/2021\/04\/nuno_nft.jpg\" data-orig-size=\"1000,1000\" data-comments-opened=\"1\" data-image-meta=\"{&quot;aperture&quot;:&quot;0&quot;,&quot;credit&quot;:&quot;&quot;,&quot;camera&quot;:&quot;&quot;,&quot;caption&quot;:&quot;&quot;,&quot;created_timestamp&quot;:&quot;0&quot;,&quot;copyright&quot;:&quot;&quot;,&quot;focal_length&quot;:&quot;0&quot;,&quot;iso&quot;:&quot;0&quot;,&quot;shutter_speed&quot;:&quot;0&quot;,&quot;title&quot;:&quot;&quot;,&quot;orientation&quot;:&quot;1&quot;}\" data-image-title=\"nuno_nft\" data-image-description=\"\" data-image-caption=\"\" data-large-file=\"https:\/\/beneficiogin.com\/wp-content\/uploads\/2021\/04\/nuno_nft.jpg\" width=\"800\" height=\"800\" src=\"https:\/\/beneficiogin.com\/wp-content\/uploads\/2021\/04\/nuno_nft.jpg\" class=\"attachment-large size-large wp-image-7079\" alt=\"\" \/>\t\t\t\t\t\t\t\t\t\t\t\t\t\t\t<\/div>\n\t\t\t\t<div class=\"elementor-element elementor-element-1ea2b63 elementor-widget__width-initial elementor-widget-mobile__width-inherit elementor-widget elementor-widget-text-editor\" data-id=\"1ea2b63\" data-element_type=\"widget\" data-e-type=\"widget\" data-widget_type=\"text-editor.default\">\n\t\t\t\t\t\t\t\t\t<p align=\"justify\"><strong>Nuno Gerv\u00e1sio:\u00a0<\/strong>Nuno is creative and a screenwriter. He has specialized in digital storytelling, in the creation and realization of mobile content, both in photography and video. He is responsible for and a programmer of Shortcutz Lisboa, an international movement for short films. Collaborates with MOTELX, Lisbon International Horror Film Festival, and MONSTRA, Lisbon Animation Festival. He made the documentary, \"111 Years and 10 Days\" (2018).<\/p>\t\t\t\t\t\t\t\t<\/div>\n\t\t\t\t<\/div>\n\t\t<div class=\"elementor-element elementor-element-d362895 e-con-full e-flex e-con e-child\" data-id=\"d362895\" data-element_type=\"container\" data-e-type=\"container\">\n\t\t\t\t<div class=\"elementor-element elementor-element-75e59cc elementor-widget elementor-widget-image\" data-id=\"75e59cc\" data-element_type=\"widget\" data-e-type=\"widget\" data-widget_type=\"image.default\">\n\t\t\t\t\t\t\t\t\t\t\t\t\t\t\t<img decoding=\"async\" data-attachment-id=\"7078\" data-permalink=\"https:\/\/beneficiogin.com\/en\/nft\/tiago_nft\/\" data-orig-file=\"https:\/\/beneficiogin.com\/wp-content\/uploads\/2021\/04\/tiago_nft.jpg\" data-orig-size=\"1000,1000\" data-comments-opened=\"1\" data-image-meta=\"{&quot;aperture&quot;:&quot;0&quot;,&quot;credit&quot;:&quot;&quot;,&quot;camera&quot;:&quot;&quot;,&quot;caption&quot;:&quot;&quot;,&quot;created_timestamp&quot;:&quot;0&quot;,&quot;copyright&quot;:&quot;&quot;,&quot;focal_length&quot;:&quot;0&quot;,&quot;iso&quot;:&quot;0&quot;,&quot;shutter_speed&quot;:&quot;0&quot;,&quot;title&quot;:&quot;&quot;,&quot;orientation&quot;:&quot;1&quot;}\" data-image-title=\"tiago_nft\" data-image-description=\"\" data-image-caption=\"\" data-large-file=\"https:\/\/beneficiogin.com\/wp-content\/uploads\/2021\/04\/tiago_nft.jpg\" width=\"800\" height=\"800\" src=\"https:\/\/beneficiogin.com\/wp-content\/uploads\/2021\/04\/tiago_nft.jpg\" class=\"attachment-large size-large wp-image-7078\" alt=\"\" \/>\t\t\t\t\t\t\t\t\t\t\t\t\t\t\t<\/div>\n\t\t\t\t<div class=\"elementor-element elementor-element-d4dfa29 elementor-widget__width-initial elementor-widget-mobile__width-inherit elementor-widget elementor-widget-text-editor\" data-id=\"d4dfa29\" data-element_type=\"widget\" data-e-type=\"widget\" data-widget_type=\"text-editor.default\">\n\t\t\t\t\t\t\t\t\t<p align=\"justify\"><strong>Tiago Castro:<\/strong> He is a radio director, program coordinator at R\u00e1dio SBSR (sbsr.fm Lisboa 90.4 \/ Porto 91.0). He is the author of emblematic programs such as \"A Floresta Encantada\" or \"Happy Mondays\" (together with Ricardo Mariano). Since 2014, he has also signed as ACID ACID. With this creative musical vehicle, it embraces sonic experimentation, travelling through the textures of psychedelic, cosmic kraut or minimal and ambient music. It has two albums edited with a Nariz Entupido seal: \"ACID ACID\" from 2016 and \"Jodorowsky\" from 2020.<\/p>\t\t\t\t\t\t\t\t<\/div>\n\t\t\t\t<\/div>\n\t\t\t\t<\/div>\n\t\t\t\t\t<\/div>\n\t\t\t\t<\/div>\n\t\t<div class=\"elementor-element elementor-element-4b97e42 e-con-full e-flex e-con e-parent\" data-id=\"4b97e42\" data-element_type=\"container\" data-e-type=\"container\">\n\t\t\t\t<div class=\"elementor-element elementor-element-f669edd elementor-widget elementor-widget-text-editor\" data-id=\"f669edd\" data-element_type=\"widget\" data-e-type=\"widget\" data-widget_type=\"text-editor.default\">\n\t\t\t\t\t\t\t\t\t<h1><a href=\"https:\/\/www.instagram.com\/beneficiogin\/\">@beneficiogin<\/a><\/h1><h2>Follow us on Instagram<\/h2>\t\t\t\t\t\t\t\t<\/div>\n\t\t\t\t<\/div>\n\t\t\t\t<\/div>","protected":false},"excerpt":{"rendered":"<p>C &#8211; 344 277 2 -5 An NFT Drop from Benef\u00edcio A utiliza\u00e7\u00e3o dos NFTs nos produtos \u00e9 um passo para a concretiza\u00e7\u00e3o de uma ambi\u00e7\u00e3o da nossa marca desde a sua g\u00e9nese, ou seja, que os nossos produtos tenham uma dimens\u00e3o \u00fanica, colecion\u00e1vel e escassa, com vista a que o valor potencial dos mesmos [&hellip;]<\/p>\n","protected":false},"author":1,"featured_media":0,"parent":0,"menu_order":0,"comment_status":"closed","ping_status":"closed","template":"elementor_header_footer","meta":{"footnotes":""},"class_list":["post-7039","page","type-page","status-publish","hentry"],"yoast_head":"<!-- This site is optimized with the Yoast SEO Premium plugin v27.4 (Yoast SEO v27.5) - https:\/\/yoast.com\/product\/yoast-seo-premium-wordpress\/ -->\n<title>NFT Benef\u00edcio Gin<\/title>\n<meta name=\"description\" content=\"A utiliza\u00e7\u00e3o dos NFTs nos produtos \u00e9 um passo para a concretiza\u00e7\u00e3o de uma ambi\u00e7\u00e3o da nossa marca desde a sua g\u00e9nese, que os nossos produtos sejam multidimensionais - objeto f\u00edsico, m\u00fasica e v\u00eddeo -, coleccion\u00e1veis e escassos.\" \/>\n<meta name=\"robots\" content=\"index, follow, max-snippet:-1, max-image-preview:large, max-video-preview:-1\" \/>\n<link rel=\"canonical\" href=\"https:\/\/beneficiogin.com\/en\/nft\/\" \/>\n<meta property=\"og:locale\" content=\"en_GB\" \/>\n<meta property=\"og:type\" content=\"article\" \/>\n<meta property=\"og:title\" content=\"NFT\" \/>\n<meta property=\"og:description\" content=\"A utiliza\u00e7\u00e3o dos NFTs nos produtos \u00e9 um passo para a concretiza\u00e7\u00e3o de uma ambi\u00e7\u00e3o da nossa marca desde a sua g\u00e9nese, que os nossos produtos sejam multidimensionais - objeto f\u00edsico, m\u00fasica e v\u00eddeo -, coleccion\u00e1veis e escassos.\" \/>\n<meta property=\"og:url\" content=\"https:\/\/beneficiogin.com\/en\/nft\/\" \/>\n<meta property=\"og:site_name\" content=\"Benef\u00edcio Gin\" \/>\n<meta property=\"article:publisher\" content=\"https:\/\/www.facebook.com\/beneficiogin\" \/>\n<meta property=\"article:modified_time\" content=\"2025-12-10T12:57:15+00:00\" \/>\n<meta property=\"og:image\" content=\"https:\/\/beneficiogin.com\/wp-content\/uploads\/2025\/01\/Beneficio_Motto_PT.png\" \/>\n\t<meta property=\"og:image:width\" content=\"2048\" \/>\n\t<meta property=\"og:image:height\" content=\"289\" \/>\n\t<meta property=\"og:image:type\" content=\"image\/png\" \/>\n<meta name=\"twitter:card\" content=\"summary_large_image\" \/>\n<meta name=\"twitter:label1\" content=\"Estimated reading time\" \/>\n\t<meta name=\"twitter:data1\" content=\"4 minutes\" \/>\n<script type=\"application\/ld+json\" class=\"yoast-schema-graph\">{\"@context\":\"https:\\\/\\\/schema.org\",\"@graph\":[{\"@type\":\"WebPage\",\"@id\":\"https:\\\/\\\/beneficiogin.com\\\/nft\\\/\",\"url\":\"https:\\\/\\\/beneficiogin.com\\\/nft\\\/\",\"name\":\"NFT Benef\u00edcio Gin\",\"isPartOf\":{\"@id\":\"https:\\\/\\\/beneficiogin.com\\\/#website\"},\"primaryImageOfPage\":{\"@id\":\"https:\\\/\\\/beneficiogin.com\\\/nft\\\/#primaryimage\"},\"image\":{\"@id\":\"https:\\\/\\\/beneficiogin.com\\\/nft\\\/#primaryimage\"},\"thumbnailUrl\":\"https:\\\/\\\/beneficiogin.com\\\/wp-content\\\/uploads\\\/2025\\\/01\\\/Beneficio_Motto_PT.png\",\"datePublished\":\"2021-04-18T19:58:24+00:00\",\"dateModified\":\"2025-12-10T12:57:15+00:00\",\"description\":\"A utiliza\u00e7\u00e3o dos NFTs nos produtos \u00e9 um passo para a concretiza\u00e7\u00e3o de uma ambi\u00e7\u00e3o da nossa marca desde a sua g\u00e9nese, que os nossos produtos sejam multidimensionais - objeto f\u00edsico, m\u00fasica e v\u00eddeo -, coleccion\u00e1veis e escassos.\",\"breadcrumb\":{\"@id\":\"https:\\\/\\\/beneficiogin.com\\\/nft\\\/#breadcrumb\"},\"inLanguage\":\"en-GB\",\"potentialAction\":[{\"@type\":\"ReadAction\",\"target\":[\"https:\\\/\\\/beneficiogin.com\\\/nft\\\/\"]}]},{\"@type\":\"ImageObject\",\"inLanguage\":\"en-GB\",\"@id\":\"https:\\\/\\\/beneficiogin.com\\\/nft\\\/#primaryimage\",\"url\":\"https:\\\/\\\/beneficiogin.com\\\/wp-content\\\/uploads\\\/2025\\\/01\\\/Beneficio_Motto_PT.png\",\"contentUrl\":\"https:\\\/\\\/beneficiogin.com\\\/wp-content\\\/uploads\\\/2025\\\/01\\\/Beneficio_Motto_PT.png\"},{\"@type\":\"BreadcrumbList\",\"@id\":\"https:\\\/\\\/beneficiogin.com\\\/nft\\\/#breadcrumb\",\"itemListElement\":[{\"@type\":\"ListItem\",\"position\":1,\"name\":\"In\u00edcio\",\"item\":\"https:\\\/\\\/beneficiogin.com\\\/\"},{\"@type\":\"ListItem\",\"position\":2,\"name\":\"NFT\"}]},{\"@type\":\"WebSite\",\"@id\":\"https:\\\/\\\/beneficiogin.com\\\/#website\",\"url\":\"https:\\\/\\\/beneficiogin.com\\\/\",\"name\":\"Benef\u00edcio Gin\",\"description\":\"Gin portugu\u00eas com alma japonesa\",\"publisher\":{\"@id\":\"https:\\\/\\\/beneficiogin.com\\\/#organization\"},\"alternateName\":\"Benef\u00edcio Gin\",\"potentialAction\":[{\"@type\":\"SearchAction\",\"target\":{\"@type\":\"EntryPoint\",\"urlTemplate\":\"https:\\\/\\\/beneficiogin.com\\\/?s={search_term_string}\"},\"query-input\":{\"@type\":\"PropertyValueSpecification\",\"valueRequired\":true,\"valueName\":\"search_term_string\"}}],\"inLanguage\":\"en-GB\"},{\"@type\":\"Organization\",\"@id\":\"https:\\\/\\\/beneficiogin.com\\\/#organization\",\"name\":\"Destilados de Beneficio\",\"alternateName\":\"Destilados Beneficio\",\"url\":\"https:\\\/\\\/beneficiogin.com\\\/\",\"logo\":{\"@type\":\"ImageObject\",\"inLanguage\":\"en-GB\",\"@id\":\"https:\\\/\\\/beneficiogin.com\\\/#\\\/schema\\\/logo\\\/image\\\/\",\"url\":\"https:\\\/\\\/beneficiogin.com\\\/wp-content\\\/uploads\\\/2022\\\/11\\\/Age_Gate_2025.png\",\"contentUrl\":\"https:\\\/\\\/beneficiogin.com\\\/wp-content\\\/uploads\\\/2022\\\/11\\\/Age_Gate_2025.png\",\"width\":460,\"height\":375,\"caption\":\"Destilados de Beneficio\"},\"image\":{\"@id\":\"https:\\\/\\\/beneficiogin.com\\\/#\\\/schema\\\/logo\\\/image\\\/\"},\"sameAs\":[\"https:\\\/\\\/www.facebook.com\\\/beneficiogin\",\"https:\\\/\\\/www.instagram.com\\\/beneficiogin\\\/\",\"https:\\\/\\\/pt.linkedin.com\\\/company\\\/destiladosdebeneficio\"],\"email\":\"sales@beneficiogin.com\",\"legalName\":\"Destilados de Beneficio\",\"vatID\":\"PT519027744\",\"taxID\":\"PT519027744\",\"hasMerchantReturnPolicy\":{\"@type\":\"MerchantReturnPolicy\",\"merchantReturnLink\":\"https:\\\/\\\/beneficiogin.com\\\/en\\\/termos-condicoes\\\/\"}}]}<\/script>\n<!-- \/ Yoast SEO Premium plugin. -->","yoast_head_json":{"title":"NFT Benef\u00edcio Gin","description":"A utiliza\u00e7\u00e3o dos NFTs nos produtos \u00e9 um passo para a concretiza\u00e7\u00e3o de uma ambi\u00e7\u00e3o da nossa marca desde a sua g\u00e9nese, que os nossos produtos sejam multidimensionais - objeto f\u00edsico, m\u00fasica e v\u00eddeo -, coleccion\u00e1veis e escassos.","robots":{"index":"index","follow":"follow","max-snippet":"max-snippet:-1","max-image-preview":"max-image-preview:large","max-video-preview":"max-video-preview:-1"},"canonical":"https:\/\/beneficiogin.com\/en\/nft\/","og_locale":"en_GB","og_type":"article","og_title":"NFT","og_description":"A utiliza\u00e7\u00e3o dos NFTs nos produtos \u00e9 um passo para a concretiza\u00e7\u00e3o de uma ambi\u00e7\u00e3o da nossa marca desde a sua g\u00e9nese, que os nossos produtos sejam multidimensionais - objeto f\u00edsico, m\u00fasica e v\u00eddeo -, coleccion\u00e1veis e escassos.","og_url":"https:\/\/beneficiogin.com\/en\/nft\/","og_site_name":"Benef\u00edcio Gin","article_publisher":"https:\/\/www.facebook.com\/beneficiogin","article_modified_time":"2025-12-10T12:57:15+00:00","og_image":[{"width":2048,"height":289,"url":"https:\/\/beneficiogin.com\/wp-content\/uploads\/2025\/01\/Beneficio_Motto_PT.png","type":"image\/png"}],"twitter_card":"summary_large_image","twitter_misc":{"Estimated reading time":"4 minutes"},"schema":{"@context":"https:\/\/schema.org","@graph":[{"@type":"WebPage","@id":"https:\/\/beneficiogin.com\/nft\/","url":"https:\/\/beneficiogin.com\/nft\/","name":"NFT Benef\u00edcio Gin","isPartOf":{"@id":"https:\/\/beneficiogin.com\/#website"},"primaryImageOfPage":{"@id":"https:\/\/beneficiogin.com\/nft\/#primaryimage"},"image":{"@id":"https:\/\/beneficiogin.com\/nft\/#primaryimage"},"thumbnailUrl":"https:\/\/beneficiogin.com\/wp-content\/uploads\/2025\/01\/Beneficio_Motto_PT.png","datePublished":"2021-04-18T19:58:24+00:00","dateModified":"2025-12-10T12:57:15+00:00","description":"A utiliza\u00e7\u00e3o dos NFTs nos produtos \u00e9 um passo para a concretiza\u00e7\u00e3o de uma ambi\u00e7\u00e3o da nossa marca desde a sua g\u00e9nese, que os nossos produtos sejam multidimensionais - objeto f\u00edsico, m\u00fasica e v\u00eddeo -, coleccion\u00e1veis e escassos.","breadcrumb":{"@id":"https:\/\/beneficiogin.com\/nft\/#breadcrumb"},"inLanguage":"en-GB","potentialAction":[{"@type":"ReadAction","target":["https:\/\/beneficiogin.com\/nft\/"]}]},{"@type":"ImageObject","inLanguage":"en-GB","@id":"https:\/\/beneficiogin.com\/nft\/#primaryimage","url":"https:\/\/beneficiogin.com\/wp-content\/uploads\/2025\/01\/Beneficio_Motto_PT.png","contentUrl":"https:\/\/beneficiogin.com\/wp-content\/uploads\/2025\/01\/Beneficio_Motto_PT.png"},{"@type":"BreadcrumbList","@id":"https:\/\/beneficiogin.com\/nft\/#breadcrumb","itemListElement":[{"@type":"ListItem","position":1,"name":"In\u00edcio","item":"https:\/\/beneficiogin.com\/"},{"@type":"ListItem","position":2,"name":"NFT"}]},{"@type":"WebSite","@id":"https:\/\/beneficiogin.com\/#website","url":"https:\/\/beneficiogin.com\/","name":"Gin Benefit","description":"Gin portugu\u00eas com alma japonesa","publisher":{"@id":"https:\/\/beneficiogin.com\/#organization"},"alternateName":"Benef\u00edcio Gin","potentialAction":[{"@type":"SearchAction","target":{"@type":"EntryPoint","urlTemplate":"https:\/\/beneficiogin.com\/?s={search_term_string}"},"query-input":{"@type":"PropertyValueSpecification","valueRequired":true,"valueName":"search_term_string"}}],"inLanguage":"en-GB"},{"@type":"Organization","@id":"https:\/\/beneficiogin.com\/#organization","name":"Destilados de Beneficio","alternateName":"Destilados Beneficio","url":"https:\/\/beneficiogin.com\/","logo":{"@type":"ImageObject","inLanguage":"en-GB","@id":"https:\/\/beneficiogin.com\/#\/schema\/logo\/image\/","url":"https:\/\/beneficiogin.com\/wp-content\/uploads\/2022\/11\/Age_Gate_2025.png","contentUrl":"https:\/\/beneficiogin.com\/wp-content\/uploads\/2022\/11\/Age_Gate_2025.png","width":460,"height":375,"caption":"Destilados de Beneficio"},"image":{"@id":"https:\/\/beneficiogin.com\/#\/schema\/logo\/image\/"},"sameAs":["https:\/\/www.facebook.com\/beneficiogin","https:\/\/www.instagram.com\/beneficiogin\/","https:\/\/pt.linkedin.com\/company\/destiladosdebeneficio"],"email":"sales@beneficiogin.com","legalName":"Destilados de Beneficio","vatID":"PT519027744","taxID":"PT519027744","hasMerchantReturnPolicy":{"@type":"MerchantReturnPolicy","merchantReturnLink":"https:\/\/beneficiogin.com\/en\/termos-condicoes\/"}}]}},"jetpack_sharing_enabled":true,"_links":{"self":[{"href":"https:\/\/beneficiogin.com\/en\/wp-json\/wp\/v2\/pages\/7039","targetHints":{"allow":["GET"]}}],"collection":[{"href":"https:\/\/beneficiogin.com\/en\/wp-json\/wp\/v2\/pages"}],"about":[{"href":"https:\/\/beneficiogin.com\/en\/wp-json\/wp\/v2\/types\/page"}],"author":[{"embeddable":true,"href":"https:\/\/beneficiogin.com\/en\/wp-json\/wp\/v2\/users\/1"}],"replies":[{"embeddable":true,"href":"https:\/\/beneficiogin.com\/en\/wp-json\/wp\/v2\/comments?post=7039"}],"version-history":[{"count":58,"href":"https:\/\/beneficiogin.com\/en\/wp-json\/wp\/v2\/pages\/7039\/revisions"}],"predecessor-version":[{"id":9974,"href":"https:\/\/beneficiogin.com\/en\/wp-json\/wp\/v2\/pages\/7039\/revisions\/9974"}],"wp:attachment":[{"href":"https:\/\/beneficiogin.com\/en\/wp-json\/wp\/v2\/media?parent=7039"}],"curies":[{"name":"wp","href":"https:\/\/api.w.org\/{rel}","templated":true}]}}