{"id":5893,"date":"2019-11-29T16:36:50","date_gmt":"2019-11-29T16:36:50","guid":{"rendered":"http:\/\/staging.obeneficio.com\/?page_id=5893"},"modified":"2026-02-13T17:35:16","modified_gmt":"2026-02-13T17:35:16","slug":"termos-condicoes","status":"publish","type":"page","link":"https:\/\/beneficiogin.com\/en\/termos-condicoes\/","title":{"rendered":"Terms and Conditions"},"content":{"rendered":"<p>Access to the Benef\u00edcio Gin website and store, products, and services made available are subject to the following conditions. By accessing the site, you agree to the Terms of Use of the Benef\u00edcio Gin website and store, which are subject to occasional updates. For your benefit and ours, it is recommended that you regularly visit this Terms and Conditions page to check for any changes that may have occurred.<\/p>\n\n\n\n<p>Access to the Benef\u00edcio Gin website and store is temporary, and we reserve the right to withdraw, add, or amend products and services without prior notice.<\/p>\n\n\n\n<p>Occasionally, the Benef\u00edcio Gin website and store may be unavailable due to updates or other reasons, and access to some areas of the site may be restricted.<\/p>\n\n\n\n<p>The Benef\u00edcio Gin website and store cannot be held liable for any damages or losses of any individual or legal entity that may occur after using any information contained on this site.<\/p>\n\n\n\n<p>Hyperlinks may be available on the Benef\u00edcio Gin website and store that direct to external sites. By clicking on these hyperlinks, you will leave the Benef\u00edcio Gin website or store, and Benef\u00edcio Gin shall have no control over the actions that may occur on those sites, nor can it accept responsibility for anything that happens external to its platform.<\/p>\n\n\n\n<p>For purchases through the Benef\u00edcio Gin website and store, buyers must be of legal age (18 years old) and commit to providing true information that allows for the successful processing of their order.<\/p>\n\n\n\n<p><strong>Company Identification<\/strong><br>Business Name: Destilados de Benef\u00edcio Lda<br>Corporate Taxpayer Number: PT519027744<br>Commercial Registration Number: AP. 34\/20251114<\/p>\n\n\n\n<p>Share Capital: \u20ac 23.449,92<br>Commercial Registry Office: Coimbra<\/p>\n\n\n\n<p>CAE (Economic Activity Code): 11013-R4<br>Registered Office: Largo Ricardo Vaz Monteiro, n\u00ba 4 R\/C<br>7330-260 Santo Ant\u00f3nio das Areias<br>Portugal<\/p>\n\n\n\n<p><strong>Supervisory Authorities<br><\/strong>ASAE \u2013 Economic and Food Safety Authority<br>Directorate-General for Consumer Affairs<\/p>\n\n\n\n<p><strong>Complaints Book<\/strong><br>Under the terms of Decree-Law No. 156\/2005, of September 15, amended by Decree-Law No. 74\/2017, the Complaints Book is available in both physical and electronic formats.<\/p>\n\n\n\n<ul class=\"wp-block-list\">\n<li>Electronic Complaints Book: Available at&nbsp;<a href=\"\/en\/www.livroreclamacoes.pt\/\">www.livroreclamacoes.pt<\/a><\/li>\n\n\n\n<li>Physical Complaints Book: Available at the company&#039;s premises.<\/li>\n<\/ul>\n\n\n\n<p>Response time: 15 business days<br>Supervisory authority: ASAE \u2013 Economic and Food Safety Authority<\/p>\n\n\n\n<p>Complaints are automatically sent to the competent authorities for analysis and possible initiation of administrative proceedings.<\/p>\n\n\n\n<p><strong>Alternative Dispute Resolution (ADR)<\/strong><br>In the event of a dispute, the consumer may refer to the following alternative dispute resolution entities: Centers for Consumer Conflict Arbitration:<\/p>\n\n\n\n<p>Lisbon: www.centroarbitragemlisboa.pt&nbsp;<a href=\"http:\/\/www.centroarbitragemlisboa.pt\">www.centroarbitragemlisboa.pt<\/a><br>Coimbra:&nbsp;<a href=\"https:\/\/cacrc.pt\/\">www.centroarbitragemcoimbra.com<\/a><br>Porto:&nbsp;<a href=\"http:\/\/www.cicap.pt\">www.cicap.pt<\/a><br>Algarve: <a href=\"https:\/\/consumoalgarve.pt\/\">www.consumoalgarve.pt<\/a><br>Wood:&nbsp;<a href=\"https:\/\/www.madeira.gov.pt\/cacc\/\">www.cacc.gov<\/a><br>Consumer Arbitration Court: <a href=\"https:\/\/www.ciab.pt\/pt\/\">www.ciab.pt<\/a><br>National Center (supplementary):<br>CNIACC:&nbsp;<a href=\"http:\/\/www.cniacc.pt\">www.cniacc.pt<\/a><br>Phone: 213 564 144<br>Email:&nbsp;<a href=\"mailto:geral@cniacc.pt\">geral@cniacc.pt<\/a><br>More information:&nbsp;<a href=\"https:\/\/www.consumidor.gov.pt\/consumidor_4\/direitos-dos-consumidores1\/direitos-dos-consumidores\">www.consumer.gov<\/a><\/p>\n\n\n\n<p>______________________<\/p>\n\n\n\n<h2 class=\"wp-block-heading\">Service Policy<\/h2>\n\n\n\n<p>The Benef\u00edcio Gin website and store ship orders to mainland Portugal, Autonomous Regions (Madeira and Azores), and worldwide. The carrier with whom we have a protocol is CTT Expresso, which delivers Monday to Friday until 7:00 pm on any business day, to the address indicated during checkout.<\/p>\n\n\n\n<p>All orders paid after 12:00 pm are processed on the next business day.<\/p>\n\n\n\n<p><strong>Delivery Times and Costs<br><\/strong>On the Benef\u00edcio Gin website and store, there are Specific Conditions for each product, which you will find next to each item description and which take into account the execution and\/or delivery times.<\/p>\n\n\n\n<p>Customers have several options during checkout regarding the delivery method:<br><strong>1. Mainland Portugal<br><\/strong>Timeframe: 24\u201348 business hours after shipment<br>Carrier: CTT Expresso<br>Custo:&nbsp;6,80 \u20ac<br><strong>2. Autonomous Regions<\/strong><br>Madeira: 5\u20137 business days (depending on postal code)<br>Azores: 6\u201316 business days (depending on postal code)<br>Cost: \u20ac8.95<br><strong>3. International Shipping<\/strong><br>European Union: 5\u20137 business days<br>Rest of the World: 7\u201315 business days<br>Cost: from \u20ac14.95 up to \u20ac34.65. Depending on the destination, weight, etc., communicated on a case-by-case basis.<\/p>\n\n\n\n<p>Note: Orders paid for after 12:00 are processed on the next business day.<\/p>\n\n\n\n<p>If the recipient is not at the address, a notice of passage will be left to reschedule delivery or indicate a pickup point.<\/p>\n\n\n\n<p>For order inquiries, contact:&nbsp;<a href=\"mailto:info.marketplaces@beneficiogin.com\">info.marketplaces@beneficiogin.com<\/a><\/p>\n\n\n\n<p><strong>Refund Policy and Right of Free Withdrawal<br><\/strong>Under Decree-Law No. 24\/2014, of February 14, which implements Directive 2011\/83\/EU, the consumer has the right to freely withdraw from the contract, without the need for a reason, within 14 consecutive days.<\/p>\n\n\n\n<p><strong>Start of the period:<br><\/strong>Goods: From the date of receipt by the consumer or by a third party designated by him\/her<br>Services: From the date of conclusion of the contract<\/p>\n\n\n\n<p><strong>How to exercise the right:<br><\/strong>Contact us via:&nbsp;<a href=\"mailto:info.marketplaces@beneficiogin.com\">info.marketplaces@beneficiogin.com<\/a><br>Use the model form available Here -&gt; <a href=\"https:\/\/www.centroarbitragemlisboa.pt\/form_reclamacao.php\">https:\/\/www.centroarbitragemlisboa.pt<\/a><br>Send by registered mail with acknowledgment of receipt<br>Communicate by any means that unequivocally demonstrates the wish to withdraw from the contract<\/p>\n\n\n\n<p><strong>Free Withdrawal Form<br><\/strong>To the Company: Benef\u00edcio Gin website and store<br>Address: Largo Ricardo Vaz Monteiro, n\u00ba 4 R\/C<br>7330-260 Santo Ant\u00f3nio das Areias<br>Portugal<\/p>\n\n\n\n<p>I (We) hereby notify that I\/we wish to exercise the right of free withdrawal regarding the following contract:<\/p>\n\n\n\n<ul class=\"wp-block-list\">\n<li>Order date: ___\/___\/______<\/li>\n\n\n\n<li>Order number:  ___________<\/li>\n\n\n\n<li>Consumer\u2019s name: ___________<\/li>\n\n\n\n<li>Adress: ___________<\/li>\n\n\n\n<li>Signature: ___________<\/li>\n\n\n\n<li>Date: ___\/___\/______<\/li>\n<\/ul>\n\n\n\n<p><strong>Refund:<br><\/strong>The refund will be processed within 14 days of receiving the notice of withdrawal, using the same payment method used for the initial transaction, unless expressly agreed otherwise.<\/p>\n\n\n\n<p><strong>Return costs:<br><\/strong>At the consumer's expense, unless the product has a defect or non-conformity.<\/p>\n\n\n\n<p><strong>Exceptions to the right of withdrawal<br><\/strong>According to Article 16 of Decree-Law No. 24\/2014, the right of withdrawal does not apply to:<\/p>\n\n\n\n<ul class=\"wp-block-list\">\n<li>Goods made to order or clearly personalized<\/li>\n\n\n\n<li>Goods that deteriorate or expire quickly<\/li>\n\n\n\n<li>Other cases provided for by law<\/li>\n<\/ul>\n\n\n\n<p><strong>Conformity Guarantees<br><\/strong>Under Decree-Law No. 67\/2003, amended by Decree-Law No. 84\/2021, products have a legal conformity warranty for a period of 2 years from delivery.<\/p>\n\n\n\n<p>For defective or visibly damaged products, please contact:&nbsp;<a href=\"\/en\/info.marketplaces@beneficiogin.com\/\">info.marketplaces@beneficiogin.com<\/a>&nbsp;indicating:<\/p>\n\n\n\n<ul class=\"wp-block-list\">\n<li>Order number<\/li>\n\n\n\n<li>Product reference and name<\/li>\n\n\n\n<li>Defect details<\/li>\n\n\n\n<li>Photos of the problem detected<\/li>\n<\/ul>\n\n\n\n<p>With the information provided, a careful assessment will be made. If a problem with the product is confirmed, instructions will be given for return and subsequent replacement or repair.<\/p>\n\n\n\n<p>Exchange or repair will be processed within 30 days after validation, as provided by law.<\/p>\n\n\n\n<p><strong>Prices and Payment Methods<br><\/strong>Exchange or repair will be processed within 30 days after validation, as provided by law.<\/p>\n\n\n\n<ul class=\"wp-block-list\">\n<li>Credit\/Debit Card<\/li>\n\n\n\n<li>MB Way<\/li>\n\n\n\n<li>ATM<\/li>\n\n\n\n<li>Apple Pay<\/li>\n\n\n\n<li>Google Pay<\/li>\n<\/ul>\n\n\n\n<p>Payment service provider: IFTHENPAY (Payment Institution authorized by the Bank of Portugal \u2013 Registration No. 8707) Security: SSL protocol, PCI-DSS certification<\/p>\n\n\n\n<p>Currency: Euro (EUR)<br>All prices shown include VAT at the legal rate in force (23%).<\/p>\n\n\n\n<p><strong>Credit card verification<br><\/strong>Credit card users are subject to validation and authorization by the issuer. If the card is refused, the system will immediately inform you during checkout.<\/p>\n\n\n\n<p>For security alerts and fraud prevention verification, data such as address and postal code may be disclosed to specialized entities, always maintaining data security.<\/p>\n\n\n\n<p>If you believe your data is inaccurate, you may correct it following our Privacy Policy procedure.<\/p>\n\n\n\n<p><strong>Product Information<br><\/strong>On the Benef\u00edcio Gin website and store, we do everything in our power to ensure that the details, descriptions, and prices of the products shown are correct. However, it may happen that product information is incorrectly published (including prices or promotions).<\/p>\n\n\n\n<p>The Benef\u00edcio Gin website and store may refuse orders for the following reasons:<\/p>\n\n\n\n<ul class=\"wp-block-list\">\n<li>Incorrect information published<\/li>\n\n\n\n<li>Product out of stock<\/li>\n\n\n\n<li>Unable to obtain payment authorization<\/li>\n\n\n\n<li>Fraudulent or suspicious orders<\/li>\n\n\n\n<li>Supervening unavailability of the product<\/li>\n<\/ul>\n\n\n\n<p>Orders that have not yet been shipped may be cancelled by contacting:<a href=\"\/en\/info.marketplaces@beneficiogin.com\/\">&nbsp;info.marketplaces@beneficiogin.com<\/a><\/p>\n\n\n\n<p>The Benef\u00edcio Gin website and store may modify prices without prior notice. All prices include VAT at the legal rate in force.<\/p>\n\n\n\n<p><\/p>","protected":false},"excerpt":{"rendered":"<p>O acesso ao site e \u00e0 loja do Benef\u00edcio Gin, produtos e servi\u00e7os disponibilizados encontram-se sujeitos \u00e0s seguintes condi\u00e7\u00f5es. Ao aceder ao s\u00edtio, concorda com as Condi\u00e7\u00f5es de uso do site e loja do Benef\u00edcio Gin, que est\u00e3o sujeitas a atualiza\u00e7\u00f5es espor\u00e1dicas. \u00c9 em seu e nosso benef\u00edcio que visite esta p\u00e1gina de Termos e [&hellip;]<\/p>\n","protected":false},"author":1,"featured_media":0,"parent":0,"menu_order":0,"comment_status":"closed","ping_status":"closed","template":"","meta":{"footnotes":""},"class_list":["post-5893","page","type-page","status-publish","hentry"],"yoast_head":"<!-- This site is optimized with the Yoast SEO Premium plugin v27.4 (Yoast SEO v27.4) - https:\/\/yoast.com\/product\/yoast-seo-premium-wordpress\/ -->\n<title>Termos e Condi\u00e7\u00f5es \u2013 O Benef\u00edcio<\/title>\n<meta name=\"description\" content=\"Termos e Condi\u00e7\u00f5es Benef\u00edcio Gin\" \/>\n<meta name=\"robots\" content=\"index, follow, max-snippet:-1, max-image-preview:large, max-video-preview:-1\" \/>\n<link rel=\"canonical\" href=\"https:\/\/beneficiogin.com\/en\/termos-condicoes\/\" \/>\n<meta property=\"og:locale\" content=\"en_GB\" \/>\n<meta property=\"og:type\" content=\"article\" \/>\n<meta property=\"og:title\" content=\"Termos e Condi\u00e7\u00f5es\" \/>\n<meta property=\"og:description\" content=\"Termos e Condi\u00e7\u00f5es Benef\u00edcio Gin\" \/>\n<meta property=\"og:url\" content=\"https:\/\/beneficiogin.com\/en\/termos-condicoes\/\" \/>\n<meta property=\"og:site_name\" content=\"Benef\u00edcio Gin\" \/>\n<meta property=\"article:publisher\" content=\"https:\/\/www.facebook.com\/beneficiogin\" \/>\n<meta property=\"article:modified_time\" content=\"2026-02-13T17:35:16+00:00\" \/>\n<meta property=\"og:image\" content=\"https:\/\/beneficiogin.com\/wp-content\/uploads\/2026\/02\/598136486_122110879731120097_2507895852143276081_n.jpg\" \/>\n\t<meta property=\"og:image:width\" content=\"200\" \/>\n\t<meta property=\"og:image:height\" content=\"200\" \/>\n\t<meta property=\"og:image:type\" content=\"image\/jpeg\" \/>\n<meta name=\"twitter:card\" content=\"summary_large_image\" \/>\n<meta name=\"twitter:label1\" content=\"Estimated reading time\" \/>\n\t<meta name=\"twitter:data1\" content=\"8 minutes\" \/>\n<script type=\"application\/ld+json\" class=\"yoast-schema-graph\">{\"@context\":\"https:\\\/\\\/schema.org\",\"@graph\":[{\"@type\":\"WebPage\",\"@id\":\"https:\\\/\\\/beneficiogin.com\\\/termos-condicoes\\\/\",\"url\":\"https:\\\/\\\/beneficiogin.com\\\/termos-condicoes\\\/\",\"name\":\"Termos e Condi\u00e7\u00f5es \u2013 O Benef\u00edcio\",\"isPartOf\":{\"@id\":\"https:\\\/\\\/beneficiogin.com\\\/#website\"},\"datePublished\":\"2019-11-29T16:36:50+00:00\",\"dateModified\":\"2026-02-13T17:35:16+00:00\",\"description\":\"Termos e Condi\u00e7\u00f5es Benef\u00edcio Gin\",\"breadcrumb\":{\"@id\":\"https:\\\/\\\/beneficiogin.com\\\/termos-condicoes\\\/#breadcrumb\"},\"inLanguage\":\"en-GB\",\"potentialAction\":[{\"@type\":\"ReadAction\",\"target\":[\"https:\\\/\\\/beneficiogin.com\\\/termos-condicoes\\\/\"]}]},{\"@type\":\"BreadcrumbList\",\"@id\":\"https:\\\/\\\/beneficiogin.com\\\/termos-condicoes\\\/#breadcrumb\",\"itemListElement\":[{\"@type\":\"ListItem\",\"position\":1,\"name\":\"In\u00edcio\",\"item\":\"https:\\\/\\\/beneficiogin.com\\\/\"},{\"@type\":\"ListItem\",\"position\":2,\"name\":\"Termos e Condi\u00e7\u00f5es\"}]},{\"@type\":\"WebSite\",\"@id\":\"https:\\\/\\\/beneficiogin.com\\\/#website\",\"url\":\"https:\\\/\\\/beneficiogin.com\\\/\",\"name\":\"Benef\u00edcio Gin\",\"description\":\"Gin portugu\u00eas com alma japonesa\",\"publisher\":{\"@id\":\"https:\\\/\\\/beneficiogin.com\\\/#organization\"},\"alternateName\":\"Benef\u00edcio Gin\",\"potentialAction\":[{\"@type\":\"SearchAction\",\"target\":{\"@type\":\"EntryPoint\",\"urlTemplate\":\"https:\\\/\\\/beneficiogin.com\\\/?s={search_term_string}\"},\"query-input\":{\"@type\":\"PropertyValueSpecification\",\"valueRequired\":true,\"valueName\":\"search_term_string\"}}],\"inLanguage\":\"en-GB\"},{\"@type\":\"Organization\",\"@id\":\"https:\\\/\\\/beneficiogin.com\\\/#organization\",\"name\":\"Destilados de Beneficio\",\"alternateName\":\"Destilados Beneficio\",\"url\":\"https:\\\/\\\/beneficiogin.com\\\/\",\"logo\":{\"@type\":\"ImageObject\",\"inLanguage\":\"en-GB\",\"@id\":\"https:\\\/\\\/beneficiogin.com\\\/#\\\/schema\\\/logo\\\/image\\\/\",\"url\":\"https:\\\/\\\/beneficiogin.com\\\/wp-content\\\/uploads\\\/2022\\\/11\\\/Age_Gate_2025.png\",\"contentUrl\":\"https:\\\/\\\/beneficiogin.com\\\/wp-content\\\/uploads\\\/2022\\\/11\\\/Age_Gate_2025.png\",\"width\":460,\"height\":375,\"caption\":\"Destilados de Beneficio\"},\"image\":{\"@id\":\"https:\\\/\\\/beneficiogin.com\\\/#\\\/schema\\\/logo\\\/image\\\/\"},\"sameAs\":[\"https:\\\/\\\/www.facebook.com\\\/beneficiogin\",\"https:\\\/\\\/www.instagram.com\\\/beneficiogin\\\/\",\"https:\\\/\\\/pt.linkedin.com\\\/company\\\/destiladosdebeneficio\"],\"email\":\"sales@beneficiogin.com\",\"legalName\":\"Destilados de Beneficio\",\"vatID\":\"PT519027744\",\"taxID\":\"PT519027744\",\"hasMerchantReturnPolicy\":{\"@type\":\"MerchantReturnPolicy\",\"merchantReturnLink\":\"https:\\\/\\\/beneficiogin.com\\\/en\\\/termos-condicoes\\\/\"}}]}<\/script>\n<!-- \/ Yoast SEO Premium plugin. -->","yoast_head_json":{"title":"Termos e Condi\u00e7\u00f5es \u2013 O Benef\u00edcio","description":"Termos e Condi\u00e7\u00f5es Benef\u00edcio Gin","robots":{"index":"index","follow":"follow","max-snippet":"max-snippet:-1","max-image-preview":"max-image-preview:large","max-video-preview":"max-video-preview:-1"},"canonical":"https:\/\/beneficiogin.com\/en\/termos-condicoes\/","og_locale":"en_GB","og_type":"article","og_title":"Termos e Condi\u00e7\u00f5es","og_description":"Termos e Condi\u00e7\u00f5es Benef\u00edcio Gin","og_url":"https:\/\/beneficiogin.com\/en\/termos-condicoes\/","og_site_name":"Benef\u00edcio Gin","article_publisher":"https:\/\/www.facebook.com\/beneficiogin","article_modified_time":"2026-02-13T17:35:16+00:00","og_image":[{"width":200,"height":200,"url":"https:\/\/beneficiogin.com\/wp-content\/uploads\/2026\/02\/598136486_122110879731120097_2507895852143276081_n.jpg","type":"image\/jpeg"}],"twitter_card":"summary_large_image","twitter_misc":{"Estimated reading time":"8 minutes"},"schema":{"@context":"https:\/\/schema.org","@graph":[{"@type":"WebPage","@id":"https:\/\/beneficiogin.com\/termos-condicoes\/","url":"https:\/\/beneficiogin.com\/termos-condicoes\/","name":"Termos e Condi\u00e7\u00f5es \u2013 O Benef\u00edcio","isPartOf":{"@id":"https:\/\/beneficiogin.com\/#website"},"datePublished":"2019-11-29T16:36:50+00:00","dateModified":"2026-02-13T17:35:16+00:00","description":"Termos e Condi\u00e7\u00f5es Benef\u00edcio Gin","breadcrumb":{"@id":"https:\/\/beneficiogin.com\/termos-condicoes\/#breadcrumb"},"inLanguage":"en-GB","potentialAction":[{"@type":"ReadAction","target":["https:\/\/beneficiogin.com\/termos-condicoes\/"]}]},{"@type":"BreadcrumbList","@id":"https:\/\/beneficiogin.com\/termos-condicoes\/#breadcrumb","itemListElement":[{"@type":"ListItem","position":1,"name":"In\u00edcio","item":"https:\/\/beneficiogin.com\/"},{"@type":"ListItem","position":2,"name":"Termos e Condi\u00e7\u00f5es"}]},{"@type":"WebSite","@id":"https:\/\/beneficiogin.com\/#website","url":"https:\/\/beneficiogin.com\/","name":"Gin Benefit","description":"Gin portugu\u00eas com alma japonesa","publisher":{"@id":"https:\/\/beneficiogin.com\/#organization"},"alternateName":"Benef\u00edcio Gin","potentialAction":[{"@type":"SearchAction","target":{"@type":"EntryPoint","urlTemplate":"https:\/\/beneficiogin.com\/?s={search_term_string}"},"query-input":{"@type":"PropertyValueSpecification","valueRequired":true,"valueName":"search_term_string"}}],"inLanguage":"en-GB"},{"@type":"Organization","@id":"https:\/\/beneficiogin.com\/#organization","name":"Destilados de Beneficio","alternateName":"Destilados Beneficio","url":"https:\/\/beneficiogin.com\/","logo":{"@type":"ImageObject","inLanguage":"en-GB","@id":"https:\/\/beneficiogin.com\/#\/schema\/logo\/image\/","url":"https:\/\/beneficiogin.com\/wp-content\/uploads\/2022\/11\/Age_Gate_2025.png","contentUrl":"https:\/\/beneficiogin.com\/wp-content\/uploads\/2022\/11\/Age_Gate_2025.png","width":460,"height":375,"caption":"Destilados de Beneficio"},"image":{"@id":"https:\/\/beneficiogin.com\/#\/schema\/logo\/image\/"},"sameAs":["https:\/\/www.facebook.com\/beneficiogin","https:\/\/www.instagram.com\/beneficiogin\/","https:\/\/pt.linkedin.com\/company\/destiladosdebeneficio"],"email":"sales@beneficiogin.com","legalName":"Destilados de Beneficio","vatID":"PT519027744","taxID":"PT519027744","hasMerchantReturnPolicy":{"@type":"MerchantReturnPolicy","merchantReturnLink":"https:\/\/beneficiogin.com\/en\/termos-condicoes\/"}}]}},"jetpack_sharing_enabled":true,"_links":{"self":[{"href":"https:\/\/beneficiogin.com\/en\/wp-json\/wp\/v2\/pages\/5893","targetHints":{"allow":["GET"]}}],"collection":[{"href":"https:\/\/beneficiogin.com\/en\/wp-json\/wp\/v2\/pages"}],"about":[{"href":"https:\/\/beneficiogin.com\/en\/wp-json\/wp\/v2\/types\/page"}],"author":[{"embeddable":true,"href":"https:\/\/beneficiogin.com\/en\/wp-json\/wp\/v2\/users\/1"}],"replies":[{"embeddable":true,"href":"https:\/\/beneficiogin.com\/en\/wp-json\/wp\/v2\/comments?post=5893"}],"version-history":[{"count":19,"href":"https:\/\/beneficiogin.com\/en\/wp-json\/wp\/v2\/pages\/5893\/revisions"}],"predecessor-version":[{"id":10559,"href":"https:\/\/beneficiogin.com\/en\/wp-json\/wp\/v2\/pages\/5893\/revisions\/10559"}],"wp:attachment":[{"href":"https:\/\/beneficiogin.com\/en\/wp-json\/wp\/v2\/media?parent=5893"}],"curies":[{"name":"wp","href":"https:\/\/api.w.org\/{rel}","templated":true}]}}