{"id":11027,"date":"2026-04-14T11:46:10","date_gmt":"2026-04-14T11:46:10","guid":{"rendered":"https:\/\/beneficiogin.com\/?page_id=11027"},"modified":"2026-04-14T13:33:48","modified_gmt":"2026-04-14T13:33:48","slug":"festival","status":"publish","type":"page","link":"https:\/\/beneficiogin.com\/en\/festival\/","title":{"rendered":"Festival"},"content":{"rendered":"<div data-elementor-type=\"wp-page\" data-elementor-id=\"11027\" class=\"elementor elementor-11027\" data-elementor-post-type=\"page\">\n\t\t\t\t<div class=\"elementor-element elementor-element-da1dff8 e-con-full e-flex e-con e-parent\" data-id=\"da1dff8\" data-element_type=\"container\" data-e-type=\"container\">\n\t\t\t\t<div class=\"elementor-element elementor-element-51df329 elementor-widget elementor-widget-image\" data-id=\"51df329\" data-element_type=\"widget\" data-e-type=\"widget\" data-widget_type=\"image.default\">\n\t\t\t\t\t\t\t\t\t\t\t\t\t\t\t<img fetchpriority=\"high\" decoding=\"async\" data-attachment-id=\"11030\" data-permalink=\"https:\/\/beneficiogin.com\/en\/festival\/db_festbmarvao_1920x1080\/\" data-orig-file=\"https:\/\/beneficiogin.com\/wp-content\/uploads\/2026\/04\/DB_FestBMarvao_1920x1080.webp\" data-orig-size=\"1920,1080\" data-comments-opened=\"1\" data-image-meta=\"{&quot;aperture&quot;:&quot;0&quot;,&quot;credit&quot;:&quot;&quot;,&quot;camera&quot;:&quot;&quot;,&quot;caption&quot;:&quot;&quot;,&quot;created_timestamp&quot;:&quot;0&quot;,&quot;copyright&quot;:&quot;&quot;,&quot;focal_length&quot;:&quot;0&quot;,&quot;iso&quot;:&quot;0&quot;,&quot;shutter_speed&quot;:&quot;0&quot;,&quot;title&quot;:&quot;&quot;,&quot;orientation&quot;:&quot;0&quot;}\" data-image-title=\"DB_FestBMarvao_1920x1080\" data-image-description=\"\" data-image-caption=\"\" data-large-file=\"https:\/\/beneficiogin.com\/wp-content\/uploads\/2026\/04\/DB_FestBMarvao_1920x1080.webp\" width=\"1920\" height=\"1080\" src=\"https:\/\/beneficiogin.com\/wp-content\/uploads\/2026\/04\/DB_FestBMarvao_1920x1080.webp\" class=\"attachment-full size-full wp-image-11030\" alt=\"\" \/>\t\t\t\t\t\t\t\t\t\t\t\t\t\t\t<\/div>\n\t\t\t\t<div class=\"elementor-element elementor-element-3adf388 elementor-widget elementor-widget-text-editor\" data-id=\"3adf388\" data-element_type=\"widget\" data-e-type=\"widget\" data-widget_type=\"text-editor.default\">\n\t\t\t\t\t\t\t\t\t<p>The<strong>Benef\u00edcio de Marv\u00e3o<\/strong>is a new independent music, community, and culture festival, promoted by Benef\u00edcio Gin, taking place in Santo Ant\u00f3nio das Areias on July 10 and 11, with free entry throughout the entire festival area.<\/p>\n<p>The festival brings together open-air concerts, DJ sets, a record fair, and pop-up stores from local producers, strengthening the connection between the brand, the community, local commerce, tourism, and those who follow new Portuguese music.<\/p>\t\t\t\t\t\t\t\t<\/div>\n\t\t\t\t<div class=\"elementor-element elementor-element-e480c47 elementor-widget elementor-widget-text-editor\" data-id=\"e480c47\" data-element_type=\"widget\" data-e-type=\"widget\" data-widget_type=\"text-editor.default\">\n\t\t\t\t\t\t\t\t\t<p>Program<\/p>\t\t\t\t\t\t\t\t<\/div>\n\t\t\t\t<div class=\"elementor-element elementor-element-0faf8b7 elementor-widget elementor-widget-text-editor\" data-id=\"0faf8b7\" data-element_type=\"widget\" data-e-type=\"widget\" data-widget_type=\"text-editor.default\">\n\t\t\t\t\t\t\t\t\t<p>On both days of the festival, there will be pop-up stores from Marv\u00e3o, a record fair, DJ sets, and concerts.<\/p>\t\t\t\t\t\t\t\t<\/div>\n\t\t\t\t<div class=\"elementor-element elementor-element-7ba9160 elementor-widget elementor-widget-text-editor\" data-id=\"7ba9160\" data-element_type=\"widget\" data-e-type=\"widget\" data-widget_type=\"text-editor.default\">\n\t\t\t\t\t\t\t\t\t<strong>Venues:<\/strong> Largo Ricardo Vaz Monteiro e Grupo Desportivo Arenense.\t\t\t\t\t\t\t\t<\/div>\n\t\t\t\t<div class=\"elementor-element elementor-element-d6b05fa elementor-widget elementor-widget-text-editor\" data-id=\"d6b05fa\" data-element_type=\"widget\" data-e-type=\"widget\" data-widget_type=\"text-editor.default\">\n\t\t\t\t\t\t\t\t\t<strong>10 julho \u2013 sexta-feira:<\/strong><br\/>\n<u>DJ Sets<\/u>:\nBunny O\u2019Williams e A Boy Named Sue<br\/>\n<br\/>\n\n<strong>11 de julho \u2013 s\u00e1bado:<\/strong><br\/>\n<u>Concerts<\/u>:\nBunny O\u2019Williams e A Boy Named Sue<br\/>\n<u>DJ Sets<\/u>:\nLES LADS\t\t\t\t\t\t\t\t<\/div>\n\t\t\t\t<div class=\"elementor-element elementor-element-97ef808 elementor-widget elementor-widget-heading\" data-id=\"97ef808\" data-element_type=\"widget\" data-e-type=\"widget\" data-widget_type=\"heading.default\">\n\t\t\t\t\t<p class=\"elementor-heading-title elementor-size-default\">More information:<\/p>\t\t\t\t<\/div>\n\t\t\t\t<div class=\"elementor-element elementor-element-b3d0d0c elementor-widget elementor-widget-text-editor\" data-id=\"b3d0d0c\" data-element_type=\"widget\" data-e-type=\"widget\" data-widget_type=\"text-editor.default\">\n\t\t\t\t\t\t\t\t\t<p>The festival is born from a collaborative partnership between the Marv\u00e3o City Council, the Parish Council of Santo Ant\u00f3nio das Areias, Grupo Desportivo Arenense, Ovo Estrelado Records, and Benef\u00edcio Gin, as well as local businesses such as Barona beer. This alignment consolidates a shared vision: to make Santo Ant\u00f3nio das Areias a place where contemporary music culture goes hand in hand with community life, sports, local commerce, and the identity of the municipality.<\/p><p>The musical program is curated by <a href=\"https:\/\/ovoestrelado.bandcamp.com\/\">Ovo Estrelado<\/a>, a new Portuguese independent label dedicated to authenticity, independent music, and artistic originality, with a strong focus on vinyl releases. The label already has two records released \u2014 Piano Impromptus by Afonso S\u00earro and Soon After Dawn by Calcut\u00e1 \u2014 and is preparing its third album by ACID ACID, a project by musician and radio producer Tiago Castro.<\/p><p>For the Benef\u00edcio de Marv\u00e3o festival, Ovo Estrelado presents two artists from its roster, Calcut\u00e1 and ACID ACID, and also invites Violeta Azevedo, who will soon release her debut album.<\/p><p>Benef\u00edcio Gin is a Portuguese ultra-premium gin brand based in Marv\u00e3o. It works with local producers and resources from the municipality, combining innovation and development with tradition and regional identity. At its core is the exploration of distinctive raw materials with a positive environmental impact. Benef\u00edcio Gin believes in creating products from endogenous resources, contributing to the uniqueness of its products and generating added value for the local economy.<\/p><p>In 2023, Benef\u00edcio Gin de Castanha was the first gin to use Marv\u00e3o\u2019s DOP chestnuts. In 2026, the brand expanded its portfolio with the launch of Gin Flor de Cerejeira, distinguished by the use of cherry blossom from the Serra de S\u00e3o Mamede, blending the Japanese Hanami tradition with the mountain terroir of the Alto Alentejo.<\/p>\t\t\t\t\t\t\t\t<\/div>\n\t\t\t\t<div class=\"elementor-element elementor-element-bd83b97 elementor-align-center elementor-widget elementor-widget-button\" data-id=\"bd83b97\" data-element_type=\"widget\" data-e-type=\"widget\" data-widget_type=\"button.default\">\n\t\t\t\t\t\t\t\t\t\t<a class=\"elementor-button elementor-button-link elementor-size-sm\" href=\"https:\/\/www.swisstransfer.com\/d\/f475f28c-e74d-42a7-8254-6d582c4cf595\" target=\"_blank\">\n\t\t\t\t\t\t<span class=\"elementor-button-content-wrapper\">\n\t\t\t\t\t\t\t\t\t<span class=\"elementor-button-text\">PRESSKIT \/ MEDIAKIT<\/span>\n\t\t\t\t\t<\/span>\n\t\t\t\t\t<\/a>\n\t\t\t\t\t\t\t\t<\/div>\n\t\t\t\t<div class=\"elementor-element elementor-element-732be83 elementor-widget elementor-widget-image\" data-id=\"732be83\" data-element_type=\"widget\" data-e-type=\"widget\" data-widget_type=\"image.default\">\n\t\t\t\t\t\t\t\t\t\t\t\t\t\t\t<img decoding=\"async\" data-attachment-id=\"11040\" data-permalink=\"https:\/\/beneficiogin.com\/en\/festival\/db_festbmarvao_1920x256_barra01\/\" data-orig-file=\"https:\/\/beneficiogin.com\/wp-content\/uploads\/2026\/04\/DB_FestBMarvao_1920x256_Barra01.webp\" data-orig-size=\"1920,256\" data-comments-opened=\"1\" data-image-meta=\"{&quot;aperture&quot;:&quot;0&quot;,&quot;credit&quot;:&quot;&quot;,&quot;camera&quot;:&quot;&quot;,&quot;caption&quot;:&quot;&quot;,&quot;created_timestamp&quot;:&quot;0&quot;,&quot;copyright&quot;:&quot;&quot;,&quot;focal_length&quot;:&quot;0&quot;,&quot;iso&quot;:&quot;0&quot;,&quot;shutter_speed&quot;:&quot;0&quot;,&quot;title&quot;:&quot;&quot;,&quot;orientation&quot;:&quot;0&quot;}\" data-image-title=\"DB_FestBMarvao_1920x256_Barra01\" data-image-description=\"\" data-image-caption=\"\" data-large-file=\"https:\/\/beneficiogin.com\/wp-content\/uploads\/2026\/04\/DB_FestBMarvao_1920x256_Barra01.webp\" width=\"1920\" height=\"256\" src=\"https:\/\/beneficiogin.com\/wp-content\/uploads\/2026\/04\/DB_FestBMarvao_1920x256_Barra01.webp\" class=\"attachment-full size-full wp-image-11040\" alt=\"\" \/>\t\t\t\t\t\t\t\t\t\t\t\t\t\t\t<\/div>\n\t\t\t\t<\/div>\n\t\t<div class=\"elementor-element elementor-element-7e98309f e-flex e-con-boxed e-con e-parent\" data-id=\"7e98309f\" data-element_type=\"container\" data-e-type=\"container\">\n\t\t\t\t\t<div class=\"e-con-inner\">\n\t\t\t\t\t<\/div>\n\t\t\t\t<\/div>\n\t\t<div class=\"elementor-element elementor-element-7442717 e-con-full e-flex e-con e-parent\" data-id=\"7442717\" data-element_type=\"container\" data-e-type=\"container\">\n\t\t\t\t<div class=\"elementor-element elementor-element-afea183 elementor-widget elementor-widget-text-editor\" data-id=\"afea183\" data-element_type=\"widget\" data-e-type=\"widget\" data-widget_type=\"text-editor.default\">\n\t\t\t\t\t\t\t\t\t<h1><a href=\"https:\/\/www.instagram.com\/beneficiogin\/\">@beneficiogin<\/a><\/h1><h2>Follow us on Instagram<\/h2>\t\t\t\t\t\t\t\t<\/div>\n\t\t\t\t<\/div>\n\t\t\t\t<\/div>","protected":false},"excerpt":{"rendered":"<p>O \u201cBenef\u00edcio de Marv\u00e3o\u201d \u00e9 um novo festival de m\u00fasica independente, comunidade e cultura, promovido pelo Benef\u00edcio Gin, a decorrer em Santo Ant\u00f3nio das Areias, nos dias 10 e 11 de julho, com entrada livre em todo o espa\u00e7o do festival. O festival junta concertos ao ar livre, DJ sets, feira do disco e pop\u2011up [&hellip;]<\/p>\n","protected":false},"author":7,"featured_media":10027,"parent":0,"menu_order":0,"comment_status":"closed","ping_status":"closed","template":"elementor_header_footer","meta":{"footnotes":""},"class_list":["post-11027","page","type-page","status-publish","has-post-thumbnail","hentry"],"yoast_head":"<!-- This site is optimized with the Yoast SEO Premium plugin v27.4 (Yoast SEO v27.6) - https:\/\/yoast.com\/product\/yoast-seo-premium-wordpress\/ -->\n<title>Festival \u2013 Benef\u00edcio Gin<\/title>\n<meta name=\"description\" content=\"Um gin que celebra o que \u00e9 raro, ef\u00e9mero e feito com alma. O Benef\u00edcio Gin Flor de Cerejeira une a tradi\u00e7\u00e3o portuguesa da Serra de S\u00e3o Mamede \u00e0 delicadeza simb\u00f3lica das flores de cerejeira.\" \/>\n<meta name=\"robots\" content=\"index, follow, max-snippet:-1, max-image-preview:large, max-video-preview:-1\" \/>\n<link rel=\"canonical\" href=\"https:\/\/beneficiogin.com\/en\/festival\/\" \/>\n<meta property=\"og:locale\" content=\"en_GB\" \/>\n<meta property=\"og:type\" content=\"article\" \/>\n<meta property=\"og:title\" content=\"Festival\" \/>\n<meta property=\"og:description\" content=\"Um gin que celebra o que \u00e9 raro, ef\u00e9mero e feito com alma. O Benef\u00edcio Gin Flor de Cerejeira une a tradi\u00e7\u00e3o portuguesa da Serra de S\u00e3o Mamede \u00e0 delicadeza simb\u00f3lica das flores de cerejeira.\" \/>\n<meta property=\"og:url\" content=\"https:\/\/beneficiogin.com\/en\/festival\/\" \/>\n<meta property=\"og:site_name\" content=\"Benef\u00edcio Gin\" \/>\n<meta property=\"article:publisher\" content=\"https:\/\/www.facebook.com\/beneficiogin\" \/>\n<meta property=\"article:modified_time\" content=\"2026-04-14T13:33:48+00:00\" \/>\n<meta property=\"og:image\" content=\"https:\/\/beneficiogin.com\/wp-content\/uploads\/2025\/12\/Landingpage_Cerejeira-1.jpg\" \/>\n\t<meta property=\"og:image:width\" content=\"1920\" \/>\n\t<meta property=\"og:image:height\" content=\"1080\" \/>\n\t<meta property=\"og:image:type\" content=\"image\/jpeg\" \/>\n<meta name=\"twitter:card\" content=\"summary_large_image\" \/>\n<meta name=\"twitter:label1\" content=\"Estimated reading time\" \/>\n\t<meta name=\"twitter:data1\" content=\"3 minutes\" \/>\n<script type=\"application\/ld+json\" class=\"yoast-schema-graph\">{\"@context\":\"https:\\\/\\\/schema.org\",\"@graph\":[{\"@type\":\"WebPage\",\"@id\":\"https:\\\/\\\/beneficiogin.com\\\/festival\\\/\",\"url\":\"https:\\\/\\\/beneficiogin.com\\\/festival\\\/\",\"name\":\"Festival \u2013 Benef\u00edcio Gin\",\"isPartOf\":{\"@id\":\"https:\\\/\\\/beneficiogin.com\\\/#website\"},\"primaryImageOfPage\":{\"@id\":\"https:\\\/\\\/beneficiogin.com\\\/festival\\\/#primaryimage\"},\"image\":{\"@id\":\"https:\\\/\\\/beneficiogin.com\\\/festival\\\/#primaryimage\"},\"thumbnailUrl\":\"https:\\\/\\\/beneficiogin.com\\\/wp-content\\\/uploads\\\/2025\\\/12\\\/Landingpage_Cerejeira-1.jpg\",\"datePublished\":\"2026-04-14T11:46:10+00:00\",\"dateModified\":\"2026-04-14T13:33:48+00:00\",\"description\":\"Um gin que celebra o que \u00e9 raro, ef\u00e9mero e feito com alma. O Benef\u00edcio Gin Flor de Cerejeira une a tradi\u00e7\u00e3o portuguesa da Serra de S\u00e3o Mamede \u00e0 delicadeza simb\u00f3lica das flores de cerejeira.\",\"breadcrumb\":{\"@id\":\"https:\\\/\\\/beneficiogin.com\\\/festival\\\/#breadcrumb\"},\"inLanguage\":\"en-GB\",\"potentialAction\":[{\"@type\":\"ReadAction\",\"target\":[\"https:\\\/\\\/beneficiogin.com\\\/festival\\\/\"]}]},{\"@type\":\"ImageObject\",\"inLanguage\":\"en-GB\",\"@id\":\"https:\\\/\\\/beneficiogin.com\\\/festival\\\/#primaryimage\",\"url\":\"https:\\\/\\\/beneficiogin.com\\\/wp-content\\\/uploads\\\/2025\\\/12\\\/Landingpage_Cerejeira-1.jpg\",\"contentUrl\":\"https:\\\/\\\/beneficiogin.com\\\/wp-content\\\/uploads\\\/2025\\\/12\\\/Landingpage_Cerejeira-1.jpg\",\"width\":1920,\"height\":1080},{\"@type\":\"BreadcrumbList\",\"@id\":\"https:\\\/\\\/beneficiogin.com\\\/festival\\\/#breadcrumb\",\"itemListElement\":[{\"@type\":\"ListItem\",\"position\":1,\"name\":\"In\u00edcio\",\"item\":\"https:\\\/\\\/beneficiogin.com\\\/\"},{\"@type\":\"ListItem\",\"position\":2,\"name\":\"Festival\"}]},{\"@type\":\"WebSite\",\"@id\":\"https:\\\/\\\/beneficiogin.com\\\/#website\",\"url\":\"https:\\\/\\\/beneficiogin.com\\\/\",\"name\":\"Benef\u00edcio Gin\",\"description\":\"Gin portugu\u00eas com alma japonesa\",\"publisher\":{\"@id\":\"https:\\\/\\\/beneficiogin.com\\\/#organization\"},\"alternateName\":\"Benef\u00edcio Gin\",\"potentialAction\":[{\"@type\":\"SearchAction\",\"target\":{\"@type\":\"EntryPoint\",\"urlTemplate\":\"https:\\\/\\\/beneficiogin.com\\\/?s={search_term_string}\"},\"query-input\":{\"@type\":\"PropertyValueSpecification\",\"valueRequired\":true,\"valueName\":\"search_term_string\"}}],\"inLanguage\":\"en-GB\"},{\"@type\":\"Organization\",\"@id\":\"https:\\\/\\\/beneficiogin.com\\\/#organization\",\"name\":\"Destilados de Beneficio\",\"alternateName\":\"Destilados Beneficio\",\"url\":\"https:\\\/\\\/beneficiogin.com\\\/\",\"logo\":{\"@type\":\"ImageObject\",\"inLanguage\":\"en-GB\",\"@id\":\"https:\\\/\\\/beneficiogin.com\\\/#\\\/schema\\\/logo\\\/image\\\/\",\"url\":\"https:\\\/\\\/beneficiogin.com\\\/wp-content\\\/uploads\\\/2022\\\/11\\\/Age_Gate_2025.png\",\"contentUrl\":\"https:\\\/\\\/beneficiogin.com\\\/wp-content\\\/uploads\\\/2022\\\/11\\\/Age_Gate_2025.png\",\"width\":460,\"height\":375,\"caption\":\"Destilados de Beneficio\"},\"image\":{\"@id\":\"https:\\\/\\\/beneficiogin.com\\\/#\\\/schema\\\/logo\\\/image\\\/\"},\"sameAs\":[\"https:\\\/\\\/www.facebook.com\\\/beneficiogin\",\"https:\\\/\\\/www.instagram.com\\\/beneficiogin\\\/\",\"https:\\\/\\\/pt.linkedin.com\\\/company\\\/destiladosdebeneficio\"],\"email\":\"sales@beneficiogin.com\",\"legalName\":\"Destilados de Beneficio\",\"vatID\":\"PT519027744\",\"taxID\":\"PT519027744\",\"hasMerchantReturnPolicy\":{\"@type\":\"MerchantReturnPolicy\",\"merchantReturnLink\":\"https:\\\/\\\/beneficiogin.com\\\/en\\\/termos-condicoes\\\/\"}}]}<\/script>\n<!-- \/ Yoast SEO Premium plugin. -->","yoast_head_json":{"title":"Festival \u2013 Benef\u00edcio Gin","description":"Um gin que celebra o que \u00e9 raro, ef\u00e9mero e feito com alma. O Benef\u00edcio Gin Flor de Cerejeira une a tradi\u00e7\u00e3o portuguesa da Serra de S\u00e3o Mamede \u00e0 delicadeza simb\u00f3lica das flores de cerejeira.","robots":{"index":"index","follow":"follow","max-snippet":"max-snippet:-1","max-image-preview":"max-image-preview:large","max-video-preview":"max-video-preview:-1"},"canonical":"https:\/\/beneficiogin.com\/en\/festival\/","og_locale":"en_GB","og_type":"article","og_title":"Festival","og_description":"Um gin que celebra o que \u00e9 raro, ef\u00e9mero e feito com alma. O Benef\u00edcio Gin Flor de Cerejeira une a tradi\u00e7\u00e3o portuguesa da Serra de S\u00e3o Mamede \u00e0 delicadeza simb\u00f3lica das flores de cerejeira.","og_url":"https:\/\/beneficiogin.com\/en\/festival\/","og_site_name":"Benef\u00edcio Gin","article_publisher":"https:\/\/www.facebook.com\/beneficiogin","article_modified_time":"2026-04-14T13:33:48+00:00","og_image":[{"width":1920,"height":1080,"url":"https:\/\/beneficiogin.com\/wp-content\/uploads\/2025\/12\/Landingpage_Cerejeira-1.jpg","type":"image\/jpeg"}],"twitter_card":"summary_large_image","twitter_misc":{"Estimated reading time":"3 minutes"},"schema":{"@context":"https:\/\/schema.org","@graph":[{"@type":"WebPage","@id":"https:\/\/beneficiogin.com\/festival\/","url":"https:\/\/beneficiogin.com\/festival\/","name":"Festival \u2013 Benef\u00edcio Gin","isPartOf":{"@id":"https:\/\/beneficiogin.com\/#website"},"primaryImageOfPage":{"@id":"https:\/\/beneficiogin.com\/festival\/#primaryimage"},"image":{"@id":"https:\/\/beneficiogin.com\/festival\/#primaryimage"},"thumbnailUrl":"https:\/\/beneficiogin.com\/wp-content\/uploads\/2025\/12\/Landingpage_Cerejeira-1.jpg","datePublished":"2026-04-14T11:46:10+00:00","dateModified":"2026-04-14T13:33:48+00:00","description":"Um gin que celebra o que \u00e9 raro, ef\u00e9mero e feito com alma. O Benef\u00edcio Gin Flor de Cerejeira une a tradi\u00e7\u00e3o portuguesa da Serra de S\u00e3o Mamede \u00e0 delicadeza simb\u00f3lica das flores de cerejeira.","breadcrumb":{"@id":"https:\/\/beneficiogin.com\/festival\/#breadcrumb"},"inLanguage":"en-GB","potentialAction":[{"@type":"ReadAction","target":["https:\/\/beneficiogin.com\/festival\/"]}]},{"@type":"ImageObject","inLanguage":"en-GB","@id":"https:\/\/beneficiogin.com\/festival\/#primaryimage","url":"https:\/\/beneficiogin.com\/wp-content\/uploads\/2025\/12\/Landingpage_Cerejeira-1.jpg","contentUrl":"https:\/\/beneficiogin.com\/wp-content\/uploads\/2025\/12\/Landingpage_Cerejeira-1.jpg","width":1920,"height":1080},{"@type":"BreadcrumbList","@id":"https:\/\/beneficiogin.com\/festival\/#breadcrumb","itemListElement":[{"@type":"ListItem","position":1,"name":"In\u00edcio","item":"https:\/\/beneficiogin.com\/"},{"@type":"ListItem","position":2,"name":"Festival"}]},{"@type":"WebSite","@id":"https:\/\/beneficiogin.com\/#website","url":"https:\/\/beneficiogin.com\/","name":"Gin Benefit","description":"Gin portugu\u00eas com alma japonesa","publisher":{"@id":"https:\/\/beneficiogin.com\/#organization"},"alternateName":"Benef\u00edcio Gin","potentialAction":[{"@type":"SearchAction","target":{"@type":"EntryPoint","urlTemplate":"https:\/\/beneficiogin.com\/?s={search_term_string}"},"query-input":{"@type":"PropertyValueSpecification","valueRequired":true,"valueName":"search_term_string"}}],"inLanguage":"en-GB"},{"@type":"Organization","@id":"https:\/\/beneficiogin.com\/#organization","name":"Destilados de Beneficio","alternateName":"Destilados Beneficio","url":"https:\/\/beneficiogin.com\/","logo":{"@type":"ImageObject","inLanguage":"en-GB","@id":"https:\/\/beneficiogin.com\/#\/schema\/logo\/image\/","url":"https:\/\/beneficiogin.com\/wp-content\/uploads\/2022\/11\/Age_Gate_2025.png","contentUrl":"https:\/\/beneficiogin.com\/wp-content\/uploads\/2022\/11\/Age_Gate_2025.png","width":460,"height":375,"caption":"Destilados de Beneficio"},"image":{"@id":"https:\/\/beneficiogin.com\/#\/schema\/logo\/image\/"},"sameAs":["https:\/\/www.facebook.com\/beneficiogin","https:\/\/www.instagram.com\/beneficiogin\/","https:\/\/pt.linkedin.com\/company\/destiladosdebeneficio"],"email":"sales@beneficiogin.com","legalName":"Destilados de Beneficio","vatID":"PT519027744","taxID":"PT519027744","hasMerchantReturnPolicy":{"@type":"MerchantReturnPolicy","merchantReturnLink":"https:\/\/beneficiogin.com\/en\/termos-condicoes\/"}}]}},"jetpack_sharing_enabled":true,"_links":{"self":[{"href":"https:\/\/beneficiogin.com\/en\/wp-json\/wp\/v2\/pages\/11027","targetHints":{"allow":["GET"]}}],"collection":[{"href":"https:\/\/beneficiogin.com\/en\/wp-json\/wp\/v2\/pages"}],"about":[{"href":"https:\/\/beneficiogin.com\/en\/wp-json\/wp\/v2\/types\/page"}],"author":[{"embeddable":true,"href":"https:\/\/beneficiogin.com\/en\/wp-json\/wp\/v2\/users\/7"}],"replies":[{"embeddable":true,"href":"https:\/\/beneficiogin.com\/en\/wp-json\/wp\/v2\/comments?post=11027"}],"version-history":[{"count":40,"href":"https:\/\/beneficiogin.com\/en\/wp-json\/wp\/v2\/pages\/11027\/revisions"}],"predecessor-version":[{"id":11077,"href":"https:\/\/beneficiogin.com\/en\/wp-json\/wp\/v2\/pages\/11027\/revisions\/11077"}],"wp:featuredmedia":[{"embeddable":true,"href":"https:\/\/beneficiogin.com\/en\/wp-json\/wp\/v2\/media\/10027"}],"wp:attachment":[{"href":"https:\/\/beneficiogin.com\/en\/wp-json\/wp\/v2\/media?parent=11027"}],"curies":[{"name":"wp","href":"https:\/\/api.w.org\/{rel}","templated":true}]}}