{"id":11008,"date":"2026-04-06T15:03:01","date_gmt":"2026-04-06T15:03:01","guid":{"rendered":"https:\/\/beneficiogin.com\/?page_id=11008"},"modified":"2026-04-07T09:55:00","modified_gmt":"2026-04-07T09:55:00","slug":"direito-de-livre-resolucao","status":"publish","type":"page","link":"https:\/\/beneficiogin.com\/en\/direito-de-livre-resolucao\/","title":{"rendered":"Direito de livre resolu\u00e7\u00e3o"},"content":{"rendered":"\t\t<div data-elementor-type=\"wp-page\" data-elementor-id=\"11008\" class=\"elementor elementor-11008\" data-elementor-post-type=\"page\">\n\t\t\t\t<div class=\"elementor-element elementor-element-61fb5fbb e-flex e-con-boxed e-con e-parent\" data-id=\"61fb5fbb\" data-element_type=\"container\" data-e-type=\"container\">\n\t\t\t\t\t<div class=\"e-con-inner\">\n\t\t\t\t<div class=\"elementor-element elementor-element-462b00ec elementor-widget elementor-widget-text-editor\" data-id=\"462b00ec\" data-element_type=\"widget\" data-e-type=\"widget\" data-widget_type=\"text-editor.default\">\n\t\t\t\t\t\t\t\t\t<h4 class=\"wp-block-heading has-text-align-left\">Direito de livre resolu\u00e7\u00e3o<\/h4>\n<p><!-- \/wp:heading --><!-- wp:paragraph --><\/p>\n<p>Se considerar que o produto n\u00e3o corresponde ao que estava \u00e0 espera ou se, por outro motivo, pretender efetuar a devolu\u00e7\u00e3o ou troca do mesmo, disp\u00f5e de catorze (14) dias corridos, a contar da rece\u00e7\u00e3o da sua compra, para o fazer.<br>Caso se aplique, por favor, entre em contacto connosco o quanto antes, para que possamos proceder \u00e0 recolha e\/ou nova entrega, atrav\u00e9s do email <a href=\"mailto:sales@beneficiogin.com\">sales@beneficiogin.com<\/a>, indicando o n\u00famero da encomenda e anexando fotografias do artigo com o problema.<\/p>\n<p><!-- \/wp:paragraph --><!-- wp:separator {\"style\":{\"spacing\":{\"margin\":{\"top\":\"60px\",\"bottom\":\"60px\"}}}} --><\/p>\n<p><!-- \/wp:heading --><!-- wp:jetpack\/contact-form {\"subject\":\"[Benef\u00edcio Gin] Contacto\",\"to\":\"info.marketplaces@beneficiogin.com\",\"confirmationType\":\"text\",\"jetpackCRM\":true,\"variationName\":\"default\",\"salesforceData\":{\"organizationId\":\"\",\"sendToSalesforce\":false},\"mailpoet\":{\"listId\":null,\"listName\":null,\"enabledForForm\":false}} --><\/p>\n<div class=\"wp-block-jetpack-contact-form\">\n<p><!-- wp:jetpack\/field-name {\"required\":true} --><\/p>\n<div><!-- wp:jetpack\/label {\"label\":\"Nome\",\"requiredText\":\"(necess\u00e1rio)\"} \/--><!-- wp:jetpack\/input \/--><\/div>\n<p><!-- \/wp:jetpack\/field-name --><!-- wp:jetpack\/field-email {\"required\":true} --><\/p>\n<div><!-- wp:jetpack\/label {\"label\":\"E-mail\",\"requiredText\":\"(necess\u00e1rio)\"} \/--><!-- wp:jetpack\/input \/--><\/div>\n<p><!-- \/wp:jetpack\/field-email --><!-- wp:jetpack\/field-textarea --><\/p>\n<div><!-- wp:jetpack\/label {\"label\":\"Mensagem\"} \/--><!-- wp:jetpack\/input {\"type\":\"textarea\"} \/--><\/div>\n<p><!-- \/wp:jetpack\/field-textarea --><!-- wp:jetpack\/button {\"element\":\"button\",\"text\":\"Enviar mensagem\",\"lock\":{\"remove\":true}} \/--><\/p>\n<\/div>\n<p><!-- \/wp:jetpack\/contact-form --><!-- wp:separator {\"style\":{\"spacing\":{\"margin\":{\"top\":\"60px\",\"bottom\":\"60px\"}}}} --><\/p>\n<p><!-- \/wp:paragraph --><\/p>\t\t\t\t\t\t\t\t<\/div>\n\t\t\t\t\t<\/div>\n\t\t\t\t<\/div>\n\t\t\t\t<\/div>\n\t\t","protected":false},"excerpt":{"rendered":"<p>Direito de livre resolu\u00e7\u00e3o Se considerar que o produto n\u00e3o corresponde ao que estava \u00e0 espera ou se, por outro motivo, pretender efetuar a devolu\u00e7\u00e3o ou troca do mesmo, disp\u00f5e de catorze (14) dias corridos, a contar da rece\u00e7\u00e3o da sua compra, para o fazer.Caso se aplique, por favor, entre em contacto connosco o quanto [&hellip;]<\/p>\n","protected":false},"author":3,"featured_media":0,"parent":0,"menu_order":0,"comment_status":"closed","ping_status":"closed","template":"","meta":{"footnotes":""},"class_list":["post-11008","page","type-page","status-publish","hentry"],"yoast_head":"<!-- This site is optimized with the Yoast SEO Premium plugin v27.2 (Yoast SEO v27.3) - https:\/\/yoast.com\/product\/yoast-seo-premium-wordpress\/ -->\n<title>Sobre e Contactos \u2013 O Benef\u00edcio<\/title>\n<meta name=\"description\" content=\"Contatos e informa\u00e7\u00f5es\" \/>\n<meta name=\"robots\" content=\"index, follow, max-snippet:-1, max-image-preview:large, max-video-preview:-1\" \/>\n<link rel=\"canonical\" href=\"https:\/\/beneficiogin.com\/en\/direito-de-livre-resolucao\/\" \/>\n<meta property=\"og:locale\" content=\"en_GB\" \/>\n<meta property=\"og:type\" content=\"article\" \/>\n<meta property=\"og:title\" content=\"Direito de livre resolu\u00e7\u00e3o\" \/>\n<meta property=\"og:description\" content=\"Contatos e informa\u00e7\u00f5es\" \/>\n<meta property=\"og:url\" content=\"https:\/\/beneficiogin.com\/en\/direito-de-livre-resolucao\/\" \/>\n<meta property=\"og:site_name\" content=\"Benef\u00edcio Gin\" \/>\n<meta property=\"article:publisher\" content=\"https:\/\/www.facebook.com\/beneficiogin\" \/>\n<meta property=\"article:modified_time\" content=\"2026-04-07T09:55:00+00:00\" \/>\n<meta property=\"og:image\" content=\"https:\/\/beneficiogin.com\/wp-content\/uploads\/2026\/02\/598136486_122110879731120097_2507895852143276081_n.jpg\" \/>\n\t<meta property=\"og:image:width\" content=\"200\" \/>\n\t<meta property=\"og:image:height\" content=\"200\" \/>\n\t<meta property=\"og:image:type\" content=\"image\/jpeg\" \/>\n<meta name=\"twitter:card\" content=\"summary_large_image\" \/>\n<meta name=\"twitter:label1\" content=\"Estimated reading time\" \/>\n\t<meta name=\"twitter:data1\" content=\"1 minute\" \/>\n<script type=\"application\/ld+json\" class=\"yoast-schema-graph\">{\"@context\":\"https:\\\/\\\/schema.org\",\"@graph\":[{\"@type\":\"WebPage\",\"@id\":\"https:\\\/\\\/beneficiogin.com\\\/direito-de-livre-resolucao\\\/\",\"url\":\"https:\\\/\\\/beneficiogin.com\\\/direito-de-livre-resolucao\\\/\",\"name\":\"Sobre e Contactos \u2013 O Benef\u00edcio\",\"isPartOf\":{\"@id\":\"https:\\\/\\\/beneficiogin.com\\\/#website\"},\"datePublished\":\"2026-04-06T15:03:01+00:00\",\"dateModified\":\"2026-04-07T09:55:00+00:00\",\"description\":\"Contatos e informa\u00e7\u00f5es\",\"breadcrumb\":{\"@id\":\"https:\\\/\\\/beneficiogin.com\\\/direito-de-livre-resolucao\\\/#breadcrumb\"},\"inLanguage\":\"en-GB\",\"potentialAction\":[{\"@type\":\"ReadAction\",\"target\":[\"https:\\\/\\\/beneficiogin.com\\\/direito-de-livre-resolucao\\\/\"]}]},{\"@type\":\"BreadcrumbList\",\"@id\":\"https:\\\/\\\/beneficiogin.com\\\/direito-de-livre-resolucao\\\/#breadcrumb\",\"itemListElement\":[{\"@type\":\"ListItem\",\"position\":1,\"name\":\"In\u00edcio\",\"item\":\"https:\\\/\\\/beneficiogin.com\\\/\"},{\"@type\":\"ListItem\",\"position\":2,\"name\":\"Direito de livre resolu\u00e7\u00e3o\"}]},{\"@type\":\"WebSite\",\"@id\":\"https:\\\/\\\/beneficiogin.com\\\/#website\",\"url\":\"https:\\\/\\\/beneficiogin.com\\\/\",\"name\":\"Benef\u00edcio Gin\",\"description\":\"Gin portugu\u00eas com alma japonesa\",\"publisher\":{\"@id\":\"https:\\\/\\\/beneficiogin.com\\\/#organization\"},\"alternateName\":\"Benef\u00edcio Gin\",\"potentialAction\":[{\"@type\":\"SearchAction\",\"target\":{\"@type\":\"EntryPoint\",\"urlTemplate\":\"https:\\\/\\\/beneficiogin.com\\\/?s={search_term_string}\"},\"query-input\":{\"@type\":\"PropertyValueSpecification\",\"valueRequired\":true,\"valueName\":\"search_term_string\"}}],\"inLanguage\":\"en-GB\"},{\"@type\":\"Organization\",\"@id\":\"https:\\\/\\\/beneficiogin.com\\\/#organization\",\"name\":\"Destilados de Beneficio\",\"alternateName\":\"Destilados Beneficio\",\"url\":\"https:\\\/\\\/beneficiogin.com\\\/\",\"logo\":{\"@type\":\"ImageObject\",\"inLanguage\":\"en-GB\",\"@id\":\"https:\\\/\\\/beneficiogin.com\\\/#\\\/schema\\\/logo\\\/image\\\/\",\"url\":\"https:\\\/\\\/beneficiogin.com\\\/wp-content\\\/uploads\\\/2022\\\/11\\\/Age_Gate_2025.png\",\"contentUrl\":\"https:\\\/\\\/beneficiogin.com\\\/wp-content\\\/uploads\\\/2022\\\/11\\\/Age_Gate_2025.png\",\"width\":460,\"height\":375,\"caption\":\"Destilados de Beneficio\"},\"image\":{\"@id\":\"https:\\\/\\\/beneficiogin.com\\\/#\\\/schema\\\/logo\\\/image\\\/\"},\"sameAs\":[\"https:\\\/\\\/www.facebook.com\\\/beneficiogin\",\"https:\\\/\\\/www.instagram.com\\\/beneficiogin\\\/\",\"https:\\\/\\\/pt.linkedin.com\\\/company\\\/destiladosdebeneficio\"],\"email\":\"sales@beneficiogin.com\",\"legalName\":\"Destilados de Beneficio\",\"vatID\":\"PT519027744\",\"taxID\":\"PT519027744\",\"hasMerchantReturnPolicy\":{\"@type\":\"MerchantReturnPolicy\",\"merchantReturnLink\":\"https:\\\/\\\/beneficiogin.com\\\/en\\\/termos-condicoes\\\/\"}}]}<\/script>\n<!-- \/ Yoast SEO Premium plugin. -->","yoast_head_json":{"title":"Sobre e Contactos \u2013 O Benef\u00edcio","description":"Contatos e informa\u00e7\u00f5es","robots":{"index":"index","follow":"follow","max-snippet":"max-snippet:-1","max-image-preview":"max-image-preview:large","max-video-preview":"max-video-preview:-1"},"canonical":"https:\/\/beneficiogin.com\/en\/direito-de-livre-resolucao\/","og_locale":"en_GB","og_type":"article","og_title":"Direito de livre resolu\u00e7\u00e3o","og_description":"Contatos e informa\u00e7\u00f5es","og_url":"https:\/\/beneficiogin.com\/en\/direito-de-livre-resolucao\/","og_site_name":"Benef\u00edcio Gin","article_publisher":"https:\/\/www.facebook.com\/beneficiogin","article_modified_time":"2026-04-07T09:55:00+00:00","og_image":[{"width":200,"height":200,"url":"https:\/\/beneficiogin.com\/wp-content\/uploads\/2026\/02\/598136486_122110879731120097_2507895852143276081_n.jpg","type":"image\/jpeg"}],"twitter_card":"summary_large_image","twitter_misc":{"Estimated reading time":"1 minute"},"schema":{"@context":"https:\/\/schema.org","@graph":[{"@type":"WebPage","@id":"https:\/\/beneficiogin.com\/direito-de-livre-resolucao\/","url":"https:\/\/beneficiogin.com\/direito-de-livre-resolucao\/","name":"Sobre e Contactos \u2013 O Benef\u00edcio","isPartOf":{"@id":"https:\/\/beneficiogin.com\/#website"},"datePublished":"2026-04-06T15:03:01+00:00","dateModified":"2026-04-07T09:55:00+00:00","description":"Contatos e informa\u00e7\u00f5es","breadcrumb":{"@id":"https:\/\/beneficiogin.com\/direito-de-livre-resolucao\/#breadcrumb"},"inLanguage":"en-GB","potentialAction":[{"@type":"ReadAction","target":["https:\/\/beneficiogin.com\/direito-de-livre-resolucao\/"]}]},{"@type":"BreadcrumbList","@id":"https:\/\/beneficiogin.com\/direito-de-livre-resolucao\/#breadcrumb","itemListElement":[{"@type":"ListItem","position":1,"name":"In\u00edcio","item":"https:\/\/beneficiogin.com\/"},{"@type":"ListItem","position":2,"name":"Direito de livre resolu\u00e7\u00e3o"}]},{"@type":"WebSite","@id":"https:\/\/beneficiogin.com\/#website","url":"https:\/\/beneficiogin.com\/","name":"Gin Benefit","description":"Gin portugu\u00eas com alma japonesa","publisher":{"@id":"https:\/\/beneficiogin.com\/#organization"},"alternateName":"Benef\u00edcio Gin","potentialAction":[{"@type":"SearchAction","target":{"@type":"EntryPoint","urlTemplate":"https:\/\/beneficiogin.com\/?s={search_term_string}"},"query-input":{"@type":"PropertyValueSpecification","valueRequired":true,"valueName":"search_term_string"}}],"inLanguage":"en-GB"},{"@type":"Organization","@id":"https:\/\/beneficiogin.com\/#organization","name":"Destilados de Beneficio","alternateName":"Destilados Beneficio","url":"https:\/\/beneficiogin.com\/","logo":{"@type":"ImageObject","inLanguage":"en-GB","@id":"https:\/\/beneficiogin.com\/#\/schema\/logo\/image\/","url":"https:\/\/beneficiogin.com\/wp-content\/uploads\/2022\/11\/Age_Gate_2025.png","contentUrl":"https:\/\/beneficiogin.com\/wp-content\/uploads\/2022\/11\/Age_Gate_2025.png","width":460,"height":375,"caption":"Destilados de Beneficio"},"image":{"@id":"https:\/\/beneficiogin.com\/#\/schema\/logo\/image\/"},"sameAs":["https:\/\/www.facebook.com\/beneficiogin","https:\/\/www.instagram.com\/beneficiogin\/","https:\/\/pt.linkedin.com\/company\/destiladosdebeneficio"],"email":"sales@beneficiogin.com","legalName":"Destilados de Beneficio","vatID":"PT519027744","taxID":"PT519027744","hasMerchantReturnPolicy":{"@type":"MerchantReturnPolicy","merchantReturnLink":"https:\/\/beneficiogin.com\/en\/termos-condicoes\/"}}]}},"jetpack_sharing_enabled":true,"_links":{"self":[{"href":"https:\/\/beneficiogin.com\/en\/wp-json\/wp\/v2\/pages\/11008","targetHints":{"allow":["GET"]}}],"collection":[{"href":"https:\/\/beneficiogin.com\/en\/wp-json\/wp\/v2\/pages"}],"about":[{"href":"https:\/\/beneficiogin.com\/en\/wp-json\/wp\/v2\/types\/page"}],"author":[{"embeddable":true,"href":"https:\/\/beneficiogin.com\/en\/wp-json\/wp\/v2\/users\/3"}],"replies":[{"embeddable":true,"href":"https:\/\/beneficiogin.com\/en\/wp-json\/wp\/v2\/comments?post=11008"}],"version-history":[{"count":7,"href":"https:\/\/beneficiogin.com\/en\/wp-json\/wp\/v2\/pages\/11008\/revisions"}],"predecessor-version":[{"id":11015,"href":"https:\/\/beneficiogin.com\/en\/wp-json\/wp\/v2\/pages\/11008\/revisions\/11015"}],"wp:attachment":[{"href":"https:\/\/beneficiogin.com\/en\/wp-json\/wp\/v2\/media?parent=11008"}],"curies":[{"name":"wp","href":"https:\/\/api.w.org\/{rel}","templated":true}]}}